{"id":2876,"date":"2024-07-12T02:53:12","date_gmt":"2024-07-12T02:53:12","guid":{"rendered":"https:\/\/www.ceramicbasin.com\/?post_type=product&#038;p=2876"},"modified":"2024-07-23T09:46:39","modified_gmt":"2024-07-23T09:46:39","slug":"wholesale-bathroom-sinks-in-bulk","status":"publish","type":"product","link":"https:\/\/www.ceramicbasin.com\/de\/produkt\/wholesale-bathroom-sinks-in-bulk\/","title":{"rendered":"Gro\u00dfhandel Badezimmer Waschbecken \u00dcber Z\u00e4hler Oval Becken In Bulk"},"content":{"rendered":"<div class=\"wp-block-columns is-layout-flex wp-container-core-columns-is-layout-9d6595d7 wp-block-columns-is-layout-flex\">\n<div class=\"wp-block-column is-layout-flow wp-block-column-is-layout-flow\">\n<h2 class=\"wp-block-heading\">Premium Gro\u00dfhandel Badezimmer Waschbecken Merkmale:<\/h2>\n\n\n\n<ul class=\"wp-block-list\">\n<li><strong>Elegantes Design: <\/strong>Unsere Aufsatzwaschbecken f\u00fcr den Gro\u00dfhandel verleihen jedem Badezimmer einen Hauch von Eleganz und Modernit\u00e4t und machen sie zu einem stilvollen Blickfang.<\/li>\n\n\n\n<li><strong>Erstklassige Qualit\u00e4t: <\/strong>Aus hochwertiger Keramik gefertigt, bieten diese Waschbecken im Gro\u00dfhandel eine lange Lebensdauer, eine glatte Oberfl\u00e4che und sind resistent gegen Flecken und Kratzer, so dass sie lange sch\u00f6n bleiben.<\/li>\n\n\n\n<li><strong>Einfache Installation:<\/strong> Die f\u00fcr die Aufbaumontage konzipierten Keramikbecken sind einfach zu installieren und bieten eine problemlose L\u00f6sung sowohl f\u00fcr Neubauten als auch f\u00fcr Badrenovierungen.<\/li>\n\n\n\n<li><strong>Anpassbare Optionen: <\/strong>Hanyu ist in verschiedenen Farben, Oberfl\u00e4chenausf\u00fchrungen und individuell gestaltbaren Verpackungen erh\u00e4ltlich und erm\u00f6glicht es Ihnen, das Produkt an die Bed\u00fcrfnisse Ihres Unternehmens anzupassen.<\/li>\n<\/ul>\n<\/div>\n\n\n\n<div class=\"wp-block-column is-layout-flow wp-block-column-is-layout-flow\">\n<figure class=\"wp-block-image size-full\"><img fetchpriority=\"high\" decoding=\"async\" width=\"750\" height=\"750\" src=\"https:\/\/www.ceramicbasin.com\/wp-content\/uploads\/2024\/07\/Wholesale-Bathroom-Sinks-Above-Counter-Oval-Basins-In-Bulk-1.webp\" alt=\"\" class=\"wp-image-2877\" srcset=\"https:\/\/www.ceramicbasin.com\/wp-content\/uploads\/2024\/07\/Wholesale-Bathroom-Sinks-Above-Counter-Oval-Basins-In-Bulk-1.webp 750w, https:\/\/www.ceramicbasin.com\/wp-content\/uploads\/2024\/07\/Wholesale-Bathroom-Sinks-Above-Counter-Oval-Basins-In-Bulk-1-300x300.webp 300w, https:\/\/www.ceramicbasin.com\/wp-content\/uploads\/2024\/07\/Wholesale-Bathroom-Sinks-Above-Counter-Oval-Basins-In-Bulk-1-150x150.webp 150w, https:\/\/www.ceramicbasin.com\/wp-content\/uploads\/2024\/07\/Wholesale-Bathroom-Sinks-Above-Counter-Oval-Basins-In-Bulk-1-12x12.webp 12w, https:\/\/www.ceramicbasin.com\/wp-content\/uploads\/2024\/07\/Wholesale-Bathroom-Sinks-Above-Counter-Oval-Basins-In-Bulk-1-285x285.webp 285w, https:\/\/www.ceramicbasin.com\/wp-content\/uploads\/2024\/07\/Wholesale-Bathroom-Sinks-Above-Counter-Oval-Basins-In-Bulk-1-270x270.webp 270w, https:\/\/www.ceramicbasin.com\/wp-content\/uploads\/2024\/07\/Wholesale-Bathroom-Sinks-Above-Counter-Oval-Basins-In-Bulk-1-540x540.webp 540w, https:\/\/www.ceramicbasin.com\/wp-content\/uploads\/2024\/07\/Wholesale-Bathroom-Sinks-Above-Counter-Oval-Basins-In-Bulk-1-660x660.webp 660w\" sizes=\"(max-width: 750px) 100vw, 750px\" \/><\/figure>\n<\/div>\n<\/div>","protected":false},"excerpt":{"rendered":"<p>Unsere Waschbecken f\u00fcr den Gro\u00dfhandel haben eine elegante, ovale Form, die jedem Badezimmer Modernit\u00e4t verleiht. Hergestellt aus Premium-Keramik, sind diese Keramik-Waschbecken langlebig, schmutzabweisend und einfach zu installieren. Mit verschiedenen Farben, Oberfl\u00e4chen und anpassbaren Verpackungsoptionen werden sie den unterschiedlichen Marken- und Marktanforderungen gerecht.<\/p>\n<table width=\"311\">\n<tbody>\n<tr>\n<td width=\"108\">Hersteller<\/td>\n<td width=\"202\">HanYu<\/td>\n<\/tr>\n<tr>\n<td>Modell Nr.<\/td>\n<td>HY-488A<\/td>\n<\/tr>\n<tr>\n<td>Typ<\/td>\n<td>Aufsatzbecken<\/td>\n<\/tr>\n<tr>\n<td>Form<\/td>\n<td>Oval<\/td>\n<\/tr>\n<tr>\n<td>Farbe<\/td>\n<td>Wei\u00df<\/td>\n<\/tr>\n<tr>\n<td>Dimension<\/td>\n<td width=\"202\">68*44*16.5<\/td>\n<\/tr>\n<tr>\n<td>N.W \/SET<\/td>\n<td>12KG\/PCS<\/td>\n<\/tr>\n<tr>\n<td>MOQ<\/td>\n<td>20St\u00fcck<\/td>\n<\/tr>\n<tr>\n<td>Benutzerdefinierte Option<\/td>\n<td>Farbe\/Muster\/Gr\u00f6\u00dfe\/Logo\/Verpackung<\/td>\n<\/tr>\n<\/tbody>\n<\/table>","protected":false},"featured_media":2879,"comment_status":"closed","ping_status":"closed","template":"","meta":{"_acf_changed":false},"product_brand":[],"product_cat":[50],"product_tag":[],"class_list":{"0":"post-2876","1":"product","2":"type-product","3":"status-publish","4":"has-post-thumbnail","6":"product_cat-wholesale-countertop-sinks","8":"first","9":"instock","10":"shipping-taxable","11":"product-type-simple"},"acf":[],"_links":{"self":[{"href":"https:\/\/www.ceramicbasin.com\/de\/wp-json\/wp\/v2\/product\/2876","targetHints":{"allow":["GET"]}}],"collection":[{"href":"https:\/\/www.ceramicbasin.com\/de\/wp-json\/wp\/v2\/product"}],"about":[{"href":"https:\/\/www.ceramicbasin.com\/de\/wp-json\/wp\/v2\/types\/product"}],"replies":[{"embeddable":true,"href":"https:\/\/www.ceramicbasin.com\/de\/wp-json\/wp\/v2\/comments?post=2876"}],"wp:featuredmedia":[{"embeddable":true,"href":"https:\/\/www.ceramicbasin.com\/de\/wp-json\/wp\/v2\/media\/2879"}],"wp:attachment":[{"href":"https:\/\/www.ceramicbasin.com\/de\/wp-json\/wp\/v2\/media?parent=2876"}],"wp:term":[{"taxonomy":"product_brand","embeddable":true,"href":"https:\/\/www.ceramicbasin.com\/de\/wp-json\/wp\/v2\/product_brand?post=2876"},{"taxonomy":"product_cat","embeddable":true,"href":"https:\/\/www.ceramicbasin.com\/de\/wp-json\/wp\/v2\/product_cat?post=2876"},{"taxonomy":"product_tag","embeddable":true,"href":"https:\/\/www.ceramicbasin.com\/de\/wp-json\/wp\/v2\/product_tag?post=2876"}],"curies":[{"name":"wp","href":"https:\/\/api.w.org\/{rel}","templated":true}]}}