{"id":3095,"date":"2024-07-12T03:06:16","date_gmt":"2024-07-12T03:06:16","guid":{"rendered":"https:\/\/www.ceramicbasin.com\/?post_type=product&#038;p=3095"},"modified":"2024-07-23T09:46:33","modified_gmt":"2024-07-23T09:46:33","slug":"custom-bathroom-countertop-basins","status":"publish","type":"product","link":"https:\/\/www.ceramicbasin.com\/de\/produkt\/custom-bathroom-countertop-basins\/","title":{"rendered":"Factory Direct benutzerdefinierte Badezimmer-Arbeitsplatte Waschbecken mit Wasserhahn-Loch"},"content":{"rendered":"<div class=\"wp-block-columns is-layout-flex wp-container-core-columns-is-layout-9d6595d7 wp-block-columns-is-layout-flex\">\n<div class=\"wp-block-column is-layout-flow wp-block-column-is-layout-flow\">\n<h2 class=\"wp-block-heading\">Premium Custom Bathroom Countertop Basins Eigenschaften:<\/h2>\n\n\n\n<ul class=\"wp-block-list\">\n<li><strong>Hochwertig und langlebig: <\/strong>Diese ma\u00dfgefertigten Badezimmerbecken in gro\u00dfen Mengen sind aus hochwertigem Keramikmaterial hergestellt und wurden einem strengen Herstellungsprozess unterzogen, um sicherzustellen, dass das Produkt langlebig, schmutzabweisend und kratzfest ist. <\/li>\n\n\n\n<li><strong>\u00c4sthetisches Design<\/strong>: Unser Gro\u00dfhandels-Keramikwaschbecken hat ein elegantes, stromlinienf\u00f6rmiges Design, das sowohl modern als auch klassisch ist und sich perfekt in jeden Einrichtungsstil im Badezimmer integrieren l\u00e4sst.<\/li>\n\n\n\n<li><strong>Direkte Lieferung ab Werk: <\/strong>Unsere ma\u00dfgefertigten Waschbecken werden direkt ab Werk geliefert, so dass der Zwischenhandel entf\u00e4llt und Sie hochwertige Produkte zum g\u00fcnstigsten Preis erhalten. Bei Gro\u00dfeink\u00e4ufen k\u00f6nnen Sie von Gro\u00dfhandelsrabatten profitieren, die Ihnen helfen, Kosten zu sparen und Ihre Gewinnspanne zu erh\u00f6hen.<\/li>\n\n\n\n<li><strong>Kundenspezifisches Design:<\/strong> Wir bieten eine Vielzahl von Stilen und Gr\u00f6\u00dfen von Keramikbecken in loser Sch\u00fcttung an, die nach Ihren W\u00fcnschen angepasst werden k\u00f6nnen. Ob Farbe, Form oder Beschaffenheit, es kann die Anpassung an die Bed\u00fcrfnisse Ihrer Marke erf\u00fcllen.<\/li>\n<\/ul>\n<\/div>\n\n\n\n<div class=\"wp-block-column is-layout-flow wp-block-column-is-layout-flow\">\n<figure class=\"wp-block-image size-full\"><img fetchpriority=\"high\" decoding=\"async\" width=\"750\" height=\"750\" src=\"https:\/\/www.ceramicbasin.com\/wp-content\/uploads\/2024\/07\/factory-direct-custom-bathroom-countertop-basins-in-bulk-2.webp\" alt=\"werksseitig-direkt-individuelles-badezimmer-unterschrank-waschbecken-im-massengut-2\" class=\"wp-image-3097\" srcset=\"https:\/\/www.ceramicbasin.com\/wp-content\/uploads\/2024\/07\/factory-direct-custom-bathroom-countertop-basins-in-bulk-2.webp 750w, https:\/\/www.ceramicbasin.com\/wp-content\/uploads\/2024\/07\/factory-direct-custom-bathroom-countertop-basins-in-bulk-2-300x300.webp 300w, https:\/\/www.ceramicbasin.com\/wp-content\/uploads\/2024\/07\/factory-direct-custom-bathroom-countertop-basins-in-bulk-2-150x150.webp 150w, https:\/\/www.ceramicbasin.com\/wp-content\/uploads\/2024\/07\/factory-direct-custom-bathroom-countertop-basins-in-bulk-2-12x12.webp 12w, https:\/\/www.ceramicbasin.com\/wp-content\/uploads\/2024\/07\/factory-direct-custom-bathroom-countertop-basins-in-bulk-2-285x285.webp 285w, https:\/\/www.ceramicbasin.com\/wp-content\/uploads\/2024\/07\/factory-direct-custom-bathroom-countertop-basins-in-bulk-2-270x270.webp 270w, https:\/\/www.ceramicbasin.com\/wp-content\/uploads\/2024\/07\/factory-direct-custom-bathroom-countertop-basins-in-bulk-2-540x540.webp 540w, https:\/\/www.ceramicbasin.com\/wp-content\/uploads\/2024\/07\/factory-direct-custom-bathroom-countertop-basins-in-bulk-2-660x660.webp 660w\" sizes=\"(max-width: 750px) 100vw, 750px\" \/><\/figure>\n<\/div>\n<\/div>","protected":false},"excerpt":{"rendered":"<p>HanYu bietet qualitativ hochwertige kundenspezifische Badezimmerbecken in gro\u00dfen Mengen direkt aus unserer Fabrik und unterst\u00fctzt kundenspezifischen Service zum wettbewerbsf\u00e4higsten Preis. Das elegante stromlinienf\u00f6rmige Design unserer Gro\u00dfhandel Waschbecken ist in verschiedenen Badstilen integriert, die Schaffung idealer Badezimmer Umgebungen f\u00fcr die Bed\u00fcrfnisse der Kunden.<\/p>\n<table width=\"311\">\n<tbody>\n<tr>\n<td width=\"108\">Hersteller<\/td>\n<td width=\"202\">HanYu<\/td>\n<\/tr>\n<tr>\n<td>Modell Nr.<\/td>\n<td>HY-3008A<\/td>\n<\/tr>\n<tr>\n<td>Typ<\/td>\n<td>CounterTop-Becken<\/td>\n<\/tr>\n<tr>\n<td>Form<\/td>\n<td>Oval\u00a0<\/td>\n<\/tr>\n<tr>\n<td>Farbe<\/td>\n<td>Wei\u00df<\/td>\n<\/tr>\n<tr>\n<td>Dimension<\/td>\n<td width=\"202\">59*39.5*21.5<\/td>\n<\/tr>\n<tr>\n<td>N.W \/SET<\/td>\n<td>11KG\/PCS<\/td>\n<\/tr>\n<tr>\n<td>MOQ<\/td>\n<td>20St\u00fcck<\/td>\n<\/tr>\n<tr>\n<td>Benutzerdefinierte Option<\/td>\n<td>Farbe\/Muster\/Gr\u00f6\u00dfe\/Logo\/Verpackung<\/td>\n<\/tr>\n<\/tbody>\n<\/table>","protected":false},"featured_media":3099,"comment_status":"closed","ping_status":"closed","template":"","meta":{"_acf_changed":false},"product_brand":[],"product_cat":[50],"product_tag":[],"class_list":{"0":"post-3095","1":"product","2":"type-product","3":"status-publish","4":"has-post-thumbnail","6":"product_cat-wholesale-countertop-sinks","8":"first","9":"instock","10":"shipping-taxable","11":"product-type-simple"},"acf":[],"_links":{"self":[{"href":"https:\/\/www.ceramicbasin.com\/de\/wp-json\/wp\/v2\/product\/3095","targetHints":{"allow":["GET"]}}],"collection":[{"href":"https:\/\/www.ceramicbasin.com\/de\/wp-json\/wp\/v2\/product"}],"about":[{"href":"https:\/\/www.ceramicbasin.com\/de\/wp-json\/wp\/v2\/types\/product"}],"replies":[{"embeddable":true,"href":"https:\/\/www.ceramicbasin.com\/de\/wp-json\/wp\/v2\/comments?post=3095"}],"wp:featuredmedia":[{"embeddable":true,"href":"https:\/\/www.ceramicbasin.com\/de\/wp-json\/wp\/v2\/media\/3099"}],"wp:attachment":[{"href":"https:\/\/www.ceramicbasin.com\/de\/wp-json\/wp\/v2\/media?parent=3095"}],"wp:term":[{"taxonomy":"product_brand","embeddable":true,"href":"https:\/\/www.ceramicbasin.com\/de\/wp-json\/wp\/v2\/product_brand?post=3095"},{"taxonomy":"product_cat","embeddable":true,"href":"https:\/\/www.ceramicbasin.com\/de\/wp-json\/wp\/v2\/product_cat?post=3095"},{"taxonomy":"product_tag","embeddable":true,"href":"https:\/\/www.ceramicbasin.com\/de\/wp-json\/wp\/v2\/product_tag?post=3095"}],"curies":[{"name":"wp","href":"https:\/\/api.w.org\/{rel}","templated":true}]}}