{"id":3102,"date":"2024-07-12T03:29:39","date_gmt":"2024-07-12T03:29:39","guid":{"rendered":"https:\/\/www.ceramicbasin.com\/?post_type=product&#038;p=3102"},"modified":"2024-11-01T08:41:16","modified_gmt":"2024-11-01T08:41:16","slug":"countertop-wash-basins-wholesale","status":"publish","type":"product","link":"https:\/\/www.ceramicbasin.com\/de\/produkt\/countertop-wash-basins-wholesale\/","title":{"rendered":"Luxus Aufsatzwaschbecken Gro\u00dfhandel f\u00fcr Hotelbadezimmer"},"content":{"rendered":"<div class=\"wp-block-columns is-layout-flex wp-container-core-columns-is-layout-9d6595d7 wp-block-columns-is-layout-flex\">\n<div class=\"wp-block-column is-layout-flow wp-block-column-is-layout-flow\">\n<h2 class=\"wp-block-heading\">Premium Countertop Waschbecken Gro\u00dfhandel Merkmale:<\/h2>\n\n\n\n<ul class=\"wp-block-list\">\n<li><strong>Luxuri\u00f6ses Design: <\/strong>Unsere Aufsatzwaschbecken im Gro\u00dfhandel sind f\u00fcr Luxushotels konzipiert. Es nimmt eine High-End und atmosph\u00e4rische Erscheinung, elegante Linie, exquisite Details, die sofort den gesamten Geschmack des Badezimmers verbessern k\u00f6nnen und bringen die G\u00e4ste eine luxuri\u00f6se Nutzung Erfahrung.<\/li>\n\n\n\n<li><strong>Langlebig: <\/strong>Hochwertiges keramisches Material macht unsere Gro\u00dfhandels-Badewannen robust und langlebig, Anti-Fouling, und Anti-Kratzer f\u00fcr eine lange Zeit, halten sie hell und neu. Sei es st\u00e4ndige Nutzung oder regelm\u00e4\u00dfige Reinigung; es leicht verwaltet, dass.<\/li>\n\n\n\n<li><strong>Kosteneinsparung: <\/strong>Wir bieten den wettbewerbsf\u00e4higsten Preis, indem wir Gro\u00dfhandelsdienstleistungen f\u00fcr Waschbecken anbieten und direkt von der Fabrik liefern, so dass Sie die beste Qualit\u00e4t zum g\u00fcnstigsten Preis anbieten k\u00f6nnen. Zu den zus\u00e4tzlichen Vorteilen von Gro\u00dfeink\u00e4ufen geh\u00f6ren weitere Rabatte, die Hotelbesitzern helfen, Dekorationskosten zu sparen.<\/li>\n\n\n\n<li><strong>Gesundheit und Sicherheit:<\/strong> Diese Keramik Waschbecken Gro\u00dfhandel sind unter einem Umweltschutz Produktionsprozess, und verwenden Sie keine sch\u00e4dlichen Substanzen, so dass es die Unbedenklichkeit der Produkte f\u00fcr den menschlichen K\u00f6rper garantieren kann. Es ist verpflichtet, Ihr Hotel mit sicheren und gr\u00fcnen Badezimmerprodukten zu versorgen.<\/li>\n<\/ul>\n<\/div>\n\n\n\n<div class=\"wp-block-column is-layout-flow wp-block-column-is-layout-flow\">\n<figure class=\"wp-block-image size-full\"><img fetchpriority=\"high\" decoding=\"async\" width=\"750\" height=\"750\" src=\"https:\/\/www.ceramicbasin.com\/wp-content\/uploads\/2024\/07\/luxury-hotel-countertop-wash-basins-wholesale-for-bathroom-1.webp\" alt=\"Luxus-Hotel-Arbeitsplatten-Waschbecken-Gro\u00dfhandel-f\u00fcr-Badezimmer-1\" class=\"wp-image-3106\" srcset=\"https:\/\/www.ceramicbasin.com\/wp-content\/uploads\/2024\/07\/luxury-hotel-countertop-wash-basins-wholesale-for-bathroom-1.webp 750w, https:\/\/www.ceramicbasin.com\/wp-content\/uploads\/2024\/07\/luxury-hotel-countertop-wash-basins-wholesale-for-bathroom-1-300x300.webp 300w, https:\/\/www.ceramicbasin.com\/wp-content\/uploads\/2024\/07\/luxury-hotel-countertop-wash-basins-wholesale-for-bathroom-1-150x150.webp 150w, https:\/\/www.ceramicbasin.com\/wp-content\/uploads\/2024\/07\/luxury-hotel-countertop-wash-basins-wholesale-for-bathroom-1-12x12.webp 12w, https:\/\/www.ceramicbasin.com\/wp-content\/uploads\/2024\/07\/luxury-hotel-countertop-wash-basins-wholesale-for-bathroom-1-285x285.webp 285w, https:\/\/www.ceramicbasin.com\/wp-content\/uploads\/2024\/07\/luxury-hotel-countertop-wash-basins-wholesale-for-bathroom-1-270x270.webp 270w, https:\/\/www.ceramicbasin.com\/wp-content\/uploads\/2024\/07\/luxury-hotel-countertop-wash-basins-wholesale-for-bathroom-1-540x540.webp 540w, https:\/\/www.ceramicbasin.com\/wp-content\/uploads\/2024\/07\/luxury-hotel-countertop-wash-basins-wholesale-for-bathroom-1-660x660.webp 660w\" sizes=\"(max-width: 750px) 100vw, 750px\" \/><\/figure>\n<\/div>\n<\/div>","protected":false},"excerpt":{"rendered":"<p>Willkommen im Gro\u00dfhandel Bad Waschbecken zu kaufen. Unsere luxuri\u00f6sen Aufsatzwaschbecken Gro\u00dfhandel sind exquisit gestaltet und aus hochwertigen keramischen Materialien, die langlebig sind und k\u00f6nnen den gesamten Geschmack des Badezimmers zu verbessern. Unsere Bad Waschbecken Gro\u00dfhandel sind Fabrik geliefert und bieten sehr wettbewerbsf\u00e4hige Preise, die hochwertige Bad-L\u00f6sungen f\u00fcr Ihr Hotel.<\/p>\n<table style=\"border-collapse: collapse; width: 311.02pt;\" border=\"0\" width=\"311\" cellspacing=\"0\" cellpadding=\"0\">\n<tbody>\n<tr style=\"height: 17.60pt;\">\n<td class=\"et3\" style=\"height: 17.60pt; width: 108.35pt;\" width=\"108\" height=\"17\">Hersteller<\/td>\n<td class=\"et3\" style=\"width: 202.95pt;\" width=\"202\">HanYu<\/td>\n<\/tr>\n<tr style=\"height: 17.60pt;\">\n<td class=\"et3\" style=\"height: 17.60pt;\" height=\"17\">Modell Nr.<\/td>\n<td class=\"et4\">HY-5102<\/td>\n<\/tr>\n<tr style=\"height: 17.60pt;\">\n<td class=\"et3\" style=\"height: 17.60pt;\" height=\"17\">Typ<\/td>\n<td class=\"et3\">CounterTop-Becken<\/td>\n<\/tr>\n<tr style=\"height: 17.60pt;\">\n<td class=\"et3\" style=\"height: 17.60pt;\" height=\"17\">Form<\/td>\n<td class=\"et3\">Blattform<\/td>\n<\/tr>\n<tr style=\"height: 17.60pt;\">\n<td class=\"et4\" style=\"height: 17.60pt;\" height=\"17\">Farbe<\/td>\n<td class=\"et3\">Wei\u00df<\/td>\n<\/tr>\n<tr style=\"height: 18.00pt;\">\n<td class=\"et3\" style=\"height: 18.00pt;\" height=\"18\">Dimension<\/td>\n<td class=\"et5\" style=\"width: 202.95pt;\" width=\"202\">73*37*13<\/td>\n<\/tr>\n<tr style=\"height: 17.60pt;\">\n<td class=\"et3\" style=\"height: 17.60pt;\" height=\"17\">N.W \/SET<\/td>\n<td class=\"et3\">10KG\/PCS<\/td>\n<\/tr>\n<tr style=\"height: 17.60pt;\">\n<td class=\"et3\" style=\"height: 17.60pt;\" height=\"17\">MOQ<\/td>\n<td class=\"et3\">20St\u00fcck<\/td>\n<\/tr>\n<tr style=\"height: 17.60pt;\">\n<td class=\"et3\" style=\"height: 17.60pt;\" height=\"17\">Benutzerdefinierte Option<\/td>\n<td class=\"et3\">Farbe\/Muster\/Gr\u00f6\u00dfe\/Logo\/Verpackung<\/td>\n<\/tr>\n<\/tbody>\n<\/table>","protected":false},"featured_media":3109,"comment_status":"closed","ping_status":"closed","template":"","meta":{"_acf_changed":false},"product_brand":[],"product_cat":[50],"product_tag":[],"class_list":{"0":"post-3102","1":"product","2":"type-product","3":"status-publish","4":"has-post-thumbnail","6":"product_cat-wholesale-countertop-sinks","8":"first","9":"instock","10":"shipping-taxable","11":"product-type-simple"},"acf":[],"_links":{"self":[{"href":"https:\/\/www.ceramicbasin.com\/de\/wp-json\/wp\/v2\/product\/3102","targetHints":{"allow":["GET"]}}],"collection":[{"href":"https:\/\/www.ceramicbasin.com\/de\/wp-json\/wp\/v2\/product"}],"about":[{"href":"https:\/\/www.ceramicbasin.com\/de\/wp-json\/wp\/v2\/types\/product"}],"replies":[{"embeddable":true,"href":"https:\/\/www.ceramicbasin.com\/de\/wp-json\/wp\/v2\/comments?post=3102"}],"wp:featuredmedia":[{"embeddable":true,"href":"https:\/\/www.ceramicbasin.com\/de\/wp-json\/wp\/v2\/media\/3109"}],"wp:attachment":[{"href":"https:\/\/www.ceramicbasin.com\/de\/wp-json\/wp\/v2\/media?parent=3102"}],"wp:term":[{"taxonomy":"product_brand","embeddable":true,"href":"https:\/\/www.ceramicbasin.com\/de\/wp-json\/wp\/v2\/product_brand?post=3102"},{"taxonomy":"product_cat","embeddable":true,"href":"https:\/\/www.ceramicbasin.com\/de\/wp-json\/wp\/v2\/product_cat?post=3102"},{"taxonomy":"product_tag","embeddable":true,"href":"https:\/\/www.ceramicbasin.com\/de\/wp-json\/wp\/v2\/product_tag?post=3102"}],"curies":[{"name":"wp","href":"https:\/\/api.w.org\/{rel}","templated":true}]}}