{"id":3112,"date":"2024-07-12T03:49:28","date_gmt":"2024-07-12T03:49:28","guid":{"rendered":"https:\/\/www.ceramicbasin.com\/?post_type=product&#038;p=3112"},"modified":"2024-11-01T08:46:31","modified_gmt":"2024-11-01T08:46:31","slug":"unique-wholesale-sinks-for-bathroom","status":"publish","type":"product","link":"https:\/\/www.ceramicbasin.com\/de\/produkt\/unique-wholesale-sinks-for-bathroom\/","title":{"rendered":"Neues Design Gro\u00dfhandel Waschbecken f\u00fcr Badezimmer mit einzigartiger unregelm\u00e4\u00dfiger Form"},"content":{"rendered":"<div class=\"wp-block-columns is-layout-flex wp-container-core-columns-is-layout-9d6595d7 wp-block-columns-is-layout-flex\">\n<div class=\"wp-block-column is-layout-flow wp-block-column-is-layout-flow\">\n<h2 class=\"wp-block-heading\">Premium-Gro\u00dfhandel Waschbecken f\u00fcr Badezimmer Merkmale:<\/h2>\n\n\n\n<ul class=\"wp-block-list\">\n<li><strong>Einzigartige Form: <\/strong>Das einzigartige Design unserer unregelm\u00e4\u00dfig geformten Gro\u00dfhandelssp\u00fclbecken f\u00fcr Badezimmer, unvergleichbar mit traditionellen Stilen, verwirft die Konventionen des traditionellen Stils. Das blattf\u00f6rmige Waschbecken schafft eine moderne und k\u00fcnstlerische Atmosph\u00e4re im Badezimmer und zieht das Auge an, um einen erstaunlichen integralen visuellen Effekt zu schaffen.<\/li>\n\n\n\n<li><strong>Hochwertige Keramik: <\/strong>F\u00fcr die Herstellung der Waschbecken wird hochwertige Keramik verwendet, die bei hohen Temperaturen gebrannt wird. Dadurch sind sie fest, haltbar, flecken- und kratzfest, haben eine glatte Oberfl\u00e4che, sind leicht zu reinigen und bleiben lange sch\u00f6n.<\/li>\n\n\n\n<li><strong>Vielf\u00e4ltige Gestaltungsm\u00f6glichkeiten: <\/strong>In unserem Gro\u00dfhandel Waschbecken f\u00fcr Badezimmer, gibt es verschiedene Designs und Farben zu diversifizierten Bad Dekoration Stile passen, egal es ist modern, einfach oder luxuri\u00f6s, k\u00f6nnen Sie den passenden Stil zu finden.<\/li>\n\n\n\n<li><strong>Preisvorteil im Gro\u00dfhandel: <\/strong>Es stellt sicher, dass Sie qualitativ hochwertige Keramikbecken in gro\u00dfen Mengen von der Fabrik zum wettbewerbsf\u00e4higsten Preis erhalten, wodurch Sie Kosten sparen und Ihre Gewinnspanne erh\u00f6hen k\u00f6nnen.<\/li>\n<\/ul>\n<\/div>\n\n\n\n<div class=\"wp-block-column is-layout-flow wp-block-column-is-layout-flow\">\n<figure class=\"wp-block-image size-full\"><img fetchpriority=\"high\" decoding=\"async\" width=\"750\" height=\"750\" src=\"https:\/\/www.ceramicbasin.com\/wp-content\/uploads\/2024\/07\/new-design-wholesale-sinks-for-bathroom-with-unique-shape-1.webp\" alt=\"new-design-gro\u00dfhandel-waschbecken-f\u00fcr-badezimmer-mit-einzigartiger-form-1\" class=\"wp-image-3113\" srcset=\"https:\/\/www.ceramicbasin.com\/wp-content\/uploads\/2024\/07\/new-design-wholesale-sinks-for-bathroom-with-unique-shape-1.webp 750w, https:\/\/www.ceramicbasin.com\/wp-content\/uploads\/2024\/07\/new-design-wholesale-sinks-for-bathroom-with-unique-shape-1-300x300.webp 300w, https:\/\/www.ceramicbasin.com\/wp-content\/uploads\/2024\/07\/new-design-wholesale-sinks-for-bathroom-with-unique-shape-1-150x150.webp 150w, https:\/\/www.ceramicbasin.com\/wp-content\/uploads\/2024\/07\/new-design-wholesale-sinks-for-bathroom-with-unique-shape-1-12x12.webp 12w, https:\/\/www.ceramicbasin.com\/wp-content\/uploads\/2024\/07\/new-design-wholesale-sinks-for-bathroom-with-unique-shape-1-285x285.webp 285w, https:\/\/www.ceramicbasin.com\/wp-content\/uploads\/2024\/07\/new-design-wholesale-sinks-for-bathroom-with-unique-shape-1-270x270.webp 270w, https:\/\/www.ceramicbasin.com\/wp-content\/uploads\/2024\/07\/new-design-wholesale-sinks-for-bathroom-with-unique-shape-1-540x540.webp 540w, https:\/\/www.ceramicbasin.com\/wp-content\/uploads\/2024\/07\/new-design-wholesale-sinks-for-bathroom-with-unique-shape-1-660x660.webp 660w\" sizes=\"(max-width: 750px) 100vw, 750px\" \/><\/figure>\n<\/div>\n<\/div>","protected":false},"excerpt":{"rendered":"<p>Willkommen zum Kauf von kundenspezifischen Waschbecken f\u00fcr Badezimmer. Unsere Gro\u00dfhandelswaschbecken f\u00fcr Badezimmer sind aus hochwertigen keramischen Materialien hergestellt und sind mit einigen besonderen Merkmalen f\u00fcr unregelm\u00e4\u00dfige Formen erh\u00e4ltlich. Aufgrund dieser Einzigartigkeit erm\u00f6glichen sie eine gro\u00dfe Vielfalt an Designm\u00f6glichkeiten, um vielen Geschm\u00e4ckern bei der Badezimmerdekoration gerecht zu werden.<\/p>\n<table style=\"border-collapse: collapse; width: 311.02pt;\" border=\"0\" width=\"311\" cellspacing=\"0\" cellpadding=\"0\">\n<tbody>\n<tr style=\"height: 17.60pt;\">\n<td class=\"et3\" style=\"height: 17.60pt; width: 108.35pt;\" width=\"108\" height=\"17\">Hersteller<\/td>\n<td class=\"et3\" style=\"width: 202.95pt;\" width=\"202\">HanYu<\/td>\n<\/tr>\n<tr style=\"height: 17.60pt;\">\n<td class=\"et3\" style=\"height: 17.60pt;\" height=\"17\">Modell Nr.<\/td>\n<td class=\"et4\">HY-8023<\/td>\n<\/tr>\n<tr style=\"height: 17.60pt;\">\n<td class=\"et3\" style=\"height: 17.60pt;\" height=\"17\">Typ<\/td>\n<td class=\"et3\">CounterTop-Becken<\/td>\n<\/tr>\n<tr style=\"height: 17.60pt;\">\n<td class=\"et3\" style=\"height: 17.60pt;\" height=\"17\">Form<\/td>\n<td class=\"et3\">Blattform<\/td>\n<\/tr>\n<tr style=\"height: 17.60pt;\">\n<td class=\"et4\" style=\"height: 17.60pt;\" height=\"17\">Farbe<\/td>\n<td class=\"et3\">Wei\u00df<\/td>\n<\/tr>\n<tr style=\"height: 18.00pt;\">\n<td class=\"et3\" style=\"height: 18.00pt;\" height=\"18\">Dimension<\/td>\n<td class=\"et5\" style=\"width: 202.95pt;\" width=\"202\">65*38.5*16<\/td>\n<\/tr>\n<tr style=\"height: 17.60pt;\">\n<td class=\"et3\" style=\"height: 17.60pt;\" height=\"17\">N.W \/SET<\/td>\n<td class=\"et3\">10KG\/PCS<\/td>\n<\/tr>\n<tr style=\"height: 17.60pt;\">\n<td class=\"et3\" style=\"height: 17.60pt;\" height=\"17\">MOQ<\/td>\n<td class=\"et3\">20St\u00fcck<\/td>\n<\/tr>\n<tr style=\"height: 17.60pt;\">\n<td class=\"et3\" style=\"height: 17.60pt;\" height=\"17\">Benutzerdefinierte Option<\/td>\n<td class=\"et3\">Farbe\/Muster\/Gr\u00f6\u00dfe\/Logo\/Verpackung<\/td>\n<\/tr>\n<\/tbody>\n<\/table>\n<p>&nbsp;<\/p>","protected":false},"featured_media":3116,"comment_status":"closed","ping_status":"closed","template":"","meta":{"_acf_changed":false},"product_brand":[],"product_cat":[50],"product_tag":[],"class_list":{"0":"post-3112","1":"product","2":"type-product","3":"status-publish","4":"has-post-thumbnail","6":"product_cat-wholesale-countertop-sinks","8":"first","9":"instock","10":"shipping-taxable","11":"product-type-simple"},"acf":[],"_links":{"self":[{"href":"https:\/\/www.ceramicbasin.com\/de\/wp-json\/wp\/v2\/product\/3112","targetHints":{"allow":["GET"]}}],"collection":[{"href":"https:\/\/www.ceramicbasin.com\/de\/wp-json\/wp\/v2\/product"}],"about":[{"href":"https:\/\/www.ceramicbasin.com\/de\/wp-json\/wp\/v2\/types\/product"}],"replies":[{"embeddable":true,"href":"https:\/\/www.ceramicbasin.com\/de\/wp-json\/wp\/v2\/comments?post=3112"}],"wp:featuredmedia":[{"embeddable":true,"href":"https:\/\/www.ceramicbasin.com\/de\/wp-json\/wp\/v2\/media\/3116"}],"wp:attachment":[{"href":"https:\/\/www.ceramicbasin.com\/de\/wp-json\/wp\/v2\/media?parent=3112"}],"wp:term":[{"taxonomy":"product_brand","embeddable":true,"href":"https:\/\/www.ceramicbasin.com\/de\/wp-json\/wp\/v2\/product_brand?post=3112"},{"taxonomy":"product_cat","embeddable":true,"href":"https:\/\/www.ceramicbasin.com\/de\/wp-json\/wp\/v2\/product_cat?post=3112"},{"taxonomy":"product_tag","embeddable":true,"href":"https:\/\/www.ceramicbasin.com\/de\/wp-json\/wp\/v2\/product_tag?post=3112"}],"curies":[{"name":"wp","href":"https:\/\/api.w.org\/{rel}","templated":true}]}}