{"id":3119,"date":"2024-07-12T06:18:30","date_gmt":"2024-07-12T06:18:30","guid":{"rendered":"https:\/\/www.ceramicbasin.com\/?post_type=product&#038;p=3119"},"modified":"2024-11-01T08:51:21","modified_gmt":"2024-11-01T08:51:21","slug":"countertop-art-basin-wholesale","status":"publish","type":"product","link":"https:\/\/www.ceramicbasin.com\/de\/produkt\/countertop-art-basin-wholesale\/","title":{"rendered":"Qualitativ hochwertiges Kunstwaschbecken im Gro\u00dfhandel mit einfachem Wasserhahnloch"},"content":{"rendered":"<div class=\"wp-block-columns is-layout-flex wp-container-core-columns-is-layout-9d6595d7 wp-block-columns-is-layout-flex\">\n<div class=\"wp-block-column is-layout-flow wp-block-column-is-layout-flow\">\n<h2 class=\"wp-block-heading\">Premium Art Basin Gro\u00dfhandel Merkmale:<\/h2>\n\n\n\n<ul class=\"wp-block-list\">\n<li><strong>Stark und langlebig: <\/strong>Aufgrund des hochwertigen keramischen Materials und der hohen Temperatur ist diese Arbeitsplatte Kunstbecken Gro\u00dfhandel stark und langlebig, Anti-Flecken und kratzfest. Die glatte Oberfl\u00e4che l\u00e4sst sich leicht reinigen und ist immer sch\u00f6n und gl\u00e4nzend.<\/li>\n\n\n\n<li><strong>Einfaches Design:<\/strong> Dieses mit einem Wasserhahnloch ausgestattete Keramikbecken aus dem Gro\u00dfhandel ist einfach zu installieren und funktioniert mit den meisten Standard-Wasserh\u00e4hnen. Es ist wirklich praktisch und h\u00fcbsch wegen des einfachen Designs, geeignet f\u00fcr viele Badezimmer Stile.<\/li>\n\n\n\n<li><strong>Exquisites Design: <\/strong>Dieses exquisit gestaltete und mit modernem Kunstsinn ausgestattete Waschbecken im Gro\u00dfhandel verleiht dem Badezimmer eine unvergleichliche \u00e4sthetische Wirkung und hebt das allgemeine Dekorationsniveau.<\/li>\n\n\n\n<li><strong>Preisvorteil: <\/strong>Wir beziehen die Ware direkt von der Fabrik und garantieren unseren Kunden ein hochwertiges Gro\u00dfhandels-Keramikbecken zum besten Preis, was den Unternehmen hilft, Geld zu sparen und die Gewinnspanne beim Verkauf von Produkten zu erh\u00f6hen.<\/li>\n<\/ul>\n<\/div>\n\n\n\n<div class=\"wp-block-column is-layout-flow wp-block-column-is-layout-flow\">\n<figure class=\"wp-block-image size-full\"><img fetchpriority=\"high\" decoding=\"async\" width=\"750\" height=\"750\" src=\"https:\/\/www.ceramicbasin.com\/wp-content\/uploads\/2024\/07\/high-quality-countertop-art-basin-wholesale-with-single-tap-hole-1.webp\" alt=\"Hochwertiges-Arbeitsplatten-Kunstwaschbecken-Gro\u00dfhandel-mit-Einzelhahnloch-1\" class=\"wp-image-3120\" srcset=\"https:\/\/www.ceramicbasin.com\/wp-content\/uploads\/2024\/07\/high-quality-countertop-art-basin-wholesale-with-single-tap-hole-1.webp 750w, https:\/\/www.ceramicbasin.com\/wp-content\/uploads\/2024\/07\/high-quality-countertop-art-basin-wholesale-with-single-tap-hole-1-300x300.webp 300w, https:\/\/www.ceramicbasin.com\/wp-content\/uploads\/2024\/07\/high-quality-countertop-art-basin-wholesale-with-single-tap-hole-1-150x150.webp 150w, https:\/\/www.ceramicbasin.com\/wp-content\/uploads\/2024\/07\/high-quality-countertop-art-basin-wholesale-with-single-tap-hole-1-12x12.webp 12w, https:\/\/www.ceramicbasin.com\/wp-content\/uploads\/2024\/07\/high-quality-countertop-art-basin-wholesale-with-single-tap-hole-1-285x285.webp 285w, https:\/\/www.ceramicbasin.com\/wp-content\/uploads\/2024\/07\/high-quality-countertop-art-basin-wholesale-with-single-tap-hole-1-270x270.webp 270w, https:\/\/www.ceramicbasin.com\/wp-content\/uploads\/2024\/07\/high-quality-countertop-art-basin-wholesale-with-single-tap-hole-1-540x540.webp 540w, https:\/\/www.ceramicbasin.com\/wp-content\/uploads\/2024\/07\/high-quality-countertop-art-basin-wholesale-with-single-tap-hole-1-660x660.webp 660w\" sizes=\"(max-width: 750px) 100vw, 750px\" \/><\/figure>\n<\/div>\n<\/div>","protected":false},"excerpt":{"rendered":"<p>Willkommen im Gro\u00dfhandel Keramik Waschbecken kaufen. Diese hochwertige einzelne Wasserhahn Loch wei\u00df Arbeitsplatte Kunst Becken Gro\u00dfhandel ist aus hochwertigem keramischen Material mit einfachen und exquisiten Design f\u00fcr einfache Installation und Kompatibilit\u00e4t gemacht. Die Waren werden direkt von der Fabrik verkauft, und die Preise sind sehr wettbewerbsf\u00e4hig.<\/p>\n<table style=\"border-collapse: collapse; width: 311.02pt;\" border=\"0\" width=\"311\" cellspacing=\"0\" cellpadding=\"0\">\n<tbody>\n<tr style=\"height: 17.60pt;\">\n<td class=\"et3\" style=\"height: 17.60pt; width: 108.35pt;\" width=\"108\" height=\"17\">Hersteller<\/td>\n<td class=\"et3\" style=\"width: 202.95pt;\" width=\"202\">HanYu<\/td>\n<\/tr>\n<tr style=\"height: 17.60pt;\">\n<td class=\"et3\" style=\"height: 17.60pt;\" height=\"17\">Modell Nr.<\/td>\n<td class=\"et4\">HY-8023<\/td>\n<\/tr>\n<tr style=\"height: 17.60pt;\">\n<td class=\"et3\" style=\"height: 17.60pt;\" height=\"17\">Typ<\/td>\n<td class=\"et3\">CounterTop-Becken<\/td>\n<\/tr>\n<tr style=\"height: 17.60pt;\">\n<td class=\"et3\" style=\"height: 17.60pt;\" height=\"17\">Form<\/td>\n<td class=\"et3\">Blattform<\/td>\n<\/tr>\n<tr style=\"height: 17.60pt;\">\n<td class=\"et4\" style=\"height: 17.60pt;\" height=\"17\">Farbe<\/td>\n<td class=\"et3\">Wei\u00df<\/td>\n<\/tr>\n<tr style=\"height: 18.00pt;\">\n<td class=\"et3\" style=\"height: 18.00pt;\" height=\"18\">Dimension<\/td>\n<td class=\"et5\" style=\"width: 202.95pt;\" width=\"202\">65*38.5*16<\/td>\n<\/tr>\n<tr style=\"height: 17.60pt;\">\n<td class=\"et3\" style=\"height: 17.60pt;\" height=\"17\">N.W \/SET<\/td>\n<td class=\"et3\">10KG\/PCS<\/td>\n<\/tr>\n<tr style=\"height: 17.60pt;\">\n<td class=\"et3\" style=\"height: 17.60pt;\" height=\"17\">MOQ<\/td>\n<td class=\"et3\">20St\u00fcck<\/td>\n<\/tr>\n<tr style=\"height: 17.60pt;\">\n<td class=\"et3\" style=\"height: 17.60pt;\" height=\"17\">Benutzerdefinierte Option<\/td>\n<td class=\"et3\">Farbe\/Muster\/Gr\u00f6\u00dfe\/Logo\/Verpackung<\/td>\n<\/tr>\n<\/tbody>\n<\/table>\n<p>&nbsp;<\/p>","protected":false},"featured_media":3121,"comment_status":"closed","ping_status":"closed","template":"","meta":{"_acf_changed":false},"product_brand":[],"product_cat":[50],"product_tag":[],"class_list":{"0":"post-3119","1":"product","2":"type-product","3":"status-publish","4":"has-post-thumbnail","6":"product_cat-wholesale-countertop-sinks","8":"first","9":"instock","10":"shipping-taxable","11":"product-type-simple"},"acf":[],"_links":{"self":[{"href":"https:\/\/www.ceramicbasin.com\/de\/wp-json\/wp\/v2\/product\/3119","targetHints":{"allow":["GET"]}}],"collection":[{"href":"https:\/\/www.ceramicbasin.com\/de\/wp-json\/wp\/v2\/product"}],"about":[{"href":"https:\/\/www.ceramicbasin.com\/de\/wp-json\/wp\/v2\/types\/product"}],"replies":[{"embeddable":true,"href":"https:\/\/www.ceramicbasin.com\/de\/wp-json\/wp\/v2\/comments?post=3119"}],"wp:featuredmedia":[{"embeddable":true,"href":"https:\/\/www.ceramicbasin.com\/de\/wp-json\/wp\/v2\/media\/3121"}],"wp:attachment":[{"href":"https:\/\/www.ceramicbasin.com\/de\/wp-json\/wp\/v2\/media?parent=3119"}],"wp:term":[{"taxonomy":"product_brand","embeddable":true,"href":"https:\/\/www.ceramicbasin.com\/de\/wp-json\/wp\/v2\/product_brand?post=3119"},{"taxonomy":"product_cat","embeddable":true,"href":"https:\/\/www.ceramicbasin.com\/de\/wp-json\/wp\/v2\/product_cat?post=3119"},{"taxonomy":"product_tag","embeddable":true,"href":"https:\/\/www.ceramicbasin.com\/de\/wp-json\/wp\/v2\/product_tag?post=3119"}],"curies":[{"name":"wp","href":"https:\/\/api.w.org\/{rel}","templated":true}]}}