{"id":3126,"date":"2024-07-12T06:54:20","date_gmt":"2024-07-12T06:54:20","guid":{"rendered":"https:\/\/www.ceramicbasin.com\/?post_type=product&#038;p=3126"},"modified":"2024-11-01T08:57:59","modified_gmt":"2024-11-01T08:57:59","slug":"countertop-bathroom-sink-wholesale","status":"publish","type":"product","link":"https:\/\/www.ceramicbasin.com\/de\/produkt\/countertop-bathroom-sink-wholesale\/","title":{"rendered":"Modernes Aufsatzwaschbecken Gro\u00dfhandel mit Wasserhahnloch"},"content":{"rendered":"<div class=\"wp-block-columns is-layout-flex wp-container-core-columns-is-layout-9d6595d7 wp-block-columns-is-layout-flex\">\n<div class=\"wp-block-column is-layout-flow wp-block-column-is-layout-flow\">\n<h2 class=\"wp-block-heading\">Premium Countertop Bad Waschbecken Gro\u00dfhandel Features:<\/h2>\n\n\n\n<ul class=\"wp-block-list\">\n<li><strong>Modernes Design: <\/strong>Dieses Aufsatzwaschbecken f\u00fcr das Bad im Gro\u00dfhandel zeichnet sich durch ein einfach strukturiertes, modernes Design aus. Das glatte, runde Design kann gut mit verschiedenen Stilen in Badezimmern passen und f\u00fcgt einen modernen Faktor und hohe Qualit\u00e4t im Badezimmer Raum.<\/li>\n\n\n\n<li><strong>Hochwertige Materialien: <\/strong>Ausgew\u00e4hlte hochwertige Keramik wird unter hohen Temperaturen gebrannt, um die Haltbarkeit des Produkts zu gew\u00e4hrleisten. Au\u00dferdem ist die glatte Oberfl\u00e4che unseres Gro\u00dfhandels-Waschbeckens resistent gegen Schmutz und Kratzer, ist leicht zu reinigen und bleibt lange sch\u00f6n und hell.<\/li>\n\n\n\n<li><strong>Vorgebohrte Wasserhahnl\u00f6cher: <\/strong>Unser Aufsatzwaschbecken im Gro\u00dfhandel kommt mit vorgebohrten Wasserhahnl\u00f6chern f\u00fcr eine schnelle und einfache Installation, die f\u00fcr die meisten Standard-Wasserh\u00e4hne geeignet ist. Das einfache Design ist sehr funktional, sch\u00f6n aussehende zur gleichen Zeit, und sichert Komfort f\u00fcr den Benutzer.<\/li>\n\n\n\n<li><strong>Preisvorteil: <\/strong>Da unsere Badezimmerwaschbecken im Gro\u00dfhandel direkt von der Fabrik geliefert werden, k\u00f6nnen Sie Ihren Kunden mit Sicherheit die beste Qualit\u00e4t zu den g\u00fcnstigsten Preisen anbieten. Bei Gro\u00dfeink\u00e4ufen erhalten Sie zus\u00e4tzliche Rabatte, die Ihnen als Gro\u00df- oder Einzelh\u00e4ndler helfen werden, Geld zu sparen und Ihre Gewinnspanne zu erh\u00f6hen.<\/li>\n<\/ul>\n<\/div>\n\n\n\n<div class=\"wp-block-column is-layout-flow wp-block-column-is-layout-flow\">\n<figure class=\"wp-block-image size-full\"><img fetchpriority=\"high\" decoding=\"async\" width=\"750\" height=\"750\" src=\"https:\/\/www.ceramicbasin.com\/wp-content\/uploads\/2024\/07\/modern-countertop-bathroom-sink-wholesale-with-faucet-hole-1.webp\" alt=\"modernes-abgeflachtes-bad-waschbecken-gro\u00dfhandel-mit-armatur-loch-1\" class=\"wp-image-3127\" srcset=\"https:\/\/www.ceramicbasin.com\/wp-content\/uploads\/2024\/07\/modern-countertop-bathroom-sink-wholesale-with-faucet-hole-1.webp 750w, https:\/\/www.ceramicbasin.com\/wp-content\/uploads\/2024\/07\/modern-countertop-bathroom-sink-wholesale-with-faucet-hole-1-300x300.webp 300w, https:\/\/www.ceramicbasin.com\/wp-content\/uploads\/2024\/07\/modern-countertop-bathroom-sink-wholesale-with-faucet-hole-1-150x150.webp 150w, https:\/\/www.ceramicbasin.com\/wp-content\/uploads\/2024\/07\/modern-countertop-bathroom-sink-wholesale-with-faucet-hole-1-12x12.webp 12w, https:\/\/www.ceramicbasin.com\/wp-content\/uploads\/2024\/07\/modern-countertop-bathroom-sink-wholesale-with-faucet-hole-1-285x285.webp 285w, https:\/\/www.ceramicbasin.com\/wp-content\/uploads\/2024\/07\/modern-countertop-bathroom-sink-wholesale-with-faucet-hole-1-270x270.webp 270w, https:\/\/www.ceramicbasin.com\/wp-content\/uploads\/2024\/07\/modern-countertop-bathroom-sink-wholesale-with-faucet-hole-1-540x540.webp 540w, https:\/\/www.ceramicbasin.com\/wp-content\/uploads\/2024\/07\/modern-countertop-bathroom-sink-wholesale-with-faucet-hole-1-660x660.webp 660w\" sizes=\"(max-width: 750px) 100vw, 750px\" \/><\/figure>\n<\/div>\n<\/div>","protected":false},"excerpt":{"rendered":"<p>Willkommen im Gro\u00dfhandel Bad Waschbecken zu kaufen. Hanyu's Arbeitsplatte Bad Waschbecken Gro\u00dfhandel mit vorgebohrten Wasserhahn L\u00f6cher, wird es viel einfacher zu installieren und weitgehend kompatibel mit verwandten Armaturen sein. Im Wege der Fabrik direkt Gro\u00dfhandel, k\u00f6nnen wir sehr wettbewerbsf\u00e4hige Preise anbieten.<\/p>\n<table style=\"border-collapse: collapse; width: 311.02pt;\" border=\"0\" width=\"311\" cellspacing=\"0\" cellpadding=\"0\">\n<tbody>\n<tr style=\"height: 17.60pt;\">\n<td class=\"et3\" style=\"height: 17.60pt; width: 108.35pt;\" width=\"108\" height=\"17\">Hersteller<\/td>\n<td class=\"et3\" style=\"width: 202.95pt;\" width=\"202\">HanYu<\/td>\n<\/tr>\n<tr style=\"height: 17.60pt;\">\n<td class=\"et3\" style=\"height: 17.60pt;\" height=\"17\">Modell Nr.<\/td>\n<td class=\"et4\">HY-8127<\/td>\n<\/tr>\n<tr style=\"height: 17.60pt;\">\n<td class=\"et3\" style=\"height: 17.60pt;\" height=\"17\">Typ<\/td>\n<td class=\"et3\">CounterTop-Becken<\/td>\n<\/tr>\n<tr style=\"height: 17.60pt;\">\n<td class=\"et3\" style=\"height: 17.60pt;\" height=\"17\">Form<\/td>\n<td class=\"et3\">Rund<\/td>\n<\/tr>\n<tr style=\"height: 17.60pt;\">\n<td class=\"et4\" style=\"height: 17.60pt;\" height=\"17\">Farbe<\/td>\n<td class=\"et3\">Wei\u00df<\/td>\n<\/tr>\n<tr style=\"height: 18.00pt;\">\n<td class=\"et3\" style=\"height: 18.00pt;\" height=\"18\">Dimension<\/td>\n<td class=\"et5\" style=\"width: 202.95pt;\" width=\"202\">42*42*11.5<\/td>\n<\/tr>\n<tr style=\"height: 17.60pt;\">\n<td class=\"et3\" style=\"height: 17.60pt;\" height=\"17\">N.W \/SET<\/td>\n<td class=\"et3\">6.5KG\/PCS<\/td>\n<\/tr>\n<tr style=\"height: 17.60pt;\">\n<td class=\"et3\" style=\"height: 17.60pt;\" height=\"17\">MOQ<\/td>\n<td class=\"et3\">20St\u00fcck<\/td>\n<\/tr>\n<tr style=\"height: 17.60pt;\">\n<td class=\"et3\" style=\"height: 17.60pt;\" height=\"17\">Benutzerdefinierte Option<\/td>\n<td class=\"et3\">Farbe\/Muster\/Gr\u00f6\u00dfe\/Logo\/Verpackung<\/td>\n<\/tr>\n<\/tbody>\n<\/table>\n<p>&nbsp;<\/p>","protected":false},"featured_media":3132,"comment_status":"closed","ping_status":"closed","template":"","meta":{"_acf_changed":false},"product_brand":[],"product_cat":[50],"product_tag":[],"class_list":{"0":"post-3126","1":"product","2":"type-product","3":"status-publish","4":"has-post-thumbnail","6":"product_cat-wholesale-countertop-sinks","8":"first","9":"instock","10":"shipping-taxable","11":"product-type-simple"},"acf":[],"_links":{"self":[{"href":"https:\/\/www.ceramicbasin.com\/de\/wp-json\/wp\/v2\/product\/3126","targetHints":{"allow":["GET"]}}],"collection":[{"href":"https:\/\/www.ceramicbasin.com\/de\/wp-json\/wp\/v2\/product"}],"about":[{"href":"https:\/\/www.ceramicbasin.com\/de\/wp-json\/wp\/v2\/types\/product"}],"replies":[{"embeddable":true,"href":"https:\/\/www.ceramicbasin.com\/de\/wp-json\/wp\/v2\/comments?post=3126"}],"wp:featuredmedia":[{"embeddable":true,"href":"https:\/\/www.ceramicbasin.com\/de\/wp-json\/wp\/v2\/media\/3132"}],"wp:attachment":[{"href":"https:\/\/www.ceramicbasin.com\/de\/wp-json\/wp\/v2\/media?parent=3126"}],"wp:term":[{"taxonomy":"product_brand","embeddable":true,"href":"https:\/\/www.ceramicbasin.com\/de\/wp-json\/wp\/v2\/product_brand?post=3126"},{"taxonomy":"product_cat","embeddable":true,"href":"https:\/\/www.ceramicbasin.com\/de\/wp-json\/wp\/v2\/product_cat?post=3126"},{"taxonomy":"product_tag","embeddable":true,"href":"https:\/\/www.ceramicbasin.com\/de\/wp-json\/wp\/v2\/product_tag?post=3126"}],"curies":[{"name":"wp","href":"https:\/\/api.w.org\/{rel}","templated":true}]}}