{"id":3133,"date":"2024-07-12T07:11:06","date_gmt":"2024-07-12T07:11:06","guid":{"rendered":"https:\/\/www.ceramicbasin.com\/?post_type=product&#038;p=3133"},"modified":"2024-11-21T08:30:22","modified_gmt":"2024-11-21T08:30:22","slug":"custom-wash-basin-for-bathroom","status":"publish","type":"product","link":"https:\/\/www.ceramicbasin.com\/de\/produkt\/custom-wash-basin-for-bathroom\/","title":{"rendered":"Factory Direct benutzerdefinierte Waschbecken in Bulk f\u00fcr Bad Eitelkeit Arbeitsplatte"},"content":{"rendered":"<div class=\"wp-block-columns is-layout-flex wp-container-core-columns-is-layout-9d6595d7 wp-block-columns-is-layout-flex\">\n<div class=\"wp-block-column is-layout-flow wp-block-column-is-layout-flow\">\n<h2 class=\"wp-block-heading\">Premium Custom Wash Basin Merkmale:<\/h2>\n\n\n\n<ul class=\"wp-block-list\">\n<li><strong>Stark und schmutzabweisend: <\/strong>HanYus ma\u00dfgefertigte Keramiksp\u00fcle verwendet hochwertiges Keramikmaterial, um sicherzustellen, dass das Produkt stark, haltbar, flecken- und kratzfest ist. Die glatte Oberfl\u00e4che ist leicht zu reinigen, und ihre Sch\u00f6nheit wird sich auch nach langem Gebrauch nicht ver\u00e4ndern.<\/li>\n\n\n\n<li><strong>Direkte Lieferung ab Werk: <\/strong>Unsere benutzerdefinierte Waschbecken in loser Sch\u00fcttung ist direkt von der Fabrik, ohne Zwischenh\u00e4ndler geliefert. So erhalten Sie ein hochwertiges Waschbecken zum g\u00fcnstigsten Preis. Au\u00dferdem, je mehr Sie kaufen, desto mehr Rabatt erhalten Sie, um Kosten zu sparen und Ihre Gewinnspanne zu verbessern.<\/li>\n\n\n\n<li><strong>Qualit\u00e4tssicherung:<\/strong> Hochmoderne Produktionsanlagen und ein strenges Qualit\u00e4tskontrollsystem sorgen daf\u00fcr, dass jedes kundenspezifische Keramikwaschbecken, das die Fabriken verl\u00e4sst, von h\u00f6chster Qualit\u00e4t ist, sei es in Bezug auf Haltbarkeit oder Sch\u00f6nheit, und somit den hohen Anspr\u00fcchen der Kunden gerecht wird.<\/li>\n\n\n\n<li><strong>Individuelles Design: <\/strong>Unser Gro\u00dfhandel Waschbecken ist in verschiedenen Arten von Stilen und Gr\u00f6\u00dfen f\u00fcr die pers\u00f6nliche Anpassung, so dass wir die Bed\u00fcrfnisse der verschiedenen Kunden zu erf\u00fcllen. Dies erm\u00f6glicht Anpassungen an Farbe, Form und Textur nach Ihren spezifischen Bed\u00fcrfnissen und Integration in eine Vielzahl von Bad-Designs.<\/li>\n<\/ul>\n<\/div>\n\n\n\n<div class=\"wp-block-column is-layout-flow wp-block-column-is-layout-flow\">\n<figure class=\"wp-block-image size-full\"><img fetchpriority=\"high\" decoding=\"async\" width=\"750\" height=\"750\" src=\"https:\/\/www.ceramicbasin.com\/wp-content\/uploads\/2024\/07\/factory-direct-custom-wash-basin-for-bathroom-vanity-countertop-1.webp\" alt=\"werksseitig-direktes-waschbecken-f\u00fcr-badezimmer-vanity-countertop-1\" class=\"wp-image-3134\" srcset=\"https:\/\/www.ceramicbasin.com\/wp-content\/uploads\/2024\/07\/factory-direct-custom-wash-basin-for-bathroom-vanity-countertop-1.webp 750w, https:\/\/www.ceramicbasin.com\/wp-content\/uploads\/2024\/07\/factory-direct-custom-wash-basin-for-bathroom-vanity-countertop-1-300x300.webp 300w, https:\/\/www.ceramicbasin.com\/wp-content\/uploads\/2024\/07\/factory-direct-custom-wash-basin-for-bathroom-vanity-countertop-1-150x150.webp 150w, https:\/\/www.ceramicbasin.com\/wp-content\/uploads\/2024\/07\/factory-direct-custom-wash-basin-for-bathroom-vanity-countertop-1-12x12.webp 12w, https:\/\/www.ceramicbasin.com\/wp-content\/uploads\/2024\/07\/factory-direct-custom-wash-basin-for-bathroom-vanity-countertop-1-285x285.webp 285w, https:\/\/www.ceramicbasin.com\/wp-content\/uploads\/2024\/07\/factory-direct-custom-wash-basin-for-bathroom-vanity-countertop-1-270x270.webp 270w, https:\/\/www.ceramicbasin.com\/wp-content\/uploads\/2024\/07\/factory-direct-custom-wash-basin-for-bathroom-vanity-countertop-1-540x540.webp 540w, https:\/\/www.ceramicbasin.com\/wp-content\/uploads\/2024\/07\/factory-direct-custom-wash-basin-for-bathroom-vanity-countertop-1-660x660.webp 660w\" sizes=\"(max-width: 750px) 100vw, 750px\" \/><\/figure>\n<\/div>\n<\/div>","protected":false},"excerpt":{"rendered":"<p>Willkommen im Gro\u00dfhandel Waschbecken zu kaufen. Hanyu's benutzerdefinierte Waschbecken kommt in einem eleganten Design mit hochwertiger Keramik, professionelle Produktionstechnologie, langlebig und sch\u00f6n. Unser Unternehmen bietet einen sehr wettbewerbsf\u00e4higen Preis f\u00fcr einen Gro\u00dfeinkauf durch die Lieferung von der Fabrik.<\/p>\n<table style=\"border-collapse: collapse; width: 311.02pt;\" border=\"0\" width=\"311\" cellspacing=\"0\" cellpadding=\"0\">\n<tbody>\n<tr style=\"height: 17.60pt;\">\n<td class=\"et3\" style=\"height: 17.60pt; width: 108.35pt;\" width=\"108\" height=\"17\">Hersteller<\/td>\n<td class=\"et3\" style=\"width: 202.95pt;\" width=\"202\">HanYu<\/td>\n<\/tr>\n<tr style=\"height: 17.60pt;\">\n<td class=\"et3\" style=\"height: 17.60pt;\" height=\"17\">Modell Nr.<\/td>\n<td class=\"et4\">HY-8194<\/td>\n<\/tr>\n<tr style=\"height: 17.60pt;\">\n<td class=\"et3\" style=\"height: 17.60pt;\" height=\"17\">Typ<\/td>\n<td class=\"et3\">CounterTop-Becken<\/td>\n<\/tr>\n<tr style=\"height: 17.60pt;\">\n<td class=\"et3\" style=\"height: 17.60pt;\" height=\"17\">Form<\/td>\n<td class=\"et3\">Unregelm\u00e4\u00dfige Form<\/td>\n<\/tr>\n<tr style=\"height: 17.60pt;\">\n<td class=\"et4\" style=\"height: 17.60pt;\" height=\"17\">Farbe<\/td>\n<td class=\"et3\">Wei\u00df<\/td>\n<\/tr>\n<tr style=\"height: 18.00pt;\">\n<td class=\"et3\" style=\"height: 18.00pt;\" height=\"18\">Dimension<\/td>\n<td class=\"et5\" style=\"width: 202.95pt;\" width=\"202\">51*40*18<\/td>\n<\/tr>\n<tr style=\"height: 17.60pt;\">\n<td class=\"et3\" style=\"height: 17.60pt;\" height=\"17\">N.W \/SET<\/td>\n<td class=\"et3\">7KG\/PCS<\/td>\n<\/tr>\n<tr style=\"height: 17.60pt;\">\n<td class=\"et3\" style=\"height: 17.60pt;\" height=\"17\">MOQ<\/td>\n<td class=\"et3\">20St\u00fcck<\/td>\n<\/tr>\n<tr style=\"height: 17.60pt;\">\n<td class=\"et3\" style=\"height: 17.60pt;\" height=\"17\">Benutzerdefinierte Option<\/td>\n<td class=\"et3\">Farbe\/Muster\/Gr\u00f6\u00dfe\/Logo\/Verpackung<\/td>\n<\/tr>\n<\/tbody>\n<\/table>\n<p>&nbsp;<\/p>","protected":false},"featured_media":3135,"comment_status":"closed","ping_status":"closed","template":"","meta":{"_acf_changed":false},"product_brand":[],"product_cat":[50],"product_tag":[],"class_list":{"0":"post-3133","1":"product","2":"type-product","3":"status-publish","4":"has-post-thumbnail","6":"product_cat-wholesale-countertop-sinks","8":"first","9":"instock","10":"shipping-taxable","11":"product-type-simple"},"acf":[],"_links":{"self":[{"href":"https:\/\/www.ceramicbasin.com\/de\/wp-json\/wp\/v2\/product\/3133","targetHints":{"allow":["GET"]}}],"collection":[{"href":"https:\/\/www.ceramicbasin.com\/de\/wp-json\/wp\/v2\/product"}],"about":[{"href":"https:\/\/www.ceramicbasin.com\/de\/wp-json\/wp\/v2\/types\/product"}],"replies":[{"embeddable":true,"href":"https:\/\/www.ceramicbasin.com\/de\/wp-json\/wp\/v2\/comments?post=3133"}],"wp:featuredmedia":[{"embeddable":true,"href":"https:\/\/www.ceramicbasin.com\/de\/wp-json\/wp\/v2\/media\/3135"}],"wp:attachment":[{"href":"https:\/\/www.ceramicbasin.com\/de\/wp-json\/wp\/v2\/media?parent=3133"}],"wp:term":[{"taxonomy":"product_brand","embeddable":true,"href":"https:\/\/www.ceramicbasin.com\/de\/wp-json\/wp\/v2\/product_brand?post=3133"},{"taxonomy":"product_cat","embeddable":true,"href":"https:\/\/www.ceramicbasin.com\/de\/wp-json\/wp\/v2\/product_cat?post=3133"},{"taxonomy":"product_tag","embeddable":true,"href":"https:\/\/www.ceramicbasin.com\/de\/wp-json\/wp\/v2\/product_tag?post=3133"}],"curies":[{"name":"wp","href":"https:\/\/api.w.org\/{rel}","templated":true}]}}