{"id":3140,"date":"2024-07-12T07:37:40","date_gmt":"2024-07-12T07:37:40","guid":{"rendered":"https:\/\/www.ceramicbasin.com\/?post_type=product&#038;p=3140"},"modified":"2024-11-01T09:06:01","modified_gmt":"2024-11-01T09:06:01","slug":"wholesale-vessel-sink-for-vanity","status":"publish","type":"product","link":"https:\/\/www.ceramicbasin.com\/de\/produkt\/wholesale-vessel-sink-for-vanity\/","title":{"rendered":"Unregelm\u00e4\u00dfiges Design Gro\u00dfhandel Gef\u00e4\u00df Waschbecken f\u00fcr Badezimmer Eitelkeit"},"content":{"rendered":"<div class=\"wp-block-columns is-layout-flex wp-container-core-columns-is-layout-9d6595d7 wp-block-columns-is-layout-flex\">\n<div class=\"wp-block-column is-layout-flow wp-block-column-is-layout-flow\">\n<h2 class=\"wp-block-heading\">Premium Gro\u00dfhandel Gef\u00e4\u00df Waschbecken Merkmale:<\/h2>\n\n\n\n<ul class=\"wp-block-list\">\n<li><strong>Einfaches Design: <\/strong>Dieses Gro\u00dfhandels-Waschbecken hat ein einzigartiges Design, das die traditionelle Form bricht und dem Badezimmer einen k\u00fcnstlerischen und modernen Touch verleiht.<\/li>\n\n\n\n<li><strong>Hochwertige Materialien: <\/strong>Ausgew\u00e4hlte hochwertige keramische Materialien, die bei hohen Temperaturen gebrannt werden, sorgen daf\u00fcr, dass unser Gro\u00dfhandelssp\u00fclbecken langlebig, schmutzabweisend und kratzfest ist. Die glatte Oberfl\u00e4che ist leicht zu reinigen und kann ihre Sch\u00f6nheit und Helligkeit nach langem Gebrauch beibehalten.<\/li>\n\n\n\n<li><strong>Vielf\u00e4ltig anpassbar: <\/strong>Verschiedene Gr\u00f6\u00dfen und Farben sind f\u00fcr benutzerdefinierte Gef\u00e4\u00df Waschbecken in loser Sch\u00fcttung zur Verf\u00fcgung, die auf die Bed\u00fcrfnisse der Baddekoration in verschiedenen Stilen anpassen k\u00f6nnen. Ob es sich um ein modernes, minimalistisches oder ein k\u00fcnstlerisch gestaltetes Bad handelt, dieses Waschbecken l\u00e4sst sich perfekt integrieren.<\/li>\n\n\n\n<li><strong>Gro\u00dfhandelspreis: <\/strong>Die Hanyu-Fabrik bietet eine Vielzahl von Badezimmerwaschbecken f\u00fcr den Gro\u00dfhandel an und gew\u00e4hrleistet qualitativ hochwertige Produkte zu wettbewerbsf\u00e4higen Preisen, die Gro\u00dfh\u00e4ndlern, Einzelh\u00e4ndlern und Bauprojekten helfen, Kosten zu sparen und die Gewinnspanne zu erh\u00f6hen.<\/li>\n<\/ul>\n<\/div>\n\n\n\n<div class=\"wp-block-column is-layout-flow wp-block-column-is-layout-flow\">\n<figure class=\"wp-block-image size-full\"><img fetchpriority=\"high\" decoding=\"async\" width=\"750\" height=\"750\" src=\"https:\/\/www.ceramicbasin.com\/wp-content\/uploads\/2024\/07\/irregular-design-wholesale-vessel-sink-for-bathroom-vanity-1.webp\" alt=\"unregelm\u00e4\u00dfiges-design-gro\u00dfhandel-waschbecken-f\u00fcr-badezimmer-vanity-1\" class=\"wp-image-3141\" srcset=\"https:\/\/www.ceramicbasin.com\/wp-content\/uploads\/2024\/07\/irregular-design-wholesale-vessel-sink-for-bathroom-vanity-1.webp 750w, https:\/\/www.ceramicbasin.com\/wp-content\/uploads\/2024\/07\/irregular-design-wholesale-vessel-sink-for-bathroom-vanity-1-300x300.webp 300w, https:\/\/www.ceramicbasin.com\/wp-content\/uploads\/2024\/07\/irregular-design-wholesale-vessel-sink-for-bathroom-vanity-1-150x150.webp 150w, https:\/\/www.ceramicbasin.com\/wp-content\/uploads\/2024\/07\/irregular-design-wholesale-vessel-sink-for-bathroom-vanity-1-12x12.webp 12w, https:\/\/www.ceramicbasin.com\/wp-content\/uploads\/2024\/07\/irregular-design-wholesale-vessel-sink-for-bathroom-vanity-1-285x285.webp 285w, https:\/\/www.ceramicbasin.com\/wp-content\/uploads\/2024\/07\/irregular-design-wholesale-vessel-sink-for-bathroom-vanity-1-270x270.webp 270w, https:\/\/www.ceramicbasin.com\/wp-content\/uploads\/2024\/07\/irregular-design-wholesale-vessel-sink-for-bathroom-vanity-1-540x540.webp 540w, https:\/\/www.ceramicbasin.com\/wp-content\/uploads\/2024\/07\/irregular-design-wholesale-vessel-sink-for-bathroom-vanity-1-660x660.webp 660w\" sizes=\"(max-width: 750px) 100vw, 750px\" \/><\/figure>\n<\/div>\n<\/div>","protected":false},"excerpt":{"rendered":"<p>Willkommen im Gro\u00dfhandel Bad Waschbecken zu kaufen. Diese unregelm\u00e4\u00dfig gestaltete Gro\u00dfhandel Gef\u00e4\u00df Waschbecken f\u00fcr Bad Eitelkeit ist sowohl sch\u00f6n und langlebig, geeignet f\u00fcr verschiedene Arten von Bad Dekoration. Unsere Fabrik Gro\u00dfhandelspreis hilft Ihnen sparen Beschaffungskosten.\u00a0<\/p>\n<table style=\"border-collapse: collapse; width: 311.02pt;\" border=\"0\" width=\"311\" cellspacing=\"0\" cellpadding=\"0\">\n<tbody>\n<tr style=\"height: 17.60pt;\">\n<td class=\"et3\" style=\"height: 17.60pt; width: 108.35pt;\" width=\"108\" height=\"17\">Hersteller<\/td>\n<td class=\"et3\" style=\"width: 202.95pt;\" width=\"202\">HanYu<\/td>\n<\/tr>\n<tr style=\"height: 17.60pt;\">\n<td class=\"et3\" style=\"height: 17.60pt;\" height=\"17\">Modell Nr.<\/td>\n<td class=\"et4\">HY-8209<\/td>\n<\/tr>\n<tr style=\"height: 17.60pt;\">\n<td class=\"et3\" style=\"height: 17.60pt;\" height=\"17\">Typ<\/td>\n<td class=\"et3\">CounterTop-Becken<\/td>\n<\/tr>\n<tr style=\"height: 17.60pt;\">\n<td class=\"et3\" style=\"height: 17.60pt;\" height=\"17\">Form<\/td>\n<td class=\"et3\">Unregelm\u00e4\u00dfige Form<\/td>\n<\/tr>\n<tr style=\"height: 17.60pt;\">\n<td class=\"et4\" style=\"height: 17.60pt;\" height=\"17\">Farbe<\/td>\n<td class=\"et3\">Wei\u00df<\/td>\n<\/tr>\n<tr style=\"height: 18.00pt;\">\n<td class=\"et3\" style=\"height: 18.00pt;\" height=\"18\">Dimension<\/td>\n<td class=\"et5\" style=\"width: 202.95pt;\" width=\"202\">40*35.5*13<\/td>\n<\/tr>\n<tr style=\"height: 17.60pt;\">\n<td class=\"et3\" style=\"height: 17.60pt;\" height=\"17\">N.W \/SET<\/td>\n<td class=\"et3\">6KG\/PCS<\/td>\n<\/tr>\n<tr style=\"height: 17.60pt;\">\n<td class=\"et3\" style=\"height: 17.60pt;\" height=\"17\">MOQ<\/td>\n<td class=\"et3\">20St\u00fcck<\/td>\n<\/tr>\n<tr style=\"height: 17.60pt;\">\n<td class=\"et3\" style=\"height: 17.60pt;\" height=\"17\">Benutzerdefinierte Option<\/td>\n<td class=\"et3\">Farbe\/Muster\/Gr\u00f6\u00dfe\/Logo\/Verpackung<\/td>\n<\/tr>\n<\/tbody>\n<\/table>\n<p>&nbsp;<\/p>","protected":false},"featured_media":3145,"comment_status":"closed","ping_status":"closed","template":"","meta":{"_acf_changed":false},"product_brand":[],"product_cat":[50],"product_tag":[],"class_list":{"0":"post-3140","1":"product","2":"type-product","3":"status-publish","4":"has-post-thumbnail","6":"product_cat-wholesale-countertop-sinks","8":"first","9":"instock","10":"shipping-taxable","11":"product-type-simple"},"acf":[],"_links":{"self":[{"href":"https:\/\/www.ceramicbasin.com\/de\/wp-json\/wp\/v2\/product\/3140","targetHints":{"allow":["GET"]}}],"collection":[{"href":"https:\/\/www.ceramicbasin.com\/de\/wp-json\/wp\/v2\/product"}],"about":[{"href":"https:\/\/www.ceramicbasin.com\/de\/wp-json\/wp\/v2\/types\/product"}],"replies":[{"embeddable":true,"href":"https:\/\/www.ceramicbasin.com\/de\/wp-json\/wp\/v2\/comments?post=3140"}],"wp:featuredmedia":[{"embeddable":true,"href":"https:\/\/www.ceramicbasin.com\/de\/wp-json\/wp\/v2\/media\/3145"}],"wp:attachment":[{"href":"https:\/\/www.ceramicbasin.com\/de\/wp-json\/wp\/v2\/media?parent=3140"}],"wp:term":[{"taxonomy":"product_brand","embeddable":true,"href":"https:\/\/www.ceramicbasin.com\/de\/wp-json\/wp\/v2\/product_brand?post=3140"},{"taxonomy":"product_cat","embeddable":true,"href":"https:\/\/www.ceramicbasin.com\/de\/wp-json\/wp\/v2\/product_cat?post=3140"},{"taxonomy":"product_tag","embeddable":true,"href":"https:\/\/www.ceramicbasin.com\/de\/wp-json\/wp\/v2\/product_tag?post=3140"}],"curies":[{"name":"wp","href":"https:\/\/api.w.org\/{rel}","templated":true}]}}