{"id":3147,"date":"2024-07-12T08:06:22","date_gmt":"2024-07-12T08:06:22","guid":{"rendered":"https:\/\/www.ceramicbasin.com\/?post_type=product&#038;p=3147"},"modified":"2024-07-23T09:45:32","modified_gmt":"2024-07-23T09:45:32","slug":"rectangle-custom-vessel-sink","status":"publish","type":"product","link":"https:\/\/www.ceramicbasin.com\/de\/produkt\/rectangle-custom-vessel-sink\/","title":{"rendered":"Rechteckige benutzerdefinierte Gef\u00e4\u00df Waschbecken Top Counter Basin f\u00fcr Badezimmer"},"content":{"rendered":"<div class=\"wp-block-columns is-layout-flex wp-container-core-columns-is-layout-9d6595d7 wp-block-columns-is-layout-flex\">\n<div class=\"wp-block-column is-layout-flow wp-block-column-is-layout-flow\">\n<h2 class=\"wp-block-heading\">Premium Custom Vessel Sink Merkmale:<\/h2>\n\n\n\n<ul class=\"wp-block-list\">\n<li><strong>Modernes rechteckiges Design: <\/strong>Dieses benutzerdefinierte Waschbecken hat ein einfaches und stilvolles rechteckiges Design, mit glatten Linien und modernem Stil. Es kann perfekt mit verschiedenen Badezimmerdekorationsstilen kombiniert werden und verleiht dem Badezimmer Eleganz und Modernit\u00e4t.<\/li>\n\n\n\n<li><strong>Gro\u00dfformatiges Design:<\/strong> Das gro\u00dfformatige Gef\u00e4\u00dfwaschbecken erf\u00fcllt den Wunsch nach einem ger\u00e4umigen Waschbecken. Es ist nicht nur praktisch, sondern kann auch das Gesamtniveau und den Komfort des Badezimmers verbessern. Es ist f\u00fcr Privath\u00e4user und Luxushotels geeignet.<\/li>\n\n\n\n<li><strong>Kundenspezifische Optionen: <\/strong>HanYu bietet ma\u00dfgeschneiderte Gef\u00e4\u00dfwaschbecken an, die eine Vielzahl von Gr\u00f6\u00dfen, Farben und Texturen je nach Kundenbed\u00fcrfnissen bieten, verschiedene Badezimmerdesigns und pers\u00f6nliche Vorlieben erf\u00fcllen und einen einzigartigen Badezimmerbereich f\u00fcr Sie schaffen.<\/li>\n\n\n\n<li><strong>Gro\u00dfhandelspreis: <\/strong>Unsere benutzerdefinierte Gef\u00e4\u00df Waschbecken in loser Sch\u00fcttung ist zu einer Fabrik direkten Gro\u00dfhandelspreis verkauft, um mehr Gewinn Raum f\u00fcr Kunden zu gewinnen. Willkommen B2B K\u00e4ufer zum Gro\u00dfeinkauf.<\/li>\n<\/ul>\n<\/div>\n\n\n\n<div class=\"wp-block-column is-layout-flow wp-block-column-is-layout-flow\">\n<figure class=\"wp-block-image size-full\"><img fetchpriority=\"high\" decoding=\"async\" width=\"725\" height=\"861\" src=\"https:\/\/www.ceramicbasin.com\/wp-content\/uploads\/2024\/07\/rectangle-custom-vessel-sink-top-counter-basin-for-bathroom-5.webp\" alt=\"rechteckiges-benutzerdefiniertes-waschtischbecken-f\u00fcr-badezimmer-5\" class=\"wp-image-3162\" srcset=\"https:\/\/www.ceramicbasin.com\/wp-content\/uploads\/2024\/07\/rectangle-custom-vessel-sink-top-counter-basin-for-bathroom-5.webp 725w, https:\/\/www.ceramicbasin.com\/wp-content\/uploads\/2024\/07\/rectangle-custom-vessel-sink-top-counter-basin-for-bathroom-5-253x300.webp 253w, https:\/\/www.ceramicbasin.com\/wp-content\/uploads\/2024\/07\/rectangle-custom-vessel-sink-top-counter-basin-for-bathroom-5-10x12.webp 10w, https:\/\/www.ceramicbasin.com\/wp-content\/uploads\/2024\/07\/rectangle-custom-vessel-sink-top-counter-basin-for-bathroom-5-285x338.webp 285w, https:\/\/www.ceramicbasin.com\/wp-content\/uploads\/2024\/07\/rectangle-custom-vessel-sink-top-counter-basin-for-bathroom-5-556x660.webp 556w, https:\/\/www.ceramicbasin.com\/wp-content\/uploads\/2024\/07\/rectangle-custom-vessel-sink-top-counter-basin-for-bathroom-5-126x150.webp 126w\" sizes=\"(max-width: 725px) 100vw, 725px\" \/><\/figure>\n<\/div>\n<\/div>","protected":false},"excerpt":{"rendered":"<p>Dieses gro\u00dfe rechteckige Aufsatzbecken ist langlebig und sch\u00f6n, perfekt geeignet f\u00fcr verschiedene Badezimmerstile und wird zu einem sehr g\u00fcnstigen Preis angeboten. Es ist nicht nur praktisch, sondern kann auch die Gesamtnote und den Komfort des Badezimmers verbessern. Es ist geeignet f\u00fcr Haus und High-End-Hotels.<\/p>\n<table style=\"border-collapse: collapse; width: 311.02pt;\" border=\"0\" width=\"311\" cellspacing=\"0\" cellpadding=\"0\">\n<tbody>\n<tr style=\"height: 17.60pt;\">\n<td class=\"et3\" style=\"height: 17.60pt; width: 108.35pt;\" width=\"108\" height=\"17\">Hersteller<\/td>\n<td class=\"et3\" style=\"width: 202.95pt;\" width=\"202\">HanYu<\/td>\n<\/tr>\n<tr style=\"height: 17.60pt;\">\n<td class=\"et3\" style=\"height: 17.60pt;\" height=\"17\">Modell Nr.<\/td>\n<td class=\"et4\">HY-401<\/td>\n<\/tr>\n<tr style=\"height: 17.60pt;\">\n<td class=\"et3\" style=\"height: 17.60pt;\" height=\"17\">Typ<\/td>\n<td class=\"et3\">CounterTop-Becken<\/td>\n<\/tr>\n<tr style=\"height: 17.60pt;\">\n<td class=\"et3\" style=\"height: 17.60pt;\" height=\"17\">Form<\/td>\n<td class=\"et3\">Rechteckige Form<\/td>\n<\/tr>\n<tr style=\"height: 17.60pt;\">\n<td class=\"et4\" style=\"height: 17.60pt;\" height=\"17\">Farbe<\/td>\n<td class=\"et3\">Wei\u00df<\/td>\n<\/tr>\n<tr style=\"height: 18.00pt;\">\n<td class=\"et3\" style=\"height: 18.00pt;\" height=\"18\">Dimension<\/td>\n<td class=\"et5\" style=\"width: 202.95pt;\" width=\"202\">47.5*37.5*13<\/td>\n<\/tr>\n<tr style=\"height: 17.60pt;\">\n<td class=\"et3\" style=\"height: 17.60pt;\" height=\"17\">N.W \/SET<\/td>\n<td class=\"et3\">12KG\/PCS<\/td>\n<\/tr>\n<tr style=\"height: 17.60pt;\">\n<td class=\"et3\" style=\"height: 17.60pt;\" height=\"17\">MOQ<\/td>\n<td class=\"et3\">20St\u00fcck<\/td>\n<\/tr>\n<tr style=\"height: 17.60pt;\">\n<td class=\"et3\" style=\"height: 17.60pt;\" height=\"17\">Benutzerdefinierte Option<\/td>\n<td class=\"et3\">Farbe\/Muster\/Gr\u00f6\u00dfe\/Logo\/Verpackung<\/td>\n<\/tr>\n<\/tbody>\n<\/table>","protected":false},"featured_media":3158,"comment_status":"closed","ping_status":"closed","template":"","meta":{"_acf_changed":false},"product_brand":[],"product_cat":[50],"product_tag":[],"class_list":{"0":"post-3147","1":"product","2":"type-product","3":"status-publish","4":"has-post-thumbnail","6":"product_cat-wholesale-countertop-sinks","8":"first","9":"instock","10":"shipping-taxable","11":"product-type-simple"},"acf":[],"_links":{"self":[{"href":"https:\/\/www.ceramicbasin.com\/de\/wp-json\/wp\/v2\/product\/3147","targetHints":{"allow":["GET"]}}],"collection":[{"href":"https:\/\/www.ceramicbasin.com\/de\/wp-json\/wp\/v2\/product"}],"about":[{"href":"https:\/\/www.ceramicbasin.com\/de\/wp-json\/wp\/v2\/types\/product"}],"replies":[{"embeddable":true,"href":"https:\/\/www.ceramicbasin.com\/de\/wp-json\/wp\/v2\/comments?post=3147"}],"wp:featuredmedia":[{"embeddable":true,"href":"https:\/\/www.ceramicbasin.com\/de\/wp-json\/wp\/v2\/media\/3158"}],"wp:attachment":[{"href":"https:\/\/www.ceramicbasin.com\/de\/wp-json\/wp\/v2\/media?parent=3147"}],"wp:term":[{"taxonomy":"product_brand","embeddable":true,"href":"https:\/\/www.ceramicbasin.com\/de\/wp-json\/wp\/v2\/product_brand?post=3147"},{"taxonomy":"product_cat","embeddable":true,"href":"https:\/\/www.ceramicbasin.com\/de\/wp-json\/wp\/v2\/product_cat?post=3147"},{"taxonomy":"product_tag","embeddable":true,"href":"https:\/\/www.ceramicbasin.com\/de\/wp-json\/wp\/v2\/product_tag?post=3147"}],"curies":[{"name":"wp","href":"https:\/\/api.w.org\/{rel}","templated":true}]}}