{"id":3164,"date":"2024-07-12T08:57:56","date_gmt":"2024-07-12T08:57:56","guid":{"rendered":"https:\/\/www.ceramicbasin.com\/?post_type=product&#038;p=3164"},"modified":"2024-07-23T09:45:29","modified_gmt":"2024-07-23T09:45:29","slug":"custom-bathroom-countertop-sink","status":"publish","type":"product","link":"https:\/\/www.ceramicbasin.com\/de\/produkt\/custom-bathroom-countertop-sink\/","title":{"rendered":"Premium benutzerdefinierte Bad Arbeitsplatte Waschbecken mit Factory Direct Price"},"content":{"rendered":"<div class=\"wp-block-columns is-layout-flex wp-container-core-columns-is-layout-9d6595d7 wp-block-columns-is-layout-flex\">\n<div class=\"wp-block-column is-layout-flow wp-block-column-is-layout-flow\">\n<h2 class=\"wp-block-heading\">Premium Custom Bathroom Countertop Sink Features:<\/h2>\n\n\n\n<ul class=\"wp-block-list\">\n<li><strong>Klassisches rechteckiges Design: <\/strong>Dieses ma\u00dfgeschneiderte Waschbecken hat ein klassisches rechteckiges Design mit einfachen und eleganten Linien und einer klassischen, vielseitigen Form, die sich f\u00fcr verschiedene Badezimmerstile eignet und dem Badezimmer ein modernes und elegantes Temperament verleiht.<\/li>\n\n\n\n<li><strong>Hochwertiges Material:<\/strong> Hergestellt aus hochwertigen keramischen Materialien, gebrannt bei hoher Temperatur, stellen Sie sicher, dass unsere benutzerdefinierte Bad Arbeitsplatte Waschbecken ist robust, langlebig, schmutzabweisend und kratzfest. Die glatte Oberfl\u00e4che ist nicht nur leicht zu reinigen, sondern h\u00e4lt auch sch\u00f6n und hell f\u00fcr eine lange Zeit, das Hinzuf\u00fcgen eines High-End-Temperament zum Bad.<\/li>\n\n\n\n<li><strong>Umweltfreundlich und gesund: <\/strong>Durch die Einf\u00fchrung einer umweltfreundlichen Produktionstechnologie enth\u00e4lt es keine sch\u00e4dlichen Substanzen, um sicherzustellen, dass das Produkt f\u00fcr den menschlichen K\u00f6rper unsch\u00e4dlich ist. Wir konzentrieren uns auf nachhaltige Entwicklung, sind verpflichtet, die Auswirkungen der Produktion auf die Umwelt zu reduzieren, und bieten Ihnen gr\u00fcner Gro\u00dfhandel Bad Waschbecken.<\/li>\n\n\n\n<li><strong>Professionelle Anpassung<\/strong>: Hanyu bietet eine Vielzahl von Anpassungsm\u00f6glichkeiten f\u00fcr benutzerdefinierte Bad Waschbecken. Ob es Farbe, Form oder Textur ist, kann es Ihre Bed\u00fcrfnisse zu erf\u00fcllen und bieten Ihnen mehr wettbewerbsf\u00e4hige Gro\u00dfhandel Keramik Waschbecken Produkte.<\/li>\n<\/ul>\n<\/div>\n\n\n\n<div class=\"wp-block-column is-layout-flow wp-block-column-is-layout-flow\">\n<figure class=\"wp-block-image size-full\"><img fetchpriority=\"high\" decoding=\"async\" width=\"651\" height=\"945\" src=\"https:\/\/www.ceramicbasin.com\/wp-content\/uploads\/2024\/07\/premium-custom-bathroom-countertop-sink-with-factory-price-6.webp\" alt=\"Premium-Badezimmer-Aufsatzwaschbecken-mit-Faktor-Preis-6\" class=\"wp-image-3170\" srcset=\"https:\/\/www.ceramicbasin.com\/wp-content\/uploads\/2024\/07\/premium-custom-bathroom-countertop-sink-with-factory-price-6.webp 651w, https:\/\/www.ceramicbasin.com\/wp-content\/uploads\/2024\/07\/premium-custom-bathroom-countertop-sink-with-factory-price-6-207x300.webp 207w, https:\/\/www.ceramicbasin.com\/wp-content\/uploads\/2024\/07\/premium-custom-bathroom-countertop-sink-with-factory-price-6-8x12.webp 8w, https:\/\/www.ceramicbasin.com\/wp-content\/uploads\/2024\/07\/premium-custom-bathroom-countertop-sink-with-factory-price-6-285x414.webp 285w, https:\/\/www.ceramicbasin.com\/wp-content\/uploads\/2024\/07\/premium-custom-bathroom-countertop-sink-with-factory-price-6-455x660.webp 455w, https:\/\/www.ceramicbasin.com\/wp-content\/uploads\/2024\/07\/premium-custom-bathroom-countertop-sink-with-factory-price-6-103x150.webp 103w\" sizes=\"(max-width: 651px) 100vw, 651px\" \/><\/figure>\n<\/div>\n<\/div>","protected":false},"excerpt":{"rendered":"<p>HanYu's benutzerdefinierte Badezimmer Waschbecken mit klassischen quadratischen Design ist aus hochwertigem keramischen Material, das mehr langlebig und sch\u00f6n ist. Wir bieten sehr wettbewerbsf\u00e4hige Preise, um Ihre Bed\u00fcrfnisse f\u00fcr den Kauf von Waschbecken zu erf\u00fcllen.<\/p>\n<table style=\"border-collapse: collapse; width: 311.02pt;\" border=\"0\" width=\"311\" cellspacing=\"0\" cellpadding=\"0\">\n<tbody>\n<tr style=\"height: 17.60pt;\">\n<td class=\"et3\" style=\"height: 17.60pt; width: 108.35pt;\" width=\"108\" height=\"17\">Hersteller<\/td>\n<td class=\"et3\" style=\"width: 202.95pt;\" width=\"202\">HanYu<\/td>\n<\/tr>\n<tr style=\"height: 17.60pt;\">\n<td class=\"et3\" style=\"height: 17.60pt;\" height=\"17\">Modell Nr.<\/td>\n<td class=\"et4\">HY-482<\/td>\n<\/tr>\n<tr style=\"height: 17.60pt;\">\n<td class=\"et3\" style=\"height: 17.60pt;\" height=\"17\">Typ<\/td>\n<td class=\"et3\">CounterTop-Becken<\/td>\n<\/tr>\n<tr style=\"height: 17.60pt;\">\n<td class=\"et3\" style=\"height: 17.60pt;\" height=\"17\">Form<\/td>\n<td class=\"et3\">Rechteckige Form<\/td>\n<\/tr>\n<tr style=\"height: 17.60pt;\">\n<td class=\"et4\" style=\"height: 17.60pt;\" height=\"17\">Farbe<\/td>\n<td class=\"et3\">Wei\u00df<\/td>\n<\/tr>\n<tr style=\"height: 18.00pt;\">\n<td class=\"et3\" style=\"height: 18.00pt;\" height=\"18\">Dimension<\/td>\n<td class=\"et5\" style=\"width: 202.95pt;\" width=\"202\">58*45*16<\/td>\n<\/tr>\n<tr style=\"height: 17.60pt;\">\n<td class=\"et3\" style=\"height: 17.60pt;\" height=\"17\">N.W \/SET<\/td>\n<td class=\"et3\">20KGS\/PCS<\/td>\n<\/tr>\n<tr style=\"height: 17.60pt;\">\n<td class=\"et3\" style=\"height: 17.60pt;\" height=\"17\">MOQ<\/td>\n<td class=\"et3\">20St\u00fcck<\/td>\n<\/tr>\n<tr style=\"height: 17.60pt;\">\n<td class=\"et3\" style=\"height: 17.60pt;\" height=\"17\">Benutzerdefinierte Option<\/td>\n<td class=\"et3\">Farbe\/Muster\/Gr\u00f6\u00dfe\/Logo\/Verpackung<\/td>\n<\/tr>\n<\/tbody>\n<\/table>","protected":false},"featured_media":3165,"comment_status":"closed","ping_status":"closed","template":"","meta":{"_acf_changed":false},"product_brand":[],"product_cat":[50],"product_tag":[],"class_list":{"0":"post-3164","1":"product","2":"type-product","3":"status-publish","4":"has-post-thumbnail","6":"product_cat-wholesale-countertop-sinks","8":"first","9":"instock","10":"shipping-taxable","11":"product-type-simple"},"acf":[],"_links":{"self":[{"href":"https:\/\/www.ceramicbasin.com\/de\/wp-json\/wp\/v2\/product\/3164","targetHints":{"allow":["GET"]}}],"collection":[{"href":"https:\/\/www.ceramicbasin.com\/de\/wp-json\/wp\/v2\/product"}],"about":[{"href":"https:\/\/www.ceramicbasin.com\/de\/wp-json\/wp\/v2\/types\/product"}],"replies":[{"embeddable":true,"href":"https:\/\/www.ceramicbasin.com\/de\/wp-json\/wp\/v2\/comments?post=3164"}],"wp:featuredmedia":[{"embeddable":true,"href":"https:\/\/www.ceramicbasin.com\/de\/wp-json\/wp\/v2\/media\/3165"}],"wp:attachment":[{"href":"https:\/\/www.ceramicbasin.com\/de\/wp-json\/wp\/v2\/media?parent=3164"}],"wp:term":[{"taxonomy":"product_brand","embeddable":true,"href":"https:\/\/www.ceramicbasin.com\/de\/wp-json\/wp\/v2\/product_brand?post=3164"},{"taxonomy":"product_cat","embeddable":true,"href":"https:\/\/www.ceramicbasin.com\/de\/wp-json\/wp\/v2\/product_cat?post=3164"},{"taxonomy":"product_tag","embeddable":true,"href":"https:\/\/www.ceramicbasin.com\/de\/wp-json\/wp\/v2\/product_tag?post=3164"}],"curies":[{"name":"wp","href":"https:\/\/api.w.org\/{rel}","templated":true}]}}