{"id":3173,"date":"2024-07-12T09:28:48","date_gmt":"2024-07-12T09:28:48","guid":{"rendered":"https:\/\/www.ceramicbasin.com\/?post_type=product&#038;p=3173"},"modified":"2024-11-15T06:26:38","modified_gmt":"2024-11-15T06:26:38","slug":"vessel-sink-wholesale-above-counter","status":"publish","type":"product","link":"https:\/\/www.ceramicbasin.com\/de\/produkt\/vessel-sink-wholesale-above-counter\/","title":{"rendered":"Neuer Stil keramische Gef\u00e4\u00df Waschbecken Gro\u00dfhandel \u00fcber Z\u00e4hler Bad Becken"},"content":{"rendered":"<div class=\"wp-block-columns is-layout-flex wp-container-core-columns-is-layout-9d6595d7 wp-block-columns-is-layout-flex\">\n<div class=\"wp-block-column is-layout-flow wp-block-column-is-layout-flow\">\n<h2 class=\"wp-block-heading\">Premium Gef\u00e4\u00df Waschbecken Gro\u00dfhandel Merkmale:<\/h2>\n\n\n\n<ul class=\"wp-block-list\">\n<li><strong>Innovatives Design: <\/strong>Dieses Keramik-Waschbecken im Gro\u00dfhandel mit glattem Randdesign vereint moderne Kunst und Zweckm\u00e4\u00dfigkeit in einem und bringt einen unvergleichlichen visuellen Effekt ins Badezimmer.<\/li>\n\n\n\n<li><strong>Langlebigkeit mit St\u00e4rke:<\/strong> ist aus hochwertigem keramischem Material hergestellt und bei hohen Temperaturen gebrannt, was das Produkt stark, dauerhaft, flecken- und kratzfest macht. Die glatte Oberfl\u00e4che ist nicht nur leicht zu reinigen, sondern beh\u00e4lt auch lange Zeit ihre Sch\u00f6nheit und Helligkeit.<\/li>\n\n\n\n<li><strong>Einfache Installation: <\/strong>Dieses Gef\u00e4\u00df Waschbecken Gro\u00dfhandel ist aus keramischem Material hergestellt, auf der Arbeitsplatte platziert. Installation selbst ist ziemlich einfach und bequem ohne komplizierte Installation. Es passt in die meisten Standard-Badeschr\u00e4nke. Dieses Becken ist platzsparend, die Hierarchie und Mode zu Ihrem Badezimmer hinzuf\u00fcgt.<\/li>\n\n\n\n<li><strong>Konkurrenzf\u00e4higer Preis: <\/strong>Als f\u00fchrender Hersteller von Waschbecken bietet Ihnen Hanyu qualitativ hochwertige Gro\u00dfhandelsprodukte f\u00fcr Waschbecken zu den wettbewerbsf\u00e4higsten Preisen, um Ihre Gewinnspanne zu erh\u00f6hen.<\/li>\n<\/ul>\n<\/div>\n\n\n\n<div class=\"wp-block-column is-layout-flow wp-block-column-is-layout-flow\">\n<figure class=\"wp-block-image size-full\"><img fetchpriority=\"high\" decoding=\"async\" width=\"673\" height=\"899\" src=\"https:\/\/www.ceramicbasin.com\/wp-content\/uploads\/2024\/07\/new-style-ceramic-vessel-sink-wholesale-above-counter-6.webp\" alt=\"new-style-Keramik-Sp\u00fclbecken-Gro\u00dfhandel-\u00fcber-Theke-6\" class=\"wp-image-3179\" srcset=\"https:\/\/www.ceramicbasin.com\/wp-content\/uploads\/2024\/07\/new-style-ceramic-vessel-sink-wholesale-above-counter-6.webp 673w, https:\/\/www.ceramicbasin.com\/wp-content\/uploads\/2024\/07\/new-style-ceramic-vessel-sink-wholesale-above-counter-6-225x300.webp 225w, https:\/\/www.ceramicbasin.com\/wp-content\/uploads\/2024\/07\/new-style-ceramic-vessel-sink-wholesale-above-counter-6-9x12.webp 9w, https:\/\/www.ceramicbasin.com\/wp-content\/uploads\/2024\/07\/new-style-ceramic-vessel-sink-wholesale-above-counter-6-285x381.webp 285w, https:\/\/www.ceramicbasin.com\/wp-content\/uploads\/2024\/07\/new-style-ceramic-vessel-sink-wholesale-above-counter-6-494x660.webp 494w, https:\/\/www.ceramicbasin.com\/wp-content\/uploads\/2024\/07\/new-style-ceramic-vessel-sink-wholesale-above-counter-6-112x150.webp 112w\" sizes=\"(max-width: 673px) 100vw, 673px\" \/><\/figure>\n<\/div>\n<\/div>","protected":false},"excerpt":{"rendered":"<p>Willkommen im Gro\u00dfhandel Bad Waschbecken zu kaufen. Hanyu bietet neues Design Keramik Gef\u00e4\u00df Waschbecken Gro\u00dfhandel mit wettbewerbsf\u00e4higen Preisen. Dieser Gro\u00dfhandel Keramik Gef\u00e4\u00df Waschbecken, aus hochwertigen keramischen Materialien, ist langlebig und sch\u00f6n, und w\u00fcrde f\u00fcr viele Arten von Bad-Stil passen. Es kann die Modernit\u00e4t und Praktikabilit\u00e4t des Badezimmers zu erh\u00f6hen.<\/p>\n<table style=\"border-collapse: collapse; width: 311.02pt;\" border=\"0\" width=\"311\" cellspacing=\"0\" cellpadding=\"0\">\n<tbody>\n<tr style=\"height: 17.60pt;\">\n<td class=\"et3\" style=\"height: 17.60pt; width: 108.35pt;\" width=\"108\" height=\"17\">Hersteller<\/td>\n<td class=\"et3\" style=\"width: 202.95pt;\" width=\"202\">HanYu<\/td>\n<\/tr>\n<tr style=\"height: 17.60pt;\">\n<td class=\"et3\" style=\"height: 17.60pt;\" height=\"17\">Modell Nr.<\/td>\n<td class=\"et4\">HY-8024<\/td>\n<\/tr>\n<tr style=\"height: 17.60pt;\">\n<td class=\"et3\" style=\"height: 17.60pt;\" height=\"17\">Typ<\/td>\n<td class=\"et3\">CounterTop-Becken<\/td>\n<\/tr>\n<tr style=\"height: 17.60pt;\">\n<td class=\"et3\" style=\"height: 17.60pt;\" height=\"17\">Form<\/td>\n<td class=\"et3\">Rechteckige Form<\/td>\n<\/tr>\n<tr style=\"height: 17.60pt;\">\n<td class=\"et4\" style=\"height: 17.60pt;\" height=\"17\">Farbe<\/td>\n<td class=\"et3\">Wei\u00df<\/td>\n<\/tr>\n<tr style=\"height: 18.00pt;\">\n<td class=\"et3\" style=\"height: 18.00pt;\" height=\"18\">Dimension<\/td>\n<td class=\"et5\" style=\"width: 202.95pt;\" width=\"202\">50*38.5*13<\/td>\n<\/tr>\n<tr style=\"height: 17.60pt;\">\n<td class=\"et3\" style=\"height: 17.60pt;\" height=\"17\">N.W \/SET<\/td>\n<td class=\"et3\">11KGS\/PCS<\/td>\n<\/tr>\n<tr style=\"height: 17.60pt;\">\n<td class=\"et3\" style=\"height: 17.60pt;\" height=\"17\">MOQ<\/td>\n<td class=\"et3\">20St\u00fcck<\/td>\n<\/tr>\n<tr style=\"height: 17.60pt;\">\n<td class=\"et3\" style=\"height: 17.60pt;\" height=\"17\">Benutzerdefinierte Option<\/td>\n<td class=\"et3\">Farbe\/Muster\/Gr\u00f6\u00dfe\/Logo\/Verpackung-<\/td>\n<\/tr>\n<\/tbody>\n<\/table>","protected":false},"featured_media":3174,"comment_status":"closed","ping_status":"closed","template":"","meta":{"_acf_changed":false},"product_brand":[],"product_cat":[50],"product_tag":[],"class_list":{"0":"post-3173","1":"product","2":"type-product","3":"status-publish","4":"has-post-thumbnail","6":"product_cat-wholesale-countertop-sinks","8":"first","9":"instock","10":"shipping-taxable","11":"product-type-simple"},"acf":[],"_links":{"self":[{"href":"https:\/\/www.ceramicbasin.com\/de\/wp-json\/wp\/v2\/product\/3173","targetHints":{"allow":["GET"]}}],"collection":[{"href":"https:\/\/www.ceramicbasin.com\/de\/wp-json\/wp\/v2\/product"}],"about":[{"href":"https:\/\/www.ceramicbasin.com\/de\/wp-json\/wp\/v2\/types\/product"}],"replies":[{"embeddable":true,"href":"https:\/\/www.ceramicbasin.com\/de\/wp-json\/wp\/v2\/comments?post=3173"}],"wp:featuredmedia":[{"embeddable":true,"href":"https:\/\/www.ceramicbasin.com\/de\/wp-json\/wp\/v2\/media\/3174"}],"wp:attachment":[{"href":"https:\/\/www.ceramicbasin.com\/de\/wp-json\/wp\/v2\/media?parent=3173"}],"wp:term":[{"taxonomy":"product_brand","embeddable":true,"href":"https:\/\/www.ceramicbasin.com\/de\/wp-json\/wp\/v2\/product_brand?post=3173"},{"taxonomy":"product_cat","embeddable":true,"href":"https:\/\/www.ceramicbasin.com\/de\/wp-json\/wp\/v2\/product_cat?post=3173"},{"taxonomy":"product_tag","embeddable":true,"href":"https:\/\/www.ceramicbasin.com\/de\/wp-json\/wp\/v2\/product_tag?post=3173"}],"curies":[{"name":"wp","href":"https:\/\/api.w.org\/{rel}","templated":true}]}}