{"id":3180,"date":"2024-07-12T09:54:33","date_gmt":"2024-07-12T09:54:33","guid":{"rendered":"https:\/\/www.ceramicbasin.com\/?post_type=product&#038;p=3180"},"modified":"2024-07-23T09:45:22","modified_gmt":"2024-07-23T09:45:22","slug":"new-above-counter-basins-wholesale","status":"publish","type":"product","link":"https:\/\/www.ceramicbasin.com\/de\/produkt\/new-above-counter-basins-wholesale\/","title":{"rendered":"New Style Above Counter Becken Gro\u00dfhandel mit Fabrikpreis"},"content":{"rendered":"<div class=\"wp-block-columns is-layout-flex wp-container-core-columns-is-layout-9d6595d7 wp-block-columns-is-layout-flex\">\n<div class=\"wp-block-column is-layout-flow wp-block-column-is-layout-flow\">\n<h2 class=\"wp-block-heading\">Premium \u00fcber Z\u00e4hler Waschbecken Gro\u00dfhandel Merkmale:<\/h2>\n\n\n\n<ul class=\"wp-block-list\">\n<li><strong>Modisches Design:<\/strong> Dieses Aufsatzbecken im Gro\u00dfhandel ist sch\u00f6n und nimmt ein neues modisches Design an, das moderne \u00c4sthetik mit praktischen Funktionen kombiniert, um dem Badezimmer einen einzigartigen visuellen Effekt zu verleihen.<\/li>\n\n\n\n<li><strong>Sorgf\u00e4ltig ausgew\u00e4hlte Materialien: <\/strong>HanYu Fabrik w\u00e4hlt sorgf\u00e4ltig hochwertige keramische Materialien, um sicherzustellen, dass das Produkt langlebig, schmutzabweisend und kratzfest ist. Die oben Z\u00e4hler Waschbecken Gro\u00dfhandel hat eine glatte Glasur, die leicht zu reinigen ist und kann seine Sch\u00f6nheit und Helligkeit f\u00fcr eine lange Zeit zu halten.<\/li>\n\n\n\n<li><strong>Installation \u00fcber der Theke: <\/strong>Dieses Gro\u00dfhandelswaschbecken ist f\u00fcr die Installation \u00fcber der Theke vorgesehen. Die Installation ist einfach und bequem und kann an die meisten Standard-Badeschr\u00e4nke angepasst werden.<\/li>\n\n\n\n<li><strong>Kosteneinsparungen:<\/strong> HanYu Keramikbecken Fabrik liefert direkt Gro\u00dfhandel Bad Waschbecken zu Ihnen, und unsere wettbewerbsf\u00e4higen Preisen kann Ihr Unternehmen helfen, Gewinnspannen zu erh\u00f6hen.<\/li>\n<\/ul>\n<\/div>\n\n\n\n<div class=\"wp-block-column is-layout-flow wp-block-column-is-layout-flow\">\n<figure class=\"wp-block-image size-full\"><img fetchpriority=\"high\" decoding=\"async\" width=\"659\" height=\"831\" src=\"https:\/\/www.ceramicbasin.com\/wp-content\/uploads\/2024\/07\/new-style-above-counter-basins-wholesale-with-factory-price-6.webp\" alt=\"new-style-\u00fcber-Theke-Becken-Gro\u00dfhandel-mit-Faktor-Preis-6\" class=\"wp-image-3186\" srcset=\"https:\/\/www.ceramicbasin.com\/wp-content\/uploads\/2024\/07\/new-style-above-counter-basins-wholesale-with-factory-price-6.webp 659w, https:\/\/www.ceramicbasin.com\/wp-content\/uploads\/2024\/07\/new-style-above-counter-basins-wholesale-with-factory-price-6-238x300.webp 238w, https:\/\/www.ceramicbasin.com\/wp-content\/uploads\/2024\/07\/new-style-above-counter-basins-wholesale-with-factory-price-6-10x12.webp 10w, https:\/\/www.ceramicbasin.com\/wp-content\/uploads\/2024\/07\/new-style-above-counter-basins-wholesale-with-factory-price-6-285x359.webp 285w, https:\/\/www.ceramicbasin.com\/wp-content\/uploads\/2024\/07\/new-style-above-counter-basins-wholesale-with-factory-price-6-523x660.webp 523w, https:\/\/www.ceramicbasin.com\/wp-content\/uploads\/2024\/07\/new-style-above-counter-basins-wholesale-with-factory-price-6-119x150.webp 119w\" sizes=\"(max-width: 659px) 100vw, 659px\" \/><\/figure>\n<\/div>\n<\/div>","protected":false},"excerpt":{"rendered":"<p>Diese stilvolle und innovative Design der \u00fcber der Theke Waschbecken Gro\u00dfhandel zu wettbewerbsf\u00e4higen Preisen. Hergestellt aus hochwertigen keramischen Materialien, ist es sowohl sch\u00f6n und langlebig, einfach und effizient zu installieren, und geeignet f\u00fcr verschiedene Badstile. Durch Fabrik direkten Gro\u00dfhandel, bieten wir sehr wettbewerbsf\u00e4hige Preise, um Ihr Gesch\u00e4ft zu erh\u00f6hen Gewinnspannen zu helfen.<\/p>\n<table style=\"border-collapse: collapse; width: 311.02pt;\" border=\"0\" width=\"311\" cellspacing=\"0\" cellpadding=\"0\">\n<tbody>\n<tr style=\"height: 17.60pt;\">\n<td class=\"et3\" style=\"height: 17.60pt; width: 108.35pt;\" width=\"108\" height=\"17\">Hersteller<\/td>\n<td class=\"et3\" style=\"width: 202.95pt;\" width=\"202\">HanYu<\/td>\n<\/tr>\n<tr style=\"height: 17.60pt;\">\n<td class=\"et3\" style=\"height: 17.60pt;\" height=\"17\">Modell Nr.<\/td>\n<td class=\"et4\">HY-8025<\/td>\n<\/tr>\n<tr style=\"height: 17.60pt;\">\n<td class=\"et3\" style=\"height: 17.60pt;\" height=\"17\">Typ<\/td>\n<td class=\"et3\">CounterTop-Becken<\/td>\n<\/tr>\n<tr style=\"height: 17.60pt;\">\n<td class=\"et3\" style=\"height: 17.60pt;\" height=\"17\">Form<\/td>\n<td class=\"et3\">Rechteckige Form<\/td>\n<\/tr>\n<tr style=\"height: 17.60pt;\">\n<td class=\"et4\" style=\"height: 17.60pt;\" height=\"17\">Farbe<\/td>\n<td class=\"et3\">Wei\u00df<\/td>\n<\/tr>\n<tr style=\"height: 18.00pt;\">\n<td class=\"et3\" style=\"height: 18.00pt;\" height=\"18\">Dimension<\/td>\n<td class=\"et5\" style=\"width: 202.95pt;\" width=\"202\">38.5*38.5*13.5<\/td>\n<\/tr>\n<tr style=\"height: 17.60pt;\">\n<td class=\"et3\" style=\"height: 17.60pt;\" height=\"17\">N.W \/SET<\/td>\n<td class=\"et3\">9.5KGS\/PCS<\/td>\n<\/tr>\n<tr style=\"height: 17.60pt;\">\n<td class=\"et3\" style=\"height: 17.60pt;\" height=\"17\">MOQ<\/td>\n<td class=\"et3\">20St\u00fcck<\/td>\n<\/tr>\n<tr style=\"height: 17.60pt;\">\n<td class=\"et3\" style=\"height: 17.60pt;\" height=\"17\">Benutzerdefinierte Option<\/td>\n<td class=\"et3\">Farbe\/Muster\/Gr\u00f6\u00dfe\/Logo\/Verpackung<\/td>\n<\/tr>\n<\/tbody>\n<\/table>","protected":false},"featured_media":3181,"comment_status":"closed","ping_status":"closed","template":"","meta":{"_acf_changed":false},"product_brand":[],"product_cat":[50],"product_tag":[],"class_list":{"0":"post-3180","1":"product","2":"type-product","3":"status-publish","4":"has-post-thumbnail","6":"product_cat-wholesale-countertop-sinks","8":"first","9":"instock","10":"shipping-taxable","11":"product-type-simple"},"acf":[],"_links":{"self":[{"href":"https:\/\/www.ceramicbasin.com\/de\/wp-json\/wp\/v2\/product\/3180","targetHints":{"allow":["GET"]}}],"collection":[{"href":"https:\/\/www.ceramicbasin.com\/de\/wp-json\/wp\/v2\/product"}],"about":[{"href":"https:\/\/www.ceramicbasin.com\/de\/wp-json\/wp\/v2\/types\/product"}],"replies":[{"embeddable":true,"href":"https:\/\/www.ceramicbasin.com\/de\/wp-json\/wp\/v2\/comments?post=3180"}],"wp:featuredmedia":[{"embeddable":true,"href":"https:\/\/www.ceramicbasin.com\/de\/wp-json\/wp\/v2\/media\/3181"}],"wp:attachment":[{"href":"https:\/\/www.ceramicbasin.com\/de\/wp-json\/wp\/v2\/media?parent=3180"}],"wp:term":[{"taxonomy":"product_brand","embeddable":true,"href":"https:\/\/www.ceramicbasin.com\/de\/wp-json\/wp\/v2\/product_brand?post=3180"},{"taxonomy":"product_cat","embeddable":true,"href":"https:\/\/www.ceramicbasin.com\/de\/wp-json\/wp\/v2\/product_cat?post=3180"},{"taxonomy":"product_tag","embeddable":true,"href":"https:\/\/www.ceramicbasin.com\/de\/wp-json\/wp\/v2\/product_tag?post=3180"}],"curies":[{"name":"wp","href":"https:\/\/api.w.org\/{rel}","templated":true}]}}