{"id":3205,"date":"2024-07-13T01:36:01","date_gmt":"2024-07-13T01:36:01","guid":{"rendered":"https:\/\/www.ceramicbasin.com\/?post_type=product&#038;p=3205"},"modified":"2024-11-01T09:18:21","modified_gmt":"2024-11-01T09:18:21","slug":"custom-bathroom-countertop-sinks-bulk","status":"publish","type":"product","link":"https:\/\/www.ceramicbasin.com\/de\/produkt\/custom-bathroom-countertop-sinks-bulk\/","title":{"rendered":"China Factory benutzerdefinierte Badezimmer Arbeitsplatte Waschbecken In Bulk"},"content":{"rendered":"<div class=\"wp-block-columns is-layout-flex wp-container-core-columns-is-layout-9d6595d7 wp-block-columns-is-layout-flex\">\n<div class=\"wp-block-column is-layout-flow wp-block-column-is-layout-flow\">\n<h2 class=\"wp-block-heading\">Premium Custom Bathroom Countertop Sinks Eigenschaften:<\/h2>\n\n\n\n<ul class=\"wp-block-list\">\n<li><strong>Perfektes Design:<\/strong> Unsere ma\u00dfgefertigten Waschbecken f\u00fcr Badezimmer in gro\u00dfen Mengen verwenden traditionelle Brenntechniken und kombinieren moderne Designkonzepte, um einen \u00e4sthetischen Effekt zu erzielen, der sowohl klassisch als auch modisch ist.<\/li>\n\n\n\n<li><strong>Weich und zart:<\/strong> Unsere Waschbecken f\u00fcr den Gro\u00dfhandel haben eine glatte und empfindliche Oberfl\u00e4che, die leicht zu reinigen ist und den Abnutzungserscheinungen und Flecken des t\u00e4glichen Gebrauchs standh\u00e4lt, so dass sie lange Zeit wie neu aussehen.<\/li>\n\n\n\n<li><strong>Ma\u00dfgeschneiderte L\u00f6sungen: <\/strong>Wir bieten ma\u00dfgeschneiderte Waschbecken f\u00fcr Badezimmer an und entwerfen die Form, Gr\u00f6\u00dfe und Farbe des Waschbeckens nach den spezifischen Bed\u00fcrfnissen der Kunden. Egal, ob Sie einen einfachen Stil oder einen Retro-Charme anstreben, wir k\u00f6nnen es erf\u00fcllen.<\/li>\n\n\n\n<li><strong>Schnelle Lieferung: <\/strong>Die HanYu-Fabrik verf\u00fcgt \u00fcber ein umfangreiches Inventar. Mit Gro\u00dfbestellungen k\u00f6nnen Sie nicht nur Kosten sparen, sondern auch eine schnelle Lieferung sicherstellen, um die Anforderungen an die P\u00fcnktlichkeit von kommerziellen Projekten oder Wohnungsrenovierungen zu erf\u00fcllen.<\/li>\n<\/ul>\n<\/div>\n\n\n\n<div class=\"wp-block-column is-layout-flow wp-block-column-is-layout-flow\">\n<figure class=\"wp-block-image size-full\"><img fetchpriority=\"high\" decoding=\"async\" width=\"751\" height=\"859\" src=\"https:\/\/www.ceramicbasin.com\/wp-content\/uploads\/2024\/07\/china-factory-custom-bathroom-countertop-sinks-in-bulk-6.webp\" alt=\"china-factory-massgeschneiderte-badezimmer-waschbecken-im-bulk-6\" class=\"wp-image-3211\" srcset=\"https:\/\/www.ceramicbasin.com\/wp-content\/uploads\/2024\/07\/china-factory-custom-bathroom-countertop-sinks-in-bulk-6.webp 751w, https:\/\/www.ceramicbasin.com\/wp-content\/uploads\/2024\/07\/china-factory-custom-bathroom-countertop-sinks-in-bulk-6-262x300.webp 262w, https:\/\/www.ceramicbasin.com\/wp-content\/uploads\/2024\/07\/china-factory-custom-bathroom-countertop-sinks-in-bulk-6-10x12.webp 10w, https:\/\/www.ceramicbasin.com\/wp-content\/uploads\/2024\/07\/china-factory-custom-bathroom-countertop-sinks-in-bulk-6-285x326.webp 285w, https:\/\/www.ceramicbasin.com\/wp-content\/uploads\/2024\/07\/china-factory-custom-bathroom-countertop-sinks-in-bulk-6-577x660.webp 577w, https:\/\/www.ceramicbasin.com\/wp-content\/uploads\/2024\/07\/china-factory-custom-bathroom-countertop-sinks-in-bulk-6-131x150.webp 131w\" sizes=\"(max-width: 751px) 100vw, 751px\" \/><\/figure>\n<\/div>\n<\/div>","protected":false},"excerpt":{"rendered":"<p>Willkommen im Gro\u00dfhandel Waschbecken zu kaufen. Unsere benutzerdefinierten Badezimmer Waschbecken in loser Sch\u00fcttung sind aus hochwertiger Keramik gefertigt und kombinieren traditionelle Handwerkskunst mit modernem Design. Sie sind sch\u00f6n, langlebig und leicht zu reinigen. Wir bieten g\u00fcnstige Preise und schnelle Lieferung, um sicherzustellen, erf\u00fcllen die Aktualit\u00e4t Bed\u00fcrfnisse der kommerziellen Projekten oder Wohn-Renovierungen.<\/p>\n<table style=\"border-collapse: collapse; width: 311.02pt;\" border=\"0\" width=\"311\" cellspacing=\"0\" cellpadding=\"0\">\n<tbody>\n<tr style=\"height: 17.60pt;\">\n<td class=\"et3\" style=\"height: 17.60pt; width: 108.35pt;\" width=\"108\" height=\"17\">Hersteller<\/td>\n<td class=\"et3\" style=\"width: 202.95pt;\" width=\"202\">HanYu<\/td>\n<\/tr>\n<tr style=\"height: 17.60pt;\">\n<td class=\"et3\" style=\"height: 17.60pt;\" height=\"17\">Modell Nr.<\/td>\n<td class=\"et4\">HY-8030<\/td>\n<\/tr>\n<tr style=\"height: 17.60pt;\">\n<td class=\"et3\" style=\"height: 17.60pt;\" height=\"17\">Typ<\/td>\n<td class=\"et3\">CounterTop-Becken<\/td>\n<\/tr>\n<tr style=\"height: 17.60pt;\">\n<td class=\"et3\" style=\"height: 17.60pt;\" height=\"17\">Form<\/td>\n<td class=\"et3\">Rechteckige Form<\/td>\n<\/tr>\n<tr style=\"height: 17.60pt;\">\n<td class=\"et4\" style=\"height: 17.60pt;\" height=\"17\">Farbe<\/td>\n<td class=\"et3\">Wei\u00df<\/td>\n<\/tr>\n<tr style=\"height: 18.00pt;\">\n<td class=\"et3\" style=\"height: 18.00pt;\" height=\"18\">Dimension<\/td>\n<td class=\"et5\" style=\"width: 202.95pt;\" width=\"202\">60.5*35*11<\/td>\n<\/tr>\n<tr style=\"height: 17.60pt;\">\n<td class=\"et3\" style=\"height: 17.60pt;\" height=\"17\">N.W \/SET<\/td>\n<td class=\"et3\">10KGS\/PCS<\/td>\n<\/tr>\n<tr style=\"height: 17.60pt;\">\n<td class=\"et3\" style=\"height: 17.60pt;\" height=\"17\">MOQ<\/td>\n<td class=\"et3\">20St\u00fcck<\/td>\n<\/tr>\n<tr style=\"height: 17.60pt;\">\n<td class=\"et3\" style=\"height: 17.60pt;\" height=\"17\">Benutzerdefinierte Option<\/td>\n<td class=\"et3\">Farbe\/Muster\/Gr\u00f6\u00dfe\/Logo\/Verpackung<\/td>\n<\/tr>\n<\/tbody>\n<\/table>","protected":false},"featured_media":3206,"comment_status":"closed","ping_status":"closed","template":"","meta":{"_acf_changed":false},"product_brand":[],"product_cat":[50],"product_tag":[],"class_list":{"0":"post-3205","1":"product","2":"type-product","3":"status-publish","4":"has-post-thumbnail","6":"product_cat-wholesale-countertop-sinks","8":"first","9":"instock","10":"shipping-taxable","11":"product-type-simple"},"acf":[],"_links":{"self":[{"href":"https:\/\/www.ceramicbasin.com\/de\/wp-json\/wp\/v2\/product\/3205","targetHints":{"allow":["GET"]}}],"collection":[{"href":"https:\/\/www.ceramicbasin.com\/de\/wp-json\/wp\/v2\/product"}],"about":[{"href":"https:\/\/www.ceramicbasin.com\/de\/wp-json\/wp\/v2\/types\/product"}],"replies":[{"embeddable":true,"href":"https:\/\/www.ceramicbasin.com\/de\/wp-json\/wp\/v2\/comments?post=3205"}],"wp:featuredmedia":[{"embeddable":true,"href":"https:\/\/www.ceramicbasin.com\/de\/wp-json\/wp\/v2\/media\/3206"}],"wp:attachment":[{"href":"https:\/\/www.ceramicbasin.com\/de\/wp-json\/wp\/v2\/media?parent=3205"}],"wp:term":[{"taxonomy":"product_brand","embeddable":true,"href":"https:\/\/www.ceramicbasin.com\/de\/wp-json\/wp\/v2\/product_brand?post=3205"},{"taxonomy":"product_cat","embeddable":true,"href":"https:\/\/www.ceramicbasin.com\/de\/wp-json\/wp\/v2\/product_cat?post=3205"},{"taxonomy":"product_tag","embeddable":true,"href":"https:\/\/www.ceramicbasin.com\/de\/wp-json\/wp\/v2\/product_tag?post=3205"}],"curies":[{"name":"wp","href":"https:\/\/api.w.org\/{rel}","templated":true}]}}