{"id":3212,"date":"2024-07-13T02:18:16","date_gmt":"2024-07-13T02:18:16","guid":{"rendered":"https:\/\/www.ceramicbasin.com\/?post_type=product&#038;p=3212"},"modified":"2024-07-23T09:44:21","modified_gmt":"2024-07-23T09:44:21","slug":"custom-bathroom-sink-countertop","status":"publish","type":"product","link":"https:\/\/www.ceramicbasin.com\/de\/produkt\/custom-bathroom-sink-countertop\/","title":{"rendered":"Exquisite Custom Badezimmer Waschbecken Arbeitsplatte mit modernem Design"},"content":{"rendered":"<div class=\"wp-block-columns is-layout-flex wp-container-core-columns-is-layout-9d6595d7 wp-block-columns-is-layout-flex\">\n<div class=\"wp-block-column is-layout-flow wp-block-column-is-layout-flow\">\n<h2 class=\"wp-block-heading\">Premium Custom Bathroom Sink Countertop Features:<\/h2>\n\n\n\n<ul class=\"wp-block-list\">\n<li><strong>Modernes Design:<\/strong> Unsere ma\u00dfgefertigten Waschtischplatten f\u00fcr Badezimmer zeichnen sich durch ein modernes Design aus, das glatte Linien mit einer praktischen \u00c4sthetik verbindet und perfekt zu jedem modernen Einrichtungsstil passt.<\/li>\n\n\n\n<li><strong>Hochwertige Materialien: <\/strong>Hergestellt aus hochwertigen keramischen Materialien und mit Pr\u00e4zision gefertigt, sind unsere ma\u00dfgefertigten Waschbeckenplatten nicht nur sch\u00f6n, sondern auch langlebig.<\/li>\n\n\n\n<li><strong>Hochgradig anpassbar: <\/strong>Wir bieten ma\u00dfgeschneiderte Dienstleistungen f\u00fcr Waschbecken, von Form und Gr\u00f6\u00dfe bis hin zu Farbe und Material, alles kann an Ihre Bed\u00fcrfnisse angepasst werden.<\/li>\n\n\n\n<li><strong>Schneller und effizienter Service: <\/strong>Mit unserer hochmodernen Keramikbeckenfabrik und unserer effizienten Teamarbeit k\u00f6nnen wir schnell auf Ihre Auftr\u00e4ge reagieren und sicherstellen, dass jeder Schritt vom Entwurf bis zur Auslieferung reibungslos und nahtlos verl\u00e4uft.<\/li>\n<\/ul>\n<\/div>\n\n\n\n<div class=\"wp-block-column is-layout-flow wp-block-column-is-layout-flow\">\n<figure class=\"wp-block-image size-full\"><img fetchpriority=\"high\" decoding=\"async\" width=\"717\" height=\"905\" src=\"https:\/\/www.ceramicbasin.com\/wp-content\/uploads\/2024\/07\/exquisite-custom-bathroom-sink-countertop-with-modern-design-6.webp\" alt=\"Exquisite-Sonderanfertigung-Badezimmer-Sp\u00fclbecken-Arbeitsplatte-mit-modernem-Design-6\" class=\"wp-image-3218\" srcset=\"https:\/\/www.ceramicbasin.com\/wp-content\/uploads\/2024\/07\/exquisite-custom-bathroom-sink-countertop-with-modern-design-6.webp 717w, https:\/\/www.ceramicbasin.com\/wp-content\/uploads\/2024\/07\/exquisite-custom-bathroom-sink-countertop-with-modern-design-6-238x300.webp 238w, https:\/\/www.ceramicbasin.com\/wp-content\/uploads\/2024\/07\/exquisite-custom-bathroom-sink-countertop-with-modern-design-6-10x12.webp 10w, https:\/\/www.ceramicbasin.com\/wp-content\/uploads\/2024\/07\/exquisite-custom-bathroom-sink-countertop-with-modern-design-6-285x360.webp 285w, https:\/\/www.ceramicbasin.com\/wp-content\/uploads\/2024\/07\/exquisite-custom-bathroom-sink-countertop-with-modern-design-6-523x660.webp 523w, https:\/\/www.ceramicbasin.com\/wp-content\/uploads\/2024\/07\/exquisite-custom-bathroom-sink-countertop-with-modern-design-6-119x150.webp 119w\" sizes=\"(max-width: 717px) 100vw, 717px\" \/><\/figure>\n<\/div>\n<\/div>","protected":false},"excerpt":{"rendered":"<p>Unsere ma\u00dfgefertigten Waschbecken sind aus hochwertigen Materialien und exquisiter Handwerkskunst gefertigt, die sowohl sch\u00f6n als auch langlebig sind. Mit innovativem, modernem Design, das glatte Linien und praktische \u00c4sthetik kombiniert, liegen sie voll im Trend und passen perfekt zu allen Einrichtungsstilen.<\/p>\n<table style=\"border-collapse: collapse; width: 311.02pt;\" border=\"0\" width=\"311\" cellspacing=\"0\" cellpadding=\"0\">\n<tbody>\n<tr style=\"height: 17.60pt;\">\n<td class=\"et3\" style=\"height: 17.60pt; width: 108.35pt;\" width=\"108\" height=\"17\">Hersteller<\/td>\n<td class=\"et3\" style=\"width: 202.95pt;\" width=\"202\">HanYu<\/td>\n<\/tr>\n<tr style=\"height: 17.60pt;\">\n<td class=\"et3\" style=\"height: 17.60pt;\" height=\"17\">Modell Nr.<\/td>\n<td class=\"et4\">HY-8034<\/td>\n<\/tr>\n<tr style=\"height: 17.60pt;\">\n<td class=\"et3\" style=\"height: 17.60pt;\" height=\"17\">Typ<\/td>\n<td class=\"et3\">CounterTop-Becken<\/td>\n<\/tr>\n<tr style=\"height: 17.60pt;\">\n<td class=\"et3\" style=\"height: 17.60pt;\" height=\"17\">Form<\/td>\n<td class=\"et3\">Rechteckige Form<\/td>\n<\/tr>\n<tr style=\"height: 17.60pt;\">\n<td class=\"et4\" style=\"height: 17.60pt;\" height=\"17\">Farbe<\/td>\n<td class=\"et3\">Wei\u00df<\/td>\n<\/tr>\n<tr style=\"height: 18.00pt;\">\n<td class=\"et3\" style=\"height: 18.00pt;\" height=\"18\">Dimension<\/td>\n<td class=\"et5\" style=\"width: 202.95pt;\" width=\"202\">60*42*13<\/td>\n<\/tr>\n<tr style=\"height: 17.60pt;\">\n<td class=\"et3\" style=\"height: 17.60pt;\" height=\"17\">N.W \/SET<\/td>\n<td class=\"et3\">18KGS\/PCS<\/td>\n<\/tr>\n<tr style=\"height: 17.60pt;\">\n<td class=\"et3\" style=\"height: 17.60pt;\" height=\"17\">MOQ<\/td>\n<td class=\"et3\">20St\u00fcck<\/td>\n<\/tr>\n<tr style=\"height: 17.60pt;\">\n<td class=\"et3\" style=\"height: 17.60pt;\" height=\"17\">Benutzerdefinierte Option<\/td>\n<td class=\"et3\">Farbe\/Muster\/Gr\u00f6\u00dfe\/Logo\/Verpackung<\/td>\n<\/tr>\n<\/tbody>\n<\/table>","protected":false},"featured_media":3213,"comment_status":"closed","ping_status":"closed","template":"","meta":{"_acf_changed":false},"product_brand":[],"product_cat":[50],"product_tag":[],"class_list":{"0":"post-3212","1":"product","2":"type-product","3":"status-publish","4":"has-post-thumbnail","6":"product_cat-wholesale-countertop-sinks","8":"first","9":"instock","10":"shipping-taxable","11":"product-type-simple"},"acf":[],"_links":{"self":[{"href":"https:\/\/www.ceramicbasin.com\/de\/wp-json\/wp\/v2\/product\/3212","targetHints":{"allow":["GET"]}}],"collection":[{"href":"https:\/\/www.ceramicbasin.com\/de\/wp-json\/wp\/v2\/product"}],"about":[{"href":"https:\/\/www.ceramicbasin.com\/de\/wp-json\/wp\/v2\/types\/product"}],"replies":[{"embeddable":true,"href":"https:\/\/www.ceramicbasin.com\/de\/wp-json\/wp\/v2\/comments?post=3212"}],"wp:featuredmedia":[{"embeddable":true,"href":"https:\/\/www.ceramicbasin.com\/de\/wp-json\/wp\/v2\/media\/3213"}],"wp:attachment":[{"href":"https:\/\/www.ceramicbasin.com\/de\/wp-json\/wp\/v2\/media?parent=3212"}],"wp:term":[{"taxonomy":"product_brand","embeddable":true,"href":"https:\/\/www.ceramicbasin.com\/de\/wp-json\/wp\/v2\/product_brand?post=3212"},{"taxonomy":"product_cat","embeddable":true,"href":"https:\/\/www.ceramicbasin.com\/de\/wp-json\/wp\/v2\/product_cat?post=3212"},{"taxonomy":"product_tag","embeddable":true,"href":"https:\/\/www.ceramicbasin.com\/de\/wp-json\/wp\/v2\/product_tag?post=3212"}],"curies":[{"name":"wp","href":"https:\/\/api.w.org\/{rel}","templated":true}]}}