{"id":3233,"date":"2024-07-13T02:52:42","date_gmt":"2024-07-13T02:52:42","guid":{"rendered":"https:\/\/www.ceramicbasin.com\/?post_type=product&#038;p=3233"},"modified":"2024-07-23T09:44:11","modified_gmt":"2024-07-23T09:44:11","slug":"wholesale-porcelain-bathroom-sinks","status":"publish","type":"product","link":"https:\/\/www.ceramicbasin.com\/de\/produkt\/wholesale-porcelain-bathroom-sinks\/","title":{"rendered":"Premium Gro\u00dfhandel Porzellan Badezimmer Waschbecken auf Lager + bereit zu versenden"},"content":{"rendered":"<div class=\"wp-block-columns is-layout-flex wp-container-core-columns-is-layout-9d6595d7 wp-block-columns-is-layout-flex\">\n<div class=\"wp-block-column is-layout-flow wp-block-column-is-layout-flow\">\n<h2 class=\"wp-block-heading\">Premium Gro\u00dfhandel Porzellan Badezimmer Waschbecken Eigenschaften:<\/h2>\n\n\n\n<ul class=\"wp-block-list\">\n<li><strong>Hochwertige Qualit\u00e4t: <\/strong>Unsere Gro\u00dfhandelsporzellan Waschbecken sind aus hochwertigem Porzellan Ton, mit feiner Textur und Hochglanz, zeigt ausgezeichnete Qualit\u00e4t.<\/li>\n\n\n\n<li><strong>Leicht zu pflegen: <\/strong>Die Oberfl\u00e4che unserer Gro\u00dfhandels-Porzellan-Waschbecken ist glatt und nicht leicht zu verschmutzen. Die t\u00e4gliche Reinigung ist einfach und bequem, und es kann hell und neu nach langfristigen Gebrauch bleiben.<\/li>\n\n\n\n<li><strong>Schnelle Lieferung: <\/strong>Unsere Gro\u00dfhandels-Badewannen sind auf Lager, ohne dass Sie auf einen langen Produktionszyklus warten m\u00fcssen. Nach der Bestellung kann die Lieferung schnell veranlasst werden, was die Zeit f\u00fcr die Fertigstellung Ihres Projekts erheblich verk\u00fcrzt und dringende Bed\u00fcrfnisse erf\u00fcllt.<\/li>\n\n\n\n<li><strong>Rabatt bei Gro\u00dfeinkauf: <\/strong>HanYu bietet einen gro\u00dfen Vorrat an Keramikwaschbecken an, um Ihnen zu helfen, hochwertige Keramikwaschbecken f\u00fcr Badezimmer zu erhalten und gleichzeitig die Kosten zu kontrollieren, was f\u00fcr gro\u00dfe Dekorationsprojekte wie Hotels und Wohnungen geeignet ist.<\/li>\n<\/ul>\n<\/div>\n\n\n\n<div class=\"wp-block-column is-layout-flow wp-block-column-is-layout-flow\">\n<figure class=\"wp-block-image size-full\"><img fetchpriority=\"high\" decoding=\"async\" width=\"634\" height=\"855\" src=\"https:\/\/www.ceramicbasin.com\/wp-content\/uploads\/2024\/07\/wholesale-porcelain-bathroom-sinks-in-stock-ready-to-ship-6.webp\" alt=\"gro\u00dfhandel-porzellan-badezimmer-waschbecken-auf-lager-fertig-zum-versand-6\" class=\"wp-image-3243\" srcset=\"https:\/\/www.ceramicbasin.com\/wp-content\/uploads\/2024\/07\/wholesale-porcelain-bathroom-sinks-in-stock-ready-to-ship-6.webp 634w, https:\/\/www.ceramicbasin.com\/wp-content\/uploads\/2024\/07\/wholesale-porcelain-bathroom-sinks-in-stock-ready-to-ship-6-222x300.webp 222w, https:\/\/www.ceramicbasin.com\/wp-content\/uploads\/2024\/07\/wholesale-porcelain-bathroom-sinks-in-stock-ready-to-ship-6-9x12.webp 9w, https:\/\/www.ceramicbasin.com\/wp-content\/uploads\/2024\/07\/wholesale-porcelain-bathroom-sinks-in-stock-ready-to-ship-6-285x384.webp 285w, https:\/\/www.ceramicbasin.com\/wp-content\/uploads\/2024\/07\/wholesale-porcelain-bathroom-sinks-in-stock-ready-to-ship-6-489x660.webp 489w, https:\/\/www.ceramicbasin.com\/wp-content\/uploads\/2024\/07\/wholesale-porcelain-bathroom-sinks-in-stock-ready-to-ship-6-111x150.webp 111w\" sizes=\"(max-width: 634px) 100vw, 634px\" \/><\/figure>\n<\/div>\n<\/div>","protected":false},"excerpt":{"rendered":"<p>Unsere Porzellanwaschbecken f\u00fcr den Gro\u00dfhandel sind glatt und leicht zu reinigen. Sie sind von hoher Qualit\u00e4t und bleiben auch nach langem Gebrauch so hell wie neu. Sie sind ideal f\u00fcr die Dekoration von Badezimmern. Wir haben ausreichend Lagerbestand und k\u00f6nnen schnell liefern.<\/p>\n<table style=\"border-collapse: collapse; width: 311.02pt;\" border=\"0\" width=\"311\" cellspacing=\"0\" cellpadding=\"0\">\n<tbody>\n<tr style=\"height: 17.60pt;\">\n<td class=\"et3\" style=\"height: 17.60pt; width: 108.35pt;\" width=\"108\" height=\"17\">Hersteller<\/td>\n<td class=\"et3\" style=\"width: 202.95pt;\" width=\"202\">HanYu<\/td>\n<\/tr>\n<tr style=\"height: 17.60pt;\">\n<td class=\"et3\" style=\"height: 17.60pt;\" height=\"17\">Modell Nr.<\/td>\n<td class=\"et4\">HY-8064-55<\/td>\n<\/tr>\n<tr style=\"height: 17.60pt;\">\n<td class=\"et3\" style=\"height: 17.60pt;\" height=\"17\">Typ<\/td>\n<td class=\"et3\">CounterTop-Becken<\/td>\n<\/tr>\n<tr style=\"height: 17.60pt;\">\n<td class=\"et3\" style=\"height: 17.60pt;\" height=\"17\">Form<\/td>\n<td class=\"et3\">Rechteckige Form<\/td>\n<\/tr>\n<tr style=\"height: 17.60pt;\">\n<td class=\"et4\" style=\"height: 17.60pt;\" height=\"17\">Farbe<\/td>\n<td class=\"et3\">Wei\u00df<\/td>\n<\/tr>\n<tr style=\"height: 18.00pt;\">\n<td class=\"et3\" style=\"height: 18.00pt;\" height=\"18\">Dimension<\/td>\n<td class=\"et5\" style=\"width: 202.95pt;\" width=\"202\">55*38*11<\/td>\n<\/tr>\n<tr style=\"height: 17.60pt;\">\n<td class=\"et3\" style=\"height: 17.60pt;\" height=\"17\">N.W \/SET<\/td>\n<td class=\"et3\">12.5KGS\/PCS<\/td>\n<\/tr>\n<tr style=\"height: 17.60pt;\">\n<td class=\"et3\" style=\"height: 17.60pt;\" height=\"17\">MOQ<\/td>\n<td class=\"et3\">20St\u00fcck<\/td>\n<\/tr>\n<tr style=\"height: 17.60pt;\">\n<td class=\"et3\" style=\"height: 17.60pt;\" height=\"17\">Benutzerdefinierte Option<\/td>\n<td class=\"et3\">Farbe\/Muster\/Gr\u00f6\u00dfe\/Logo\/Verpackung<\/td>\n<\/tr>\n<\/tbody>\n<\/table>","protected":false},"featured_media":3238,"comment_status":"closed","ping_status":"closed","template":"","meta":{"_acf_changed":false},"product_brand":[],"product_cat":[50],"product_tag":[],"class_list":{"0":"post-3233","1":"product","2":"type-product","3":"status-publish","4":"has-post-thumbnail","6":"product_cat-wholesale-countertop-sinks","8":"first","9":"instock","10":"shipping-taxable","11":"product-type-simple"},"acf":[],"_links":{"self":[{"href":"https:\/\/www.ceramicbasin.com\/de\/wp-json\/wp\/v2\/product\/3233","targetHints":{"allow":["GET"]}}],"collection":[{"href":"https:\/\/www.ceramicbasin.com\/de\/wp-json\/wp\/v2\/product"}],"about":[{"href":"https:\/\/www.ceramicbasin.com\/de\/wp-json\/wp\/v2\/types\/product"}],"replies":[{"embeddable":true,"href":"https:\/\/www.ceramicbasin.com\/de\/wp-json\/wp\/v2\/comments?post=3233"}],"wp:featuredmedia":[{"embeddable":true,"href":"https:\/\/www.ceramicbasin.com\/de\/wp-json\/wp\/v2\/media\/3238"}],"wp:attachment":[{"href":"https:\/\/www.ceramicbasin.com\/de\/wp-json\/wp\/v2\/media?parent=3233"}],"wp:term":[{"taxonomy":"product_brand","embeddable":true,"href":"https:\/\/www.ceramicbasin.com\/de\/wp-json\/wp\/v2\/product_brand?post=3233"},{"taxonomy":"product_cat","embeddable":true,"href":"https:\/\/www.ceramicbasin.com\/de\/wp-json\/wp\/v2\/product_cat?post=3233"},{"taxonomy":"product_tag","embeddable":true,"href":"https:\/\/www.ceramicbasin.com\/de\/wp-json\/wp\/v2\/product_tag?post=3233"}],"curies":[{"name":"wp","href":"https:\/\/api.w.org\/{rel}","templated":true}]}}