{"id":3244,"date":"2024-07-13T03:12:56","date_gmt":"2024-07-13T03:12:56","guid":{"rendered":"https:\/\/www.ceramicbasin.com\/?post_type=product&#038;p=3244"},"modified":"2024-11-01T09:26:35","modified_gmt":"2024-11-01T09:26:35","slug":"luxury-wholesale-porcelain-sinks","status":"publish","type":"product","link":"https:\/\/www.ceramicbasin.com\/de\/produkt\/luxury-wholesale-porcelain-sinks\/","title":{"rendered":"Luxus Gro\u00dfhandel Porzellanwaschbecken f\u00fcr Badezimmer mit Bulk-Preis und schnelle Lieferung"},"content":{"rendered":"<div class=\"wp-block-columns is-layout-flex wp-container-core-columns-is-layout-9d6595d7 wp-block-columns-is-layout-flex\">\n<div class=\"wp-block-column is-layout-flow wp-block-column-is-layout-flow\">\n<h2 class=\"wp-block-heading\">Premium Gro\u00dfhandel Porzellan Waschbecken Merkmale:<\/h2>\n\n\n\n<ul class=\"wp-block-list\">\n<li><strong>Die Textur des Luxus: <\/strong>Diese hochwertigen, aus Ton gefertigten Porzellanwaschbecken f\u00fcr den Gro\u00dfhandel weisen einen zarten Glanz und eine feine Struktur auf, die dem Badezimmer einen Hauch von Noblesse und Eleganz verleihen.<\/li>\n\n\n\n<li><strong>Leicht zu reinigen, bequem zu warten: <\/strong>Unser Gro\u00dfhandel Porzellan Waschbecken Oberfl\u00e4che ist glatt, nicht leicht zu absorbieren keine Flecken. Es ist einfach und bequem f\u00fcr die t\u00e4gliche Wartung. Nach einer langen Zeit der Nutzung, bleibt es so gut wie neu.<\/li>\n\n\n\n<li><strong>Mengenrabatt: <\/strong>Als Lieferant von Keramiksp\u00fclen bietet HanYu einen gro\u00dfen Bestand an Keramiksp\u00fclen f\u00fcr den Gro\u00dfhandel. Bei Gro\u00dfeink\u00e4ufen k\u00f6nnen Sie von besonders g\u00fcnstigen Preisnachl\u00e4ssen profitieren und so sicherstellen, dass Sie in den Genuss von Spitzenprodukten kommen und gleichzeitig Ihr Budget nicht \u00fcberziehen.<\/li>\n\n\n\n<li><strong>Schnelle Lieferung: <\/strong>HanYu's Gro\u00dfhandel Keramik Waschbecken sind in ausreichender Menge auf Lager. Nach der Bestellung k\u00f6nnen sie schnell und ohne lange Wartezeiten geliefert werden, damit Ihr Dekorationsprojekt oder Ihr Gesch\u00e4ftsbedarf rechtzeitig erf\u00fcllt wird.<\/li>\n<\/ul>\n<\/div>\n\n\n\n<div class=\"wp-block-column is-layout-flow wp-block-column-is-layout-flow\">\n<figure class=\"wp-block-image size-full\"><img fetchpriority=\"high\" decoding=\"async\" width=\"1345\" height=\"1787\" src=\"https:\/\/www.ceramicbasin.com\/wp-content\/uploads\/2024\/07\/luxury-wholesale-porcelain-sinks-for-bathroom-fast-delivery-6.webp\" alt=\"luxus-grosshandel-porzellan-waschbecken-f\u00fcr-badezimmer-schnelle-lieferung-6\" class=\"wp-image-3250\" srcset=\"https:\/\/www.ceramicbasin.com\/wp-content\/uploads\/2024\/07\/luxury-wholesale-porcelain-sinks-for-bathroom-fast-delivery-6.webp 1345w, https:\/\/www.ceramicbasin.com\/wp-content\/uploads\/2024\/07\/luxury-wholesale-porcelain-sinks-for-bathroom-fast-delivery-6-226x300.webp 226w, https:\/\/www.ceramicbasin.com\/wp-content\/uploads\/2024\/07\/luxury-wholesale-porcelain-sinks-for-bathroom-fast-delivery-6-768x1020.webp 768w, https:\/\/www.ceramicbasin.com\/wp-content\/uploads\/2024\/07\/luxury-wholesale-porcelain-sinks-for-bathroom-fast-delivery-6-9x12.webp 9w, https:\/\/www.ceramicbasin.com\/wp-content\/uploads\/2024\/07\/luxury-wholesale-porcelain-sinks-for-bathroom-fast-delivery-6-285x379.webp 285w, https:\/\/www.ceramicbasin.com\/wp-content\/uploads\/2024\/07\/luxury-wholesale-porcelain-sinks-for-bathroom-fast-delivery-6-497x660.webp 497w, https:\/\/www.ceramicbasin.com\/wp-content\/uploads\/2024\/07\/luxury-wholesale-porcelain-sinks-for-bathroom-fast-delivery-6-113x150.webp 113w\" sizes=\"(max-width: 1345px) 100vw, 1345px\" \/><\/figure>\n<\/div>\n<\/div>","protected":false},"excerpt":{"rendered":"<p>Willkommen im Gro\u00dfhandel Keramiksp\u00fclen zu kaufen. Unsere Luxus-Gro\u00dfhandel Porzellanwaschbecken haben eine glatte Porzellanoberfl\u00e4che, sch\u00f6n und leicht zu reinigen, gro\u00dfe Rabatte f\u00fcr Gro\u00dfeink\u00e4ufe, und schnelle Lieferung Dienstleistungen. Wir bieten Kunden mit einem Bad Porzellan Waschbecken L\u00f6sung, die Luxus Textur mit Erschwinglichkeit kombiniert.<\/p>\n<table style=\"border-collapse: collapse; width: 311.02pt;\" border=\"0\" width=\"311\" cellspacing=\"0\" cellpadding=\"0\">\n<tbody>\n<tr style=\"height: 17.60pt;\">\n<td class=\"et3\" style=\"height: 17.60pt; width: 108.35pt;\" width=\"108\" height=\"17\">Hersteller<\/td>\n<td class=\"et3\" style=\"width: 202.95pt;\" width=\"202\">HanYu<\/td>\n<\/tr>\n<tr style=\"height: 17.60pt;\">\n<td class=\"et3\" style=\"height: 17.60pt;\" height=\"17\">Modell Nr.<\/td>\n<td class=\"et4\">HY-8105<\/td>\n<\/tr>\n<tr style=\"height: 17.60pt;\">\n<td class=\"et3\" style=\"height: 17.60pt;\" height=\"17\">Typ<\/td>\n<td class=\"et3\">CounterTop-Becken<\/td>\n<\/tr>\n<tr style=\"height: 17.60pt;\">\n<td class=\"et3\" style=\"height: 17.60pt;\" height=\"17\">Form<\/td>\n<td class=\"et3\">Rechteckige Form<\/td>\n<\/tr>\n<tr style=\"height: 17.60pt;\">\n<td class=\"et4\" style=\"height: 17.60pt;\" height=\"17\">Farbe<\/td>\n<td class=\"et3\">Wei\u00df<\/td>\n<\/tr>\n<tr style=\"height: 18.00pt;\">\n<td class=\"et3\" style=\"height: 18.00pt;\" height=\"18\">Dimension<\/td>\n<td class=\"et5\" style=\"width: 202.95pt;\" width=\"202\">61*35.5*12<\/td>\n<\/tr>\n<tr style=\"height: 17.60pt;\">\n<td class=\"et3\" style=\"height: 17.60pt;\" height=\"17\">N.W \/SET<\/td>\n<td class=\"et3\">12KGS\/PCS<\/td>\n<\/tr>\n<tr style=\"height: 17.60pt;\">\n<td class=\"et3\" style=\"height: 17.60pt;\" height=\"17\">MOQ<\/td>\n<td class=\"et3\">20St\u00fcck<\/td>\n<\/tr>\n<tr style=\"height: 17.60pt;\">\n<td class=\"et3\" style=\"height: 17.60pt;\" height=\"17\">Benutzerdefinierte Option<\/td>\n<td class=\"et3\">Farbe\/Muster\/Gr\u00f6\u00dfe\/Logo\/Verpackung<\/td>\n<\/tr>\n<\/tbody>\n<\/table>","protected":false},"featured_media":3245,"comment_status":"closed","ping_status":"closed","template":"","meta":{"_acf_changed":false},"product_brand":[],"product_cat":[50],"product_tag":[],"class_list":{"0":"post-3244","1":"product","2":"type-product","3":"status-publish","4":"has-post-thumbnail","6":"product_cat-wholesale-countertop-sinks","8":"first","9":"instock","10":"shipping-taxable","11":"product-type-simple"},"acf":[],"_links":{"self":[{"href":"https:\/\/www.ceramicbasin.com\/de\/wp-json\/wp\/v2\/product\/3244","targetHints":{"allow":["GET"]}}],"collection":[{"href":"https:\/\/www.ceramicbasin.com\/de\/wp-json\/wp\/v2\/product"}],"about":[{"href":"https:\/\/www.ceramicbasin.com\/de\/wp-json\/wp\/v2\/types\/product"}],"replies":[{"embeddable":true,"href":"https:\/\/www.ceramicbasin.com\/de\/wp-json\/wp\/v2\/comments?post=3244"}],"wp:featuredmedia":[{"embeddable":true,"href":"https:\/\/www.ceramicbasin.com\/de\/wp-json\/wp\/v2\/media\/3245"}],"wp:attachment":[{"href":"https:\/\/www.ceramicbasin.com\/de\/wp-json\/wp\/v2\/media?parent=3244"}],"wp:term":[{"taxonomy":"product_brand","embeddable":true,"href":"https:\/\/www.ceramicbasin.com\/de\/wp-json\/wp\/v2\/product_brand?post=3244"},{"taxonomy":"product_cat","embeddable":true,"href":"https:\/\/www.ceramicbasin.com\/de\/wp-json\/wp\/v2\/product_cat?post=3244"},{"taxonomy":"product_tag","embeddable":true,"href":"https:\/\/www.ceramicbasin.com\/de\/wp-json\/wp\/v2\/product_tag?post=3244"}],"curies":[{"name":"wp","href":"https:\/\/api.w.org\/{rel}","templated":true}]}}