{"id":3262,"date":"2024-07-13T03:31:18","date_gmt":"2024-07-13T03:31:18","guid":{"rendered":"https:\/\/www.ceramicbasin.com\/?post_type=product&#038;p=3262"},"modified":"2024-07-27T01:25:19","modified_gmt":"2024-07-27T01:25:19","slug":"bulk-buy-bathroom-sinks","status":"publish","type":"product","link":"https:\/\/www.ceramicbasin.com\/de\/produkt\/bulk-buy-bathroom-sinks\/","title":{"rendered":"Bulk Buy Badezimmer Waschbecken von HanYu Keramik Waschbecken Hersteller"},"content":{"rendered":"<div class=\"wp-block-columns is-layout-flex wp-container-core-columns-is-layout-9d6595d7 wp-block-columns-is-layout-flex\">\n<div class=\"wp-block-column is-layout-flow wp-block-column-is-layout-flow\">\n<h2 class=\"wp-block-heading\">Premium Bulk Buy Badezimmer Waschbecken Merkmale:<\/h2>\n\n\n\n<ul class=\"wp-block-list\">\n<li><strong>Direktverkauf ab Werk: <\/strong>HanYu Keramiksp\u00fclen werden direkt von der Fabrik verkauft, wodurch der Preisunterschied von Zwischenh\u00e4ndlern eliminiert wird, und der Gro\u00dfeinkauf von Badsp\u00fclen stellt sicher, dass Sie hochwertige Badsp\u00fclen in gro\u00dfen Mengen zu den niedrigsten Kosten kaufen.<\/li>\n\n\n\n<li><strong>Ausgezeichnete Handwerkskunst:<\/strong> Jedes Produkt wird sorgf\u00e4ltig entworfen, mit Hochdruck-Produktionstechnologie und strenger Qualit\u00e4tskontrolle, um sicherzustellen, dass das Waschbecken nicht nur sch\u00f6n aussieht, sondern auch langlebig und leicht zu reinigen ist.<\/li>\n\n\n\n<li><strong>Vielf\u00e4ltige Auswahl: <\/strong>HanYu bietet eine Vielzahl von Stilen, Gr\u00f6\u00dfen und Farben von Waschbecken zur Auswahl an, die den Bed\u00fcrfnissen verschiedener Badezimmerstile entsprechen und sich leicht in verschiedene Dekorationsentw\u00fcrfe integrieren lassen.<\/li>\n\n\n\n<li><strong>Schnelle Lieferf\u00e4higkeit: <\/strong>Mit einem starken Lager- und Logistiknetzwerk versprechen wir, schnell auf Gro\u00dfbestellungen von Waschbecken zu reagieren, eine p\u00fcnktliche Lieferung zu gew\u00e4hrleisten und Ihren Projektfortschritt zu unterst\u00fctzen.<\/li>\n<\/ul>\n<\/div>\n\n\n\n<div class=\"wp-block-column is-layout-flow wp-block-column-is-layout-flow\">\n<figure class=\"wp-block-image size-full\"><img fetchpriority=\"high\" decoding=\"async\" width=\"1345\" height=\"1787\" src=\"https:\/\/www.ceramicbasin.com\/wp-content\/uploads\/2024\/07\/bulk-buy-bathroom-sinks-from-hanyu-ceramic-sink-manufacturer-5.webp\" alt=\"bulk-buy-badezimmer-waschbecken-vom-hanyu-keramik-waschbecken-hersteller-5\" class=\"wp-image-3267\" srcset=\"https:\/\/www.ceramicbasin.com\/wp-content\/uploads\/2024\/07\/bulk-buy-bathroom-sinks-from-hanyu-ceramic-sink-manufacturer-5.webp 1345w, https:\/\/www.ceramicbasin.com\/wp-content\/uploads\/2024\/07\/bulk-buy-bathroom-sinks-from-hanyu-ceramic-sink-manufacturer-5-226x300.webp 226w, https:\/\/www.ceramicbasin.com\/wp-content\/uploads\/2024\/07\/bulk-buy-bathroom-sinks-from-hanyu-ceramic-sink-manufacturer-5-768x1020.webp 768w, https:\/\/www.ceramicbasin.com\/wp-content\/uploads\/2024\/07\/bulk-buy-bathroom-sinks-from-hanyu-ceramic-sink-manufacturer-5-9x12.webp 9w, https:\/\/www.ceramicbasin.com\/wp-content\/uploads\/2024\/07\/bulk-buy-bathroom-sinks-from-hanyu-ceramic-sink-manufacturer-5-285x379.webp 285w, https:\/\/www.ceramicbasin.com\/wp-content\/uploads\/2024\/07\/bulk-buy-bathroom-sinks-from-hanyu-ceramic-sink-manufacturer-5-497x660.webp 497w, https:\/\/www.ceramicbasin.com\/wp-content\/uploads\/2024\/07\/bulk-buy-bathroom-sinks-from-hanyu-ceramic-sink-manufacturer-5-113x150.webp 113w\" sizes=\"(max-width: 1345px) 100vw, 1345px\" \/><\/figure>\n<\/div>\n<\/div>","protected":false},"excerpt":{"rendered":"<p>Bulk kaufen Bad Waschbecken von HanYu, erhalten Sie die kosteng\u00fcnstigste Gro\u00dfhandel Bad Waschbecken. Wir erf\u00fcllen Ihre hohen Standards f\u00fcr Waschbecken mit exzellenter keramischer Handwerkskunst und diversifizierten Produktlinien. Die schnelle Lieferf\u00e4higkeit sorgt daf\u00fcr, dass Sie nicht lange warten m\u00fcssen und Ihr Projekt vorankommt.<\/p>\n<table style=\"border-collapse: collapse; width: 311.02pt;\" border=\"0\" width=\"311\" cellspacing=\"0\" cellpadding=\"0\">\n<tbody>\n<tr style=\"height: 17.60pt;\">\n<td class=\"et3\" style=\"height: 17.60pt; width: 108.35pt;\" width=\"108\" height=\"17\">Hersteller<\/td>\n<td class=\"et3\" style=\"width: 202.95pt;\" width=\"202\">HanYu<\/td>\n<\/tr>\n<tr style=\"height: 17.60pt;\">\n<td class=\"et3\" style=\"height: 17.60pt;\" height=\"17\">Modell Nr.<\/td>\n<td class=\"et4\">HY-8153<\/td>\n<\/tr>\n<tr style=\"height: 17.60pt;\">\n<td class=\"et3\" style=\"height: 17.60pt;\" height=\"17\">Typ<\/td>\n<td class=\"et3\">CounterTop-Becken<\/td>\n<\/tr>\n<tr style=\"height: 17.60pt;\">\n<td class=\"et3\" style=\"height: 17.60pt;\" height=\"17\">Form<\/td>\n<td class=\"et3\">Rechteckige Form<\/td>\n<\/tr>\n<tr style=\"height: 17.60pt;\">\n<td class=\"et4\" style=\"height: 17.60pt;\" height=\"17\">Farbe<\/td>\n<td class=\"et3\">Wei\u00df<\/td>\n<\/tr>\n<tr style=\"height: 18.00pt;\">\n<td class=\"et3\" style=\"height: 18.00pt;\" height=\"18\">Dimension<\/td>\n<td class=\"et5\" style=\"width: 202.95pt;\" width=\"202\">55*35*14<\/td>\n<\/tr>\n<tr style=\"height: 17.60pt;\">\n<td class=\"et3\" style=\"height: 17.60pt;\" height=\"17\">N.W \/SET<\/td>\n<td class=\"et3\">10KGS\/PCS<\/td>\n<\/tr>\n<tr style=\"height: 17.60pt;\">\n<td class=\"et3\" style=\"height: 17.60pt;\" height=\"17\">MOQ<\/td>\n<td class=\"et3\">20St\u00fcck<\/td>\n<\/tr>\n<tr style=\"height: 17.60pt;\">\n<td class=\"et3\" style=\"height: 17.60pt;\" height=\"17\">Benutzerdefinierte Option<\/td>\n<td class=\"et3\">Farbe\/Muster\/Gr\u00f6\u00dfe\/Logo\/Verpackung<\/td>\n<\/tr>\n<\/tbody>\n<\/table>","protected":false},"featured_media":3268,"comment_status":"closed","ping_status":"closed","template":"","meta":{"_acf_changed":false},"product_brand":[],"product_cat":[50],"product_tag":[],"class_list":{"0":"post-3262","1":"product","2":"type-product","3":"status-publish","4":"has-post-thumbnail","6":"product_cat-wholesale-countertop-sinks","8":"first","9":"instock","10":"shipping-taxable","11":"product-type-simple"},"acf":[],"_links":{"self":[{"href":"https:\/\/www.ceramicbasin.com\/de\/wp-json\/wp\/v2\/product\/3262","targetHints":{"allow":["GET"]}}],"collection":[{"href":"https:\/\/www.ceramicbasin.com\/de\/wp-json\/wp\/v2\/product"}],"about":[{"href":"https:\/\/www.ceramicbasin.com\/de\/wp-json\/wp\/v2\/types\/product"}],"replies":[{"embeddable":true,"href":"https:\/\/www.ceramicbasin.com\/de\/wp-json\/wp\/v2\/comments?post=3262"}],"wp:featuredmedia":[{"embeddable":true,"href":"https:\/\/www.ceramicbasin.com\/de\/wp-json\/wp\/v2\/media\/3268"}],"wp:attachment":[{"href":"https:\/\/www.ceramicbasin.com\/de\/wp-json\/wp\/v2\/media?parent=3262"}],"wp:term":[{"taxonomy":"product_brand","embeddable":true,"href":"https:\/\/www.ceramicbasin.com\/de\/wp-json\/wp\/v2\/product_brand?post=3262"},{"taxonomy":"product_cat","embeddable":true,"href":"https:\/\/www.ceramicbasin.com\/de\/wp-json\/wp\/v2\/product_cat?post=3262"},{"taxonomy":"product_tag","embeddable":true,"href":"https:\/\/www.ceramicbasin.com\/de\/wp-json\/wp\/v2\/product_tag?post=3262"}],"curies":[{"name":"wp","href":"https:\/\/api.w.org\/{rel}","templated":true}]}}