{"id":3275,"date":"2024-07-13T03:49:46","date_gmt":"2024-07-13T03:49:46","guid":{"rendered":"https:\/\/www.ceramicbasin.com\/?post_type=product&#038;p=3275"},"modified":"2024-11-09T07:09:57","modified_gmt":"2024-11-09T07:09:57","slug":"ceramic-basin-wholesale-top-counter","status":"publish","type":"product","link":"https:\/\/www.ceramicbasin.com\/de\/produkt\/ceramic-basin-wholesale-top-counter\/","title":{"rendered":"Hot Sales Keramikbecken Gro\u00dfhandel Top Counter Montagebecken"},"content":{"rendered":"<div class=\"wp-block-columns is-layout-flex wp-container-core-columns-is-layout-9d6595d7 wp-block-columns-is-layout-flex\">\n<div class=\"wp-block-column is-layout-flow wp-block-column-is-layout-flow\">\n<h2 class=\"wp-block-heading\">Premium-Keramik-Becken Gro\u00dfhandel Merkmale:<\/h2>\n\n\n\n<ul class=\"wp-block-list\">\n<li><strong>Hei\u00dfer Verkauf: <\/strong>Stark, langlebig, mit einheitlicher Farbe und einfache Reinigung und Wartung, erh\u00f6hen ihren Wert. Das ist, warum diese Keramik-Becken Gro\u00dfhandel hat an der Spitze des Marktes gewesen.<\/li>\n\n\n\n<li><strong>Hochwertiges Material:<\/strong> F\u00fcr die Herstellung dieses Gro\u00dfhandels-Keramikbeckens von HanYu wird hochwertiges keramisches Rohmaterial verwendet. Bei hohen Temperaturen gebrannt, weist die vollmundige Textur eine glatte Oberfl\u00e4che auf, die das Anhaften von Schmutz wirksam verhindern kann.<\/li>\n\n\n\n<li><strong>Oben montierte Ausf\u00fchrung:<\/strong> Dieses keramische Waschbecken im Gro\u00dfhandel verf\u00fcgt \u00fcber ein einzigartiges Aufsatzverfahren, das stabil und zuverl\u00e4ssig ist. Es spart Platz, entspricht dem modernen Gef\u00fchl im Badezimmer und passt sich an verschiedene Dekorationsstile an.<\/li>\n\n\n\n<li><strong>Gro\u00dfhandelsrabatt: <\/strong>Wir bieten eine Hot-Selling-Gro\u00dfhandel Rabatt f\u00fcr diese Gro\u00df-Keramik-Becken zu realisieren kommerzielle Projekt-Anforderung und gro\u00df angelegte Wohn-Dekoration.<\/li>\n<\/ul>\n<\/div>\n\n\n\n<div class=\"wp-block-column is-layout-flow wp-block-column-is-layout-flow\">\n<figure class=\"wp-block-image size-full\"><img fetchpriority=\"high\" decoding=\"async\" width=\"827\" height=\"1240\" src=\"https:\/\/www.ceramicbasin.com\/wp-content\/uploads\/2024\/07\/hot-sales-ceramic-basin-wholesale-top-counter-mounting-basin-6.webp\" alt=\"Hot Sales Keramikbecken Gro\u00dfhandel Top Counter Montagebecken-1\" class=\"wp-image-3284\" srcset=\"https:\/\/www.ceramicbasin.com\/wp-content\/uploads\/2024\/07\/hot-sales-ceramic-basin-wholesale-top-counter-mounting-basin-6.webp 827w, https:\/\/www.ceramicbasin.com\/wp-content\/uploads\/2024\/07\/hot-sales-ceramic-basin-wholesale-top-counter-mounting-basin-6-200x300.webp 200w, https:\/\/www.ceramicbasin.com\/wp-content\/uploads\/2024\/07\/hot-sales-ceramic-basin-wholesale-top-counter-mounting-basin-6-768x1152.webp 768w, https:\/\/www.ceramicbasin.com\/wp-content\/uploads\/2024\/07\/hot-sales-ceramic-basin-wholesale-top-counter-mounting-basin-6-8x12.webp 8w, https:\/\/www.ceramicbasin.com\/wp-content\/uploads\/2024\/07\/hot-sales-ceramic-basin-wholesale-top-counter-mounting-basin-6-285x427.webp 285w, https:\/\/www.ceramicbasin.com\/wp-content\/uploads\/2024\/07\/hot-sales-ceramic-basin-wholesale-top-counter-mounting-basin-6-440x660.webp 440w, https:\/\/www.ceramicbasin.com\/wp-content\/uploads\/2024\/07\/hot-sales-ceramic-basin-wholesale-top-counter-mounting-basin-6-100x150.webp 100w\" sizes=\"(max-width: 827px) 100vw, 827px\" \/><\/figure>\n<\/div>\n<\/div>","protected":false},"excerpt":{"rendered":"<p>Willkommen im Gro\u00dfhandel Keramik Waschbecken zu kaufen. Hervorragende Qualit\u00e4t und breite Marktanerkennung haben dieses Keramikbecken im Gro\u00dfhandel zur ersten Wahl sowohl f\u00fcr Familien als auch f\u00fcr gewerbliche Einrichtungen gemacht. Hochwertiges keramisches Material wird f\u00fcr den Hauptteil des Produkts verwendet, kombiniert mit exquisiter Handwerkskunst. Jedes Produkt ist von ausgezeichneter Haltbarkeit und Sch\u00f6nheit.<\/p>\n<table style=\"border-collapse: collapse; width: 311.02pt;\" border=\"0\" width=\"311\" cellspacing=\"0\" cellpadding=\"0\">\n<tbody>\n<tr style=\"height: 17.60pt;\">\n<td class=\"et3\" style=\"height: 17.60pt; width: 108.35pt;\" width=\"108\" height=\"17\">Hersteller<\/td>\n<td class=\"et3\" style=\"width: 202.95pt;\" width=\"202\">HanYu<\/td>\n<\/tr>\n<tr style=\"height: 17.60pt;\">\n<td class=\"et3\" style=\"height: 17.60pt;\" height=\"17\">Modell Nr.<\/td>\n<td class=\"et4\">HY-8175-60<\/td>\n<\/tr>\n<tr style=\"height: 17.60pt;\">\n<td class=\"et3\" style=\"height: 17.60pt;\" height=\"17\">Typ<\/td>\n<td class=\"et3\">CounterTop-Becken<\/td>\n<\/tr>\n<tr style=\"height: 17.60pt;\">\n<td class=\"et3\" style=\"height: 17.60pt;\" height=\"17\">Form<\/td>\n<td class=\"et3\">Rechteckige Form<\/td>\n<\/tr>\n<tr style=\"height: 17.60pt;\">\n<td class=\"et4\" style=\"height: 17.60pt;\" height=\"17\">Farbe<\/td>\n<td class=\"et3\">Wei\u00df<\/td>\n<\/tr>\n<tr style=\"height: 18.00pt;\">\n<td class=\"et3\" style=\"height: 18.00pt;\" height=\"18\">Dimension<\/td>\n<td class=\"et5\" style=\"width: 202.95pt;\" width=\"202\">60*45*16.5<\/td>\n<\/tr>\n<tr style=\"height: 17.60pt;\">\n<td class=\"et3\" style=\"height: 17.60pt;\" height=\"17\">N.W \/SET<\/td>\n<td class=\"et3\">21KGS\/PCS<\/td>\n<\/tr>\n<tr style=\"height: 17.60pt;\">\n<td class=\"et3\" style=\"height: 17.60pt;\" height=\"17\">MOQ<\/td>\n<td class=\"et3\">20St\u00fcck<\/td>\n<\/tr>\n<tr style=\"height: 17.60pt;\">\n<td class=\"et3\" style=\"height: 17.60pt;\" height=\"17\">Benutzerdefinierte Option<\/td>\n<td class=\"et3\">Farbe\/Muster\/Gr\u00f6\u00dfe\/Logo\/Verpackung<\/td>\n<\/tr>\n<\/tbody>\n<\/table>","protected":false},"featured_media":3279,"comment_status":"closed","ping_status":"closed","template":"","meta":{"_acf_changed":false},"product_brand":[],"product_cat":[50],"product_tag":[],"class_list":{"0":"post-3275","1":"product","2":"type-product","3":"status-publish","4":"has-post-thumbnail","6":"product_cat-wholesale-countertop-sinks","8":"first","9":"instock","10":"shipping-taxable","11":"product-type-simple"},"acf":[],"_links":{"self":[{"href":"https:\/\/www.ceramicbasin.com\/de\/wp-json\/wp\/v2\/product\/3275","targetHints":{"allow":["GET"]}}],"collection":[{"href":"https:\/\/www.ceramicbasin.com\/de\/wp-json\/wp\/v2\/product"}],"about":[{"href":"https:\/\/www.ceramicbasin.com\/de\/wp-json\/wp\/v2\/types\/product"}],"replies":[{"embeddable":true,"href":"https:\/\/www.ceramicbasin.com\/de\/wp-json\/wp\/v2\/comments?post=3275"}],"wp:featuredmedia":[{"embeddable":true,"href":"https:\/\/www.ceramicbasin.com\/de\/wp-json\/wp\/v2\/media\/3279"}],"wp:attachment":[{"href":"https:\/\/www.ceramicbasin.com\/de\/wp-json\/wp\/v2\/media?parent=3275"}],"wp:term":[{"taxonomy":"product_brand","embeddable":true,"href":"https:\/\/www.ceramicbasin.com\/de\/wp-json\/wp\/v2\/product_brand?post=3275"},{"taxonomy":"product_cat","embeddable":true,"href":"https:\/\/www.ceramicbasin.com\/de\/wp-json\/wp\/v2\/product_cat?post=3275"},{"taxonomy":"product_tag","embeddable":true,"href":"https:\/\/www.ceramicbasin.com\/de\/wp-json\/wp\/v2\/product_tag?post=3275"}],"curies":[{"name":"wp","href":"https:\/\/api.w.org\/{rel}","templated":true}]}}