{"id":3291,"date":"2024-07-13T04:02:22","date_gmt":"2024-07-13T04:02:22","guid":{"rendered":"https:\/\/www.ceramicbasin.com\/?post_type=product&#038;p=3291"},"modified":"2024-11-09T07:07:36","modified_gmt":"2024-11-09T07:07:36","slug":"wholesale-ceramic-basin-delicate","status":"publish","type":"product","link":"https:\/\/www.ceramicbasin.com\/de\/produkt\/wholesale-ceramic-basin-delicate\/","title":{"rendered":"Gro\u00dfhandel Keramikbecken Delicate Top Counter Montagebecken"},"content":{"rendered":"<div class=\"wp-block-columns is-layout-flex wp-container-core-columns-is-layout-9d6595d7 wp-block-columns-is-layout-flex\">\n<div class=\"wp-block-column is-layout-flow wp-block-column-is-layout-flow\">\n<h2 class=\"wp-block-heading\">Premium-Gro\u00dfhandel Keramik-Becken Merkmale:<\/h2>\n\n\n\n<ul class=\"wp-block-list\">\n<li><strong>Exquisites Design: <\/strong>Dieses Gro\u00dfhandels-Keramikbecken hat ein stromlinienf\u00f6rmiges Design mit einem runden Rand und einer glatten Linie, die einen hohen \u00e4sthetischen Wert garantiert und dem Badezimmer Raffinesse und Eleganz verleiht.<\/li>\n\n\n\n<li><strong>Hochwertige Keramik: <\/strong>Das ausgew\u00e4hlte hochwertige keramische Rohmaterial, das bei hoher Temperatur gesintert wird, macht unsere Gro\u00dfhandelskeramiksp\u00fcle solide in der Struktur, zart und glatt in der Oberfl\u00e4che, leicht zu reinigen und dauerhaft wie neu.<\/li>\n\n\n\n<li><strong>Obere Installationsart: <\/strong>Dieser Gro\u00dfhandel Keramik-Becken gilt f\u00fcr die Top-Installation Art und Weise, ist leicht zu installieren, und arbeitet stabil und zuverl\u00e4ssig. Es spart nicht nur Platz im Bad, sondern bringt auch Bequemlichkeit bei der t\u00e4glichen Wartung und Reinigung und verbessert die Benutzererfahrung.<\/li>\n\n\n\n<li><strong>Gro\u00dfhandelspreis mit Wettbewerbsf\u00e4higkeit: <\/strong>Als Hersteller von Waschbecken im Gro\u00dfhandel bietet HanYu einen sehr wettbewerbsf\u00e4higen Preis f\u00fcr Keramikwaschbecken im Gro\u00dfhandel, der es erm\u00f6glicht, ein qualitativ hochwertiges Keramikwaschbecken zu genie\u00dfen und gleichzeitig die Kosten unter Kontrolle zu halten.<\/li>\n<\/ul>\n<\/div>\n\n\n\n<div class=\"wp-block-column is-layout-flow wp-block-column-is-layout-flow\">\n<figure class=\"wp-block-image size-full\"><img fetchpriority=\"high\" decoding=\"async\" width=\"943\" height=\"1194\" src=\"https:\/\/www.ceramicbasin.com\/wp-content\/uploads\/2024\/07\/wholesale-ceramic-basin-delicate-top-counter-mounting-basin-6.webp\" alt=\"Gro\u00dfhandel Keramik Becken Delicate Top Z\u00e4hler Montage Becken-1\" class=\"wp-image-3297\" srcset=\"https:\/\/www.ceramicbasin.com\/wp-content\/uploads\/2024\/07\/wholesale-ceramic-basin-delicate-top-counter-mounting-basin-6.webp 943w, https:\/\/www.ceramicbasin.com\/wp-content\/uploads\/2024\/07\/wholesale-ceramic-basin-delicate-top-counter-mounting-basin-6-237x300.webp 237w, https:\/\/www.ceramicbasin.com\/wp-content\/uploads\/2024\/07\/wholesale-ceramic-basin-delicate-top-counter-mounting-basin-6-768x972.webp 768w, https:\/\/www.ceramicbasin.com\/wp-content\/uploads\/2024\/07\/wholesale-ceramic-basin-delicate-top-counter-mounting-basin-6-9x12.webp 9w, https:\/\/www.ceramicbasin.com\/wp-content\/uploads\/2024\/07\/wholesale-ceramic-basin-delicate-top-counter-mounting-basin-6-285x361.webp 285w, https:\/\/www.ceramicbasin.com\/wp-content\/uploads\/2024\/07\/wholesale-ceramic-basin-delicate-top-counter-mounting-basin-6-521x660.webp 521w, https:\/\/www.ceramicbasin.com\/wp-content\/uploads\/2024\/07\/wholesale-ceramic-basin-delicate-top-counter-mounting-basin-6-118x150.webp 118w\" sizes=\"(max-width: 943px) 100vw, 943px\" \/><\/figure>\n<\/div>\n<\/div>\n\n\n\n<p><\/p>","protected":false},"excerpt":{"rendered":"<p>Willkommen im Gro\u00dfhandel Waschbecken f\u00fcr B\u00e4der zu kaufen. Dieser Gro\u00dfhandel Keramikbecken ist mit ausgezeichnetem Design und hoher Qualit\u00e4t, um Ihre erste Wahl f\u00fcr Bad Dekoration sein. Das Erscheinungsbild Design der Stromlinie und die abgerundete Kantenbehandlung zeigen au\u00dfergew\u00f6hnliche k\u00fcnstlerische Sch\u00f6nheit. Bulk-Kauf wird besser Kosteneffizienz genie\u00dfen.<\/p>\n<table style=\"border-collapse: collapse; width: 311.02pt;\" border=\"0\" width=\"311\" cellspacing=\"0\" cellpadding=\"0\">\n<tbody>\n<tr style=\"height: 17.60pt;\">\n<td class=\"et3\" style=\"height: 17.60pt; width: 108.35pt;\" width=\"108\" height=\"17\">Hersteller<\/td>\n<td class=\"et3\" style=\"width: 202.95pt;\" width=\"202\">HanYu<\/td>\n<\/tr>\n<tr style=\"height: 17.60pt;\">\n<td class=\"et3\" style=\"height: 17.60pt;\" height=\"17\">Modell Nr.<\/td>\n<td class=\"et4\">HY-8193A<\/td>\n<\/tr>\n<tr style=\"height: 17.60pt;\">\n<td class=\"et3\" style=\"height: 17.60pt;\" height=\"17\">Typ<\/td>\n<td class=\"et3\">CounterTop-Becken<\/td>\n<\/tr>\n<tr style=\"height: 17.60pt;\">\n<td class=\"et3\" style=\"height: 17.60pt;\" height=\"17\">Form<\/td>\n<td class=\"et3\">Rechteckige Form<\/td>\n<\/tr>\n<tr style=\"height: 17.60pt;\">\n<td class=\"et4\" style=\"height: 17.60pt;\" height=\"17\">Farbe<\/td>\n<td class=\"et3\">Wei\u00df<\/td>\n<\/tr>\n<tr style=\"height: 18.00pt;\">\n<td class=\"et3\" style=\"height: 18.00pt;\" height=\"18\">Dimension<\/td>\n<td class=\"et5\" style=\"width: 202.95pt;\" width=\"202\">50.5*38*13.5<\/td>\n<\/tr>\n<tr style=\"height: 17.60pt;\">\n<td class=\"et3\" style=\"height: 17.60pt;\" height=\"17\">N.W \/SET<\/td>\n<td class=\"et3\">11.5KGS\/PCS<\/td>\n<\/tr>\n<tr style=\"height: 17.60pt;\">\n<td class=\"et3\" style=\"height: 17.60pt;\" height=\"17\">MOQ<\/td>\n<td class=\"et3\">20St\u00fcck<\/td>\n<\/tr>\n<tr style=\"height: 17.60pt;\">\n<td class=\"et3\" style=\"height: 17.60pt;\" height=\"17\">Benutzerdefinierte Option<\/td>\n<td class=\"et3\">Farbe\/Muster\/Gr\u00f6\u00dfe\/Logo\/Verpackung<\/td>\n<\/tr>\n<\/tbody>\n<\/table>","protected":false},"featured_media":3292,"comment_status":"closed","ping_status":"closed","template":"","meta":{"_acf_changed":false},"product_brand":[],"product_cat":[50],"product_tag":[],"class_list":{"0":"post-3291","1":"product","2":"type-product","3":"status-publish","4":"has-post-thumbnail","6":"product_cat-wholesale-countertop-sinks","8":"first","9":"instock","10":"shipping-taxable","11":"product-type-simple"},"acf":[],"_links":{"self":[{"href":"https:\/\/www.ceramicbasin.com\/de\/wp-json\/wp\/v2\/product\/3291","targetHints":{"allow":["GET"]}}],"collection":[{"href":"https:\/\/www.ceramicbasin.com\/de\/wp-json\/wp\/v2\/product"}],"about":[{"href":"https:\/\/www.ceramicbasin.com\/de\/wp-json\/wp\/v2\/types\/product"}],"replies":[{"embeddable":true,"href":"https:\/\/www.ceramicbasin.com\/de\/wp-json\/wp\/v2\/comments?post=3291"}],"wp:featuredmedia":[{"embeddable":true,"href":"https:\/\/www.ceramicbasin.com\/de\/wp-json\/wp\/v2\/media\/3292"}],"wp:attachment":[{"href":"https:\/\/www.ceramicbasin.com\/de\/wp-json\/wp\/v2\/media?parent=3291"}],"wp:term":[{"taxonomy":"product_brand","embeddable":true,"href":"https:\/\/www.ceramicbasin.com\/de\/wp-json\/wp\/v2\/product_brand?post=3291"},{"taxonomy":"product_cat","embeddable":true,"href":"https:\/\/www.ceramicbasin.com\/de\/wp-json\/wp\/v2\/product_cat?post=3291"},{"taxonomy":"product_tag","embeddable":true,"href":"https:\/\/www.ceramicbasin.com\/de\/wp-json\/wp\/v2\/product_tag?post=3291"}],"curies":[{"name":"wp","href":"https:\/\/api.w.org\/{rel}","templated":true}]}}