{"id":3308,"date":"2024-07-13T06:22:00","date_gmt":"2024-07-13T06:22:00","guid":{"rendered":"https:\/\/www.ceramicbasin.com\/?post_type=product&#038;p=3308"},"modified":"2024-11-02T01:34:50","modified_gmt":"2024-11-02T01:34:50","slug":"wall-hung-small-sinks-wholesale","status":"publish","type":"product","link":"https:\/\/www.ceramicbasin.com\/de\/produkt\/wall-hung-small-sinks-wholesale\/","title":{"rendered":"Rechteckige wandh\u00e4ngende kleine Waschbecken Gro\u00dfhandel f\u00fcr Badezimmer"},"content":{"rendered":"<div class=\"wp-block-columns is-layout-flex wp-container-core-columns-is-layout-9d6595d7 wp-block-columns-is-layout-flex\">\n<div class=\"wp-block-column is-layout-flow wp-block-column-is-layout-flow\">\n<h2 class=\"wp-block-heading\">Premium Small Sinks Wholesale Merkmale:<\/h2>\n\n\n\n<ul class=\"wp-block-list\">\n<li><strong>Kompakte Bauweise: <\/strong>Unsere wandh\u00e4ngenden kleinen Waschbecken im Gro\u00dfhandel sind f\u00fcr kleine R\u00e4ume geeignet. Sie sind kompakt und relativ klein in der Gr\u00f6\u00dfe, aber funktional, genau das Richtige f\u00fcr kleine B\u00e4der oder kompakte R\u00e4ume zu dienen.<\/li>\n\n\n\n<li><strong>Hochwertige Keramik:<\/strong> Unser wandmontiertes Gro\u00dfhandelssp\u00fclbecken besteht aus hochwertigem Keramikmaterial und fein verarbeiteter Handwerkskunst, um die Stabilit\u00e4t in der Struktur des Sp\u00fclbeckens zu gew\u00e4hrleisten; die Oberfl\u00e4che ist glatt und leicht zu reinigen, also langlebig.<\/li>\n\n\n\n<li><strong>Wandmontierte Installation: <\/strong>Die wandh\u00e4ngende Installation dieser kleinen Waschbecken im Gro\u00dfhandel kann mehr Bodenfl\u00e4che einsparen und die Reinigungsarbeiten darunter erleichtern, was den gesamten Badezimmerbereich optisch aufger\u00e4umter und offener wirken l\u00e4sst.<\/li>\n\n\n\n<li><strong>Rabatt bei Gro\u00dfabnahme: <\/strong>Als Hersteller von Badezimmerwaschbecken im Gro\u00dfhandel bieten wir wandmontierte Waschbecken im Gro\u00dfhandel zu wettbewerbsf\u00e4higen Preisen an. Gro\u00dfeink\u00e4ufe genie\u00dfen mehr Rabatte, die f\u00fcr kommerzielle Projekte oder Wohn gro\u00dfe Dekoration Bed\u00fcrfnisse geeignet ist.<\/li>\n<\/ul>\n<\/div>\n\n\n\n<div class=\"wp-block-column is-layout-flow wp-block-column-is-layout-flow\">\n<figure class=\"wp-block-image size-full\"><img fetchpriority=\"high\" decoding=\"async\" width=\"617\" height=\"831\" src=\"https:\/\/www.ceramicbasin.com\/wp-content\/uploads\/2024\/07\/rectangular-wall-hung-small-sinks-wholesale-for-bathroom-8.webp\" alt=\"rechteckige-wandh\u00e4ngende-kleine-waschbecken-gro\u00dfhandel-f\u00fcr-badezimmer-8\" class=\"wp-image-3316\" srcset=\"https:\/\/www.ceramicbasin.com\/wp-content\/uploads\/2024\/07\/rectangular-wall-hung-small-sinks-wholesale-for-bathroom-8.webp 617w, https:\/\/www.ceramicbasin.com\/wp-content\/uploads\/2024\/07\/rectangular-wall-hung-small-sinks-wholesale-for-bathroom-8-223x300.webp 223w, https:\/\/www.ceramicbasin.com\/wp-content\/uploads\/2024\/07\/rectangular-wall-hung-small-sinks-wholesale-for-bathroom-8-9x12.webp 9w, https:\/\/www.ceramicbasin.com\/wp-content\/uploads\/2024\/07\/rectangular-wall-hung-small-sinks-wholesale-for-bathroom-8-285x384.webp 285w, https:\/\/www.ceramicbasin.com\/wp-content\/uploads\/2024\/07\/rectangular-wall-hung-small-sinks-wholesale-for-bathroom-8-490x660.webp 490w, https:\/\/www.ceramicbasin.com\/wp-content\/uploads\/2024\/07\/rectangular-wall-hung-small-sinks-wholesale-for-bathroom-8-111x150.webp 111w\" sizes=\"(max-width: 617px) 100vw, 617px\" \/><\/figure>\n<\/div>\n<\/div>","protected":false},"excerpt":{"rendered":"<p>Willkommen im Gro\u00dfhandel Keramik Waschbecken zu kaufen. Unsere wandh\u00e4ngenden kleinen Waschbecken Gro\u00dfhandel sind entworfen, um eine gro\u00dfe Kombination von Funktionalit\u00e4t und Sch\u00f6nheit bieten. Es ist stark und leicht zu reinigen, daher sehr geeignet f\u00fcr B\u00e4der mit wenig Platz. Durch das kompakte rechteckige Design und die Wandmontage wird der Platz an der Wand optimal ausgenutzt. Vorteil der Gro\u00dfeinkauf, kosteng\u00fcnstige Wahl f\u00fcr kommerzielle Projekt und Wohn Dekoration.<\/p>\n<table style=\"border-collapse: collapse; width: 311.02pt;\" border=\"0\" width=\"311\" cellspacing=\"0\" cellpadding=\"0\">\n<tbody>\n<tr style=\"height: 17.60pt;\">\n<td class=\"et3\" style=\"height: 17.60pt; width: 108.35pt;\" width=\"108\" height=\"17\">Hersteller<\/td>\n<td class=\"et3\" style=\"width: 202.95pt;\" width=\"202\">HanYu<\/td>\n<\/tr>\n<tr style=\"height: 17.60pt;\">\n<td class=\"et3\" style=\"height: 17.60pt;\" height=\"17\">Modell Nr.<\/td>\n<td class=\"et4\">HY3053<\/td>\n<\/tr>\n<tr style=\"height: 17.60pt;\">\n<td class=\"et3\" style=\"height: 17.60pt;\" height=\"17\">Typ<\/td>\n<td class=\"et3\">Wandwaschbecken, kleines Waschbecken<\/td>\n<\/tr>\n<tr style=\"height: 17.60pt;\">\n<td class=\"et3\" style=\"height: 17.60pt;\" height=\"17\">Form<\/td>\n<td class=\"et3\">Rechteckige Form<\/td>\n<\/tr>\n<tr style=\"height: 17.60pt;\">\n<td class=\"et4\" style=\"height: 17.60pt;\" height=\"17\">Farbe<\/td>\n<td class=\"et3\">Wei\u00df<\/td>\n<\/tr>\n<tr style=\"height: 18.00pt;\">\n<td class=\"et3\" style=\"height: 18.00pt;\" height=\"18\">Dimension<\/td>\n<td class=\"et5\" style=\"width: 202.95pt;\" width=\"202\">36*28*19<\/td>\n<\/tr>\n<tr style=\"height: 17.60pt;\">\n<td class=\"et3\" style=\"height: 17.60pt;\" height=\"17\">N.W \/SET<\/td>\n<td class=\"et3\">5.3KGS\/PCS<\/td>\n<\/tr>\n<tr style=\"height: 17.60pt;\">\n<td class=\"et3\" style=\"height: 17.60pt;\" height=\"17\">MOQ<\/td>\n<td class=\"et3\">20St\u00fcck<\/td>\n<\/tr>\n<tr style=\"height: 17.60pt;\">\n<td class=\"et3\" style=\"height: 17.60pt;\" height=\"17\">Benutzerdefinierte Option<\/td>\n<td class=\"et3\">Farbe\/Muster\/Gr\u00f6\u00dfe\/Logo\/Verpackung<\/td>\n<\/tr>\n<\/tbody>\n<\/table>","protected":false},"featured_media":3309,"comment_status":"closed","ping_status":"closed","template":"","meta":{"_acf_changed":false},"product_brand":[],"product_cat":[56],"product_tag":[],"class_list":{"0":"post-3308","1":"product","2":"type-product","3":"status-publish","4":"has-post-thumbnail","6":"product_cat-wholesale-small-bathroom-sinks","8":"first","9":"instock","10":"shipping-taxable","11":"product-type-simple"},"acf":[],"_links":{"self":[{"href":"https:\/\/www.ceramicbasin.com\/de\/wp-json\/wp\/v2\/product\/3308","targetHints":{"allow":["GET"]}}],"collection":[{"href":"https:\/\/www.ceramicbasin.com\/de\/wp-json\/wp\/v2\/product"}],"about":[{"href":"https:\/\/www.ceramicbasin.com\/de\/wp-json\/wp\/v2\/types\/product"}],"replies":[{"embeddable":true,"href":"https:\/\/www.ceramicbasin.com\/de\/wp-json\/wp\/v2\/comments?post=3308"}],"wp:featuredmedia":[{"embeddable":true,"href":"https:\/\/www.ceramicbasin.com\/de\/wp-json\/wp\/v2\/media\/3309"}],"wp:attachment":[{"href":"https:\/\/www.ceramicbasin.com\/de\/wp-json\/wp\/v2\/media?parent=3308"}],"wp:term":[{"taxonomy":"product_brand","embeddable":true,"href":"https:\/\/www.ceramicbasin.com\/de\/wp-json\/wp\/v2\/product_brand?post=3308"},{"taxonomy":"product_cat","embeddable":true,"href":"https:\/\/www.ceramicbasin.com\/de\/wp-json\/wp\/v2\/product_cat?post=3308"},{"taxonomy":"product_tag","embeddable":true,"href":"https:\/\/www.ceramicbasin.com\/de\/wp-json\/wp\/v2\/product_tag?post=3308"}],"curies":[{"name":"wp","href":"https:\/\/api.w.org\/{rel}","templated":true}]}}