{"id":3317,"date":"2024-07-13T06:42:23","date_gmt":"2024-07-13T06:42:23","guid":{"rendered":"https:\/\/www.ceramicbasin.com\/?post_type=product&#038;p=3317"},"modified":"2025-10-24T02:52:07","modified_gmt":"2025-10-24T02:52:07","slug":"hot-sale-wholesale-wall-hung-basin","status":"publish","type":"product","link":"https:\/\/www.ceramicbasin.com\/de\/produkt\/hot-sale-wholesale-wall-hung-basin\/","title":{"rendered":"Fabrik Gro\u00dfhandel Wand h\u00e4ngenden Becken, auf Lager mit gro\u00dfen Preis"},"content":{"rendered":"<div class=\"wp-block-columns is-layout-flex wp-container-core-columns-is-layout-9d6595d7 wp-block-columns-is-layout-flex\">\n<div class=\"wp-block-column is-layout-flow wp-block-column-is-layout-flow\">\n<h2 class=\"wp-block-heading\">Premium-Gro\u00dfhandel Wandh\u00e4ngendes Waschbecken Merkmale:<\/h2>\n\n\n\n<ul class=\"wp-block-list\">\n<li><strong>Hei\u00dfer Verkauf Stil:<\/strong> Diese Gro\u00dfhandel Wand h\u00e4ngenden Becken ist ein hei\u00df-verkaufte Produkt auf dem Markt, die sehr von den Nutzern geliebt wird, mit ausgezeichneter Qualit\u00e4t und modisches Design.<\/li>\n\n\n\n<li><strong>Hochwertige Materialien:<\/strong> Hergestellt aus hochwertigen keramischen Materialien und kombiniert mit einer exquisiten Brenntechnik, hat dieses wandmontierte Waschbecken im Gro\u00dfhandel eine glatte und zarte Oberfl\u00e4che, eine solide Struktur und eine lange Haltbarkeit.<\/li>\n\n\n\n<li><strong>Angemessenes Inventar: <\/strong>Unser Gro\u00dfhandel f\u00fcr wandh\u00e4ngende Waschbecken verf\u00fcgt \u00fcber eine gro\u00dfe Menge an Spot-Reserven, um eine schnelle Reaktion auf Ihre Bestellungen und eine schnelle Lieferung zu gew\u00e4hrleisten, um dringende Dekorations- oder Gro\u00dfeinkaufsanforderungen zu erf\u00fcllen.<\/li>\n\n\n\n<li><strong>Preisnachlass: <\/strong>HanYu bietet sehr wettbewerbsf\u00e4hige Preise f\u00fcr Wandmontage Waschbecken Gro\u00dfhandel. Willkommen in der Masse zu kaufen, um mehr Rabatte zu genie\u00dfen und die Gesamtdekoration Kosten zu reduzieren.<\/li>\n<\/ul>\n<\/div>\n\n\n\n<div class=\"wp-block-column is-layout-flow wp-block-column-is-layout-flow\">\n<figure class=\"wp-block-image size-full\"><img fetchpriority=\"high\" decoding=\"async\" width=\"663\" height=\"845\" src=\"https:\/\/www.ceramicbasin.com\/wp-content\/uploads\/2024\/07\/hot-sale-wholesale-wall-hung-basin-in-stock-with-good-price-8.webp\" alt=\"hot-sale-gro\u00dfhandel-wandh\u00e4ngende-waschbecken-auf-lager-mit-gutem-preis-8\" class=\"wp-image-3325\" srcset=\"https:\/\/www.ceramicbasin.com\/wp-content\/uploads\/2024\/07\/hot-sale-wholesale-wall-hung-basin-in-stock-with-good-price-8.webp 663w, https:\/\/www.ceramicbasin.com\/wp-content\/uploads\/2024\/07\/hot-sale-wholesale-wall-hung-basin-in-stock-with-good-price-8-235x300.webp 235w, https:\/\/www.ceramicbasin.com\/wp-content\/uploads\/2024\/07\/hot-sale-wholesale-wall-hung-basin-in-stock-with-good-price-8-9x12.webp 9w, https:\/\/www.ceramicbasin.com\/wp-content\/uploads\/2024\/07\/hot-sale-wholesale-wall-hung-basin-in-stock-with-good-price-8-285x363.webp 285w, https:\/\/www.ceramicbasin.com\/wp-content\/uploads\/2024\/07\/hot-sale-wholesale-wall-hung-basin-in-stock-with-good-price-8-518x660.webp 518w, https:\/\/www.ceramicbasin.com\/wp-content\/uploads\/2024\/07\/hot-sale-wholesale-wall-hung-basin-in-stock-with-good-price-8-118x150.webp 118w\" sizes=\"(max-width: 663px) 100vw, 663px\" \/><\/figure>\n<\/div>\n<\/div>","protected":false},"excerpt":{"rendered":"<p>Willkommen bei der Gro\u00dfbestellung von wandh\u00e4ngenden Waschbecken f\u00fcr Badezimmer. Diese Gro\u00dfhandel Wand h\u00e4ngenden Waschbecken hat sich die bevorzugte Wahl von vielen Verbrauchern und kommerzielle Projekte mit seinem guten Ruf auf dem Markt. Die Kombination aus hochwertigen Materialien und exquisite Handwerkskunst sorgt f\u00fcr die Sch\u00f6nheit und Haltbarkeit des Beckens.\u00a0<\/p>\n<table style=\"border-collapse: collapse; width: 358.52pt;\" border=\"0\" width=\"478\" cellspacing=\"0\" cellpadding=\"0\">\n<tbody>\n<tr style=\"height: 17.25pt;\">\n<td class=\"et3\" style=\"height: 17.25pt; width: 125.00pt;\" width=\"166\" height=\"23\">Hersteller<\/td>\n<td class=\"et3\" style=\"width: 234.15pt;\" width=\"312\">HanYu<\/td>\n<\/tr>\n<tr style=\"height: 17.25pt;\">\n<td class=\"et3\" style=\"height: 17.25pt;\" height=\"23\">Modell Nr.<\/td>\n<td class=\"et4\">HY-3078A<\/td>\n<\/tr>\n<tr style=\"height: 17.25pt;\">\n<td class=\"et3\" style=\"height: 17.25pt;\" height=\"23\">Typ<\/td>\n<td class=\"et5\" style=\"width: 234.15pt;\" width=\"312\">Wandh\u00e4ngende Waschbecken<\/td>\n<\/tr>\n<tr style=\"height: 18.00pt;\">\n<td class=\"et3\" style=\"height: 18.00pt;\" height=\"24\">Form<\/td>\n<td class=\"et3\">Rectanglue Form<\/td>\n<\/tr>\n<tr style=\"height: 34.50pt;\">\n<td class=\"et4\" style=\"height: 34.50pt;\" height=\"46\">Farbe<\/td>\n<td class=\"et5\" style=\"width: 234.15pt;\" width=\"312\">schwarz\/wei\u00df\/blau\/grau\/rosa\/gr\u00fcn\/braun\/khaki<\/td>\n<\/tr>\n<tr style=\"height: 18.00pt;\">\n<td class=\"et3\" style=\"height: 18.00pt;\" height=\"24\">Dimension<\/td>\n<td class=\"et5\" style=\"width: 234.15pt;\" width=\"312\">42*29.5*12.5<\/td>\n<\/tr>\n<tr style=\"height: 17.25pt;\">\n<td class=\"et3\" style=\"height: 17.25pt;\" height=\"23\">N.W \/SET<\/td>\n<td class=\"et3\">6.5KGS\/PCS<\/td>\n<\/tr>\n<tr style=\"height: 17.25pt;\">\n<td class=\"et3\" style=\"height: 17.25pt;\" height=\"23\">MOQ<\/td>\n<td class=\"et3\">20St\u00fcck<\/td>\n<\/tr>\n<tr style=\"height: 17.25pt;\">\n<td class=\"et3\" style=\"height: 17.25pt;\" height=\"23\">Benutzerdefinierte Option<\/td>\n<td class=\"et3\">Farbe\/Muster\/Gr\u00f6\u00dfe\/Logo\/Verpackung<\/td>\n<\/tr>\n<\/tbody>\n<\/table>\n<p>&nbsp;<\/p>","protected":false},"featured_media":3323,"comment_status":"closed","ping_status":"closed","template":"","meta":{"_acf_changed":false},"product_brand":[],"product_cat":[57],"product_tag":[],"class_list":{"0":"post-3317","1":"product","2":"type-product","3":"status-publish","4":"has-post-thumbnail","6":"product_cat-wholesale-wall-mounted-sinks","8":"first","9":"instock","10":"shipping-taxable","11":"product-type-simple"},"acf":[],"_links":{"self":[{"href":"https:\/\/www.ceramicbasin.com\/de\/wp-json\/wp\/v2\/product\/3317","targetHints":{"allow":["GET"]}}],"collection":[{"href":"https:\/\/www.ceramicbasin.com\/de\/wp-json\/wp\/v2\/product"}],"about":[{"href":"https:\/\/www.ceramicbasin.com\/de\/wp-json\/wp\/v2\/types\/product"}],"replies":[{"embeddable":true,"href":"https:\/\/www.ceramicbasin.com\/de\/wp-json\/wp\/v2\/comments?post=3317"}],"wp:featuredmedia":[{"embeddable":true,"href":"https:\/\/www.ceramicbasin.com\/de\/wp-json\/wp\/v2\/media\/3323"}],"wp:attachment":[{"href":"https:\/\/www.ceramicbasin.com\/de\/wp-json\/wp\/v2\/media?parent=3317"}],"wp:term":[{"taxonomy":"product_brand","embeddable":true,"href":"https:\/\/www.ceramicbasin.com\/de\/wp-json\/wp\/v2\/product_brand?post=3317"},{"taxonomy":"product_cat","embeddable":true,"href":"https:\/\/www.ceramicbasin.com\/de\/wp-json\/wp\/v2\/product_cat?post=3317"},{"taxonomy":"product_tag","embeddable":true,"href":"https:\/\/www.ceramicbasin.com\/de\/wp-json\/wp\/v2\/product_tag?post=3317"}],"curies":[{"name":"wp","href":"https:\/\/api.w.org\/{rel}","templated":true}]}}