{"id":3326,"date":"2024-07-13T06:58:38","date_gmt":"2024-07-13T06:58:38","guid":{"rendered":"https:\/\/www.ceramicbasin.com\/?post_type=product&#038;p=3326"},"modified":"2024-11-02T01:21:36","modified_gmt":"2024-11-02T01:21:36","slug":"wall-hung-basins-wholesale","status":"publish","type":"product","link":"https:\/\/www.ceramicbasin.com\/de\/produkt\/wall-hung-basins-wholesale\/","title":{"rendered":"Lange schmale Porzellan-Wandwaschbecken im Gro\u00dfhandel f\u00fcr winzige B\u00e4der"},"content":{"rendered":"<div class=\"wp-block-columns is-layout-flex wp-container-core-columns-is-layout-9d6595d7 wp-block-columns-is-layout-flex\">\n<div class=\"wp-block-column is-layout-flow wp-block-column-is-layout-flow\">\n<h2 class=\"wp-block-heading\">Premium Wall Hung Basins Gro\u00dfhandel Merkmale:<\/h2>\n\n\n\n<ul class=\"wp-block-list\">\n<li><strong>Raumoptimiertes Design:<\/strong> Dieses lange, schmale, wandh\u00e4ngende Waschbecken eignet sich besonders f\u00fcr kleine Badezimmer und verbessert die Raumnutzung.<\/li>\n\n\n\n<li><strong>Hergestellt aus hochwertigem Porzellan:<\/strong> Unsere wandh\u00e4ngenden Waschbecken werden im Gro\u00dfhandel aus hochwertigem Porzellan gebrannt, um sicherzustellen, dass sie eine feste Struktur, eine glatte Oberfl\u00e4che, eine einfache Reinigung und einen dauerhaften Glanz aufweisen.<\/li>\n\n\n\n<li><strong>Wandmontierte Installation: <\/strong>Das wandmontierte Design spart nicht nur Platz, sondern erleichtert auch die Reinigung des Bodens darunter, wodurch das Bad aufger\u00e4umt bleibt und eine erfrischende Nutzungsumgebung geschaffen wird.<\/li>\n\n\n\n<li><strong>Kosteneinsparungen beim Gro\u00dfeinkauf: <\/strong>Als Hersteller von Keramikbecken im Gro\u00dfhandel kann HanYu Ihnen wettbewerbsf\u00e4hige Einkaufspreise anbieten, damit Sie die Kosten f\u00fcr die Dekoration effektiv kontrollieren k\u00f6nnen, ohne Abstriche bei der Qualit\u00e4t zu machen.<\/li>\n<\/ul>\n<\/div>\n\n\n\n<div class=\"wp-block-column is-layout-flow wp-block-column-is-layout-flow\">\n<figure class=\"wp-block-image size-full\"><img fetchpriority=\"high\" decoding=\"async\" width=\"1346\" height=\"1786\" src=\"https:\/\/www.ceramicbasin.com\/wp-content\/uploads\/2024\/07\/porcelain-wall-hung-basins-wholesale-for-tiny-bathroom-6.webp\" alt=\"Porzellan-Wandwaschbecken-Gro\u00dfhandel-f\u00fcr-kleine-Badezimmer-6\" class=\"wp-image-3332\" srcset=\"https:\/\/www.ceramicbasin.com\/wp-content\/uploads\/2024\/07\/porcelain-wall-hung-basins-wholesale-for-tiny-bathroom-6.webp 1346w, https:\/\/www.ceramicbasin.com\/wp-content\/uploads\/2024\/07\/porcelain-wall-hung-basins-wholesale-for-tiny-bathroom-6-226x300.webp 226w, https:\/\/www.ceramicbasin.com\/wp-content\/uploads\/2024\/07\/porcelain-wall-hung-basins-wholesale-for-tiny-bathroom-6-768x1019.webp 768w, https:\/\/www.ceramicbasin.com\/wp-content\/uploads\/2024\/07\/porcelain-wall-hung-basins-wholesale-for-tiny-bathroom-6-9x12.webp 9w, https:\/\/www.ceramicbasin.com\/wp-content\/uploads\/2024\/07\/porcelain-wall-hung-basins-wholesale-for-tiny-bathroom-6-285x378.webp 285w, https:\/\/www.ceramicbasin.com\/wp-content\/uploads\/2024\/07\/porcelain-wall-hung-basins-wholesale-for-tiny-bathroom-6-497x660.webp 497w, https:\/\/www.ceramicbasin.com\/wp-content\/uploads\/2024\/07\/porcelain-wall-hung-basins-wholesale-for-tiny-bathroom-6-113x150.webp 113w\" sizes=\"(max-width: 1346px) 100vw, 1346px\" \/><\/figure>\n<\/div>\n<\/div>","protected":false},"excerpt":{"rendered":"<p>Willkommen zum Kauf Gro\u00dfhandel Badezimmer Waschbecken. Unsere wandh\u00e4ngenden Waschbecken Gro\u00dfhandel sind f\u00fcr kompakte B\u00e4der konzipiert. Sein innovatives Design von langen und schmalen Streifen kann den Raum voll ausnutzen. Die Auswahl von hochwertigem Porzellan Ton kombiniert mit feiner Handwerkskunst sorgt f\u00fcr Sch\u00f6nheit und Haltbarkeit. Mit Gro\u00dfeinkaufspreisen, ist es sehr geeignet f\u00fcr Gro\u00dfeinkauf Bed\u00fcrfnisse der kommerziellen Projekten oder Wohn Dekoration.<\/p>\n<table style=\"border-collapse: collapse; width: 311.02pt;\" border=\"0\" width=\"311\" cellspacing=\"0\" cellpadding=\"0\">\n<tbody>\n<tr style=\"height: 17.60pt;\">\n<td class=\"et3\" style=\"height: 17.60pt; width: 108.35pt;\" width=\"108\" height=\"17\">Hersteller<\/td>\n<td class=\"et3\" style=\"width: 202.95pt;\" width=\"202\">HanYu<\/td>\n<\/tr>\n<tr style=\"height: 17.60pt;\">\n<td class=\"et3\" style=\"height: 17.60pt;\" height=\"17\">Modell Nr.<\/td>\n<td class=\"et4\">HY3107<\/td>\n<\/tr>\n<tr style=\"height: 17.60pt;\">\n<td class=\"et3\" style=\"height: 17.60pt;\" height=\"17\">Typ<\/td>\n<td class=\"et3\">Wandwaschbecken, kleines Waschbecken<\/td>\n<\/tr>\n<tr style=\"height: 17.60pt;\">\n<td class=\"et3\" style=\"height: 17.60pt;\" height=\"17\">Form<\/td>\n<td class=\"et3\">Rechteckige Form<\/td>\n<\/tr>\n<tr style=\"height: 17.60pt;\">\n<td class=\"et4\" style=\"height: 17.60pt;\" height=\"17\">Farbe<\/td>\n<td class=\"et3\">Wei\u00df<\/td>\n<\/tr>\n<tr style=\"height: 18.00pt;\">\n<td class=\"et3\" style=\"height: 18.00pt;\" height=\"18\">Dimension<\/td>\n<td class=\"et5\" style=\"width: 202.95pt;\" width=\"202\">50*20*9<\/td>\n<\/tr>\n<tr style=\"height: 17.60pt;\">\n<td class=\"et3\" style=\"height: 17.60pt;\" height=\"17\">N.W \/SET<\/td>\n<td class=\"et3\">8KGS\/PCS<\/td>\n<\/tr>\n<tr style=\"height: 17.60pt;\">\n<td class=\"et3\" style=\"height: 17.60pt;\" height=\"17\">MOQ<\/td>\n<td class=\"et3\">20St\u00fcck<\/td>\n<\/tr>\n<tr style=\"height: 17.60pt;\">\n<td class=\"et3\" style=\"height: 17.60pt;\" height=\"17\">Benutzerdefinierte Option<\/td>\n<td class=\"et3\">Farbe\/Muster\/Gr\u00f6\u00dfe\/Logo\/Verpackung<\/td>\n<\/tr>\n<\/tbody>\n<\/table>","protected":false},"featured_media":3328,"comment_status":"closed","ping_status":"closed","template":"","meta":{"_acf_changed":false},"product_brand":[],"product_cat":[56],"product_tag":[],"class_list":{"0":"post-3326","1":"product","2":"type-product","3":"status-publish","4":"has-post-thumbnail","6":"product_cat-wholesale-small-bathroom-sinks","8":"first","9":"instock","10":"shipping-taxable","11":"product-type-simple"},"acf":[],"_links":{"self":[{"href":"https:\/\/www.ceramicbasin.com\/de\/wp-json\/wp\/v2\/product\/3326","targetHints":{"allow":["GET"]}}],"collection":[{"href":"https:\/\/www.ceramicbasin.com\/de\/wp-json\/wp\/v2\/product"}],"about":[{"href":"https:\/\/www.ceramicbasin.com\/de\/wp-json\/wp\/v2\/types\/product"}],"replies":[{"embeddable":true,"href":"https:\/\/www.ceramicbasin.com\/de\/wp-json\/wp\/v2\/comments?post=3326"}],"wp:featuredmedia":[{"embeddable":true,"href":"https:\/\/www.ceramicbasin.com\/de\/wp-json\/wp\/v2\/media\/3328"}],"wp:attachment":[{"href":"https:\/\/www.ceramicbasin.com\/de\/wp-json\/wp\/v2\/media?parent=3326"}],"wp:term":[{"taxonomy":"product_brand","embeddable":true,"href":"https:\/\/www.ceramicbasin.com\/de\/wp-json\/wp\/v2\/product_brand?post=3326"},{"taxonomy":"product_cat","embeddable":true,"href":"https:\/\/www.ceramicbasin.com\/de\/wp-json\/wp\/v2\/product_cat?post=3326"},{"taxonomy":"product_tag","embeddable":true,"href":"https:\/\/www.ceramicbasin.com\/de\/wp-json\/wp\/v2\/product_tag?post=3326"}],"curies":[{"name":"wp","href":"https:\/\/api.w.org\/{rel}","templated":true}]}}