{"id":3333,"date":"2024-07-13T07:12:53","date_gmt":"2024-07-13T07:12:53","guid":{"rendered":"https:\/\/www.ceramicbasin.com\/?post_type=product&#038;p=3333"},"modified":"2024-11-02T01:16:50","modified_gmt":"2024-11-02T01:16:50","slug":"factory-supply-small-bathroom-sink","status":"publish","type":"product","link":"https:\/\/www.ceramicbasin.com\/de\/produkt\/factory-supply-small-bathroom-sink\/","title":{"rendered":"Factory Supply kleine Badezimmer Waschbecken f\u00fcr winzige Badezimmer"},"content":{"rendered":"<div class=\"wp-block-columns is-layout-flex wp-container-core-columns-is-layout-9d6595d7 wp-block-columns-is-layout-flex\">\n<div class=\"wp-block-column is-layout-flow wp-block-column-is-layout-flow\">\n<h2 class=\"wp-block-heading\">Premium Factory Supply Small Bathroom Sink Features:<\/h2>\n\n\n\n<ul class=\"wp-block-list\">\n<li><strong>Raumoptimiertes Design:<\/strong> Dieses lange, schmale, wandh\u00e4ngende Waschbecken eignet sich besonders f\u00fcr kleine Badezimmer und verbessert die Raumnutzung.<\/li>\n\n\n\n<li><strong>Hergestellt aus hochwertigem Porzellan:<\/strong> Unsere wandh\u00e4ngenden Waschbecken werden im Gro\u00dfhandel aus hochwertigem Porzellan gebrannt, um sicherzustellen, dass sie eine feste Struktur, eine glatte Oberfl\u00e4che, eine einfache Reinigung und einen dauerhaften Glanz aufweisen.<\/li>\n\n\n\n<li><strong>Wandmontierte Installation: <\/strong>Das wandmontierte Design spart nicht nur Platz, sondern erleichtert auch die Reinigung des Bodens darunter, wodurch das Bad aufger\u00e4umt bleibt und eine erfrischende Nutzungsumgebung geschaffen wird.<\/li>\n\n\n\n<li><strong>Kosteneinsparungen beim Gro\u00dfeinkauf: <\/strong>Als Hersteller von Keramikbecken im Gro\u00dfhandel kann HanYu Ihnen wettbewerbsf\u00e4hige Einkaufspreise anbieten, damit Sie die Kosten f\u00fcr die Dekoration effektiv kontrollieren k\u00f6nnen, ohne Abstriche bei der Qualit\u00e4t zu machen.<\/li>\n<\/ul>\n<\/div>\n\n\n\n<div class=\"wp-block-column is-layout-flow wp-block-column-is-layout-flow\">\n<figure class=\"wp-block-image size-full\"><img fetchpriority=\"high\" decoding=\"async\" width=\"663\" height=\"819\" src=\"https:\/\/www.ceramicbasin.com\/wp-content\/uploads\/2024\/07\/factory-supply-small-bathroom-sink-solutions-for-tiny-bathroom-8.webp\" alt=\"werksseitig-kleine-badezimmer-waschbecken-l\u00f6sungen-f\u00fcr-winzige-badezimmer-8\" class=\"wp-image-3342\" srcset=\"https:\/\/www.ceramicbasin.com\/wp-content\/uploads\/2024\/07\/factory-supply-small-bathroom-sink-solutions-for-tiny-bathroom-8.webp 663w, https:\/\/www.ceramicbasin.com\/wp-content\/uploads\/2024\/07\/factory-supply-small-bathroom-sink-solutions-for-tiny-bathroom-8-243x300.webp 243w, https:\/\/www.ceramicbasin.com\/wp-content\/uploads\/2024\/07\/factory-supply-small-bathroom-sink-solutions-for-tiny-bathroom-8-10x12.webp 10w, https:\/\/www.ceramicbasin.com\/wp-content\/uploads\/2024\/07\/factory-supply-small-bathroom-sink-solutions-for-tiny-bathroom-8-285x352.webp 285w, https:\/\/www.ceramicbasin.com\/wp-content\/uploads\/2024\/07\/factory-supply-small-bathroom-sink-solutions-for-tiny-bathroom-8-534x660.webp 534w, https:\/\/www.ceramicbasin.com\/wp-content\/uploads\/2024\/07\/factory-supply-small-bathroom-sink-solutions-for-tiny-bathroom-8-121x150.webp 121w\" sizes=\"(max-width: 663px) 100vw, 663px\" \/><\/figure>\n<\/div>\n<\/div>","protected":false},"excerpt":{"rendered":"<p>Willkommen im Gro\u00dfhandel Keramik Waschbecken zu kaufen. Diese Fabrik liefern kleine Bad Waschbecken hat ein modernes Aussehen, zahlt mehr Aufmerksamkeit auf Funktionalit\u00e4t und ist leicht zu reinigen und zu pflegen. Die Fabrik direkte Lieferung Modell erm\u00f6glicht Kunden, die in gro\u00dfen Mengen kaufen, um mehr wettbewerbsf\u00e4hige Preise zu genie\u00dfen. Es ist eine gut durchdachte L\u00f6sung f\u00fcr kleine Badezimmerr\u00e4ume.<\/p>\n<table style=\"border-collapse: collapse; width: 311.02pt;\" border=\"0\" width=\"311\" cellspacing=\"0\" cellpadding=\"0\">\n<tbody>\n<tr style=\"height: 17.60pt;\">\n<td class=\"et3\" style=\"height: 17.60pt; width: 108.35pt;\" width=\"108\" height=\"17\">Hersteller<\/td>\n<td class=\"et3\" style=\"width: 202.95pt;\" width=\"202\">HanYu<\/td>\n<\/tr>\n<tr style=\"height: 17.60pt;\">\n<td class=\"et3\" style=\"height: 17.60pt;\" height=\"17\">Modell Nr.<\/td>\n<td class=\"et4\">HY3085<\/td>\n<\/tr>\n<tr style=\"height: 17.60pt;\">\n<td class=\"et3\" style=\"height: 17.60pt;\" height=\"17\">Typ<\/td>\n<td class=\"et3\">Wandwaschbecken, kleines Waschbecken<\/td>\n<\/tr>\n<tr style=\"height: 17.60pt;\">\n<td class=\"et3\" style=\"height: 17.60pt;\" height=\"17\">Form<\/td>\n<td class=\"et3\">Rechteckige Form<\/td>\n<\/tr>\n<tr style=\"height: 17.60pt;\">\n<td class=\"et4\" style=\"height: 17.60pt;\" height=\"17\">Farbe<\/td>\n<td class=\"et3\">Wei\u00df<\/td>\n<\/tr>\n<tr style=\"height: 18.00pt;\">\n<td class=\"et3\" style=\"height: 18.00pt;\" height=\"18\">Dimension<\/td>\n<td class=\"et5\" style=\"width: 202.95pt;\" width=\"202\">38*15*8<\/td>\n<\/tr>\n<tr style=\"height: 17.60pt;\">\n<td class=\"et3\" style=\"height: 17.60pt;\" height=\"17\">N.W \/SET<\/td>\n<td class=\"et3\">5KGS\/PCS<\/td>\n<\/tr>\n<tr style=\"height: 17.60pt;\">\n<td class=\"et3\" style=\"height: 17.60pt;\" height=\"17\">MOQ<\/td>\n<td class=\"et3\">20St\u00fcck<\/td>\n<\/tr>\n<tr style=\"height: 17.60pt;\">\n<td class=\"et3\" style=\"height: 17.60pt;\" height=\"17\">Benutzerdefinierte Option<\/td>\n<td class=\"et3\">Farbe\/Muster\/Gr\u00f6\u00dfe\/Logo\/Verpackung<\/td>\n<\/tr>\n<\/tbody>\n<\/table>","protected":false},"featured_media":3336,"comment_status":"closed","ping_status":"closed","template":"","meta":{"_acf_changed":false},"product_brand":[],"product_cat":[56],"product_tag":[],"class_list":{"0":"post-3333","1":"product","2":"type-product","3":"status-publish","4":"has-post-thumbnail","6":"product_cat-wholesale-small-bathroom-sinks","8":"first","9":"instock","10":"shipping-taxable","11":"product-type-simple"},"acf":[],"_links":{"self":[{"href":"https:\/\/www.ceramicbasin.com\/de\/wp-json\/wp\/v2\/product\/3333","targetHints":{"allow":["GET"]}}],"collection":[{"href":"https:\/\/www.ceramicbasin.com\/de\/wp-json\/wp\/v2\/product"}],"about":[{"href":"https:\/\/www.ceramicbasin.com\/de\/wp-json\/wp\/v2\/types\/product"}],"replies":[{"embeddable":true,"href":"https:\/\/www.ceramicbasin.com\/de\/wp-json\/wp\/v2\/comments?post=3333"}],"wp:featuredmedia":[{"embeddable":true,"href":"https:\/\/www.ceramicbasin.com\/de\/wp-json\/wp\/v2\/media\/3336"}],"wp:attachment":[{"href":"https:\/\/www.ceramicbasin.com\/de\/wp-json\/wp\/v2\/media?parent=3333"}],"wp:term":[{"taxonomy":"product_brand","embeddable":true,"href":"https:\/\/www.ceramicbasin.com\/de\/wp-json\/wp\/v2\/product_brand?post=3333"},{"taxonomy":"product_cat","embeddable":true,"href":"https:\/\/www.ceramicbasin.com\/de\/wp-json\/wp\/v2\/product_cat?post=3333"},{"taxonomy":"product_tag","embeddable":true,"href":"https:\/\/www.ceramicbasin.com\/de\/wp-json\/wp\/v2\/product_tag?post=3333"}],"curies":[{"name":"wp","href":"https:\/\/api.w.org\/{rel}","templated":true}]}}