{"id":3343,"date":"2024-07-13T07:33:06","date_gmt":"2024-07-13T07:33:06","guid":{"rendered":"https:\/\/www.ceramicbasin.com\/?post_type=product&#038;p=3343"},"modified":"2024-11-02T01:13:00","modified_gmt":"2024-11-02T01:13:00","slug":"custom-wall-mounted-bathroom-sinks","status":"publish","type":"product","link":"https:\/\/www.ceramicbasin.com\/de\/produkt\/custom-wall-mounted-bathroom-sinks\/","title":{"rendered":"High-End benutzerdefinierte Wand montiert Badezimmer Waschbecken Runde Form, Gro\u00dfhandel Keramik-Becken"},"content":{"rendered":"<div class=\"wp-block-columns is-layout-flex wp-container-core-columns-is-layout-9d6595d7 wp-block-columns-is-layout-flex\">\n<div class=\"wp-block-column is-layout-flow wp-block-column-is-layout-flow\">\n<h2 class=\"wp-block-heading\">Premium Custom Wall Mounted Bathroom Sinks Merkmale:<\/h2>\n\n\n\n<ul class=\"wp-block-list\">\n<li><strong>Exquisites rundes Design: <\/strong>Diese benutzerdefinierte Wand montiert Bad Waschbecken in loser Sch\u00fcttung hat eine elegante runde Kontur und glatte Linien, was eine weiche und moderne Atmosph\u00e4re in den Raum, zu einer k\u00fcnstlerischen Versch\u00f6nerung im Bad.<\/li>\n\n\n\n<li><strong>Hochwertige Waschbecken:<\/strong> Unsere wandmontierten Waschbecken Gro\u00dfhandel verwendet hochwertige Materialien und kombiniert exquisite Handwerkskunst, um sicherzustellen, dass das Waschbecken Struktur ist stabil, die Oberfl\u00e4che ist glatt und zart, leicht zu reinigen und zu pflegen, und langlebig.<\/li>\n\n\n\n<li><strong>Preisvorteil im Gro\u00dfhandel: <\/strong>Als Hersteller von Waschbecken f\u00fcr das Badezimmer bietet HanYu sehr wettbewerbsf\u00e4hige Gro\u00dfhandelspreise an, und bei Gro\u00dfeink\u00e4ufen gibt es weitere Rabatte, so dass hochwertige Badaccessoires Ihre ideale Wahl unter Kostenkontrolle sind.<\/li>\n\n\n\n<li><strong>Ma\u00dfgeschneiderter High-End-Service: <\/strong>Wir bieten einen ma\u00dfgeschneiderten Service f\u00fcr wandmontierte Waschbecken, um sicherzustellen, dass jedes Waschbecken Ihrem Badezimmerdesign und Ihren Platzanforderungen entspricht und einen exklusiven Stil schafft.<\/li>\n<\/ul>\n<\/div>\n\n\n\n<div class=\"wp-block-column is-layout-flow wp-block-column-is-layout-flow\">\n<figure class=\"wp-block-image size-full\"><img fetchpriority=\"high\" decoding=\"async\" width=\"1345\" height=\"1786\" src=\"https:\/\/www.ceramicbasin.com\/wp-content\/uploads\/2024\/07\/high-end-custom-wall-mounted-bathroom-sinks-round-shape-6.webp\" alt=\"hochwertige wandmontierte badezimmer-waschbecken-rund-form-6\" class=\"wp-image-3349\" srcset=\"https:\/\/www.ceramicbasin.com\/wp-content\/uploads\/2024\/07\/high-end-custom-wall-mounted-bathroom-sinks-round-shape-6.webp 1345w, https:\/\/www.ceramicbasin.com\/wp-content\/uploads\/2024\/07\/high-end-custom-wall-mounted-bathroom-sinks-round-shape-6-226x300.webp 226w, https:\/\/www.ceramicbasin.com\/wp-content\/uploads\/2024\/07\/high-end-custom-wall-mounted-bathroom-sinks-round-shape-6-768x1020.webp 768w, https:\/\/www.ceramicbasin.com\/wp-content\/uploads\/2024\/07\/high-end-custom-wall-mounted-bathroom-sinks-round-shape-6-9x12.webp 9w, https:\/\/www.ceramicbasin.com\/wp-content\/uploads\/2024\/07\/high-end-custom-wall-mounted-bathroom-sinks-round-shape-6-285x378.webp 285w, https:\/\/www.ceramicbasin.com\/wp-content\/uploads\/2024\/07\/high-end-custom-wall-mounted-bathroom-sinks-round-shape-6-497x660.webp 497w, https:\/\/www.ceramicbasin.com\/wp-content\/uploads\/2024\/07\/high-end-custom-wall-mounted-bathroom-sinks-round-shape-6-113x150.webp 113w\" sizes=\"(max-width: 1345px) 100vw, 1345px\" \/><\/figure>\n<\/div>\n<\/div>","protected":false},"excerpt":{"rendered":"<p>Willkommen im Gro\u00dfhandel Keramik Waschbecken zu kaufen. Unsere benutzerdefinierte Wand montiert Badezimmer Waschbecken in loser Sch\u00fcttung verwenden hochwertige Materialien und exquisite Handwerkskunst, um die Haltbarkeit und Reinigungskomfort des Waschbeckens zu gew\u00e4hrleisten. Das exquisite runde Design ist nicht nur sch\u00f6n und gro\u00dfz\u00fcgig, sondern auch ein modisches Symbol des modernen Badezimmers.<\/p>\n<table style=\"border-collapse: collapse; width: 311.02pt;\" border=\"0\" width=\"311\" cellspacing=\"0\" cellpadding=\"0\">\n<tbody>\n<tr style=\"height: 17.60pt;\">\n<td class=\"et3\" style=\"height: 17.60pt; width: 108.35pt;\" width=\"108\" height=\"17\">Hersteller<\/td>\n<td class=\"et3\" style=\"width: 202.95pt;\" width=\"202\">HanYu<\/td>\n<\/tr>\n<tr style=\"height: 17.60pt;\">\n<td class=\"et3\" style=\"height: 17.60pt;\" height=\"17\">Modell Nr.<\/td>\n<td class=\"et4\">HY3105<\/td>\n<\/tr>\n<tr style=\"height: 17.60pt;\">\n<td class=\"et3\" style=\"height: 17.60pt;\" height=\"17\">Typ<\/td>\n<td class=\"et3\">Wandbefestigtes Becken<\/td>\n<\/tr>\n<tr style=\"height: 17.60pt;\">\n<td class=\"et3\" style=\"height: 17.60pt;\" height=\"17\">Form<\/td>\n<td class=\"et3\">Runde Form<\/td>\n<\/tr>\n<tr style=\"height: 17.60pt;\">\n<td class=\"et4\" style=\"height: 17.60pt;\" height=\"17\">Farbe<\/td>\n<td class=\"et3\">Wei\u00df<\/td>\n<\/tr>\n<tr style=\"height: 18.00pt;\">\n<td class=\"et3\" style=\"height: 18.00pt;\" height=\"18\">Dimension<\/td>\n<td class=\"et5\" style=\"width: 202.95pt;\" width=\"202\">44*47*39<\/td>\n<\/tr>\n<tr style=\"height: 17.60pt;\">\n<td class=\"et3\" style=\"height: 17.60pt;\" height=\"17\">N.W \/SET<\/td>\n<td class=\"et3\">19KGS\/PCS<\/td>\n<\/tr>\n<tr style=\"height: 17.60pt;\">\n<td class=\"et3\" style=\"height: 17.60pt;\" height=\"17\">MOQ<\/td>\n<td class=\"et3\">20St\u00fcck<\/td>\n<\/tr>\n<tr style=\"height: 17.60pt;\">\n<td class=\"et3\" style=\"height: 17.60pt;\" height=\"17\">Benutzerdefinierte Option<\/td>\n<td class=\"et3\">Farbe\/Muster\/Gr\u00f6\u00dfe\/Logo\/Verpackung<\/td>\n<\/tr>\n<\/tbody>\n<\/table>","protected":false},"featured_media":3345,"comment_status":"closed","ping_status":"closed","template":"","meta":{"_acf_changed":false},"product_brand":[],"product_cat":[57],"product_tag":[],"class_list":{"0":"post-3343","1":"product","2":"type-product","3":"status-publish","4":"has-post-thumbnail","6":"product_cat-wholesale-wall-mounted-sinks","8":"first","9":"instock","10":"shipping-taxable","11":"product-type-simple"},"acf":[],"_links":{"self":[{"href":"https:\/\/www.ceramicbasin.com\/de\/wp-json\/wp\/v2\/product\/3343","targetHints":{"allow":["GET"]}}],"collection":[{"href":"https:\/\/www.ceramicbasin.com\/de\/wp-json\/wp\/v2\/product"}],"about":[{"href":"https:\/\/www.ceramicbasin.com\/de\/wp-json\/wp\/v2\/types\/product"}],"replies":[{"embeddable":true,"href":"https:\/\/www.ceramicbasin.com\/de\/wp-json\/wp\/v2\/comments?post=3343"}],"wp:featuredmedia":[{"embeddable":true,"href":"https:\/\/www.ceramicbasin.com\/de\/wp-json\/wp\/v2\/media\/3345"}],"wp:attachment":[{"href":"https:\/\/www.ceramicbasin.com\/de\/wp-json\/wp\/v2\/media?parent=3343"}],"wp:term":[{"taxonomy":"product_brand","embeddable":true,"href":"https:\/\/www.ceramicbasin.com\/de\/wp-json\/wp\/v2\/product_brand?post=3343"},{"taxonomy":"product_cat","embeddable":true,"href":"https:\/\/www.ceramicbasin.com\/de\/wp-json\/wp\/v2\/product_cat?post=3343"},{"taxonomy":"product_tag","embeddable":true,"href":"https:\/\/www.ceramicbasin.com\/de\/wp-json\/wp\/v2\/product_tag?post=3343"}],"curies":[{"name":"wp","href":"https:\/\/api.w.org\/{rel}","templated":true}]}}