{"id":3350,"date":"2024-07-13T07:51:01","date_gmt":"2024-07-13T07:51:01","guid":{"rendered":"https:\/\/www.ceramicbasin.com\/?post_type=product&#038;p=3350"},"modified":"2024-11-01T10:17:25","modified_gmt":"2024-11-01T10:17:25","slug":"wholesale-wall-mounted-basins","status":"publish","type":"product","link":"https:\/\/www.ceramicbasin.com\/de\/produkt\/wholesale-wall-mounted-basins\/","title":{"rendered":"Fabrik Gro\u00dfhandel Wand montiert Becken, keramische Bad Waschbecken mit niedrigen Preis"},"content":{"rendered":"<div class=\"wp-block-columns is-layout-flex wp-container-core-columns-is-layout-9d6595d7 wp-block-columns-is-layout-flex\">\n<div class=\"wp-block-column is-layout-flow wp-block-column-is-layout-flow\">\n<h2 class=\"wp-block-heading\">Premium-Gro\u00dfhandel Wandmontagebecken Merkmale:<\/h2>\n\n\n\n<ul class=\"wp-block-list\">\n<li><strong>Klassisches Design:<\/strong> Unsere Fabrik liefert Gro\u00dfhandel Wand Waschbecken verf\u00fcgen \u00fcber zeitloses klassisches Design mit sauberen und schlanken Linien, die perfekt mit jedem modernen oder traditionellen Badezimmer Stil passen.<\/li>\n\n\n\n<li><strong>Hochwertige Handwerkskunst:<\/strong> F\u00fcr dieses Gro\u00dfhandels-Wandwaschbecken werden ausgew\u00e4hlte Materialien und pr\u00e4zise Produktionsverfahren verwendet, um sicherzustellen, dass das Becken solide gebaut, glatt, leicht zu reinigen und langlebig ist.<\/li>\n\n\n\n<li><strong>Direkt aus der Fabrik: <\/strong>HanYu's Gro\u00dfhandels-Badewannen werden direkt von der Fabrik geliefert, so dass der Zwischenh\u00e4ndler wegf\u00e4llt und Sie qualitativ hochwertige Wandwannen zum niedrigsten Preis erhalten.<\/li>\n\n\n\n<li><strong>Ausreichender Vorrat: <\/strong>Unsere Waschbeckenfabrik verf\u00fcgt \u00fcber einen gro\u00dfen Lagerbestand, um Ihre dringenden Bestellungen oder den Bedarf an gro\u00dfen St\u00fcckzahlen zu erf\u00fcllen, die Wartezeit zu verk\u00fcrzen und schnell auf Ihre Projektanforderungen zu reagieren.<\/li>\n<\/ul>\n<\/div>\n\n\n\n<div class=\"wp-block-column is-layout-flow wp-block-column-is-layout-flow\">\n<figure class=\"wp-block-image size-full\"><img fetchpriority=\"high\" decoding=\"async\" width=\"663\" height=\"845\" src=\"https:\/\/www.ceramicbasin.com\/wp-content\/uploads\/2024\/07\/factory-supply-wall-mounted-basins-with-exquisite-design-1.webp\" alt=\"werkslieferungen-gro\u00dfhandel-wandwaschbecken-mit-tiefpreis\" class=\"wp-image-3351\" srcset=\"https:\/\/www.ceramicbasin.com\/wp-content\/uploads\/2024\/07\/factory-supply-wall-mounted-basins-with-exquisite-design-1.webp 663w, https:\/\/www.ceramicbasin.com\/wp-content\/uploads\/2024\/07\/factory-supply-wall-mounted-basins-with-exquisite-design-1-235x300.webp 235w, https:\/\/www.ceramicbasin.com\/wp-content\/uploads\/2024\/07\/factory-supply-wall-mounted-basins-with-exquisite-design-1-9x12.webp 9w, https:\/\/www.ceramicbasin.com\/wp-content\/uploads\/2024\/07\/factory-supply-wall-mounted-basins-with-exquisite-design-1-285x363.webp 285w, https:\/\/www.ceramicbasin.com\/wp-content\/uploads\/2024\/07\/factory-supply-wall-mounted-basins-with-exquisite-design-1-518x660.webp 518w, https:\/\/www.ceramicbasin.com\/wp-content\/uploads\/2024\/07\/factory-supply-wall-mounted-basins-with-exquisite-design-1-118x150.webp 118w\" sizes=\"(max-width: 663px) 100vw, 663px\" \/><\/figure>\n<\/div>\n<\/div>","protected":false},"excerpt":{"rendered":"<p>Willkommen beim Gro\u00dfeinkauf von Waschbecken. Unsere wandmontierten Waschbecken f\u00fcr den Gro\u00dfhandel sind ideal f\u00fcr Unternehmen, die gro\u00dfe Mengen an Waschbecken f\u00fcr Badezimmer kaufen. Das klassische Design mit klaren und schlanken Linien passt perfekt zu jedem Badezimmerstil. Hochwertige Materialien und Handwerkskunst sorgen f\u00fcr Langlebigkeit und eine einfache Reinigung des Beckens. Dank ausreichender Lagerbest\u00e4nde k\u00f6nnen wir schnell auf gro\u00dfe oder dringende Bestellungen reagieren.<\/p>\n<table style=\"border-collapse: collapse; width: 311.02pt;\" border=\"0\" width=\"311\" cellspacing=\"0\" cellpadding=\"0\">\n<tbody>\n<tr style=\"height: 17.60pt;\">\n<td class=\"et3\" style=\"height: 17.60pt; width: 108.35pt;\" width=\"108\" height=\"17\">Hersteller<\/td>\n<td class=\"et3\" style=\"width: 202.95pt;\" width=\"202\">HanYu<\/td>\n<\/tr>\n<tr style=\"height: 17.60pt;\">\n<td class=\"et3\" style=\"height: 17.60pt;\" height=\"17\">Modell Nr.<\/td>\n<td class=\"et4\">HY3082<\/td>\n<\/tr>\n<tr style=\"height: 17.60pt;\">\n<td class=\"et3\" style=\"height: 17.60pt;\" height=\"17\">Typ<\/td>\n<td class=\"et3\">Wandbefestigtes Becken<\/td>\n<\/tr>\n<tr style=\"height: 17.60pt;\">\n<td class=\"et3\" style=\"height: 17.60pt;\" height=\"17\">Form<\/td>\n<td class=\"et2\">Rechteckige Form<\/td>\n<\/tr>\n<tr style=\"height: 17.60pt;\">\n<td class=\"et4\" style=\"height: 17.60pt;\" height=\"17\">Farbe<\/td>\n<td class=\"et3\">Wei\u00df<\/td>\n<\/tr>\n<tr style=\"height: 18.00pt;\">\n<td class=\"et3\" style=\"height: 18.00pt;\" height=\"18\">Dimension<\/td>\n<td class=\"et5\" style=\"width: 202.95pt;\" width=\"202\">39*24*7<\/td>\n<\/tr>\n<tr style=\"height: 17.60pt;\">\n<td class=\"et3\" style=\"height: 17.60pt;\" height=\"17\">N.W \/SET<\/td>\n<td class=\"et3\">6KGS\/PCS<\/td>\n<\/tr>\n<tr style=\"height: 17.60pt;\">\n<td class=\"et3\" style=\"height: 17.60pt;\" height=\"17\">MOQ<\/td>\n<td class=\"et3\">20St\u00fcck<\/td>\n<\/tr>\n<tr style=\"height: 17.60pt;\">\n<td class=\"et3\" style=\"height: 17.60pt;\" height=\"17\">Benutzerdefinierte Option<\/td>\n<td class=\"et3\">Farbe\/Muster\/Gr\u00f6\u00dfe\/Logo\/Verpackung<\/td>\n<\/tr>\n<\/tbody>\n<\/table>","protected":false},"featured_media":3355,"comment_status":"closed","ping_status":"closed","template":"","meta":{"_acf_changed":false},"product_brand":[],"product_cat":[57],"product_tag":[],"class_list":{"0":"post-3350","1":"product","2":"type-product","3":"status-publish","4":"has-post-thumbnail","6":"product_cat-wholesale-wall-mounted-sinks","8":"first","9":"instock","10":"shipping-taxable","11":"product-type-simple"},"acf":[],"_links":{"self":[{"href":"https:\/\/www.ceramicbasin.com\/de\/wp-json\/wp\/v2\/product\/3350","targetHints":{"allow":["GET"]}}],"collection":[{"href":"https:\/\/www.ceramicbasin.com\/de\/wp-json\/wp\/v2\/product"}],"about":[{"href":"https:\/\/www.ceramicbasin.com\/de\/wp-json\/wp\/v2\/types\/product"}],"replies":[{"embeddable":true,"href":"https:\/\/www.ceramicbasin.com\/de\/wp-json\/wp\/v2\/comments?post=3350"}],"wp:featuredmedia":[{"embeddable":true,"href":"https:\/\/www.ceramicbasin.com\/de\/wp-json\/wp\/v2\/media\/3355"}],"wp:attachment":[{"href":"https:\/\/www.ceramicbasin.com\/de\/wp-json\/wp\/v2\/media?parent=3350"}],"wp:term":[{"taxonomy":"product_brand","embeddable":true,"href":"https:\/\/www.ceramicbasin.com\/de\/wp-json\/wp\/v2\/product_brand?post=3350"},{"taxonomy":"product_cat","embeddable":true,"href":"https:\/\/www.ceramicbasin.com\/de\/wp-json\/wp\/v2\/product_cat?post=3350"},{"taxonomy":"product_tag","embeddable":true,"href":"https:\/\/www.ceramicbasin.com\/de\/wp-json\/wp\/v2\/product_tag?post=3350"}],"curies":[{"name":"wp","href":"https:\/\/api.w.org\/{rel}","templated":true}]}}