{"id":3358,"date":"2024-07-15T09:50:44","date_gmt":"2024-07-15T09:50:44","guid":{"rendered":"https:\/\/www.ceramicbasin.com\/?post_type=product&#038;p=3358"},"modified":"2024-11-01T10:11:36","modified_gmt":"2024-11-01T10:11:36","slug":"custom-wall-mounted-sinks-in-bulk","status":"publish","type":"product","link":"https:\/\/www.ceramicbasin.com\/de\/produkt\/custom-wall-mounted-sinks-in-bulk\/","title":{"rendered":"Top Qualit\u00e4t Custom Wall Mounted Sinks, Gro\u00dfhandel Waschbecken"},"content":{"rendered":"<div class=\"wp-block-columns is-layout-flex wp-container-core-columns-is-layout-9d6595d7 wp-block-columns-is-layout-flex\">\n<div class=\"wp-block-column is-layout-flow wp-block-column-is-layout-flow\">\n<h2 class=\"wp-block-heading\">Premium Custom Wall Mounted Sinks Merkmale:<\/h2>\n\n\n\n<ul class=\"wp-block-list\">\n<li><strong>Klassisches Design: <\/strong>Dieses ma\u00dfgefertigte, wandmontierte Waschbecken in gro\u00dfen Mengen zeichnet sich durch ein klassisches und modernes Designkonzept mit einfachen und glatten Linien aus, das sich perfekt in jeden Badezimmerstil einf\u00fcgt und die Sch\u00f6nheit und das Nutzungserlebnis des Raums verbessert.<\/li>\n\n\n\n<li><strong>Schnelle Lieferung: <\/strong>Unsere ma\u00dfgefertigten wandmontierten Waschbecken in loser Sch\u00fcttung verf\u00fcgen \u00fcber einen ausreichenden Lagerbestand und k\u00f6nnen auch bei gro\u00dfen Abnahmemengen schnell versandt werden, um den Bedarf an dringenden Projekten zu decken und die Bauzeit zu verk\u00fcrzen.<\/li>\n\n\n\n<li><strong>H\u00f6chste Qualit\u00e4t bei der Anpassung: <\/strong>Wir bieten einen hochwertigen Anpassungsservice, um sicherzustellen, dass jedes wandmontierte Waschbecken in gro\u00dfen Mengen den Anforderungen Ihrer Marke entspricht, von der Gr\u00f6\u00dfe bis zur Farbe, um einen einzigartigen Mittelpunkt im Badezimmer zu schaffen.<\/li>\n\n\n\n<li><strong>Erschwinglich: <\/strong>Trotz der ausgezeichneten Qualit\u00e4t sind unsere Waschbecken im Gro\u00dfhandel erschwinglich, und bei Gro\u00dfeink\u00e4ufen gibt es weitere Preisnachl\u00e4sse, so dass hochwertige Ma\u00dfanfertigungen nicht mehr unerschwinglich und f\u00fcr jedes Budget geeignet sind.<\/li>\n<\/ul>\n<\/div>\n\n\n\n<div class=\"wp-block-column is-layout-flow wp-block-column-is-layout-flow\">\n<figure class=\"wp-block-image size-full\"><img fetchpriority=\"high\" decoding=\"async\" width=\"667\" height=\"959\" src=\"https:\/\/www.ceramicbasin.com\/wp-content\/uploads\/2024\/07\/top-quality-custom-wall-mounted-sinks-in-bulk-with-low-price-8.webp\" alt=\"hochwertiges-individuelles-wandmontiertes-Sp\u00fclbecken-im-Massensegment-mit-g\u00fcnstigem-Preis-8\" class=\"wp-image-3366\" srcset=\"https:\/\/www.ceramicbasin.com\/wp-content\/uploads\/2024\/07\/top-quality-custom-wall-mounted-sinks-in-bulk-with-low-price-8.webp 667w, https:\/\/www.ceramicbasin.com\/wp-content\/uploads\/2024\/07\/top-quality-custom-wall-mounted-sinks-in-bulk-with-low-price-8-209x300.webp 209w, https:\/\/www.ceramicbasin.com\/wp-content\/uploads\/2024\/07\/top-quality-custom-wall-mounted-sinks-in-bulk-with-low-price-8-8x12.webp 8w, https:\/\/www.ceramicbasin.com\/wp-content\/uploads\/2024\/07\/top-quality-custom-wall-mounted-sinks-in-bulk-with-low-price-8-285x410.webp 285w, https:\/\/www.ceramicbasin.com\/wp-content\/uploads\/2024\/07\/top-quality-custom-wall-mounted-sinks-in-bulk-with-low-price-8-459x660.webp 459w, https:\/\/www.ceramicbasin.com\/wp-content\/uploads\/2024\/07\/top-quality-custom-wall-mounted-sinks-in-bulk-with-low-price-8-104x150.webp 104w\" sizes=\"(max-width: 667px) 100vw, 667px\" \/><\/figure>\n<\/div>\n<\/div>","protected":false},"excerpt":{"rendered":"<p>Willkommen bei purchae Gro\u00dfhandel Waschbecken. HanYus ma\u00dfgeschneiderte Wandwaschbecken in gro\u00dfen Mengen sind f\u00fcr Kunden gedacht, die ein Gleichgewicht zwischen Qualit\u00e4t und Kosteneffizienz suchen. Der klassische Design-Stil kombiniert mit moderner \u00c4sthetik macht dieses wandmontierte Waschbecken zu einem Kunstwerk im Badezimmer. Dank unseres gro\u00dfen Lagerbestands k\u00f6nnen wir schnell auf Gro\u00dfauftr\u00e4ge reagieren, die Wartezeit verk\u00fcrzen und den Projektfortschritt beschleunigen.<\/p>\n<table style=\"border-collapse: collapse; width: 311.02pt;\" border=\"0\" width=\"311\" cellspacing=\"0\" cellpadding=\"0\">\n<tbody>\n<tr style=\"height: 17.60pt;\">\n<td class=\"et3\" style=\"height: 17.60pt; width: 108.35pt;\" width=\"108\" height=\"17\">Hersteller<\/td>\n<td class=\"et3\" style=\"width: 202.95pt;\" width=\"202\">HanYu<\/td>\n<\/tr>\n<tr style=\"height: 17.60pt;\">\n<td class=\"et3\" style=\"height: 17.60pt;\" height=\"17\">Modell Nr.<\/td>\n<td class=\"et4\">HY3052<\/td>\n<\/tr>\n<tr style=\"height: 17.60pt;\">\n<td class=\"et3\" style=\"height: 17.60pt;\" height=\"17\">Typ<\/td>\n<td class=\"et3\">Wandwaschbecken, Miniwaschbecken<\/td>\n<\/tr>\n<tr style=\"height: 17.60pt;\">\n<td class=\"et3\" style=\"height: 17.60pt;\" height=\"17\">Form<\/td>\n<td class=\"et3\">Runde Form<\/td>\n<\/tr>\n<tr style=\"height: 17.60pt;\">\n<td class=\"et4\" style=\"height: 17.60pt;\" height=\"17\">Farbe<\/td>\n<td class=\"et3\">Wei\u00df<\/td>\n<\/tr>\n<tr style=\"height: 18.00pt;\">\n<td class=\"et3\" style=\"height: 18.00pt;\" height=\"18\">Dimension<\/td>\n<td class=\"et6\" style=\"width: 202.95pt;\" width=\"202\">45*28*15<\/td>\n<\/tr>\n<tr style=\"height: 17.60pt;\">\n<td class=\"et3\" style=\"height: 17.60pt;\" height=\"17\">N.W \/SET<\/td>\n<td class=\"et3\">7.5KGS\/PCS<\/td>\n<\/tr>\n<tr style=\"height: 17.60pt;\">\n<td class=\"et3\" style=\"height: 17.60pt;\" height=\"17\">MOQ<\/td>\n<td class=\"et3\">20St\u00fcck<\/td>\n<\/tr>\n<tr style=\"height: 17.60pt;\">\n<td class=\"et3\" style=\"height: 17.60pt;\" height=\"17\">Benutzerdefinierte Option<\/td>\n<td class=\"et3\">Farbe\/Muster\/Gr\u00f6\u00dfe\/Logo\/Verpackung<\/td>\n<\/tr>\n<\/tbody>\n<\/table>","protected":false},"featured_media":3363,"comment_status":"closed","ping_status":"closed","template":"","meta":{"_acf_changed":false},"product_brand":[],"product_cat":[57,56],"product_tag":[],"class_list":{"0":"post-3358","1":"product","2":"type-product","3":"status-publish","4":"has-post-thumbnail","6":"product_cat-wholesale-wall-mounted-sinks","7":"product_cat-wholesale-small-bathroom-sinks","9":"first","10":"instock","11":"shipping-taxable","12":"product-type-simple"},"acf":[],"_links":{"self":[{"href":"https:\/\/www.ceramicbasin.com\/de\/wp-json\/wp\/v2\/product\/3358","targetHints":{"allow":["GET"]}}],"collection":[{"href":"https:\/\/www.ceramicbasin.com\/de\/wp-json\/wp\/v2\/product"}],"about":[{"href":"https:\/\/www.ceramicbasin.com\/de\/wp-json\/wp\/v2\/types\/product"}],"replies":[{"embeddable":true,"href":"https:\/\/www.ceramicbasin.com\/de\/wp-json\/wp\/v2\/comments?post=3358"}],"wp:featuredmedia":[{"embeddable":true,"href":"https:\/\/www.ceramicbasin.com\/de\/wp-json\/wp\/v2\/media\/3363"}],"wp:attachment":[{"href":"https:\/\/www.ceramicbasin.com\/de\/wp-json\/wp\/v2\/media?parent=3358"}],"wp:term":[{"taxonomy":"product_brand","embeddable":true,"href":"https:\/\/www.ceramicbasin.com\/de\/wp-json\/wp\/v2\/product_brand?post=3358"},{"taxonomy":"product_cat","embeddable":true,"href":"https:\/\/www.ceramicbasin.com\/de\/wp-json\/wp\/v2\/product_cat?post=3358"},{"taxonomy":"product_tag","embeddable":true,"href":"https:\/\/www.ceramicbasin.com\/de\/wp-json\/wp\/v2\/product_tag?post=3358"}],"curies":[{"name":"wp","href":"https:\/\/api.w.org\/{rel}","templated":true}]}}