{"id":3381,"date":"2024-07-16T08:27:49","date_gmt":"2024-07-16T08:27:49","guid":{"rendered":"https:\/\/www.ceramicbasin.com\/?post_type=product&#038;p=3381"},"modified":"2024-11-01T10:05:20","modified_gmt":"2024-11-01T10:05:20","slug":"wall-hanging-ceramic-basins-wholesale","status":"publish","type":"product","link":"https:\/\/www.ceramicbasin.com\/de\/produkt\/wall-hanging-ceramic-basins-wholesale\/","title":{"rendered":"Langlebige Wand h\u00e4ngende keramische Waschbecken Gro\u00dfhandel f\u00fcr Toilette"},"content":{"rendered":"<div class=\"wp-block-columns is-layout-flex wp-container-core-columns-is-layout-9d6595d7 wp-block-columns-is-layout-flex\">\n<div class=\"wp-block-column is-layout-flow wp-block-column-is-layout-flow\">\n<h2 class=\"wp-block-heading\">Premium Wall Hanging Ceramic Basins Wholesale Eigenschaften:<\/h2>\n\n\n\n<ul class=\"wp-block-list\">\n<li><strong>Einfachheit und Sch\u00f6nheit: <\/strong>Diese wandh\u00e4ngenden Keramikbecken im Gro\u00dfhandel sind einfach im Design. Au\u00dferdem ist die wei\u00dfe Keramikoberfl\u00e4che glatt und zart und leicht zu reinigen.<\/li>\n\n\n\n<li><strong>Wandh\u00e4ngende Ausf\u00fchrung: <\/strong>Unsere wandh\u00e4ngenden Waschbecken Gro\u00dfhandel verwendet Wand h\u00e4ngende Installation, spart Platz, so dass der Boden bequemer zu reinigen, inzwischen Erh\u00f6hung der Modernit\u00e4t und Sauberkeit des Waschraums.<\/li>\n\n\n\n<li><strong>Langlebiges Keramikmaterial: <\/strong>Unsere wandh\u00e4ngenden Keramikbecken im Gro\u00dfhandel werden aus hochwertigen Keramikmaterialien hergestellt, die sicherstellen, dass das Produkt sehr hart und korrosionsbest\u00e4ndig ist, so dass es auch in \u00f6ffentlichen Toiletten mit hoher Luftfeuchtigkeit lange Zeit verwendet werden kann.<\/li>\n\n\n\n<li><strong>Rabatt bei Gro\u00dfeinkauf: <\/strong>Als ein professioneller Hersteller von Keramikbecken in China bietet HanYu sehr wettbewerbsf\u00e4hige Gro\u00dfhandelspreise f\u00fcr wandh\u00e4ngende Becken im Gro\u00dfhandel an, die f\u00fcr den Gro\u00dfeinkauf von Hotels, Schulen, Krankenh\u00e4usern und \u00f6ffentlichen Einrichtungen geeignet sind.<\/li>\n<\/ul>\n<\/div>\n\n\n\n<div class=\"wp-block-column is-layout-flow wp-block-column-is-layout-flow\">\n<figure class=\"wp-block-image size-full\"><img fetchpriority=\"high\" decoding=\"async\" width=\"1346\" height=\"1787\" src=\"https:\/\/www.ceramicbasin.com\/wp-content\/uploads\/2024\/07\/durable-wall-hanging-ceramic-basins-wholesale-for-washroom-6.webp\" alt=\"langlebige wandh\u00e4ngende keramikbecken-gro\u00dfhandel-f\u00fcr-waschraum-2\" class=\"wp-image-3387\" srcset=\"https:\/\/www.ceramicbasin.com\/wp-content\/uploads\/2024\/07\/durable-wall-hanging-ceramic-basins-wholesale-for-washroom-6.webp 1346w, https:\/\/www.ceramicbasin.com\/wp-content\/uploads\/2024\/07\/durable-wall-hanging-ceramic-basins-wholesale-for-washroom-6-226x300.webp 226w, https:\/\/www.ceramicbasin.com\/wp-content\/uploads\/2024\/07\/durable-wall-hanging-ceramic-basins-wholesale-for-washroom-6-768x1020.webp 768w, https:\/\/www.ceramicbasin.com\/wp-content\/uploads\/2024\/07\/durable-wall-hanging-ceramic-basins-wholesale-for-washroom-6-9x12.webp 9w, https:\/\/www.ceramicbasin.com\/wp-content\/uploads\/2024\/07\/durable-wall-hanging-ceramic-basins-wholesale-for-washroom-6-285x378.webp 285w, https:\/\/www.ceramicbasin.com\/wp-content\/uploads\/2024\/07\/durable-wall-hanging-ceramic-basins-wholesale-for-washroom-6-497x660.webp 497w, https:\/\/www.ceramicbasin.com\/wp-content\/uploads\/2024\/07\/durable-wall-hanging-ceramic-basins-wholesale-for-washroom-6-113x150.webp 113w\" sizes=\"(max-width: 1346px) 100vw, 1346px\" \/><\/figure>\n<\/div>\n<\/div>","protected":false},"excerpt":{"rendered":"<p>Willkommen im Gro\u00dfhandel Keramik Waschbecken zu kaufen. Diese wandh\u00e4ngenden Keramikbecken Gro\u00dfhandel sind f\u00fcr \u00f6ffentliche Orte, die Zweckm\u00e4\u00dfigkeit und Sch\u00f6nheit verfolgen konzipiert. Die Auswahl hochwertiger keramischer Materialien sorgt daf\u00fcr, dass unsere wandh\u00e4ngenden Waschbecken eine ausgezeichnete Haltbarkeit und Sch\u00f6nheit aufweisen. Das wandh\u00e4ngende Design spart nicht nur Platz, sondern erleichtert auch die Bodenreinigung.<\/p>\n<table style=\"border-collapse: collapse; width: 311.02pt;\" border=\"0\" width=\"311\" cellspacing=\"0\" cellpadding=\"0\">\n<tbody>\n<tr style=\"height: 17.60pt;\">\n<td class=\"et3\" style=\"height: 17.60pt; width: 108.35pt;\" width=\"108\" height=\"17\">Hersteller<\/td>\n<td class=\"et3\" style=\"width: 202.95pt;\" width=\"202\">HanYu<\/td>\n<\/tr>\n<tr style=\"height: 17.60pt;\">\n<td class=\"et3\" style=\"height: 17.60pt;\" height=\"17\">Modell Nr.<\/td>\n<td class=\"et4\">HY3103<\/td>\n<\/tr>\n<tr style=\"height: 17.60pt;\">\n<td class=\"et3\" style=\"height: 17.60pt;\" height=\"17\">Typ<\/td>\n<td class=\"et3\">Wandbefestigtes Becken<\/td>\n<\/tr>\n<tr style=\"height: 17.60pt;\">\n<td class=\"et3\" style=\"height: 17.60pt;\" height=\"17\">Form<\/td>\n<td class=\"et3\">Quadratische Form<\/td>\n<\/tr>\n<tr style=\"height: 17.60pt;\">\n<td class=\"et4\" style=\"height: 17.60pt;\" height=\"17\">Farbe<\/td>\n<td class=\"et3\">Wei\u00df<\/td>\n<\/tr>\n<tr style=\"height: 18.00pt;\">\n<td class=\"et3\" style=\"height: 18.00pt;\" height=\"18\">Dimension<\/td>\n<td class=\"et5\" style=\"width: 202.95pt;\" width=\"202\">43*43*46<\/td>\n<\/tr>\n<tr style=\"height: 17.60pt;\">\n<td class=\"et3\" style=\"height: 17.60pt;\" height=\"17\">N.W \/SET<\/td>\n<td class=\"et3\">17KGS\/PCS<\/td>\n<\/tr>\n<tr style=\"height: 17.60pt;\">\n<td class=\"et3\" style=\"height: 17.60pt;\" height=\"17\">MOQ<\/td>\n<td class=\"et3\">20St\u00fcck<\/td>\n<\/tr>\n<tr style=\"height: 17.60pt;\">\n<td class=\"et3\" style=\"height: 17.60pt;\" height=\"17\">Benutzerdefinierte Option<\/td>\n<td class=\"et3\">Farbe\/Muster\/Gr\u00f6\u00dfe\/Logo\/Verpackung<\/td>\n<\/tr>\n<\/tbody>\n<\/table>","protected":false},"featured_media":3383,"comment_status":"closed","ping_status":"closed","template":"","meta":{"_acf_changed":false},"product_brand":[],"product_cat":[57],"product_tag":[],"class_list":{"0":"post-3381","1":"product","2":"type-product","3":"status-publish","4":"has-post-thumbnail","6":"product_cat-wholesale-wall-mounted-sinks","8":"first","9":"instock","10":"shipping-taxable","11":"product-type-simple"},"acf":[],"_links":{"self":[{"href":"https:\/\/www.ceramicbasin.com\/de\/wp-json\/wp\/v2\/product\/3381","targetHints":{"allow":["GET"]}}],"collection":[{"href":"https:\/\/www.ceramicbasin.com\/de\/wp-json\/wp\/v2\/product"}],"about":[{"href":"https:\/\/www.ceramicbasin.com\/de\/wp-json\/wp\/v2\/types\/product"}],"replies":[{"embeddable":true,"href":"https:\/\/www.ceramicbasin.com\/de\/wp-json\/wp\/v2\/comments?post=3381"}],"wp:featuredmedia":[{"embeddable":true,"href":"https:\/\/www.ceramicbasin.com\/de\/wp-json\/wp\/v2\/media\/3383"}],"wp:attachment":[{"href":"https:\/\/www.ceramicbasin.com\/de\/wp-json\/wp\/v2\/media?parent=3381"}],"wp:term":[{"taxonomy":"product_brand","embeddable":true,"href":"https:\/\/www.ceramicbasin.com\/de\/wp-json\/wp\/v2\/product_brand?post=3381"},{"taxonomy":"product_cat","embeddable":true,"href":"https:\/\/www.ceramicbasin.com\/de\/wp-json\/wp\/v2\/product_cat?post=3381"},{"taxonomy":"product_tag","embeddable":true,"href":"https:\/\/www.ceramicbasin.com\/de\/wp-json\/wp\/v2\/product_tag?post=3381"}],"curies":[{"name":"wp","href":"https:\/\/api.w.org\/{rel}","templated":true}]}}