{"id":3416,"date":"2024-07-16T09:49:18","date_gmt":"2024-07-16T09:49:18","guid":{"rendered":"https:\/\/www.ceramicbasin.com\/?post_type=product&#038;p=3416"},"modified":"2024-11-01T09:58:43","modified_gmt":"2024-11-01T09:58:43","slug":"mini-wall-hang-basin-bulk","status":"publish","type":"product","link":"https:\/\/www.ceramicbasin.com\/de\/produkt\/mini-wall-hang-basin-bulk\/","title":{"rendered":"Mini Wall Hang Basin Bulk, Tiny Badezimmer Waschbecken Gro\u00dfhandel"},"content":{"rendered":"<div class=\"wp-block-columns is-layout-flex wp-container-core-columns-is-layout-9d6595d7 wp-block-columns-is-layout-flex\">\n<div class=\"wp-block-column is-layout-flow wp-block-column-is-layout-flow\">\n<h2 class=\"wp-block-heading\">Premium Mini Wall Hang Basin Bulk Merkmale:<\/h2>\n\n\n\n<ul class=\"wp-block-list\">\n<li><strong>Platzoptimiertes Design: <\/strong>Dieses Mini-Wandwaschbecken Bulk ist f\u00fcr kleine B\u00e4der konzipiert. Das Wandwaschbecken im Miniformat spart effektiv Platz und ist eine ideale Wahl f\u00fcr kleine Wohnungen oder Hotelzimmer.<\/li>\n\n\n\n<li><strong>Hochwertiges keramisches Material: <\/strong>Unsere winzigen Badezimmerwaschbecken im Gro\u00dfhandel werden aus hochwertigen keramischen Rohstoffen hergestellt und bei hohen Temperaturen gebrannt, um sicherzustellen, dass das Produkt langlebig, glatt, leicht zu reinigen und zu pflegen ist und eine lang anhaltende Sch\u00f6nheit beh\u00e4lt.<\/li>\n\n\n\n<li><strong>Wandmontierte Installation: <\/strong>Dieses Mini-Wandwaschbecken wird an der Wand befestigt, was nicht nur Platz spart, sondern auch die Reinigung des Bodens erleichtert und das Badezimmer insgesamt ordentlicher und moderner macht.<\/li>\n\n\n\n<li><strong>Gro\u00dfer Vorteil:<\/strong> Als professioneller Hersteller von Keramikwaschbecken bietet HanYu winzige Badezimmerwaschbecken im Gro\u00dfhandel zu sehr wettbewerbsf\u00e4higen Preisen an, die sich f\u00fcr den gro\u00dfen Dekorationsbedarf von Hotels, Wohnungen und Wohnprojekten eignen.<\/li>\n<\/ul>\n<\/div>\n\n\n\n<div class=\"wp-block-column is-layout-flow wp-block-column-is-layout-flow\">\n<figure class=\"wp-block-image size-full\"><img fetchpriority=\"high\" decoding=\"async\" width=\"607\" height=\"879\" src=\"https:\/\/www.ceramicbasin.com\/wp-content\/uploads\/2024\/07\/factory-supply-mini-wall-hang-basin-bulk-for-tiny-bathroom-8.webp\" alt=\"factory-supply-mini-wall-hang-basin-bulk-for-tiny-bathroom-8\" class=\"wp-image-3424\" srcset=\"https:\/\/www.ceramicbasin.com\/wp-content\/uploads\/2024\/07\/factory-supply-mini-wall-hang-basin-bulk-for-tiny-bathroom-8.webp 607w, https:\/\/www.ceramicbasin.com\/wp-content\/uploads\/2024\/07\/factory-supply-mini-wall-hang-basin-bulk-for-tiny-bathroom-8-207x300.webp 207w, https:\/\/www.ceramicbasin.com\/wp-content\/uploads\/2024\/07\/factory-supply-mini-wall-hang-basin-bulk-for-tiny-bathroom-8-8x12.webp 8w, https:\/\/www.ceramicbasin.com\/wp-content\/uploads\/2024\/07\/factory-supply-mini-wall-hang-basin-bulk-for-tiny-bathroom-8-285x413.webp 285w, https:\/\/www.ceramicbasin.com\/wp-content\/uploads\/2024\/07\/factory-supply-mini-wall-hang-basin-bulk-for-tiny-bathroom-8-456x660.webp 456w, https:\/\/www.ceramicbasin.com\/wp-content\/uploads\/2024\/07\/factory-supply-mini-wall-hang-basin-bulk-for-tiny-bathroom-8-104x150.webp 104w\" sizes=\"(max-width: 607px) 100vw, 607px\" \/><\/figure>\n<\/div>\n<\/div>","protected":false},"excerpt":{"rendered":"<p>Willkommen zum Kauf winzigen Bad Waschbecken Gro\u00dfhandel. Diese Mini-Wand h\u00e4ngen Waschbecken lose ist entworfen, um die Herausforderungen der kleinen Raum B\u00e4der zu l\u00f6sen. Die hochwertigen keramischen Materialien ausgew\u00e4hlt gew\u00e4hrleisten die Haltbarkeit und einfache Reinigung des Produkts. Der Vorzugspreis des Gro\u00dfeinkaufs hilft Ihnen, die Kosten zu kontrollieren.<\/p>\n<table style=\"border-collapse: collapse; width: 311.02pt;\" border=\"0\" width=\"311\" cellspacing=\"0\" cellpadding=\"0\">\n<tbody>\n<tr style=\"height: 17.60pt;\">\n<td class=\"et3\" style=\"height: 17.60pt; width: 108.35pt;\" width=\"108\" height=\"17\">Hersteller<\/td>\n<td class=\"et3\" style=\"width: 202.95pt;\" width=\"202\">HanYu<\/td>\n<\/tr>\n<tr style=\"height: 17.60pt;\">\n<td class=\"et3\" style=\"height: 17.60pt;\" height=\"17\">Modell Nr.<\/td>\n<td class=\"et4\">HY3076<\/td>\n<\/tr>\n<tr style=\"height: 17.60pt;\">\n<td class=\"et3\" style=\"height: 17.60pt;\" height=\"17\">Typ<\/td>\n<td class=\"et3\">Wandwaschbecken, kleines Waschbecken<\/td>\n<\/tr>\n<tr style=\"height: 17.60pt;\">\n<td class=\"et3\" style=\"height: 17.60pt;\" height=\"17\">Form<\/td>\n<td class=\"et3\">Rechteckige Form<\/td>\n<\/tr>\n<tr style=\"height: 17.60pt;\">\n<td class=\"et4\" style=\"height: 17.60pt;\" height=\"17\">Farbe<\/td>\n<td class=\"et3\">Wei\u00df<\/td>\n<\/tr>\n<tr style=\"height: 18.00pt;\">\n<td class=\"et3\" style=\"height: 18.00pt;\" height=\"18\">Dimension<\/td>\n<td class=\"et6\" style=\"width: 202.95pt;\" width=\"202\">31*19*11<\/td>\n<\/tr>\n<tr style=\"height: 17.60pt;\">\n<td class=\"et3\" style=\"height: 17.60pt;\" height=\"17\">N.W \/SET<\/td>\n<td class=\"et3\">5KGS\/PCS<\/td>\n<\/tr>\n<tr style=\"height: 17.60pt;\">\n<td class=\"et3\" style=\"height: 17.60pt;\" height=\"17\">MOQ<\/td>\n<td class=\"et3\">10St\u00fcck<\/td>\n<\/tr>\n<tr style=\"height: 17.60pt;\">\n<td class=\"et3\" style=\"height: 17.60pt;\" height=\"17\">Benutzerdefinierte Option<\/td>\n<td class=\"et3\">Farbe\/Muster\/Gr\u00f6\u00dfe\/Logo\/Verpackung<\/td>\n<\/tr>\n<\/tbody>\n<\/table>","protected":false},"featured_media":3421,"comment_status":"closed","ping_status":"closed","template":"","meta":{"_acf_changed":false},"product_brand":[],"product_cat":[56],"product_tag":[],"class_list":{"0":"post-3416","1":"product","2":"type-product","3":"status-publish","4":"has-post-thumbnail","6":"product_cat-wholesale-small-bathroom-sinks","8":"first","9":"instock","10":"shipping-taxable","11":"product-type-simple"},"acf":[],"_links":{"self":[{"href":"https:\/\/www.ceramicbasin.com\/de\/wp-json\/wp\/v2\/product\/3416","targetHints":{"allow":["GET"]}}],"collection":[{"href":"https:\/\/www.ceramicbasin.com\/de\/wp-json\/wp\/v2\/product"}],"about":[{"href":"https:\/\/www.ceramicbasin.com\/de\/wp-json\/wp\/v2\/types\/product"}],"replies":[{"embeddable":true,"href":"https:\/\/www.ceramicbasin.com\/de\/wp-json\/wp\/v2\/comments?post=3416"}],"wp:featuredmedia":[{"embeddable":true,"href":"https:\/\/www.ceramicbasin.com\/de\/wp-json\/wp\/v2\/media\/3421"}],"wp:attachment":[{"href":"https:\/\/www.ceramicbasin.com\/de\/wp-json\/wp\/v2\/media?parent=3416"}],"wp:term":[{"taxonomy":"product_brand","embeddable":true,"href":"https:\/\/www.ceramicbasin.com\/de\/wp-json\/wp\/v2\/product_brand?post=3416"},{"taxonomy":"product_cat","embeddable":true,"href":"https:\/\/www.ceramicbasin.com\/de\/wp-json\/wp\/v2\/product_cat?post=3416"},{"taxonomy":"product_tag","embeddable":true,"href":"https:\/\/www.ceramicbasin.com\/de\/wp-json\/wp\/v2\/product_tag?post=3416"}],"curies":[{"name":"wp","href":"https:\/\/api.w.org\/{rel}","templated":true}]}}