{"id":3425,"date":"2024-07-16T10:04:08","date_gmt":"2024-07-16T10:04:08","guid":{"rendered":"https:\/\/www.ceramicbasin.com\/?post_type=product&#038;p=3425"},"modified":"2025-10-23T09:21:13","modified_gmt":"2025-10-23T09:21:13","slug":"factory-supply-matt-basin-in-bulk","status":"publish","type":"product","link":"https:\/\/www.ceramicbasin.com\/de\/produkt\/factory-supply-matt-basin-in-bulk\/","title":{"rendered":"Fabrik Gro\u00dfhandel mattes Becken in Bulk, rechteckige Eitelkeit Waschbecken"},"content":{"rendered":"<div class=\"wp-block-columns is-layout-flex wp-container-core-columns-is-layout-9d6595d7 wp-block-columns-is-layout-flex\">\n<div class=\"wp-block-column is-layout-flow wp-block-column-is-layout-flow\">\n<h2 class=\"wp-block-heading\">Premium-Gro\u00dfhandel Matt Becken in Bulk Features:<\/h2>\n\n\n\n<ul class=\"wp-block-list\">\n<li><strong>Matte Glasur: <\/strong>Dieses matte Keramikbecken in loser Sch\u00fcttung verwendet die neueste und beliebte Mattglasur-Behandlungstechnologie, die dem matten Becken ein einzigartiges haptisches Erlebnis verleiht. Seine zarte und weiche Oberfl\u00e4che ist nicht nur sch\u00f6n, sondern sorgt auch f\u00fcr mehr Komfort bei der Benutzung.<\/li>\n\n\n\n<li><strong>Farbenvielfalt: <\/strong>Unser Gro\u00dfhandel Waschbecken bietet eine Vielzahl von Farboptionen, von traditionell bis modern, jede Farbe wurde sorgf\u00e4ltig ausgew\u00e4hlt, um sicherzustellen, dass es perfekt mit der matten Glasur kombiniert wird, bringt einen pers\u00f6nlichen Stil f\u00fcr das Bad Raum.<\/li>\n\n\n\n<li><strong>Einfache Installation: <\/strong>Diese matten Gro\u00dfhandelswaschbecken f\u00fcr die Montage \u00fcber der Theke sind einfach zu installieren und bieten eine problemlose L\u00f6sung sowohl f\u00fcr Neubauten als auch f\u00fcr Badrenovierungen.<\/li>\n\n\n\n<li><strong>Schnelle Lieferung: <\/strong>Als erfahrener Hersteller von Keramikwaschbecken verf\u00fcgt HanYu \u00fcber eine hohe Produktionskapazit\u00e4t und kann gro\u00dfe Mengen an Waschbecken zu einem ausgezeichneten Preis-Leistungs-Verh\u00e4ltnis liefern, um sicherzustellen, dass Ihr Projektfortschritt nicht beeintr\u00e4chtigt wird.<\/li>\n<\/ul>\n<\/div>\n\n\n\n<div class=\"wp-block-column is-layout-flow wp-block-column-is-layout-flow\">\n<figure class=\"wp-block-image size-full\"><img fetchpriority=\"high\" decoding=\"async\" width=\"800\" height=\"800\" src=\"https:\/\/www.ceramicbasin.com\/wp-content\/uploads\/2024\/07\/above-counter-bathroom-sinks\uff0csink-counter-tops\uff0cmatt-white-basin6.webp\" alt=\"\" class=\"wp-image-7291\" srcset=\"https:\/\/www.ceramicbasin.com\/wp-content\/uploads\/2024\/07\/above-counter-bathroom-sinks\uff0csink-counter-tops\uff0cmatt-white-basin6.webp 800w, https:\/\/www.ceramicbasin.com\/wp-content\/uploads\/2024\/07\/above-counter-bathroom-sinks\uff0csink-counter-tops\uff0cmatt-white-basin6-300x300.webp 300w, https:\/\/www.ceramicbasin.com\/wp-content\/uploads\/2024\/07\/above-counter-bathroom-sinks\uff0csink-counter-tops\uff0cmatt-white-basin6-150x150.webp 150w, https:\/\/www.ceramicbasin.com\/wp-content\/uploads\/2024\/07\/above-counter-bathroom-sinks\uff0csink-counter-tops\uff0cmatt-white-basin6-768x768.webp 768w, https:\/\/www.ceramicbasin.com\/wp-content\/uploads\/2024\/07\/above-counter-bathroom-sinks\uff0csink-counter-tops\uff0cmatt-white-basin6-12x12.webp 12w, https:\/\/www.ceramicbasin.com\/wp-content\/uploads\/2024\/07\/above-counter-bathroom-sinks\uff0csink-counter-tops\uff0cmatt-white-basin6-285x285.webp 285w, https:\/\/www.ceramicbasin.com\/wp-content\/uploads\/2024\/07\/above-counter-bathroom-sinks\uff0csink-counter-tops\uff0cmatt-white-basin6-270x270.webp 270w, https:\/\/www.ceramicbasin.com\/wp-content\/uploads\/2024\/07\/above-counter-bathroom-sinks\uff0csink-counter-tops\uff0cmatt-white-basin6-540x540.webp 540w, https:\/\/www.ceramicbasin.com\/wp-content\/uploads\/2024\/07\/above-counter-bathroom-sinks\uff0csink-counter-tops\uff0cmatt-white-basin6-660x660.webp 660w\" sizes=\"(max-width: 800px) 100vw, 800px\" \/><\/figure>\n<\/div>\n<\/div>\n\n\n\n<p><\/p>","protected":false},"excerpt":{"rendered":"<p>Willkommen zum Kauf Gro\u00dfhandel Eitelkeit Waschbecken. Dieses matte Waschbecken im Gro\u00dfhandel zeichnet sich durch seine innovative Mattglasurtechnologie aus, die nicht nur die visuelle Textur des Produkts verbessert, sondern auch ein au\u00dfergew\u00f6hnliches taktiles Vergn\u00fcgen bietet.<\/p>\n<table style=\"border-collapse: collapse; width: 311.02pt;\" border=\"0\" width=\"311\" cellspacing=\"0\" cellpadding=\"0\">\n<tbody>\n<tr style=\"height: 17.60pt;\">\n<td class=\"et3\" style=\"height: 17.60pt; width: 108.35pt;\" width=\"108\" height=\"17\">Hersteller<\/td>\n<td class=\"et3\" style=\"width: 202.95pt;\" width=\"202\">HanYu<\/td>\n<\/tr>\n<tr style=\"height: 17.60pt;\">\n<td class=\"et3\" style=\"height: 17.60pt;\" height=\"17\">Modell Nr.<\/td>\n<td class=\"et4\">HY-8030AMB<\/td>\n<\/tr>\n<tr style=\"height: 17.60pt;\">\n<td class=\"et3\" style=\"height: 17.60pt;\" height=\"17\">Typ<\/td>\n<td class=\"et3\">Mattes Waschbecken, Aufsatzbecken<\/td>\n<\/tr>\n<tr style=\"height: 17.60pt;\">\n<td class=\"et3\" style=\"height: 17.60pt;\" height=\"17\">Form<\/td>\n<td class=\"et3\">Rechteckige Form<\/td>\n<\/tr>\n<tr style=\"height: 36.00pt;\">\n<td class=\"et4\" style=\"height: 36.00pt;\" height=\"36\">Farbe<\/td>\n<td class=\"et5\" style=\"width: 202.95pt;\" width=\"202\">Schwarz\/Wei\u00df\/Blau\/Grau\/Rosa\/Gr\u00fcn\/Braun\/Khaki......<\/td>\n<\/tr>\n<tr style=\"height: 18.00pt;\">\n<td class=\"et3\" style=\"height: 18.00pt;\" height=\"18\">Dimension<\/td>\n<td class=\"et5\" style=\"width: 202.95pt;\" width=\"202\">60.5*35*11<\/td>\n<\/tr>\n<tr style=\"height: 17.60pt;\">\n<td class=\"et3\" style=\"height: 17.60pt;\" height=\"17\">N.W \/SET<\/td>\n<td class=\"et3\">15KGS\/PCS<\/td>\n<\/tr>\n<tr style=\"height: 17.60pt;\">\n<td class=\"et3\" style=\"height: 17.60pt;\" height=\"17\">MOQ<\/td>\n<td class=\"et3\">20St\u00fcck<\/td>\n<\/tr>\n<tr style=\"height: 17.60pt;\">\n<td class=\"et3\" style=\"height: 17.60pt;\" height=\"17\">Benutzerdefinierte Option<\/td>\n<td class=\"et3\">Farbe\/Muster\/Gr\u00f6\u00dfe\/Logo\/Verpackung<\/td>\n<\/tr>\n<\/tbody>\n<\/table>\n<p>&nbsp;<\/p>","protected":false},"featured_media":7289,"comment_status":"closed","ping_status":"closed","template":"","meta":{"_acf_changed":false},"product_brand":[],"product_cat":[55,50],"product_tag":[],"class_list":{"0":"post-3425","1":"product","2":"type-product","3":"status-publish","4":"has-post-thumbnail","6":"product_cat-wholesale-matte-sinks","7":"product_cat-wholesale-countertop-sinks","9":"first","10":"instock","11":"shipping-taxable","12":"product-type-simple"},"acf":[],"_links":{"self":[{"href":"https:\/\/www.ceramicbasin.com\/de\/wp-json\/wp\/v2\/product\/3425","targetHints":{"allow":["GET"]}}],"collection":[{"href":"https:\/\/www.ceramicbasin.com\/de\/wp-json\/wp\/v2\/product"}],"about":[{"href":"https:\/\/www.ceramicbasin.com\/de\/wp-json\/wp\/v2\/types\/product"}],"replies":[{"embeddable":true,"href":"https:\/\/www.ceramicbasin.com\/de\/wp-json\/wp\/v2\/comments?post=3425"}],"wp:featuredmedia":[{"embeddable":true,"href":"https:\/\/www.ceramicbasin.com\/de\/wp-json\/wp\/v2\/media\/7289"}],"wp:attachment":[{"href":"https:\/\/www.ceramicbasin.com\/de\/wp-json\/wp\/v2\/media?parent=3425"}],"wp:term":[{"taxonomy":"product_brand","embeddable":true,"href":"https:\/\/www.ceramicbasin.com\/de\/wp-json\/wp\/v2\/product_brand?post=3425"},{"taxonomy":"product_cat","embeddable":true,"href":"https:\/\/www.ceramicbasin.com\/de\/wp-json\/wp\/v2\/product_cat?post=3425"},{"taxonomy":"product_tag","embeddable":true,"href":"https:\/\/www.ceramicbasin.com\/de\/wp-json\/wp\/v2\/product_tag?post=3425"}],"curies":[{"name":"wp","href":"https:\/\/api.w.org\/{rel}","templated":true}]}}