{"id":3440,"date":"2024-07-17T06:45:42","date_gmt":"2024-07-17T06:45:42","guid":{"rendered":"https:\/\/www.ceramicbasin.com\/?post_type=product&#038;p=3440"},"modified":"2024-07-26T09:03:44","modified_gmt":"2024-07-26T09:03:44","slug":"small-wall-hung-matt-basins-wholesale","status":"publish","type":"product","link":"https:\/\/www.ceramicbasin.com\/de\/produkt\/small-wall-hung-matt-basins-wholesale\/","title":{"rendered":"Kleine wandh\u00e4ngende matte Waschbecken Gro\u00dfhandel f\u00fcr kompakte B\u00e4der"},"content":{"rendered":"<div class=\"wp-block-columns is-layout-flex wp-container-core-columns-is-layout-9d6595d7 wp-block-columns-is-layout-flex\">\n<div class=\"wp-block-column is-layout-flow wp-block-column-is-layout-flow\">\n<h2 class=\"wp-block-heading\">Premium-Matt-Becken Gro\u00dfhandel Merkmale:<\/h2>\n\n\n\n<ul class=\"wp-block-list\">\n<li><strong>Platzsparendes Design: <\/strong>Dieses matte Waschbecken aus dem Gro\u00dfhandel ist speziell f\u00fcr kompakte B\u00e4der konzipiert. Das kleine, an der Wand montierte Design spart maximal Platz und bietet gleichzeitig eine gute Funktionalit\u00e4t.<\/li>\n\n\n\n<li><strong>Matte Textur der Glasur:<\/strong> Unsere matten Waschbecken Gro\u00dfhandel nimmt hochwertige matte Glasur Behandlung, die eine zarte und glatte Note. Es ist nicht nur sch\u00f6n, sondern auch leicht zu reinigen. Es bleibt auch nach langem Gebrauch hell und sauber.<\/li>\n\n\n\n<li><strong>Einfach zu installieren und zu warten: <\/strong>Die leichte Struktur dieses wandh\u00e4ngenden Waschbeckens ist f\u00fcr die Wandbefestigung geeignet. Gleichzeitig verringert die glatte Oberfl\u00e4che die Schwierigkeiten bei der Reinigung und spart Zeit und M\u00fche.<\/li>\n\n\n\n<li><strong>Vielf\u00e4ltige Farboptionen:<\/strong> Unsere matten Gro\u00dfhandelsbecken bieten eine Vielzahl von Farboptionen, um den Bed\u00fcrfnissen verschiedener Einrichtungsstile gerecht zu werden. Ob es moderne Einfachheit oder Retro-Stil ist, k\u00f6nnen Sie eine passende \u00dcbereinstimmung zu finden.<\/li>\n<\/ul>\n<\/div>\n\n\n\n<div class=\"wp-block-column is-layout-flow wp-block-column-is-layout-flow\">\n<figure class=\"wp-block-image size-full\"><img fetchpriority=\"high\" decoding=\"async\" width=\"827\" height=\"1232\" src=\"https:\/\/www.ceramicbasin.com\/wp-content\/uploads\/2024\/07\/small-wall-hung-matt-basins-wholesale-for-compact-bathrooms-6.webp\" alt=\"kleine-wandh\u00e4ngende-matte-waschbecken-gro\u00dfhandel-f\u00fcr-kompakte-badezimmer-6\" class=\"wp-image-3446\" srcset=\"https:\/\/www.ceramicbasin.com\/wp-content\/uploads\/2024\/07\/small-wall-hung-matt-basins-wholesale-for-compact-bathrooms-6.webp 827w, https:\/\/www.ceramicbasin.com\/wp-content\/uploads\/2024\/07\/small-wall-hung-matt-basins-wholesale-for-compact-bathrooms-6-201x300.webp 201w, https:\/\/www.ceramicbasin.com\/wp-content\/uploads\/2024\/07\/small-wall-hung-matt-basins-wholesale-for-compact-bathrooms-6-768x1144.webp 768w, https:\/\/www.ceramicbasin.com\/wp-content\/uploads\/2024\/07\/small-wall-hung-matt-basins-wholesale-for-compact-bathrooms-6-8x12.webp 8w, https:\/\/www.ceramicbasin.com\/wp-content\/uploads\/2024\/07\/small-wall-hung-matt-basins-wholesale-for-compact-bathrooms-6-285x425.webp 285w, https:\/\/www.ceramicbasin.com\/wp-content\/uploads\/2024\/07\/small-wall-hung-matt-basins-wholesale-for-compact-bathrooms-6-443x660.webp 443w, https:\/\/www.ceramicbasin.com\/wp-content\/uploads\/2024\/07\/small-wall-hung-matt-basins-wholesale-for-compact-bathrooms-6-101x150.webp 101w\" sizes=\"(max-width: 827px) 100vw, 827px\" \/><\/figure>\n<\/div>\n<\/div>","protected":false},"excerpt":{"rendered":"<p>Unser kleines mattes Wandwaschbecken f\u00fcr den Gro\u00dfhandel wurde f\u00fcr kompakte B\u00e4der entwickelt und ist mit seiner exquisiten Form und hervorragenden Funktionalit\u00e4t die perfekte Rauml\u00f6sung. Die matte Glasur verleiht dem Waschbecken eine einzigartige Textur und ist einfach zu installieren und zu pflegen. Die reiche Farbauswahl passt zu jedem Einrichtungsstil im Badezimmer.<\/p>\n<table style=\"border-collapse: collapse; width: 311.02pt;\" border=\"0\" width=\"311\" cellspacing=\"0\" cellpadding=\"0\">\n<tbody>\n<tr style=\"height: 17.60pt;\">\n<td class=\"et3\" style=\"height: 17.60pt; width: 108.35pt;\" width=\"108\" height=\"17\">Hersteller<\/td>\n<td class=\"et3\" style=\"width: 202.95pt;\" width=\"202\">HanYu<\/td>\n<\/tr>\n<tr style=\"height: 17.60pt;\">\n<td class=\"et3\" style=\"height: 17.60pt;\" height=\"17\">Modell Nr.<\/td>\n<td class=\"et4\">HY-3085RMB<\/td>\n<\/tr>\n<tr style=\"height: 36.00pt;\">\n<td class=\"et3\" style=\"height: 36.00pt;\" height=\"36\">Typ<\/td>\n<td class=\"et5\" style=\"width: 202.95pt;\" width=\"202\">Mattes Becken, wandmontiertes Becken, kleines Becken<\/td>\n<\/tr>\n<tr style=\"height: 17.60pt;\">\n<td class=\"et3\" style=\"height: 17.60pt;\" height=\"17\">Form<\/td>\n<td class=\"et3\">Rechteckige Form<\/td>\n<\/tr>\n<tr style=\"height: 36.00pt;\">\n<td class=\"et4\" style=\"height: 36.00pt;\" height=\"36\">Farbe<\/td>\n<td class=\"et5\" style=\"width: 202.95pt;\" width=\"202\">Schwarz\/Wei\u00df\/Blau\/Grau\/Rosa\/Gr\u00fcn\/Braun\/Khaki......<\/td>\n<\/tr>\n<tr style=\"height: 18.00pt;\">\n<td class=\"et3\" style=\"height: 18.00pt;\" height=\"18\">Dimension<\/td>\n<td class=\"et5\" style=\"width: 202.95pt;\" width=\"202\">38*14.5*8<\/td>\n<\/tr>\n<tr style=\"height: 17.60pt;\">\n<td class=\"et3\" style=\"height: 17.60pt;\" height=\"17\">N.W \/SET<\/td>\n<td class=\"et3\">5KGS\/PCS<\/td>\n<\/tr>\n<tr style=\"height: 17.60pt;\">\n<td class=\"et3\" style=\"height: 17.60pt;\" height=\"17\">MOQ<\/td>\n<td class=\"et3\">20St\u00fcck<\/td>\n<\/tr>\n<tr style=\"height: 17.60pt;\">\n<td class=\"et3\" style=\"height: 17.60pt;\" height=\"17\">Benutzerdefinierte Option<\/td>\n<td class=\"et3\">Farbe\/Muster\/Gr\u00f6\u00dfe\/Logo\/Verpackung<\/td>\n<\/tr>\n<\/tbody>\n<\/table>","protected":false},"featured_media":3445,"comment_status":"closed","ping_status":"closed","template":"","meta":{"_acf_changed":false},"product_brand":[],"product_cat":[55,56],"product_tag":[],"class_list":{"0":"post-3440","1":"product","2":"type-product","3":"status-publish","4":"has-post-thumbnail","6":"product_cat-wholesale-matte-sinks","7":"product_cat-wholesale-small-bathroom-sinks","9":"first","10":"instock","11":"shipping-taxable","12":"product-type-simple"},"acf":[],"_links":{"self":[{"href":"https:\/\/www.ceramicbasin.com\/de\/wp-json\/wp\/v2\/product\/3440","targetHints":{"allow":["GET"]}}],"collection":[{"href":"https:\/\/www.ceramicbasin.com\/de\/wp-json\/wp\/v2\/product"}],"about":[{"href":"https:\/\/www.ceramicbasin.com\/de\/wp-json\/wp\/v2\/types\/product"}],"replies":[{"embeddable":true,"href":"https:\/\/www.ceramicbasin.com\/de\/wp-json\/wp\/v2\/comments?post=3440"}],"wp:featuredmedia":[{"embeddable":true,"href":"https:\/\/www.ceramicbasin.com\/de\/wp-json\/wp\/v2\/media\/3445"}],"wp:attachment":[{"href":"https:\/\/www.ceramicbasin.com\/de\/wp-json\/wp\/v2\/media?parent=3440"}],"wp:term":[{"taxonomy":"product_brand","embeddable":true,"href":"https:\/\/www.ceramicbasin.com\/de\/wp-json\/wp\/v2\/product_brand?post=3440"},{"taxonomy":"product_cat","embeddable":true,"href":"https:\/\/www.ceramicbasin.com\/de\/wp-json\/wp\/v2\/product_cat?post=3440"},{"taxonomy":"product_tag","embeddable":true,"href":"https:\/\/www.ceramicbasin.com\/de\/wp-json\/wp\/v2\/product_tag?post=3440"}],"curies":[{"name":"wp","href":"https:\/\/api.w.org\/{rel}","templated":true}]}}