{"id":3447,"date":"2024-07-17T07:00:53","date_gmt":"2024-07-17T07:00:53","guid":{"rendered":"https:\/\/www.ceramicbasin.com\/?post_type=product&#038;p=3447"},"modified":"2024-11-01T09:50:52","modified_gmt":"2024-11-01T09:50:52","slug":"wholesale-matte-basin-countertop","status":"publish","type":"product","link":"https:\/\/www.ceramicbasin.com\/de\/produkt\/wholesale-matte-basin-countertop\/","title":{"rendered":"Gro\u00dfhandel Matte Basin Badezimmer Arbeitsplatte mit diversen Farbe"},"content":{"rendered":"<div class=\"wp-block-columns is-layout-flex wp-container-core-columns-is-layout-9d6595d7 wp-block-columns-is-layout-flex\">\n<div class=\"wp-block-column is-layout-flow wp-block-column-is-layout-flow\">\n<h2 class=\"wp-block-heading\">Premium-Gro\u00dfhandel Mattes Becken Merkmale:<\/h2>\n\n\n\n<ul class=\"wp-block-list\">\n<li><strong>Matte Textur: <\/strong>Die matte Oberfl\u00e4chenbehandlung dieses matten Waschbeckens aus dem Gro\u00dfhandel bringt ein zur\u00fcckhaltendes und luxuri\u00f6ses, modernes Gef\u00fchl auf die Arbeitsplatte im Badezimmer und sorgt f\u00fcr ein komfortableres Badezimmererlebnis.<\/li>\n\n\n\n<li><strong>Satte Farben: <\/strong>Unser mattes Waschbecken in loser Sch\u00fcttung bietet eine Vielzahl von Farboptionen, um verschiedenen Designstilen und pers\u00f6nlichen Bed\u00fcrfnissen gerecht zu werden.<\/li>\n\n\n\n<li><strong>Langlebig und leicht zu reinigen: <\/strong>Unser mattes Gro\u00dfhandelsbecken ist aus hochwertigem Keramikmaterial hergestellt, das Langlebigkeit und einfache Fleckenentfernung gew\u00e4hrleistet, damit es immer wie neu aussieht.<\/li>\n\n\n\n<li><strong>Gro\u00dfeinkaufsvorteil: <\/strong>Der Vorteil des Gro\u00dfeinkaufs von Waschbecken im Gro\u00dfhandel ist, dass Hanyu als Hersteller von Badezimmerwaschbecken Badezimmerwaschbecken zu Gro\u00dfhandelspreisen anbietet, um ein gutes Preis-Leistungs-Verh\u00e4ltnis zu gew\u00e4hrleisten, indem Sie von den Vorteilen des Gro\u00dfeinkaufs profitieren.<\/li>\n<\/ul>\n<\/div>\n\n\n\n<div class=\"wp-block-column is-layout-flow wp-block-column-is-layout-flow\">\n<figure class=\"wp-block-image size-full\"><img fetchpriority=\"high\" decoding=\"async\" width=\"1345\" height=\"1786\" src=\"https:\/\/www.ceramicbasin.com\/wp-content\/uploads\/2024\/07\/wholesale-matte-basin-bathroom-countertop-with-diverse-color-5.webp\" alt=\"gro\u00dfhandel-matte-waschbecken-badezimmer-arbeitsplatte-mit-diversen-farben-5\" class=\"wp-image-3452\" srcset=\"https:\/\/www.ceramicbasin.com\/wp-content\/uploads\/2024\/07\/wholesale-matte-basin-bathroom-countertop-with-diverse-color-5.webp 1345w, https:\/\/www.ceramicbasin.com\/wp-content\/uploads\/2024\/07\/wholesale-matte-basin-bathroom-countertop-with-diverse-color-5-226x300.webp 226w, https:\/\/www.ceramicbasin.com\/wp-content\/uploads\/2024\/07\/wholesale-matte-basin-bathroom-countertop-with-diverse-color-5-768x1020.webp 768w, https:\/\/www.ceramicbasin.com\/wp-content\/uploads\/2024\/07\/wholesale-matte-basin-bathroom-countertop-with-diverse-color-5-9x12.webp 9w, https:\/\/www.ceramicbasin.com\/wp-content\/uploads\/2024\/07\/wholesale-matte-basin-bathroom-countertop-with-diverse-color-5-285x378.webp 285w, https:\/\/www.ceramicbasin.com\/wp-content\/uploads\/2024\/07\/wholesale-matte-basin-bathroom-countertop-with-diverse-color-5-497x660.webp 497w, https:\/\/www.ceramicbasin.com\/wp-content\/uploads\/2024\/07\/wholesale-matte-basin-bathroom-countertop-with-diverse-color-5-113x150.webp 113w\" sizes=\"(max-width: 1345px) 100vw, 1345px\" \/><\/figure>\n<\/div>\n<\/div>","protected":false},"excerpt":{"rendered":"<p>Willkommen zum Kauf Waschbecken Gro\u00dfhandel. Als perfekte Erg\u00e4nzung zum modernen Baddesign ist unser mattes Waschbecken im Gro\u00dfhandel perfekt f\u00fcr eine Vielzahl von verschiedenen Dekorationsstilen in Badezimmern geeignet. Hergestellt aus hochwertiger Keramik, abgesehen davon, dass sch\u00f6n, unsere Arbeitsplatten sind robust und langlebig. Wir bieten Optionen in einer breiten Palette von Farben f\u00fcr die Beschaffung in gro\u00dfem Ma\u00dfstab.<\/p>\n<table style=\"border-collapse: collapse; width: 311.02pt;\" border=\"0\" width=\"311\" cellspacing=\"0\" cellpadding=\"0\">\n<tbody>\n<tr style=\"height: 17.60pt;\">\n<td class=\"et3\" style=\"height: 17.60pt; width: 108.35pt;\" width=\"108\" height=\"17\">Hersteller<\/td>\n<td class=\"et3\" style=\"width: 202.95pt;\" width=\"202\">HanYu<\/td>\n<\/tr>\n<tr style=\"height: 17.60pt;\">\n<td class=\"et3\" style=\"height: 17.60pt;\" height=\"17\">Modell Nr.<\/td>\n<td class=\"et4\">HY-8012AMB<\/td>\n<\/tr>\n<tr style=\"height: 18.00pt;\">\n<td class=\"et3\" style=\"height: 18.00pt;\" height=\"18\">Typ<\/td>\n<td class=\"et5\" style=\"width: 202.95pt;\" width=\"202\">Mattes Waschbecken, Aufsatzbecken<\/td>\n<\/tr>\n<tr style=\"height: 17.60pt;\">\n<td class=\"et3\" style=\"height: 17.60pt;\" height=\"17\">Form<\/td>\n<td class=\"et3\">Rechteckige Form<\/td>\n<\/tr>\n<tr style=\"height: 36.00pt;\">\n<td class=\"et4\" style=\"height: 36.00pt;\" height=\"36\">Farbe<\/td>\n<td class=\"et5\" style=\"width: 202.95pt;\" width=\"202\">Schwarz\/Wei\u00df\/Blau\/Grau\/Rosa\/Gr\u00fcn\/Braun\/Khaki......<\/td>\n<\/tr>\n<tr style=\"height: 18.00pt;\">\n<td class=\"et3\" style=\"height: 18.00pt;\" height=\"18\">Dimension<\/td>\n<td class=\"et5\" style=\"width: 202.95pt;\" width=\"202\">37*37*13<\/td>\n<\/tr>\n<tr style=\"height: 17.60pt;\">\n<td class=\"et3\" style=\"height: 17.60pt;\" height=\"17\">N.W \/SET<\/td>\n<td class=\"et3\">9KGS\/PCS<\/td>\n<\/tr>\n<tr style=\"height: 17.60pt;\">\n<td class=\"et3\" style=\"height: 17.60pt;\" height=\"17\">MOQ<\/td>\n<td class=\"et3\">20St\u00fcck<\/td>\n<\/tr>\n<tr style=\"height: 17.60pt;\">\n<td class=\"et3\" style=\"height: 17.60pt;\" height=\"17\">Benutzerdefinierte Option<\/td>\n<td class=\"et3\">Farbe\/Muster\/Gr\u00f6\u00dfe\/Logo\/Verpackung<\/td>\n<\/tr>\n<\/tbody>\n<\/table>","protected":false},"featured_media":3449,"comment_status":"closed","ping_status":"closed","template":"","meta":{"_acf_changed":false},"product_brand":[],"product_cat":[55,50],"product_tag":[],"class_list":{"0":"post-3447","1":"product","2":"type-product","3":"status-publish","4":"has-post-thumbnail","6":"product_cat-wholesale-matte-sinks","7":"product_cat-wholesale-countertop-sinks","9":"first","10":"instock","11":"shipping-taxable","12":"product-type-simple"},"acf":[],"_links":{"self":[{"href":"https:\/\/www.ceramicbasin.com\/de\/wp-json\/wp\/v2\/product\/3447","targetHints":{"allow":["GET"]}}],"collection":[{"href":"https:\/\/www.ceramicbasin.com\/de\/wp-json\/wp\/v2\/product"}],"about":[{"href":"https:\/\/www.ceramicbasin.com\/de\/wp-json\/wp\/v2\/types\/product"}],"replies":[{"embeddable":true,"href":"https:\/\/www.ceramicbasin.com\/de\/wp-json\/wp\/v2\/comments?post=3447"}],"wp:featuredmedia":[{"embeddable":true,"href":"https:\/\/www.ceramicbasin.com\/de\/wp-json\/wp\/v2\/media\/3449"}],"wp:attachment":[{"href":"https:\/\/www.ceramicbasin.com\/de\/wp-json\/wp\/v2\/media?parent=3447"}],"wp:term":[{"taxonomy":"product_brand","embeddable":true,"href":"https:\/\/www.ceramicbasin.com\/de\/wp-json\/wp\/v2\/product_brand?post=3447"},{"taxonomy":"product_cat","embeddable":true,"href":"https:\/\/www.ceramicbasin.com\/de\/wp-json\/wp\/v2\/product_cat?post=3447"},{"taxonomy":"product_tag","embeddable":true,"href":"https:\/\/www.ceramicbasin.com\/de\/wp-json\/wp\/v2\/product_tag?post=3447"}],"curies":[{"name":"wp","href":"https:\/\/api.w.org\/{rel}","templated":true}]}}