{"id":3453,"date":"2024-07-17T07:15:05","date_gmt":"2024-07-17T07:15:05","guid":{"rendered":"https:\/\/www.ceramicbasin.com\/?post_type=product&#038;p=3453"},"modified":"2024-11-01T09:46:09","modified_gmt":"2024-11-01T09:46:09","slug":"matte-vessel-sink-wholesale","status":"publish","type":"product","link":"https:\/\/www.ceramicbasin.com\/de\/produkt\/matte-vessel-sink-wholesale\/","title":{"rendered":"Ovale Form mattes Gef\u00e4\u00df Waschbecken Gro\u00dfhandel mit verschiedenen Farben"},"content":{"rendered":"<div class=\"wp-block-columns is-layout-flex wp-container-core-columns-is-layout-9d6595d7 wp-block-columns-is-layout-flex\">\n<div class=\"wp-block-column is-layout-flow wp-block-column-is-layout-flow\">\n<h2 class=\"wp-block-heading\">Premium Matte Gef\u00e4\u00df Waschbecken Gro\u00dfhandel Merkmale:<\/h2>\n\n\n\n<ul class=\"wp-block-list\">\n<li><strong>Entworfen in einer ovalen Form: <\/strong>Unser mattes Gef\u00e4\u00dfwaschbecken im Gro\u00dfhandel zeichnet sich durch glatte Linien aus, die dem Raum eine weiche, moderne Optik verleihen und dem Badezimmer mehr Charme verleihen.<\/li>\n\n\n\n<li><strong>Matte Textur, angenehm zu ber\u00fchren:<\/strong> Die einzigartige matte Oberfl\u00e4chenbehandlung dieser Gro\u00dfhandelssp\u00fcle verleiht dem Becken einen zarten und weichen Touch, der sowohl sch\u00f6n als auch haltbar ist und nicht so leicht Wasserflecken und Fingerabdr\u00fccke hinterl\u00e4sst.<\/li>\n\n\n\n<li><strong>Bunte Auswahl: <\/strong>Unser mattes Gef\u00e4\u00dfwaschbecken im Gro\u00dfhandel bietet eine breite Palette an Farboptionen, von klassischem Wei\u00df \u00fcber modernes Grau bis hin zu leuchtendem Blau oder Gr\u00fcn, um den Anforderungen verschiedener Designstile gerecht zu werden.<\/li>\n\n\n\n<li><strong>Gro\u00dfhandelsrabatt: <\/strong>Als Hersteller von Keramikwaschbecken bieten wir Vorzugspreise f\u00fcr Gro\u00dfeink\u00e4ufe, um sicherzustellen, dass Sie qualitativ hochwertige Produkte zu wettbewerbsf\u00e4higen Kosten erhalten.<\/li>\n<\/ul>\n<\/div>\n\n\n\n<div class=\"wp-block-column is-layout-flow wp-block-column-is-layout-flow\">\n<figure class=\"wp-block-image size-full\"><img fetchpriority=\"high\" decoding=\"async\" width=\"827\" height=\"1248\" src=\"https:\/\/www.ceramicbasin.com\/wp-content\/uploads\/2024\/07\/oval-shape-matte-vessel-sink-wholesale-with-diverse-colors-7.webp\" alt=\"ovales-mattes-Sp\u00fclbecken-Gro\u00dfhandel-mit-vielf\u00e4ltigen-Farben-7\" class=\"wp-image-3460\" srcset=\"https:\/\/www.ceramicbasin.com\/wp-content\/uploads\/2024\/07\/oval-shape-matte-vessel-sink-wholesale-with-diverse-colors-7.webp 827w, https:\/\/www.ceramicbasin.com\/wp-content\/uploads\/2024\/07\/oval-shape-matte-vessel-sink-wholesale-with-diverse-colors-7-199x300.webp 199w, https:\/\/www.ceramicbasin.com\/wp-content\/uploads\/2024\/07\/oval-shape-matte-vessel-sink-wholesale-with-diverse-colors-7-768x1159.webp 768w, https:\/\/www.ceramicbasin.com\/wp-content\/uploads\/2024\/07\/oval-shape-matte-vessel-sink-wholesale-with-diverse-colors-7-8x12.webp 8w, https:\/\/www.ceramicbasin.com\/wp-content\/uploads\/2024\/07\/oval-shape-matte-vessel-sink-wholesale-with-diverse-colors-7-285x430.webp 285w, https:\/\/www.ceramicbasin.com\/wp-content\/uploads\/2024\/07\/oval-shape-matte-vessel-sink-wholesale-with-diverse-colors-7-437x660.webp 437w, https:\/\/www.ceramicbasin.com\/wp-content\/uploads\/2024\/07\/oval-shape-matte-vessel-sink-wholesale-with-diverse-colors-7-99x150.webp 99w\" sizes=\"(max-width: 827px) 100vw, 827px\" \/><\/figure>\n<\/div>\n<\/div>","protected":false},"excerpt":{"rendered":"<p>Willkommen im Gro\u00dfhandel Bad Waschbecken zu kaufen. Mit seinen eleganten Linien und matte Textur, diese matte Gef\u00e4\u00df Waschbecken Gro\u00dfhandel bringt Luxus in das Bad Raum. Die besondere und sch\u00f6ne Form h\u00e4lt es in der Tat ist langlebig und pflegt es leicht. Wir haben Sorten in Farbe zu bieten und haben Vorzugs Gro\u00dfhandelspreise, sparen Sie Beschaffungskosten.<\/p>\n<table style=\"border-collapse: collapse; width: 311.02pt;\" border=\"0\" width=\"311\" cellspacing=\"0\" cellpadding=\"0\">\n<tbody>\n<tr style=\"height: 17.60pt;\">\n<td class=\"et3\" style=\"height: 17.60pt; width: 108.35pt;\" width=\"108\" height=\"17\">Hersteller<\/td>\n<td class=\"et3\" style=\"width: 202.95pt;\" width=\"202\">HanYu<\/td>\n<\/tr>\n<tr style=\"height: 17.60pt;\">\n<td class=\"et3\" style=\"height: 17.60pt;\" height=\"17\">Modell Nr.<\/td>\n<td class=\"et4\">HY3020MW<\/td>\n<\/tr>\n<tr style=\"height: 18.00pt;\">\n<td class=\"et3\" style=\"height: 18.00pt;\" height=\"18\">Typ<\/td>\n<td class=\"et5\" style=\"width: 202.95pt;\" width=\"202\">Mattes Waschbecken, Aufsatzbecken<\/td>\n<\/tr>\n<tr style=\"height: 17.60pt;\">\n<td class=\"et3\" style=\"height: 17.60pt;\" height=\"17\">Form<\/td>\n<td class=\"et3\">Ovale Form<\/td>\n<\/tr>\n<tr style=\"height: 36.00pt;\">\n<td class=\"et4\" style=\"height: 36.00pt;\" height=\"36\">Farbe<\/td>\n<td class=\"et5\" style=\"width: 202.95pt;\" width=\"202\">Schwarz\/Wei\u00df\/Blau\/Grau\/Rosa\/Gr\u00fcn\/Braun\/Khaki......<\/td>\n<\/tr>\n<tr style=\"height: 18.00pt;\">\n<td class=\"et3\" style=\"height: 18.00pt;\" height=\"18\">Dimension<\/td>\n<td class=\"et5\" style=\"width: 202.95pt;\" width=\"202\">40*33*14.5<\/td>\n<\/tr>\n<tr style=\"height: 17.60pt;\">\n<td class=\"et3\" style=\"height: 17.60pt;\" height=\"17\">N.W \/SET<\/td>\n<td class=\"et3\">7KGS\/PCS<\/td>\n<\/tr>\n<tr style=\"height: 17.60pt;\">\n<td class=\"et3\" style=\"height: 17.60pt;\" height=\"17\">MOQ<\/td>\n<td class=\"et3\">20St\u00fcck<\/td>\n<\/tr>\n<tr style=\"height: 17.60pt;\">\n<td class=\"et3\" style=\"height: 17.60pt;\" height=\"17\">Benutzerdefinierte Option<\/td>\n<td class=\"et3\">Farbe\/Muster\/Gr\u00f6\u00dfe\/Logo\/Verpackung<\/td>\n<\/tr>\n<\/tbody>\n<\/table>","protected":false},"featured_media":3457,"comment_status":"closed","ping_status":"closed","template":"","meta":{"_acf_changed":false},"product_brand":[],"product_cat":[55,50],"product_tag":[],"class_list":{"0":"post-3453","1":"product","2":"type-product","3":"status-publish","4":"has-post-thumbnail","6":"product_cat-wholesale-matte-sinks","7":"product_cat-wholesale-countertop-sinks","9":"first","10":"instock","11":"shipping-taxable","12":"product-type-simple"},"acf":[],"_links":{"self":[{"href":"https:\/\/www.ceramicbasin.com\/de\/wp-json\/wp\/v2\/product\/3453","targetHints":{"allow":["GET"]}}],"collection":[{"href":"https:\/\/www.ceramicbasin.com\/de\/wp-json\/wp\/v2\/product"}],"about":[{"href":"https:\/\/www.ceramicbasin.com\/de\/wp-json\/wp\/v2\/types\/product"}],"replies":[{"embeddable":true,"href":"https:\/\/www.ceramicbasin.com\/de\/wp-json\/wp\/v2\/comments?post=3453"}],"wp:featuredmedia":[{"embeddable":true,"href":"https:\/\/www.ceramicbasin.com\/de\/wp-json\/wp\/v2\/media\/3457"}],"wp:attachment":[{"href":"https:\/\/www.ceramicbasin.com\/de\/wp-json\/wp\/v2\/media?parent=3453"}],"wp:term":[{"taxonomy":"product_brand","embeddable":true,"href":"https:\/\/www.ceramicbasin.com\/de\/wp-json\/wp\/v2\/product_brand?post=3453"},{"taxonomy":"product_cat","embeddable":true,"href":"https:\/\/www.ceramicbasin.com\/de\/wp-json\/wp\/v2\/product_cat?post=3453"},{"taxonomy":"product_tag","embeddable":true,"href":"https:\/\/www.ceramicbasin.com\/de\/wp-json\/wp\/v2\/product_tag?post=3453"}],"curies":[{"name":"wp","href":"https:\/\/api.w.org\/{rel}","templated":true}]}}