{"id":3461,"date":"2024-07-17T07:31:05","date_gmt":"2024-07-17T07:31:05","guid":{"rendered":"https:\/\/www.ceramicbasin.com\/?post_type=product&#038;p=3461"},"modified":"2024-07-23T09:39:15","modified_gmt":"2024-07-23T09:39:15","slug":"round-wholesale-matte-sinks","status":"publish","type":"product","link":"https:\/\/www.ceramicbasin.com\/de\/produkt\/round-wholesale-matte-sinks\/","title":{"rendered":"Elegante runde matte Waschbecken im Gro\u00dfhandel mit verschiedenen Farboptionen"},"content":{"rendered":"<div class=\"wp-block-columns is-layout-flex wp-container-core-columns-is-layout-9d6595d7 wp-block-columns-is-layout-flex\">\n<div class=\"wp-block-column is-layout-flow wp-block-column-is-layout-flow\">\n<h2 class=\"wp-block-heading\">Premium-Gro\u00dfhandel Matte Waschbecken Merkmale:<\/h2>\n\n\n\n<ul class=\"wp-block-list\">\n<li><strong>Klassisches rundes Design:<\/strong> Diese matten Waschbecken im Gro\u00dfhandel haben ein einfaches und elegantes rundes Design, das nicht nur sch\u00f6n ist, sondern sich auch leicht in verschiedene Badezimmerstile integrieren l\u00e4sst.<\/li>\n\n\n\n<li><strong>Matte Oberfl\u00e4chenbehandlung:<\/strong> Die innovative matte Beschichtung verleiht diesen matten Gro\u00dfhandelssp\u00fclen eine einzigartige Textur und Haptik, w\u00e4hrend sie gleichzeitig die Lichtreflexion reduziert, eine warme und angenehme Atmosph\u00e4re schafft und leicht zu reinigen und zu pflegen ist.<\/li>\n\n\n\n<li><strong>Satte und vielf\u00e4ltige Farben:<\/strong> HanYu bietet eine Reihe von Farboptionen f\u00fcr Badezimmerwaschbecken im Gro\u00dfhandel an, von zur\u00fcckhaltenden neutralen Farben bis hin zu kr\u00e4ftigen leuchtenden Farben, um den Bed\u00fcrfnissen verschiedener Badezimmerstile gerecht zu werden.<\/li>\n\n\n\n<li><strong>Rabatte bei Gro\u00dfeinkauf: <\/strong>Wir bieten Ihnen Badezimmerwaschbecken im Gro\u00dfhandel zu einem Vorzugspreis an, so dass Sie beim Kauf gro\u00dfer Mengen in den Genuss des besten Preises und hoher Qualit\u00e4t kommen.<\/li>\n<\/ul>\n<\/div>\n\n\n\n<div class=\"wp-block-column is-layout-flow wp-block-column-is-layout-flow\">\n<figure class=\"wp-block-image size-full\"><img fetchpriority=\"high\" decoding=\"async\" width=\"673\" height=\"878\" src=\"https:\/\/www.ceramicbasin.com\/wp-content\/uploads\/2024\/07\/elegant-round-wholesale-matte-sinks-with-color-options-5.webp\" alt=\"elegante-runde-matte-Gro\u00dfhandelssp\u00fclen-mit-Farboptionen-5\" class=\"wp-image-3466\" srcset=\"https:\/\/www.ceramicbasin.com\/wp-content\/uploads\/2024\/07\/elegant-round-wholesale-matte-sinks-with-color-options-5.webp 673w, https:\/\/www.ceramicbasin.com\/wp-content\/uploads\/2024\/07\/elegant-round-wholesale-matte-sinks-with-color-options-5-230x300.webp 230w, https:\/\/www.ceramicbasin.com\/wp-content\/uploads\/2024\/07\/elegant-round-wholesale-matte-sinks-with-color-options-5-9x12.webp 9w, https:\/\/www.ceramicbasin.com\/wp-content\/uploads\/2024\/07\/elegant-round-wholesale-matte-sinks-with-color-options-5-285x372.webp 285w, https:\/\/www.ceramicbasin.com\/wp-content\/uploads\/2024\/07\/elegant-round-wholesale-matte-sinks-with-color-options-5-506x660.webp 506w, https:\/\/www.ceramicbasin.com\/wp-content\/uploads\/2024\/07\/elegant-round-wholesale-matte-sinks-with-color-options-5-115x150.webp 115w\" sizes=\"(max-width: 673px) 100vw, 673px\" \/><\/figure>\n<\/div>\n<\/div>","protected":false},"excerpt":{"rendered":"<p>Unsere Gro\u00dfhandel matte Waschbecken sind die erste Wahl f\u00fcr Badezimmer Raum Dekoration mit klassischem Design und moderne matte Oberfl\u00e4chenbehandlung. Wir bieten eine Vielzahl von Farboptionen, ob Sie einfache oder personalisierte Bad Waschbecken wollen, k\u00f6nnen Sie eine zufriedenstellende Wahl hier finden.<\/p>\n<table style=\"border-collapse: collapse; width: 311.02pt;\" border=\"0\" width=\"311\" cellspacing=\"0\" cellpadding=\"0\">\n<tbody>\n<tr style=\"height: 17.60pt;\">\n<td class=\"et3\" style=\"height: 17.60pt; width: 108.35pt;\" width=\"108\" height=\"17\">Hersteller<\/td>\n<td class=\"et3\" style=\"width: 202.95pt;\" width=\"202\">HanYu<\/td>\n<\/tr>\n<tr style=\"height: 17.60pt;\">\n<td class=\"et3\" style=\"height: 17.60pt;\" height=\"17\">Modell Nr.<\/td>\n<td class=\"et4\">HY8070YF1<\/td>\n<\/tr>\n<tr style=\"height: 18.00pt;\">\n<td class=\"et3\" style=\"height: 18.00pt;\" height=\"18\">Typ<\/td>\n<td class=\"et5\" style=\"width: 202.95pt;\" width=\"202\">Mattes Waschbecken, Aufsatzbecken<\/td>\n<\/tr>\n<tr style=\"height: 17.60pt;\">\n<td class=\"et3\" style=\"height: 17.60pt;\" height=\"17\">Form<\/td>\n<td class=\"et3\">Runde Form<\/td>\n<\/tr>\n<tr style=\"height: 36.00pt;\">\n<td class=\"et4\" style=\"height: 36.00pt;\" height=\"36\">Farbe<\/td>\n<td class=\"et5\" style=\"width: 202.95pt;\" width=\"202\">Schwarz\/Wei\u00df\/Blau\/Grau\/Rosa\/Gr\u00fcn\/Braun\/Khaki......<\/td>\n<\/tr>\n<tr style=\"height: 18.00pt;\">\n<td class=\"et3\" style=\"height: 18.00pt;\" height=\"18\">Dimension<\/td>\n<td class=\"et5\" style=\"width: 202.95pt;\" width=\"202\">36.5*36.5*12.5<\/td>\n<\/tr>\n<tr style=\"height: 17.60pt;\">\n<td class=\"et3\" style=\"height: 17.60pt;\" height=\"17\">N.W \/SET<\/td>\n<td class=\"et3\">8KGS\/PCS<\/td>\n<\/tr>\n<tr style=\"height: 17.60pt;\">\n<td class=\"et3\" style=\"height: 17.60pt;\" height=\"17\">MOQ<\/td>\n<td class=\"et3\">20St\u00fcck<\/td>\n<\/tr>\n<tr style=\"height: 17.60pt;\">\n<td class=\"et3\" style=\"height: 17.60pt;\" height=\"17\">Benutzerdefinierte Option<\/td>\n<td class=\"et3\">Farbe\/Muster\/Gr\u00f6\u00dfe\/Logo\/Verpackung<\/td>\n<\/tr>\n<\/tbody>\n<\/table>","protected":false},"featured_media":3465,"comment_status":"closed","ping_status":"closed","template":"","meta":{"_acf_changed":false},"product_brand":[],"product_cat":[55,50],"product_tag":[],"class_list":{"0":"post-3461","1":"product","2":"type-product","3":"status-publish","4":"has-post-thumbnail","6":"product_cat-wholesale-matte-sinks","7":"product_cat-wholesale-countertop-sinks","9":"first","10":"instock","11":"shipping-taxable","12":"product-type-simple"},"acf":[],"_links":{"self":[{"href":"https:\/\/www.ceramicbasin.com\/de\/wp-json\/wp\/v2\/product\/3461","targetHints":{"allow":["GET"]}}],"collection":[{"href":"https:\/\/www.ceramicbasin.com\/de\/wp-json\/wp\/v2\/product"}],"about":[{"href":"https:\/\/www.ceramicbasin.com\/de\/wp-json\/wp\/v2\/types\/product"}],"replies":[{"embeddable":true,"href":"https:\/\/www.ceramicbasin.com\/de\/wp-json\/wp\/v2\/comments?post=3461"}],"wp:featuredmedia":[{"embeddable":true,"href":"https:\/\/www.ceramicbasin.com\/de\/wp-json\/wp\/v2\/media\/3465"}],"wp:attachment":[{"href":"https:\/\/www.ceramicbasin.com\/de\/wp-json\/wp\/v2\/media?parent=3461"}],"wp:term":[{"taxonomy":"product_brand","embeddable":true,"href":"https:\/\/www.ceramicbasin.com\/de\/wp-json\/wp\/v2\/product_brand?post=3461"},{"taxonomy":"product_cat","embeddable":true,"href":"https:\/\/www.ceramicbasin.com\/de\/wp-json\/wp\/v2\/product_cat?post=3461"},{"taxonomy":"product_tag","embeddable":true,"href":"https:\/\/www.ceramicbasin.com\/de\/wp-json\/wp\/v2\/product_tag?post=3461"}],"curies":[{"name":"wp","href":"https:\/\/api.w.org\/{rel}","templated":true}]}}