{"id":3473,"date":"2024-07-17T07:56:01","date_gmt":"2024-07-17T07:56:01","guid":{"rendered":"https:\/\/www.ceramicbasin.com\/?post_type=product&#038;p=3473"},"modified":"2024-11-02T03:50:50","modified_gmt":"2024-11-02T03:50:50","slug":"modern-custom-matt-basin-in-bulk","status":"publish","type":"product","link":"https:\/\/www.ceramicbasin.com\/de\/produkt\/modern-custom-matt-basin-in-bulk\/","title":{"rendered":"Moderne benutzerdefinierte Matt Becken, Multi Farbe Gro\u00dfhandel Gef\u00e4\u00df Waschbecken"},"content":{"rendered":"<div class=\"wp-block-columns is-layout-flex wp-container-core-columns-is-layout-9d6595d7 wp-block-columns-is-layout-flex\">\n<div class=\"wp-block-column is-layout-flow wp-block-column-is-layout-flow\">\n<h2 class=\"wp-block-heading\">Premium Custom Matt Basin Merkmale:<\/h2>\n\n\n\n<ul class=\"wp-block-list\">\n<li><strong>Exquisites Design: <\/strong>Dieses ma\u00dfgefertigte matte Waschbecken folgt einem modernen Designkonzept und kombiniert eine matte Oberfl\u00e4chenbehandlung, um ein Waschbecken zu schaffen, das sowohl stilvoll als auch hochwertig ist und sich f\u00fcr alle Arten von zeitgen\u00f6ssischen Badezimmern eignet.<\/li>\n\n\n\n<li><strong>Langlebiges Material, leicht zu pflegen: <\/strong>Unsere matten Waschbecken f\u00fcr den Gro\u00dfhandel sind aus hochwertigen Keramikmaterialien hergestellt. Das matte Becken sieht nicht nur elegant aus, sondern ist auch leicht zu reinigen, was die t\u00e4gliche Wartungsarbeit reduziert.<\/li>\n\n\n\n<li><strong>Unbegrenzte Farbanpassung: <\/strong>Wir k\u00f6nnen die Farbe des matten Beckens an Ihre Bed\u00fcrfnisse anpassen, um Ihre pers\u00f6nlichen Designanforderungen zu erf\u00fcllen.<\/li>\n\n\n\n<li><strong>Kostenwirksamkeit: <\/strong>HanYu ist Ihr zuverl\u00e4ssiger Hersteller von Keramikbecken und bietet Ihnen Gro\u00dfhandelspreise, die sicherstellen, dass Sie hochwertige Produkte erhalten und gleichzeitig Ihr Projektbudget einhalten k\u00f6nnen.<\/li>\n<\/ul>\n<\/div>\n\n\n\n<div class=\"wp-block-column is-layout-flow wp-block-column-is-layout-flow\">\n<figure class=\"wp-block-image size-full\"><img fetchpriority=\"high\" decoding=\"async\" width=\"673\" height=\"878\" src=\"https:\/\/www.ceramicbasin.com\/wp-content\/uploads\/2024\/07\/modern-custom-matt-basin-in-bulk-with-unlimited-color-option-5.jpg\" alt=\"modernes-individuelles-mattes-becken-mit-unbegrenzter-farbe-option-5\" class=\"wp-image-3478\" srcset=\"https:\/\/www.ceramicbasin.com\/wp-content\/uploads\/2024\/07\/modern-custom-matt-basin-in-bulk-with-unlimited-color-option-5.jpg 673w, https:\/\/www.ceramicbasin.com\/wp-content\/uploads\/2024\/07\/modern-custom-matt-basin-in-bulk-with-unlimited-color-option-5-230x300.jpg 230w, https:\/\/www.ceramicbasin.com\/wp-content\/uploads\/2024\/07\/modern-custom-matt-basin-in-bulk-with-unlimited-color-option-5-9x12.jpg 9w, https:\/\/www.ceramicbasin.com\/wp-content\/uploads\/2024\/07\/modern-custom-matt-basin-in-bulk-with-unlimited-color-option-5-285x372.jpg 285w, https:\/\/www.ceramicbasin.com\/wp-content\/uploads\/2024\/07\/modern-custom-matt-basin-in-bulk-with-unlimited-color-option-5-506x660.jpg 506w, https:\/\/www.ceramicbasin.com\/wp-content\/uploads\/2024\/07\/modern-custom-matt-basin-in-bulk-with-unlimited-color-option-5-115x150.jpg 115w\" sizes=\"(max-width: 673px) 100vw, 673px\" \/><\/figure>\n<\/div>\n<\/div>","protected":false},"excerpt":{"rendered":"<p>Willkommen im Gro\u00dfhandel Gef\u00e4\u00df Waschbecken zu kaufen. Unser modernes, ma\u00dfgeschneidertes, mattes Waschbecken in gro\u00dfen Mengen definiert die \u00c4sthetik des Badezimmers mit innovativen Designkonzepten und der luxuri\u00f6sen Textur der matten Oberfl\u00e4che neu. Hergestellt aus hochwertiger Keramik, gew\u00e4hrleistet es Sch\u00f6nheit und Haltbarkeit. Wir bieten eine Vielzahl von Farboptionen, um Ihre pers\u00f6nlichen Anforderungen zu erf\u00fcllen.<\/p>\n<table style=\"border-collapse: collapse; width: 311.02pt;\" border=\"0\" width=\"311\" cellspacing=\"0\" cellpadding=\"0\">\n<tbody>\n<tr style=\"height: 17.60pt;\">\n<td class=\"et3\" style=\"height: 17.60pt; width: 108.35pt;\" width=\"108\" height=\"17\">Hersteller<\/td>\n<td class=\"et3\" style=\"width: 202.95pt;\" width=\"202\">HanYu<\/td>\n<\/tr>\n<tr style=\"height: 17.60pt;\">\n<td class=\"et3\" style=\"height: 17.60pt;\" height=\"17\">Modell Nr.<\/td>\n<td class=\"et4\">HY8070YH<\/td>\n<\/tr>\n<tr style=\"height: 18.00pt;\">\n<td class=\"et3\" style=\"height: 18.00pt;\" height=\"18\">Typ<\/td>\n<td class=\"et5\" style=\"width: 202.95pt;\" width=\"202\">Mattes Waschbecken, Aufsatzbecken<\/td>\n<\/tr>\n<tr style=\"height: 17.60pt;\">\n<td class=\"et3\" style=\"height: 17.60pt;\" height=\"17\">Form<\/td>\n<td class=\"et3\">Runde Form<\/td>\n<\/tr>\n<tr style=\"height: 36.00pt;\">\n<td class=\"et4\" style=\"height: 36.00pt;\" height=\"36\">Farbe<\/td>\n<td class=\"et5\" style=\"width: 202.95pt;\" width=\"202\">Schwarz\/Wei\u00df\/Blau\/Grau\/Rosa\/Gr\u00fcn\/Braun\/Khaki......<\/td>\n<\/tr>\n<tr style=\"height: 18.00pt;\">\n<td class=\"et3\" style=\"height: 18.00pt;\" height=\"18\">Dimension<\/td>\n<td class=\"et5\" style=\"width: 202.95pt;\" width=\"202\">36.5*36.5*12.5<\/td>\n<\/tr>\n<tr style=\"height: 17.60pt;\">\n<td class=\"et3\" style=\"height: 17.60pt;\" height=\"17\">N.W \/SET<\/td>\n<td class=\"et3\">8KGS\/PCS<\/td>\n<\/tr>\n<tr style=\"height: 17.60pt;\">\n<td class=\"et3\" style=\"height: 17.60pt;\" height=\"17\">MOQ<\/td>\n<td class=\"et3\">20St\u00fcck<\/td>\n<\/tr>\n<tr style=\"height: 17.60pt;\">\n<td class=\"et3\" style=\"height: 17.60pt;\" height=\"17\">Benutzerdefinierte Option<\/td>\n<td class=\"et3\">Farbe\/Muster\/Gr\u00f6\u00dfe\/Logo\/Verpackung<\/td>\n<\/tr>\n<\/tbody>\n<\/table>","protected":false},"featured_media":3477,"comment_status":"closed","ping_status":"closed","template":"","meta":{"_acf_changed":false},"product_brand":[],"product_cat":[55,50],"product_tag":[],"class_list":{"0":"post-3473","1":"product","2":"type-product","3":"status-publish","4":"has-post-thumbnail","6":"product_cat-wholesale-matte-sinks","7":"product_cat-wholesale-countertop-sinks","9":"first","10":"instock","11":"shipping-taxable","12":"product-type-simple"},"acf":[],"_links":{"self":[{"href":"https:\/\/www.ceramicbasin.com\/de\/wp-json\/wp\/v2\/product\/3473","targetHints":{"allow":["GET"]}}],"collection":[{"href":"https:\/\/www.ceramicbasin.com\/de\/wp-json\/wp\/v2\/product"}],"about":[{"href":"https:\/\/www.ceramicbasin.com\/de\/wp-json\/wp\/v2\/types\/product"}],"replies":[{"embeddable":true,"href":"https:\/\/www.ceramicbasin.com\/de\/wp-json\/wp\/v2\/comments?post=3473"}],"wp:featuredmedia":[{"embeddable":true,"href":"https:\/\/www.ceramicbasin.com\/de\/wp-json\/wp\/v2\/media\/3477"}],"wp:attachment":[{"href":"https:\/\/www.ceramicbasin.com\/de\/wp-json\/wp\/v2\/media?parent=3473"}],"wp:term":[{"taxonomy":"product_brand","embeddable":true,"href":"https:\/\/www.ceramicbasin.com\/de\/wp-json\/wp\/v2\/product_brand?post=3473"},{"taxonomy":"product_cat","embeddable":true,"href":"https:\/\/www.ceramicbasin.com\/de\/wp-json\/wp\/v2\/product_cat?post=3473"},{"taxonomy":"product_tag","embeddable":true,"href":"https:\/\/www.ceramicbasin.com\/de\/wp-json\/wp\/v2\/product_tag?post=3473"}],"curies":[{"name":"wp","href":"https:\/\/api.w.org\/{rel}","templated":true}]}}