{"id":3493,"date":"2024-07-17T08:41:50","date_gmt":"2024-07-17T08:41:50","guid":{"rendered":"https:\/\/www.ceramicbasin.com\/?post_type=product&#038;p=3493"},"modified":"2024-11-02T03:36:53","modified_gmt":"2024-11-02T03:36:53","slug":"matte-countertop-sink-wholesale","status":"publish","type":"product","link":"https:\/\/www.ceramicbasin.com\/de\/produkt\/matte-countertop-sink-wholesale\/","title":{"rendered":"Modernes Porzellan Arbeitsplatte Waschbecken Gro\u00dfhandel mit matt glasiert"},"content":{"rendered":"<div class=\"wp-block-columns is-layout-flex wp-container-core-columns-is-layout-9d6595d7 wp-block-columns-is-layout-flex\">\n<div class=\"wp-block-column is-layout-flow wp-block-column-is-layout-flow\">\n<h2 class=\"wp-block-heading\">Premium-Arbeitsplatte Waschbecken Gro\u00dfhandel Merkmale:<\/h2>\n\n\n\n<ul class=\"wp-block-list\">\n<li><strong>Moderner, minimalistischer Stil:<\/strong> Unser Porzellanwaschbecken im Gro\u00dfhandel nutzt klare Linien und moderne Designsprache, um eine stilvolle und elegante Atmosph\u00e4re in jedes Badezimmer zu bringen.<\/li>\n\n\n\n<li><strong>Zarte, matte Glasur: <\/strong>Die zarte, matte Glasurschicht liegt auf diesem Gro\u00dfhandels-Keramikbecken und l\u00e4sst es in Luxus ertrinken. Die matte Glasur Behandlung verbessert nicht nur die visuelle Wirkung unserer Gro\u00dfhandel Waschbecken, sondern auch die Oberfl\u00e4che macht es leichter zu reinigen und einfach zu pflegen.<\/li>\n\n\n\n<li><strong>Ausgezeichnete Leistung: <\/strong>Wir verwenden f\u00fcr unsere Porzellanwaschbecken im Gro\u00dfhandel hochwertige keramische Materialien, so dass die Waschbecken eine ausgezeichnete Haltbarkeit und Kratzfestigkeit aufweisen und auch nach langem Gebrauch in einem guten Zustand bleiben k\u00f6nnen.<\/li>\n\n\n\n<li><strong>Kosteneinsparung: <\/strong>Unser Gro\u00dfhandel Arbeitsplatte Waschbecken verbindet eine einfache Design-\u00c4sthetik mit praktischer Funktionalit\u00e4t, eine ideale Wahl f\u00fcr stilvolle B\u00e4der. Gro\u00dfhandel Bad Waschbecken zu g\u00fcnstigen Preisen und schnelle Lieferung, um die gro\u00dfen Auftr\u00e4ge \"Bed\u00fcrfnisse zu erf\u00fcllen und gleichzeitig die Produktqualit\u00e4t.<\/li>\n<\/ul>\n<\/div>\n\n\n\n<div class=\"wp-block-column is-layout-flow wp-block-column-is-layout-flow\">\n<figure class=\"wp-block-image size-full\"><img fetchpriority=\"high\" decoding=\"async\" width=\"827\" height=\"1224\" src=\"https:\/\/www.ceramicbasin.com\/wp-content\/uploads\/2024\/07\/modern-porcelain-countertop-sink-wholesale-with-matte-glaze-6.webp\" alt=\"Modernes-Porzellan-Arbeitsplatten-Sp\u00fclbecken-Gro\u00dfhandel-mit-matter-Glasur-6\" class=\"wp-image-3499\" srcset=\"https:\/\/www.ceramicbasin.com\/wp-content\/uploads\/2024\/07\/modern-porcelain-countertop-sink-wholesale-with-matte-glaze-6.webp 827w, https:\/\/www.ceramicbasin.com\/wp-content\/uploads\/2024\/07\/modern-porcelain-countertop-sink-wholesale-with-matte-glaze-6-203x300.webp 203w, https:\/\/www.ceramicbasin.com\/wp-content\/uploads\/2024\/07\/modern-porcelain-countertop-sink-wholesale-with-matte-glaze-6-768x1137.webp 768w, https:\/\/www.ceramicbasin.com\/wp-content\/uploads\/2024\/07\/modern-porcelain-countertop-sink-wholesale-with-matte-glaze-6-8x12.webp 8w, https:\/\/www.ceramicbasin.com\/wp-content\/uploads\/2024\/07\/modern-porcelain-countertop-sink-wholesale-with-matte-glaze-6-285x422.webp 285w, https:\/\/www.ceramicbasin.com\/wp-content\/uploads\/2024\/07\/modern-porcelain-countertop-sink-wholesale-with-matte-glaze-6-446x660.webp 446w, https:\/\/www.ceramicbasin.com\/wp-content\/uploads\/2024\/07\/modern-porcelain-countertop-sink-wholesale-with-matte-glaze-6-101x150.webp 101w\" sizes=\"(max-width: 827px) 100vw, 827px\" \/><\/figure>\n<\/div>\n<\/div>","protected":false},"excerpt":{"rendered":"<p>Willkommen zum Kauf von Keramik-Waschbecken. Unser Porzellanwaschbecken im Gro\u00dfhandel ist perfekt f\u00fcr ein geschmackvolles Badezimmer, es vereint schlichte Design\u00e4sthetik mit praktischer Funktionalit\u00e4t. Die matte Glasur Behandlung nicht nur stark verbessert die optische Wirkung des Waschbeckens, sondern macht auch seine Oberfl\u00e4che viel einfacher zu reinigen und leichter zu pflegen.<\/p>\n<table style=\"border-collapse: collapse; width: 311.02pt;\" border=\"0\" width=\"311\" cellspacing=\"0\" cellpadding=\"0\">\n<tbody>\n<tr style=\"height: 17.60pt;\">\n<td class=\"et3\" style=\"height: 17.60pt; width: 108.35pt;\" width=\"108\" height=\"17\">Hersteller<\/td>\n<td class=\"et3\" style=\"width: 202.95pt;\" width=\"202\">HanYu<\/td>\n<\/tr>\n<tr style=\"height: 17.60pt;\">\n<td class=\"et3\" style=\"height: 17.60pt;\" height=\"17\">Modell Nr.<\/td>\n<td class=\"et4\">HY8018AMW<\/td>\n<\/tr>\n<tr style=\"height: 18.00pt;\">\n<td class=\"et3\" style=\"height: 18.00pt;\" height=\"18\">Typ<\/td>\n<td class=\"et5\" style=\"width: 202.95pt;\" width=\"202\">Mattes Waschbecken, Aufsatzbecken<\/td>\n<\/tr>\n<tr style=\"height: 17.60pt;\">\n<td class=\"et3\" style=\"height: 17.60pt;\" height=\"17\">Form<\/td>\n<td class=\"et3\">Rechteckige Form<\/td>\n<\/tr>\n<tr style=\"height: 36.00pt;\">\n<td class=\"et4\" style=\"height: 36.00pt;\" height=\"36\">Farbe<\/td>\n<td class=\"et5\" style=\"width: 202.95pt;\" width=\"202\">Schwarz\/Wei\u00df\/Blau\/Grau\/Rosa\/Gr\u00fcn\/Braun\/Khaki......<\/td>\n<\/tr>\n<tr style=\"height: 18.00pt;\">\n<td class=\"et3\" style=\"height: 18.00pt;\" height=\"18\">Dimension<\/td>\n<td class=\"et5\" style=\"width: 202.95pt;\" width=\"202\">46*32*13.5<\/td>\n<\/tr>\n<tr style=\"height: 17.60pt;\">\n<td class=\"et3\" style=\"height: 17.60pt;\" height=\"17\">N.W \/SET<\/td>\n<td class=\"et3\">8.5KGS\/PCS<\/td>\n<\/tr>\n<tr style=\"height: 17.60pt;\">\n<td class=\"et3\" style=\"height: 17.60pt;\" height=\"17\">MOQ<\/td>\n<td class=\"et3\">20St\u00fcck<\/td>\n<\/tr>\n<tr style=\"height: 17.60pt;\">\n<td class=\"et3\" style=\"height: 17.60pt;\" height=\"17\">Benutzerdefinierte Option<\/td>\n<td class=\"et3\">Farbe\/Muster\/Gr\u00f6\u00dfe\/Logo\/Verpackung<\/td>\n<\/tr>\n<\/tbody>\n<\/table>","protected":false},"featured_media":3498,"comment_status":"closed","ping_status":"closed","template":"","meta":{"_acf_changed":false},"product_brand":[],"product_cat":[55,50],"product_tag":[],"class_list":{"0":"post-3493","1":"product","2":"type-product","3":"status-publish","4":"has-post-thumbnail","6":"product_cat-wholesale-matte-sinks","7":"product_cat-wholesale-countertop-sinks","9":"first","10":"instock","11":"shipping-taxable","12":"product-type-simple"},"acf":[],"_links":{"self":[{"href":"https:\/\/www.ceramicbasin.com\/de\/wp-json\/wp\/v2\/product\/3493","targetHints":{"allow":["GET"]}}],"collection":[{"href":"https:\/\/www.ceramicbasin.com\/de\/wp-json\/wp\/v2\/product"}],"about":[{"href":"https:\/\/www.ceramicbasin.com\/de\/wp-json\/wp\/v2\/types\/product"}],"replies":[{"embeddable":true,"href":"https:\/\/www.ceramicbasin.com\/de\/wp-json\/wp\/v2\/comments?post=3493"}],"wp:featuredmedia":[{"embeddable":true,"href":"https:\/\/www.ceramicbasin.com\/de\/wp-json\/wp\/v2\/media\/3498"}],"wp:attachment":[{"href":"https:\/\/www.ceramicbasin.com\/de\/wp-json\/wp\/v2\/media?parent=3493"}],"wp:term":[{"taxonomy":"product_brand","embeddable":true,"href":"https:\/\/www.ceramicbasin.com\/de\/wp-json\/wp\/v2\/product_brand?post=3493"},{"taxonomy":"product_cat","embeddable":true,"href":"https:\/\/www.ceramicbasin.com\/de\/wp-json\/wp\/v2\/product_cat?post=3493"},{"taxonomy":"product_tag","embeddable":true,"href":"https:\/\/www.ceramicbasin.com\/de\/wp-json\/wp\/v2\/product_tag?post=3493"}],"curies":[{"name":"wp","href":"https:\/\/api.w.org\/{rel}","templated":true}]}}