{"id":3502,"date":"2024-07-17T08:55:34","date_gmt":"2024-07-17T08:55:34","guid":{"rendered":"https:\/\/www.ceramicbasin.com\/?post_type=product&#038;p=3502"},"modified":"2024-11-02T03:32:00","modified_gmt":"2024-11-02T03:32:00","slug":"small-matt-basins-wholesale","status":"publish","type":"product","link":"https:\/\/www.ceramicbasin.com\/de\/produkt\/small-matt-basins-wholesale\/","title":{"rendered":"Wandh\u00e4ngende kleine matte Waschbecken Gro\u00dfhandel, kompakte Gef\u00e4\u00dfwaschbecken"},"content":{"rendered":"<div class=\"wp-block-columns is-layout-flex wp-container-core-columns-is-layout-9d6595d7 wp-block-columns-is-layout-flex\">\n<div class=\"wp-block-column is-layout-flow wp-block-column-is-layout-flow\">\n<h2 class=\"wp-block-heading\">Premium Small Matt Basins Wholesale Eigenschaften:<\/h2>\n\n\n\n<ul class=\"wp-block-list\">\n<li><strong>Platzsparendes Design:<\/strong> Unsere kleinen matten Waschbecken im Gro\u00dfhandel sind speziell f\u00fcr kompakte B\u00e4der oder Waschr\u00e4ume konzipiert, mit einer kleinen Wandinstallation, um den begrenzten Raum optimal zu nutzen.<\/li>\n\n\n\n<li><strong>Matte Textur: <\/strong>Die matte Oberfl\u00e4chenbehandlung dieses Wandwaschbeckens aus dem Gro\u00dfhandel verleiht dem Waschbecken ein zur\u00fcckhaltendes, modernes Gef\u00fchl und einen zarten Touch. Es ist leicht zu reinigen und eignet sich f\u00fcr moderne Familien, die einen minimalistischen Stil verfolgen.<\/li>\n\n\n\n<li><strong>Hochwertige keramische Materialien: <\/strong>Unsere kleinen matten Waschbecken im Gro\u00dfhandel werden aus hochwertigen keramischen Materialien hergestellt, um sicherzustellen, dass das Waschbecken eine ausgezeichnete Haltbarkeit und Fleckenbest\u00e4ndigkeit aufweist.<\/li>\n\n\n\n<li><strong>Rabatt bei Gro\u00dfeinkauf: <\/strong>Als Hersteller von Waschbecken f\u00fcr Badezimmer bietet HanYu seinen Kunden hochwertige und preisg\u00fcnstige Gro\u00dfhandels-Keramikbecken, die Ihnen helfen, Ihre Beschaffungskosten zu senken.<\/li>\n<\/ul>\n<\/div>\n\n\n\n<div class=\"wp-block-column is-layout-flow wp-block-column-is-layout-flow\">\n<figure class=\"wp-block-image size-full\"><img fetchpriority=\"high\" decoding=\"async\" width=\"980\" height=\"1351\" src=\"https:\/\/www.ceramicbasin.com\/wp-content\/uploads\/2024\/07\/wall-mounted-small-matt-basins-wholesale-for-compact-space-6.webp\" alt=\"wandmontierte-kleine-matte-waschbecken-gro\u00dfhandel-f\u00fcr-kompakten-raum-6\" class=\"wp-image-3511\" srcset=\"https:\/\/www.ceramicbasin.com\/wp-content\/uploads\/2024\/07\/wall-mounted-small-matt-basins-wholesale-for-compact-space-6.webp 980w, https:\/\/www.ceramicbasin.com\/wp-content\/uploads\/2024\/07\/wall-mounted-small-matt-basins-wholesale-for-compact-space-6-218x300.webp 218w, https:\/\/www.ceramicbasin.com\/wp-content\/uploads\/2024\/07\/wall-mounted-small-matt-basins-wholesale-for-compact-space-6-768x1059.webp 768w, https:\/\/www.ceramicbasin.com\/wp-content\/uploads\/2024\/07\/wall-mounted-small-matt-basins-wholesale-for-compact-space-6-9x12.webp 9w, https:\/\/www.ceramicbasin.com\/wp-content\/uploads\/2024\/07\/wall-mounted-small-matt-basins-wholesale-for-compact-space-6-285x393.webp 285w, https:\/\/www.ceramicbasin.com\/wp-content\/uploads\/2024\/07\/wall-mounted-small-matt-basins-wholesale-for-compact-space-6-479x660.webp 479w, https:\/\/www.ceramicbasin.com\/wp-content\/uploads\/2024\/07\/wall-mounted-small-matt-basins-wholesale-for-compact-space-6-109x150.webp 109w\" sizes=\"(max-width: 980px) 100vw, 980px\" \/><\/figure>\n<\/div>\n<\/div>","protected":false},"excerpt":{"rendered":"<p>Willkommen zu kaufen Gef\u00e4\u00df Waschbecken. Unsere wandmontierten kleinen matten Waschbecken im Gro\u00dfhandel sind f\u00fcr B\u00e4der mit wenig Platz konzipiert. Die matte Oberfl\u00e4che hat einen zarten Touch, der sicherstellt, dass das Becken sowohl sch\u00f6n als auch langlebig ist. Wir bieten eine breite Palette von Anpassungsm\u00f6glichkeiten und k\u00f6nnen das Design nach Ihren spezifischen Bed\u00fcrfnissen anpassen.<\/p>\n<table style=\"border-collapse: collapse; width: 311.02pt;\" border=\"0\" width=\"311\" cellspacing=\"0\" cellpadding=\"0\">\n<tbody>\n<tr style=\"height: 17.60pt;\">\n<td class=\"et3\" style=\"height: 17.60pt; width: 108.35pt;\" width=\"108\" height=\"17\">Hersteller<\/td>\n<td class=\"et3\" style=\"width: 202.95pt;\" width=\"202\">HanYu<\/td>\n<\/tr>\n<tr style=\"height: 17.60pt;\">\n<td class=\"et3\" style=\"height: 17.60pt;\" height=\"17\">Modell Nr.<\/td>\n<td class=\"et4\">HY-3053ALMB<\/td>\n<\/tr>\n<tr style=\"height: 36.00pt;\">\n<td class=\"et3\" style=\"height: 36.00pt;\" height=\"36\">Typ<\/td>\n<td class=\"et5\" style=\"width: 202.95pt;\" width=\"202\">Mattes Becken, wandmontiertes Becken, kleines Becken<\/td>\n<\/tr>\n<tr style=\"height: 17.60pt;\">\n<td class=\"et3\" style=\"height: 17.60pt;\" height=\"17\">Form<\/td>\n<td class=\"et3\">Rechteckige Form<\/td>\n<\/tr>\n<tr style=\"height: 36.00pt;\">\n<td class=\"et4\" style=\"height: 36.00pt;\" height=\"36\">Farbe<\/td>\n<td class=\"et5\" style=\"width: 202.95pt;\" width=\"202\">Schwarz\/Wei\u00df\/Blau\/Grau\/Rosa\/Gr\u00fcn\/Braun\/Khaki......<\/td>\n<\/tr>\n<tr style=\"height: 18.00pt;\">\n<td class=\"et3\" style=\"height: 18.00pt;\" height=\"18\">Dimension<\/td>\n<td class=\"et5\" style=\"width: 202.95pt;\" width=\"202\">40*22*11<\/td>\n<\/tr>\n<tr style=\"height: 17.60pt;\">\n<td class=\"et3\" style=\"height: 17.60pt;\" height=\"17\">N.W \/SET<\/td>\n<td class=\"et3\">8KGS\/PCS<\/td>\n<\/tr>\n<tr style=\"height: 17.60pt;\">\n<td class=\"et3\" style=\"height: 17.60pt;\" height=\"17\">MOQ<\/td>\n<td class=\"et3\">20St\u00fcck<\/td>\n<\/tr>\n<tr style=\"height: 17.60pt;\">\n<td class=\"et3\" style=\"height: 17.60pt;\" height=\"17\">Benutzerdefinierte Option<\/td>\n<td class=\"et3\">Farbe\/Muster\/Gr\u00f6\u00dfe\/Logo\/Verpackung<\/td>\n<\/tr>\n<\/tbody>\n<\/table>","protected":false},"featured_media":3507,"comment_status":"closed","ping_status":"closed","template":"","meta":{"_acf_changed":false},"product_brand":[],"product_cat":[55,56],"product_tag":[],"class_list":{"0":"post-3502","1":"product","2":"type-product","3":"status-publish","4":"has-post-thumbnail","6":"product_cat-wholesale-matte-sinks","7":"product_cat-wholesale-small-bathroom-sinks","9":"first","10":"instock","11":"shipping-taxable","12":"product-type-simple"},"acf":[],"_links":{"self":[{"href":"https:\/\/www.ceramicbasin.com\/de\/wp-json\/wp\/v2\/product\/3502","targetHints":{"allow":["GET"]}}],"collection":[{"href":"https:\/\/www.ceramicbasin.com\/de\/wp-json\/wp\/v2\/product"}],"about":[{"href":"https:\/\/www.ceramicbasin.com\/de\/wp-json\/wp\/v2\/types\/product"}],"replies":[{"embeddable":true,"href":"https:\/\/www.ceramicbasin.com\/de\/wp-json\/wp\/v2\/comments?post=3502"}],"wp:featuredmedia":[{"embeddable":true,"href":"https:\/\/www.ceramicbasin.com\/de\/wp-json\/wp\/v2\/media\/3507"}],"wp:attachment":[{"href":"https:\/\/www.ceramicbasin.com\/de\/wp-json\/wp\/v2\/media?parent=3502"}],"wp:term":[{"taxonomy":"product_brand","embeddable":true,"href":"https:\/\/www.ceramicbasin.com\/de\/wp-json\/wp\/v2\/product_brand?post=3502"},{"taxonomy":"product_cat","embeddable":true,"href":"https:\/\/www.ceramicbasin.com\/de\/wp-json\/wp\/v2\/product_cat?post=3502"},{"taxonomy":"product_tag","embeddable":true,"href":"https:\/\/www.ceramicbasin.com\/de\/wp-json\/wp\/v2\/product_tag?post=3502"}],"curies":[{"name":"wp","href":"https:\/\/api.w.org\/{rel}","templated":true}]}}