{"id":3523,"date":"2024-07-17T09:51:21","date_gmt":"2024-07-17T09:51:21","guid":{"rendered":"https:\/\/www.ceramicbasin.com\/?post_type=product&#038;p=3523"},"modified":"2025-10-23T09:14:10","modified_gmt":"2025-10-23T09:14:10","slug":"matte-rose-gold-sinks-bulk","status":"publish","type":"product","link":"https:\/\/www.ceramicbasin.com\/de\/produkt\/matte-rose-gold-sinks-bulk\/","title":{"rendered":"Matte Rose Gold Waschbecken Bulk Gro\u00dfhandel, keramische Eitelkeit Basins"},"content":{"rendered":"<div class=\"wp-block-columns is-layout-flex wp-container-core-columns-is-layout-9d6595d7 wp-block-columns-is-layout-flex\">\n<div class=\"wp-block-column is-layout-flow wp-block-column-is-layout-flow\">\n<h2 class=\"wp-block-heading\">Premium Matte Rose Gold Sp\u00fclen Bulk Features:<\/h2>\n\n\n\n<ul class=\"wp-block-list\">\n<li><strong>Modernes Design: <\/strong>Die perfekte Kombination aus modernem Designkonzept und mattem Ros\u00e9gold dieses Gro\u00dfhandels-Waschbeckens bringt eine doppelte Aufwertung von Mode und Kunst in den Badezimmerbereich.<\/li>\n\n\n\n<li><strong>Luxus und Eleganz: <\/strong>Die Oberfl\u00e4chenbehandlung dieser Waschbecken in mattem Ros\u00e9gold verleiht dem Waschbecken eine zur\u00fcckhaltende und luxuri\u00f6se Sch\u00f6nheit und verleiht dem Luxusbad einen Hauch von Eleganz.<\/li>\n\n\n\n<li><strong>Langlebig und leicht zu reinigen: <\/strong>Bei unseren matten Ros\u00e9gold-Sp\u00fclbecken wird hochwertige Keramik verwendet, um sicherzustellen, dass die Sp\u00fcle robust und langlebig ist, w\u00e4hrend die matte Oberfl\u00e4che leicht zu reinigen ist und eine lang anhaltende Sch\u00f6nheit bewahrt.<\/li>\n\n\n\n<li><strong>Rabatt bei Gro\u00dfeinkauf: <\/strong>Wir laden Sie ein, unsere Waschbecken in gro\u00dfen Mengen zu kaufen, um sicherzustellen, dass Sie qualitativ hochwertige Produkte zu einem wettbewerbsf\u00e4higeren Preis erhalten, die f\u00fcr gro\u00dfe Projekte oder Ketteneinrichtungen geeignet sind.<\/li>\n<\/ul>\n<\/div>\n\n\n\n<div class=\"wp-block-column is-layout-flow wp-block-column-is-layout-flow\">\n<figure class=\"wp-block-image size-full\"><img fetchpriority=\"high\" decoding=\"async\" width=\"980\" height=\"1348\" src=\"https:\/\/www.ceramicbasin.com\/wp-content\/uploads\/2024\/07\/ceramic-matte-rose-gold-sinks-bulk-for-luxury-bathrooms-6.webp\" alt=\"keramik-matt-rose-gold-waschbecken-massenhaft-f\u00fcr-luxus-badezimmer-6\" class=\"wp-image-3531\" srcset=\"https:\/\/www.ceramicbasin.com\/wp-content\/uploads\/2024\/07\/ceramic-matte-rose-gold-sinks-bulk-for-luxury-bathrooms-6.webp 980w, https:\/\/www.ceramicbasin.com\/wp-content\/uploads\/2024\/07\/ceramic-matte-rose-gold-sinks-bulk-for-luxury-bathrooms-6-218x300.webp 218w, https:\/\/www.ceramicbasin.com\/wp-content\/uploads\/2024\/07\/ceramic-matte-rose-gold-sinks-bulk-for-luxury-bathrooms-6-768x1056.webp 768w, https:\/\/www.ceramicbasin.com\/wp-content\/uploads\/2024\/07\/ceramic-matte-rose-gold-sinks-bulk-for-luxury-bathrooms-6-9x12.webp 9w, https:\/\/www.ceramicbasin.com\/wp-content\/uploads\/2024\/07\/ceramic-matte-rose-gold-sinks-bulk-for-luxury-bathrooms-6-285x392.webp 285w, https:\/\/www.ceramicbasin.com\/wp-content\/uploads\/2024\/07\/ceramic-matte-rose-gold-sinks-bulk-for-luxury-bathrooms-6-480x660.webp 480w, https:\/\/www.ceramicbasin.com\/wp-content\/uploads\/2024\/07\/ceramic-matte-rose-gold-sinks-bulk-for-luxury-bathrooms-6-109x150.webp 109w\" sizes=\"(max-width: 980px) 100vw, 980px\" \/><\/figure>\n<\/div>\n<\/div>","protected":false},"excerpt":{"rendered":"<p>Willkommen im Gro\u00dfhandel Gef\u00e4\u00df Waschbecken zu kaufen. Unsere matte Rose Gold Waschbecken bulk sind speziell f\u00fcr luxuri\u00f6se B\u00e4der konzipiert. Die matten und ros\u00e9goldenen Oberfl\u00e4chen zeigen eine au\u00dfergew\u00f6hnliche optische Wirkung. Die Verwendung von hochwertigen keramischen Materialien sorgt daf\u00fcr, dass das Waschbecken robust, langlebig und leicht zu reinigen ist.<\/p>\n<table style=\"border-collapse: collapse; width: 311.02pt;\" border=\"0\" width=\"311\" cellspacing=\"0\" cellpadding=\"0\">\n<tbody>\n<tr style=\"height: 17.60pt;\">\n<td class=\"et3\" style=\"height: 17.60pt; width: 108.35pt;\" width=\"108\" height=\"17\">Hersteller<\/td>\n<td class=\"et3\" style=\"width: 202.95pt;\" width=\"202\">HanYu<\/td>\n<\/tr>\n<tr style=\"height: 17.60pt;\">\n<td class=\"et3\" style=\"height: 17.60pt;\" height=\"17\">Modell Nr.<\/td>\n<td class=\"et4\">HY-8070MRS<\/td>\n<\/tr>\n<tr style=\"height: 36.00pt;\">\n<td class=\"et3\" style=\"height: 36.00pt;\" height=\"36\">Typ<\/td>\n<td class=\"et5\" style=\"width: 202.95pt;\" width=\"202\">Galvanisiertes Becken, Mattes Becken, Aufsatzbecken<\/td>\n<\/tr>\n<tr style=\"height: 17.60pt;\">\n<td class=\"et3\" style=\"height: 17.60pt;\" height=\"17\">Form<\/td>\n<td class=\"et3\">Runde Form<\/td>\n<\/tr>\n<tr style=\"height: 18.00pt;\">\n<td class=\"et4\" style=\"height: 18.00pt;\" height=\"18\">Farbe<\/td>\n<td class=\"et5\" style=\"width: 202.95pt;\" width=\"202\">Mattschwarz + Rose Gold geb\u00fcrstet<\/td>\n<\/tr>\n<tr style=\"height: 18.00pt;\">\n<td class=\"et3\" style=\"height: 18.00pt;\" height=\"18\">Dimension<\/td>\n<td class=\"et5\" style=\"width: 202.95pt;\" width=\"202\">36*36*12<\/td>\n<\/tr>\n<tr style=\"height: 17.60pt;\">\n<td class=\"et3\" style=\"height: 17.60pt;\" height=\"17\">N.W \/SET<\/td>\n<td class=\"et3\">8KGS\/PCS<\/td>\n<\/tr>\n<tr style=\"height: 17.60pt;\">\n<td class=\"et3\" style=\"height: 17.60pt;\" height=\"17\">MOQ<\/td>\n<td class=\"et3\">20St\u00fcck<\/td>\n<\/tr>\n<tr style=\"height: 17.60pt;\">\n<td class=\"et3\" style=\"height: 17.60pt;\" height=\"17\">Benutzerdefinierte Option<\/td>\n<td class=\"et3\">Farbe\/Muster\/Gr\u00f6\u00dfe\/Logo\/Verpackung<\/td>\n<\/tr>\n<\/tbody>\n<\/table>","protected":false},"featured_media":3525,"comment_status":"closed","ping_status":"closed","template":"","meta":{"_acf_changed":false},"product_brand":[],"product_cat":[55,50,53],"product_tag":[],"class_list":{"0":"post-3523","1":"product","2":"type-product","3":"status-publish","4":"has-post-thumbnail","6":"product_cat-wholesale-matte-sinks","7":"product_cat-wholesale-countertop-sinks","8":"product_cat-electroplated-bathroom-sinks","10":"first","11":"instock","12":"shipping-taxable","13":"product-type-simple"},"acf":[],"_links":{"self":[{"href":"https:\/\/www.ceramicbasin.com\/de\/wp-json\/wp\/v2\/product\/3523","targetHints":{"allow":["GET"]}}],"collection":[{"href":"https:\/\/www.ceramicbasin.com\/de\/wp-json\/wp\/v2\/product"}],"about":[{"href":"https:\/\/www.ceramicbasin.com\/de\/wp-json\/wp\/v2\/types\/product"}],"replies":[{"embeddable":true,"href":"https:\/\/www.ceramicbasin.com\/de\/wp-json\/wp\/v2\/comments?post=3523"}],"wp:featuredmedia":[{"embeddable":true,"href":"https:\/\/www.ceramicbasin.com\/de\/wp-json\/wp\/v2\/media\/3525"}],"wp:attachment":[{"href":"https:\/\/www.ceramicbasin.com\/de\/wp-json\/wp\/v2\/media?parent=3523"}],"wp:term":[{"taxonomy":"product_brand","embeddable":true,"href":"https:\/\/www.ceramicbasin.com\/de\/wp-json\/wp\/v2\/product_brand?post=3523"},{"taxonomy":"product_cat","embeddable":true,"href":"https:\/\/www.ceramicbasin.com\/de\/wp-json\/wp\/v2\/product_cat?post=3523"},{"taxonomy":"product_tag","embeddable":true,"href":"https:\/\/www.ceramicbasin.com\/de\/wp-json\/wp\/v2\/product_tag?post=3523"}],"curies":[{"name":"wp","href":"https:\/\/api.w.org\/{rel}","templated":true}]}}