{"id":3874,"date":"2024-07-23T07:25:51","date_gmt":"2024-07-23T07:25:51","guid":{"rendered":"https:\/\/www.ceramicbasin.com\/?post_type=product&#038;p=3874"},"modified":"2025-10-23T09:46:48","modified_gmt":"2025-10-23T09:46:48","slug":"wholesale-gold-and-white-basins","status":"publish","type":"product","link":"https:\/\/www.ceramicbasin.com\/de\/produkt\/wholesale-gold-and-white-basins\/","title":{"rendered":"Gro\u00dfhandel Gold und Wei\u00df Becken, Luxus Keramik Eitelkeit Waschbecken"},"content":{"rendered":"<div class=\"wp-block-columns is-layout-flex wp-container-core-columns-is-layout-9d6595d7 wp-block-columns-is-layout-flex\">\n<div class=\"wp-block-column is-layout-flow wp-block-column-is-layout-flow\">\n<h2 class=\"wp-block-heading\">Premium-Gro\u00dfhandel Gold und wei\u00dfe Becken Merkmale:<\/h2>\n\n\n\n<ul class=\"wp-block-list\">\n<li><strong>Luxuri\u00f6se Farbabstimmung:<\/strong> Diese traditionelle Farbkombination von Gold und Wei\u00df wird bei diesen Keramikbecken f\u00fcr den Gro\u00dfhandel verwendet. Der goldene Teil ist gl\u00e4nzend, w\u00e4hrend der wei\u00dfe Teil rein und elegant ist. Es schafft eine luxuri\u00f6se und elegante Atmosph\u00e4re.<\/li>\n\n\n\n<li><strong>Modernes Design: <\/strong>Diese goldenen und wei\u00dfen Waschbecken im Gro\u00dfhandel haben ein modernes Design. Das geschickte Zusammenspiel von Gold und Wei\u00df unterstreicht den Stil des gesamten Badezimmers.<\/li>\n\n\n\n<li><strong>Solide, aber robust und langlebig: <\/strong>Bei der Herstellung unserer goldenen und wei\u00dfen Gro\u00dfhandelsbecken wird hochwertiges Keramikmaterial verwendet, um die Sch\u00f6nheit des Beckens, die Haltbarkeit und die einfache Reinigung und Pflege zu gew\u00e4hrleisten.<\/li>\n\n\n\n<li><strong>Stabile Versorgung: <\/strong>Mit jahrelanger Erfahrung als Hersteller von keramischen Waschbecken bietet HanYu wettbewerbsf\u00e4hige Preise und schnelle Lieferung f\u00fcr Gro\u00dfhandelskeramikbecken, die f\u00fcr gro\u00dfe Projekte wie Hotels und Gesch\u00e4ftsgeb\u00e4ude geeignet sind.<\/li>\n<\/ul>\n<\/div>\n\n\n\n<div class=\"wp-block-column is-layout-flow wp-block-column-is-layout-flow\">\n<figure class=\"wp-block-image size-full\"><img fetchpriority=\"high\" decoding=\"async\" width=\"827\" height=\"1216\" src=\"https:\/\/www.ceramicbasin.com\/wp-content\/uploads\/2024\/07\/buy-fancy-wholesale-gold-and-white-basins-for-restroom-6.webp\" alt=\"buy-fancy-gro\u00dfhandel-gold-und-wei\u00df-Becken-f\u00fcr-Raum-6\" class=\"wp-image-3891\" srcset=\"https:\/\/www.ceramicbasin.com\/wp-content\/uploads\/2024\/07\/buy-fancy-wholesale-gold-and-white-basins-for-restroom-6.webp 827w, https:\/\/www.ceramicbasin.com\/wp-content\/uploads\/2024\/07\/buy-fancy-wholesale-gold-and-white-basins-for-restroom-6-204x300.webp 204w, https:\/\/www.ceramicbasin.com\/wp-content\/uploads\/2024\/07\/buy-fancy-wholesale-gold-and-white-basins-for-restroom-6-768x1129.webp 768w, https:\/\/www.ceramicbasin.com\/wp-content\/uploads\/2024\/07\/buy-fancy-wholesale-gold-and-white-basins-for-restroom-6-8x12.webp 8w, https:\/\/www.ceramicbasin.com\/wp-content\/uploads\/2024\/07\/buy-fancy-wholesale-gold-and-white-basins-for-restroom-6-285x419.webp 285w, https:\/\/www.ceramicbasin.com\/wp-content\/uploads\/2024\/07\/buy-fancy-wholesale-gold-and-white-basins-for-restroom-6-449x660.webp 449w, https:\/\/www.ceramicbasin.com\/wp-content\/uploads\/2024\/07\/buy-fancy-wholesale-gold-and-white-basins-for-restroom-6-102x150.webp 102w\" sizes=\"(max-width: 827px) 100vw, 827px\" \/><\/figure>\n<\/div>\n<\/div>","protected":false},"excerpt":{"rendered":"<p>Willkommen im Gro\u00dfhandel Keramik Waschbecken zu kaufen. Diese Gro\u00dfhandel Gold und Wei\u00df Becken zeigen eine Vorstellung von visuellen Luxus, verstr\u00f6mt Eleganz und exquisite Ber\u00fchrungen in seinem Design. Die Qualit\u00e4t des keramischen Materials sorgt f\u00fcr St\u00e4rke f\u00fcr das Becken und seine einfache Reinigung, so dass es sehr geeignet f\u00fcr Toilette Eitelkeit.<\/p>\n<table style=\"border-collapse: collapse; width: 311.02pt;\" border=\"0\" width=\"311\" cellspacing=\"0\" cellpadding=\"0\">\n<tbody>\n<tr style=\"height: 17.60pt;\">\n<td class=\"et3\" style=\"height: 17.60pt; width: 108.35pt;\" width=\"108\" height=\"17\">Hersteller<\/td>\n<td class=\"et3\" style=\"width: 202.95pt;\" width=\"202\">HanYu<\/td>\n<\/tr>\n<tr style=\"height: 17.60pt;\">\n<td class=\"et3\" style=\"height: 17.60pt;\" height=\"17\">Modell Nr.<\/td>\n<td class=\"et4\">HY-8020RGY<\/td>\n<\/tr>\n<tr style=\"height: 36.00pt;\">\n<td class=\"et3\" style=\"height: 36.00pt;\" height=\"36\">Typ<\/td>\n<td class=\"et5\" style=\"width: 202.95pt;\" width=\"202\">Galvanisiertes Becken, Aufsatzbecken<\/td>\n<\/tr>\n<tr style=\"height: 17.60pt;\">\n<td class=\"et3\" style=\"height: 17.60pt;\" height=\"17\">Form<\/td>\n<td class=\"et3\">Rechteckige Form<\/td>\n<\/tr>\n<tr style=\"height: 18.00pt;\">\n<td class=\"et4\" style=\"height: 18.00pt;\" height=\"18\">Farbe<\/td>\n<td class=\"et5\" style=\"width: 202.95pt;\" width=\"202\">Wei\u00df + Gold geb\u00fcrstet<\/td>\n<\/tr>\n<tr style=\"height: 18.00pt;\">\n<td class=\"et3\" style=\"height: 18.00pt;\" height=\"18\">Dimension<\/td>\n<td class=\"et5\" style=\"width: 202.95pt;\" width=\"202\">42*42*14<\/td>\n<\/tr>\n<tr style=\"height: 17.60pt;\">\n<td class=\"et3\" style=\"height: 17.60pt;\" height=\"17\">N.W \/SET<\/td>\n<td class=\"et3\">8KGS\/PCS<\/td>\n<\/tr>\n<tr style=\"height: 17.60pt;\">\n<td class=\"et3\" style=\"height: 17.60pt;\" height=\"17\">MOQ<\/td>\n<td class=\"et3\">20St\u00fcck<\/td>\n<\/tr>\n<tr style=\"height: 17.60pt;\">\n<td class=\"et3\" style=\"height: 17.60pt;\" height=\"17\">Benutzerdefinierte Option<\/td>\n<td class=\"et3\">Farbe\/Muster\/Gr\u00f6\u00dfe\/Logo\/Verpackung<\/td>\n<\/tr>\n<\/tbody>\n<\/table>","protected":false},"featured_media":3890,"comment_status":"closed","ping_status":"closed","template":"","meta":{"_acf_changed":false},"product_brand":[],"product_cat":[53,50],"product_tag":[],"class_list":{"0":"post-3874","1":"product","2":"type-product","3":"status-publish","4":"has-post-thumbnail","6":"product_cat-electroplated-bathroom-sinks","7":"product_cat-wholesale-countertop-sinks","9":"first","10":"instock","11":"shipping-taxable","12":"product-type-simple"},"acf":[],"_links":{"self":[{"href":"https:\/\/www.ceramicbasin.com\/de\/wp-json\/wp\/v2\/product\/3874","targetHints":{"allow":["GET"]}}],"collection":[{"href":"https:\/\/www.ceramicbasin.com\/de\/wp-json\/wp\/v2\/product"}],"about":[{"href":"https:\/\/www.ceramicbasin.com\/de\/wp-json\/wp\/v2\/types\/product"}],"replies":[{"embeddable":true,"href":"https:\/\/www.ceramicbasin.com\/de\/wp-json\/wp\/v2\/comments?post=3874"}],"wp:featuredmedia":[{"embeddable":true,"href":"https:\/\/www.ceramicbasin.com\/de\/wp-json\/wp\/v2\/media\/3890"}],"wp:attachment":[{"href":"https:\/\/www.ceramicbasin.com\/de\/wp-json\/wp\/v2\/media?parent=3874"}],"wp:term":[{"taxonomy":"product_brand","embeddable":true,"href":"https:\/\/www.ceramicbasin.com\/de\/wp-json\/wp\/v2\/product_brand?post=3874"},{"taxonomy":"product_cat","embeddable":true,"href":"https:\/\/www.ceramicbasin.com\/de\/wp-json\/wp\/v2\/product_cat?post=3874"},{"taxonomy":"product_tag","embeddable":true,"href":"https:\/\/www.ceramicbasin.com\/de\/wp-json\/wp\/v2\/product_tag?post=3874"}],"curies":[{"name":"wp","href":"https:\/\/api.w.org\/{rel}","templated":true}]}}