{"id":3892,"date":"2024-07-23T07:53:41","date_gmt":"2024-07-23T07:53:41","guid":{"rendered":"https:\/\/www.ceramicbasin.com\/?post_type=product&#038;p=3892"},"modified":"2024-12-06T09:22:17","modified_gmt":"2024-12-06T09:22:17","slug":"fancy-wholesale-white-basins","status":"publish","type":"product","link":"https:\/\/www.ceramicbasin.com\/de\/produkt\/fancy-wholesale-white-basins\/","title":{"rendered":"Gro\u00dfhandel wei\u00dfe Becken mit Goldrand, ausgefallene keramische Waschbecken"},"content":{"rendered":"<div class=\"wp-block-columns is-layout-flex wp-container-core-columns-is-layout-9d6595d7 wp-block-columns-is-layout-flex\">\n<div class=\"wp-block-column is-layout-flow wp-block-column-is-layout-flow\">\n<h2 class=\"wp-block-heading\">Premium Gro\u00dfhandel Wei\u00dfe Becken Merkmale:<\/h2>\n\n\n\n<ul class=\"wp-block-list\">\n<li><strong>Rein wei\u00dfes Waschbecken mit goldenen Akzenten: <\/strong>Unsere wei\u00dfen Gro\u00dfhandelsbecken werden mit Goldr\u00e4ndern gepaart, um einen einfachen und luxuri\u00f6sen Eindruck der visuellen Wirkung zu schaffen.<\/li>\n\n\n\n<li><strong>Verbesserung der Mode f\u00fcr den Raum: <\/strong>Unsere ma\u00dfgefertigten Waschbecken mit Goldrand verwenden moderne Designelemente und klassische Farben, was nicht nur die Funktionalit\u00e4t des Beckens erh\u00f6ht, sondern auch den Sinn f\u00fcr Mode in den Badezimmerbereich bringt.<\/li>\n\n\n\n<li><strong>Leicht zu pflegen: <\/strong>F\u00fcr diese wei\u00dfen Gro\u00dfhandelsbecken werden die hochwertigsten Materialien verwendet, um zu gew\u00e4hrleisten, dass dieses Becken langlebig und leicht zu reinigen ist; es kann seine Sch\u00f6nheit auch nach langem Gebrauch behalten.<\/li>\n\n\n\n<li><strong>Kosteng\u00fcnstig: <\/strong>Als Hersteller von Waschbecken f\u00fcr das Badezimmer k\u00f6nnen wir einen sehr wettbewerbsf\u00e4higen Gro\u00dfhandelspreis f\u00fcr kundenspezifische Waschbecken f\u00fcr das Badezimmer anbieten, um einen hochwertigen Genuss zu gew\u00e4hrleisten, ohne Ihr Budget zu \u00fcberschreiten.<\/li>\n<\/ul>\n<\/div>\n\n\n\n<div class=\"wp-block-column is-layout-flow wp-block-column-is-layout-flow\">\n<figure class=\"wp-block-image size-full\"><img fetchpriority=\"high\" decoding=\"async\" width=\"827\" height=\"1208\" src=\"https:\/\/www.ceramicbasin.com\/wp-content\/uploads\/2024\/07\/buy-fancy-wholesale-white-basins-with-gold-edge-design-6.webp\" alt=\"buy-fancy-gro\u00dfhandel-wei\u00dfe-becken-mit-goldenem-rand-design-6\" class=\"wp-image-3898\" srcset=\"https:\/\/www.ceramicbasin.com\/wp-content\/uploads\/2024\/07\/buy-fancy-wholesale-white-basins-with-gold-edge-design-6.webp 827w, https:\/\/www.ceramicbasin.com\/wp-content\/uploads\/2024\/07\/buy-fancy-wholesale-white-basins-with-gold-edge-design-6-205x300.webp 205w, https:\/\/www.ceramicbasin.com\/wp-content\/uploads\/2024\/07\/buy-fancy-wholesale-white-basins-with-gold-edge-design-6-768x1122.webp 768w, https:\/\/www.ceramicbasin.com\/wp-content\/uploads\/2024\/07\/buy-fancy-wholesale-white-basins-with-gold-edge-design-6-8x12.webp 8w, https:\/\/www.ceramicbasin.com\/wp-content\/uploads\/2024\/07\/buy-fancy-wholesale-white-basins-with-gold-edge-design-6-285x416.webp 285w, https:\/\/www.ceramicbasin.com\/wp-content\/uploads\/2024\/07\/buy-fancy-wholesale-white-basins-with-gold-edge-design-6-452x660.webp 452w, https:\/\/www.ceramicbasin.com\/wp-content\/uploads\/2024\/07\/buy-fancy-wholesale-white-basins-with-gold-edge-design-6-103x150.webp 103w\" sizes=\"(max-width: 827px) 100vw, 827px\" \/><\/figure>\n<\/div>\n<\/div>","protected":false},"excerpt":{"rendered":"<p>Willkommen bei kundenspezifischen Waschbecken f\u00fcr Badezimmer. Aufgrund seines eleganten Aussehens und seines ausgezeichneten Preis-Leistungs-Verh\u00e4ltnisses ist unser wei\u00dfes Waschbecken mit Goldrand im Gro\u00dfhandel die ideale Wahl f\u00fcr eine luxuri\u00f6se Badezimmereinrichtung. Perfekt passend zu den wei\u00dfen K\u00f6rper mit einem Goldrand macht die Sch\u00f6nheit der Einfachheit, ohne luxuri\u00f6se Details zu verlieren.<\/p>\n<table style=\"border-collapse: collapse; width: 311.02pt;\" border=\"0\" width=\"311\" cellspacing=\"0\" cellpadding=\"0\">\n<tbody>\n<tr style=\"height: 17.60pt;\">\n<td class=\"et3\" style=\"height: 17.60pt; width: 108.35pt;\" width=\"108\" height=\"17\">Hersteller<\/td>\n<td class=\"et3\" style=\"width: 202.95pt;\" width=\"202\">HanYu<\/td>\n<\/tr>\n<tr style=\"height: 17.60pt;\">\n<td class=\"et3\" style=\"height: 17.60pt;\" height=\"17\">Modell Nr.<\/td>\n<td class=\"et4\">HY-8030GL<\/td>\n<\/tr>\n<tr style=\"height: 36.00pt;\">\n<td class=\"et3\" style=\"height: 36.00pt;\" height=\"36\">Typ<\/td>\n<td class=\"et5\" style=\"width: 202.95pt;\" width=\"202\">Galvanisiertes Becken, Aufsatzbecken<\/td>\n<\/tr>\n<tr style=\"height: 17.60pt;\">\n<td class=\"et3\" style=\"height: 17.60pt;\" height=\"17\">Form<\/td>\n<td class=\"et3\">Rechteckige Form<\/td>\n<\/tr>\n<tr style=\"height: 18.00pt;\">\n<td class=\"et4\" style=\"height: 18.00pt;\" height=\"18\">Farbe<\/td>\n<td class=\"et5\" style=\"width: 202.95pt;\" width=\"202\">Wei\u00df + Goldrand<\/td>\n<\/tr>\n<tr style=\"height: 18.00pt;\">\n<td class=\"et3\" style=\"height: 18.00pt;\" height=\"18\">Dimension<\/td>\n<td class=\"et5\" style=\"width: 202.95pt;\" width=\"202\">62*35*11<\/td>\n<\/tr>\n<tr style=\"height: 17.60pt;\">\n<td class=\"et3\" style=\"height: 17.60pt;\" height=\"17\">N.W \/SET<\/td>\n<td class=\"et3\">10KGS\/PCS<\/td>\n<\/tr>\n<tr style=\"height: 17.60pt;\">\n<td class=\"et3\" style=\"height: 17.60pt;\" height=\"17\">MOQ<\/td>\n<td class=\"et3\">20St\u00fcck<\/td>\n<\/tr>\n<tr style=\"height: 17.60pt;\">\n<td class=\"et3\" style=\"height: 17.60pt;\" height=\"17\">Benutzerdefinierte Option<\/td>\n<td class=\"et3\">Farbe\/Muster\/Gr\u00f6\u00dfe\/Logo\/Verpackung<\/td>\n<\/tr>\n<\/tbody>\n<\/table>","protected":false},"featured_media":3896,"comment_status":"closed","ping_status":"closed","template":"","meta":{"_acf_changed":false},"product_brand":[],"product_cat":[53,50],"product_tag":[],"class_list":{"0":"post-3892","1":"product","2":"type-product","3":"status-publish","4":"has-post-thumbnail","6":"product_cat-electroplated-bathroom-sinks","7":"product_cat-wholesale-countertop-sinks","9":"first","10":"instock","11":"shipping-taxable","12":"product-type-simple"},"acf":[],"_links":{"self":[{"href":"https:\/\/www.ceramicbasin.com\/de\/wp-json\/wp\/v2\/product\/3892","targetHints":{"allow":["GET"]}}],"collection":[{"href":"https:\/\/www.ceramicbasin.com\/de\/wp-json\/wp\/v2\/product"}],"about":[{"href":"https:\/\/www.ceramicbasin.com\/de\/wp-json\/wp\/v2\/types\/product"}],"replies":[{"embeddable":true,"href":"https:\/\/www.ceramicbasin.com\/de\/wp-json\/wp\/v2\/comments?post=3892"}],"wp:featuredmedia":[{"embeddable":true,"href":"https:\/\/www.ceramicbasin.com\/de\/wp-json\/wp\/v2\/media\/3896"}],"wp:attachment":[{"href":"https:\/\/www.ceramicbasin.com\/de\/wp-json\/wp\/v2\/media?parent=3892"}],"wp:term":[{"taxonomy":"product_brand","embeddable":true,"href":"https:\/\/www.ceramicbasin.com\/de\/wp-json\/wp\/v2\/product_brand?post=3892"},{"taxonomy":"product_cat","embeddable":true,"href":"https:\/\/www.ceramicbasin.com\/de\/wp-json\/wp\/v2\/product_cat?post=3892"},{"taxonomy":"product_tag","embeddable":true,"href":"https:\/\/www.ceramicbasin.com\/de\/wp-json\/wp\/v2\/product_tag?post=3892"}],"curies":[{"name":"wp","href":"https:\/\/api.w.org\/{rel}","templated":true}]}}