{"id":3899,"date":"2024-07-23T08:07:18","date_gmt":"2024-07-23T08:07:18","guid":{"rendered":"https:\/\/www.ceramicbasin.com\/?post_type=product&#038;p=3899"},"modified":"2025-10-23T09:42:27","modified_gmt":"2025-10-23T09:42:27","slug":"wholesale-white-silver-basins","status":"publish","type":"product","link":"https:\/\/www.ceramicbasin.com\/de\/produkt\/wholesale-white-silver-basins\/","title":{"rendered":"Gro\u00dfhandel Wei\u00df Silber Becken, Luxus \u00fcber Z\u00e4hler Waschbecken"},"content":{"rendered":"<div class=\"wp-block-columns is-layout-flex wp-container-core-columns-is-layout-9d6595d7 wp-block-columns-is-layout-flex\">\n<div class=\"wp-block-column is-layout-flow wp-block-column-is-layout-flow\">\n<h2 class=\"wp-block-heading\">Premium Gro\u00dfhandel Wei\u00df Silber Becken Merkmale:<\/h2>\n\n\n\n<ul class=\"wp-block-list\">\n<li><strong>Moderne \u00c4sthetik: <\/strong>Diese Fabrik Gro\u00dfhandel Keramik Waschbecken f\u00fcr das Bad verwenden eine clevere Kombination von Wei\u00df und Silber, um eine einfache und moderne visuelle Wirkung zu schaffen, bringt eine einzigartige Design-Sinn, um den Badraum.<\/li>\n\n\n\n<li><strong>Gute Haltbarkeit: <\/strong>Unsere wei\u00dfen Silberwaschbecken f\u00fcr den Gro\u00dfhandel werden aus hochwertiger Keramik hergestellt, die mit der Galvanotechnik gekoppelt ist, um sicherzustellen, dass die Waschbecken robust und langlebig sind, eine glatte Oberfl\u00e4che haben und leicht zu reinigen sind.<\/li>\n\n\n\n<li><strong>Raumoptimierung:<\/strong> Diese wei\u00df-silbernen Waschbecken aus dem Gro\u00dfhandel sind so konzipiert, dass sie \u00fcber der Arbeitsplatte installiert werden k\u00f6nnen, was nicht nur Platz spart, sondern auch die t\u00e4gliche Nutzung und Reinigung erleichtert und so die Zweckm\u00e4\u00dfigkeit und Sch\u00f6nheit des gesamten Badezimmers verbessert.<\/li>\n\n\n\n<li><strong>Zolldienst: <\/strong>Wir bieten einen ma\u00dfgeschneiderten Service f\u00fcr Gro\u00dfhandel Keramik Waschbecken f\u00fcr Gro\u00dfprojekte, ob es kundenspezifische Gr\u00f6\u00dfe, Farbe, Form oder Waschbecken Loch Richtung.<\/li>\n<\/ul>\n<\/div>\n\n\n\n<div class=\"wp-block-column is-layout-flow wp-block-column-is-layout-flow\">\n<figure class=\"wp-block-image size-full\"><img fetchpriority=\"high\" decoding=\"async\" width=\"827\" height=\"1232\" src=\"https:\/\/www.ceramicbasin.com\/wp-content\/uploads\/2024\/07\/buy-unique-wholesale-white-silver-basins-above-counter-sinks-6.webp\" alt=\"kaufen-einzigartig-gro\u00dfhandel-wei\u00df-silberne-waschbecken-\u00fcber-den-tisch-6\" class=\"wp-image-3905\" srcset=\"https:\/\/www.ceramicbasin.com\/wp-content\/uploads\/2024\/07\/buy-unique-wholesale-white-silver-basins-above-counter-sinks-6.webp 827w, https:\/\/www.ceramicbasin.com\/wp-content\/uploads\/2024\/07\/buy-unique-wholesale-white-silver-basins-above-counter-sinks-6-201x300.webp 201w, https:\/\/www.ceramicbasin.com\/wp-content\/uploads\/2024\/07\/buy-unique-wholesale-white-silver-basins-above-counter-sinks-6-768x1144.webp 768w, https:\/\/www.ceramicbasin.com\/wp-content\/uploads\/2024\/07\/buy-unique-wholesale-white-silver-basins-above-counter-sinks-6-8x12.webp 8w, https:\/\/www.ceramicbasin.com\/wp-content\/uploads\/2024\/07\/buy-unique-wholesale-white-silver-basins-above-counter-sinks-6-285x425.webp 285w, https:\/\/www.ceramicbasin.com\/wp-content\/uploads\/2024\/07\/buy-unique-wholesale-white-silver-basins-above-counter-sinks-6-443x660.webp 443w, https:\/\/www.ceramicbasin.com\/wp-content\/uploads\/2024\/07\/buy-unique-wholesale-white-silver-basins-above-counter-sinks-6-101x150.webp 101w\" sizes=\"(max-width: 827px) 100vw, 827px\" \/><\/figure>\n<\/div>\n<\/div>","protected":false},"excerpt":{"rendered":"<p>Willkommen beim Gro\u00dfeinkauf von Waschbecken. Unsere wei\u00dfen Silberwaschbecken f\u00fcr den Gro\u00dfhandel vereinen einzigartiges Design mit praktischen Funktionen und bieten eine perfekte L\u00f6sung f\u00fcr moderne Badezimmer. Die Kombination von Wei\u00df und Silber kann leicht in verschiedene dekorative Stile integrieren.<\/p>\n<table style=\"border-collapse: collapse; width: 311.02pt;\" border=\"0\" width=\"311\" cellspacing=\"0\" cellpadding=\"0\">\n<tbody>\n<tr style=\"height: 17.60pt;\">\n<td class=\"et3\" style=\"height: 17.60pt; width: 108.35pt;\" width=\"108\" height=\"17\">Hersteller<\/td>\n<td class=\"et3\" style=\"width: 202.95pt;\" width=\"202\">HanYu<\/td>\n<\/tr>\n<tr style=\"height: 17.60pt;\">\n<td class=\"et3\" style=\"height: 17.60pt;\" height=\"17\">Modell Nr.<\/td>\n<td class=\"et4\">HY-8025SY<\/td>\n<\/tr>\n<tr style=\"height: 36.00pt;\">\n<td class=\"et3\" style=\"height: 36.00pt;\" height=\"36\">Typ<\/td>\n<td class=\"et5\" style=\"width: 202.95pt;\" width=\"202\">Galvanisiertes Becken, Aufsatzbecken<\/td>\n<\/tr>\n<tr style=\"height: 17.60pt;\">\n<td class=\"et3\" style=\"height: 17.60pt;\" height=\"17\">Form<\/td>\n<td class=\"et3\">Rechteckige Form<\/td>\n<\/tr>\n<tr style=\"height: 18.00pt;\">\n<td class=\"et4\" style=\"height: 18.00pt;\" height=\"18\">Farbe<\/td>\n<td class=\"et5\" style=\"width: 202.95pt;\" width=\"202\">Wei\u00df + Silber<\/td>\n<\/tr>\n<tr style=\"height: 18.00pt;\">\n<td class=\"et3\" style=\"height: 18.00pt;\" height=\"18\">Dimension<\/td>\n<td class=\"et5\" style=\"width: 202.95pt;\" width=\"202\">39*39*14<\/td>\n<\/tr>\n<tr style=\"height: 17.60pt;\">\n<td class=\"et3\" style=\"height: 17.60pt;\" height=\"17\">N.W \/SET<\/td>\n<td class=\"et3\">8KGS\/PCS<\/td>\n<\/tr>\n<tr style=\"height: 17.60pt;\">\n<td class=\"et3\" style=\"height: 17.60pt;\" height=\"17\">MOQ<\/td>\n<td class=\"et3\">20St\u00fcck<\/td>\n<\/tr>\n<tr style=\"height: 17.60pt;\">\n<td class=\"et3\" style=\"height: 17.60pt;\" height=\"17\">Benutzerdefinierte Option<\/td>\n<td class=\"et3\">Farbe\/Muster\/Gr\u00f6\u00dfe\/Logo\/Verpackung<\/td>\n<\/tr>\n<\/tbody>\n<\/table>","protected":false},"featured_media":3901,"comment_status":"closed","ping_status":"closed","template":"","meta":{"_acf_changed":false},"product_brand":[],"product_cat":[53,50],"product_tag":[],"class_list":{"0":"post-3899","1":"product","2":"type-product","3":"status-publish","4":"has-post-thumbnail","6":"product_cat-electroplated-bathroom-sinks","7":"product_cat-wholesale-countertop-sinks","9":"first","10":"instock","11":"shipping-taxable","12":"product-type-simple"},"acf":[],"_links":{"self":[{"href":"https:\/\/www.ceramicbasin.com\/de\/wp-json\/wp\/v2\/product\/3899","targetHints":{"allow":["GET"]}}],"collection":[{"href":"https:\/\/www.ceramicbasin.com\/de\/wp-json\/wp\/v2\/product"}],"about":[{"href":"https:\/\/www.ceramicbasin.com\/de\/wp-json\/wp\/v2\/types\/product"}],"replies":[{"embeddable":true,"href":"https:\/\/www.ceramicbasin.com\/de\/wp-json\/wp\/v2\/comments?post=3899"}],"wp:featuredmedia":[{"embeddable":true,"href":"https:\/\/www.ceramicbasin.com\/de\/wp-json\/wp\/v2\/media\/3901"}],"wp:attachment":[{"href":"https:\/\/www.ceramicbasin.com\/de\/wp-json\/wp\/v2\/media?parent=3899"}],"wp:term":[{"taxonomy":"product_brand","embeddable":true,"href":"https:\/\/www.ceramicbasin.com\/de\/wp-json\/wp\/v2\/product_brand?post=3899"},{"taxonomy":"product_cat","embeddable":true,"href":"https:\/\/www.ceramicbasin.com\/de\/wp-json\/wp\/v2\/product_cat?post=3899"},{"taxonomy":"product_tag","embeddable":true,"href":"https:\/\/www.ceramicbasin.com\/de\/wp-json\/wp\/v2\/product_tag?post=3899"}],"curies":[{"name":"wp","href":"https:\/\/api.w.org\/{rel}","templated":true}]}}