{"id":3906,"date":"2024-07-23T08:22:44","date_gmt":"2024-07-23T08:22:44","guid":{"rendered":"https:\/\/www.ceramicbasin.com\/?post_type=product&#038;p=3906"},"modified":"2025-10-23T09:02:57","modified_gmt":"2025-10-23T09:02:57","slug":"gold-wash-basin-wholesale","status":"publish","type":"product","link":"https:\/\/www.ceramicbasin.com\/de\/produkt\/gold-wash-basin-wholesale\/","title":{"rendered":"Geb\u00fcrstetes Gold Waschbecken Gro\u00dfhandel mit Full Custom Service"},"content":{"rendered":"<div class=\"wp-block-columns is-layout-flex wp-container-core-columns-is-layout-9d6595d7 wp-block-columns-is-layout-flex\">\n<div class=\"wp-block-column is-layout-flow wp-block-column-is-layout-flow\">\n<h2 class=\"wp-block-heading\">Premium Goldwaschbecken Gro\u00dfhandel Eigenschaften:<\/h2>\n\n\n\n<ul class=\"wp-block-list\">\n<li><strong>Luxuri\u00f6ses Gold-Finish: <\/strong>Dieses Waschbecken in geb\u00fcrstetem Gold wird im Gro\u00dfhandel mit einer hochwertigen Goldgalvanisierung versehen, und jedes St\u00fcck wird sorgf\u00e4ltig nach Ma\u00df gefertigt, um dem Badezimmer ein Gef\u00fchl von Luxus zu verleihen.<\/li>\n\n\n\n<li><strong>Langlebig und sch\u00f6n:<\/strong> Diese goldene Farbe Gro\u00dfhandel Bad Waschbecken verwendet hochwertige keramische Materialien und Galvanik Oberfl\u00e4che, um sicherzustellen, dass das Waschbecken ist nicht nur wundersch\u00f6n im Aussehen, sondern auch robust und langlebig, und kann seinen Glanz nach langfristigen Einsatz zu halten.<\/li>\n\n\n\n<li><strong>Erf\u00fcllen Sie individuelle Anforderungen: <\/strong>Wir sind ein professioneller Hersteller von Waschbecken f\u00fcr Badezimmer und bieten Anpassungsdienste f\u00fcr Gro\u00dfhandel Waschbecken f\u00fcr Badezimmer, und kann die Gr\u00f6\u00dfe nach Ihren spezifischen Bed\u00fcrfnissen anzupassen.<\/li>\n\n\n\n<li><strong>Beschaffung in gro\u00dfen Mengen, kosteng\u00fcnstig: <\/strong>Wir bieten bevorzugte Beschaffungspreise f\u00fcr geb\u00fcrstete Goldwaschbecken im Gro\u00dfhandel, um sicherzustellen, dass Sie hochwertige Produkte genie\u00dfen und gleichzeitig Ihr Projektbudget einhalten.<\/li>\n<\/ul>\n<\/div>\n\n\n\n<div class=\"wp-block-column is-layout-flow wp-block-column-is-layout-flow\">\n<figure class=\"wp-block-image size-full\"><img fetchpriority=\"high\" decoding=\"async\" width=\"827\" height=\"1232\" src=\"https:\/\/www.ceramicbasin.com\/wp-content\/uploads\/2024\/07\/premium-custom-made-gold-wash-basin-wholesale-for-vanity-6.webp\" alt=\"Premium-Ma\u00dfanfertigung-Gold-Waschbecken-Gro\u00dfhandel-f\u00fcr-Vanity-6\" class=\"wp-image-3912\" srcset=\"https:\/\/www.ceramicbasin.com\/wp-content\/uploads\/2024\/07\/premium-custom-made-gold-wash-basin-wholesale-for-vanity-6.webp 827w, https:\/\/www.ceramicbasin.com\/wp-content\/uploads\/2024\/07\/premium-custom-made-gold-wash-basin-wholesale-for-vanity-6-201x300.webp 201w, https:\/\/www.ceramicbasin.com\/wp-content\/uploads\/2024\/07\/premium-custom-made-gold-wash-basin-wholesale-for-vanity-6-768x1144.webp 768w, https:\/\/www.ceramicbasin.com\/wp-content\/uploads\/2024\/07\/premium-custom-made-gold-wash-basin-wholesale-for-vanity-6-8x12.webp 8w, https:\/\/www.ceramicbasin.com\/wp-content\/uploads\/2024\/07\/premium-custom-made-gold-wash-basin-wholesale-for-vanity-6-285x425.webp 285w, https:\/\/www.ceramicbasin.com\/wp-content\/uploads\/2024\/07\/premium-custom-made-gold-wash-basin-wholesale-for-vanity-6-443x660.webp 443w, https:\/\/www.ceramicbasin.com\/wp-content\/uploads\/2024\/07\/premium-custom-made-gold-wash-basin-wholesale-for-vanity-6-101x150.webp 101w\" sizes=\"(max-width: 827px) 100vw, 827px\" \/><\/figure>\n<\/div>\n<\/div>","protected":false},"excerpt":{"rendered":"<p>Willkommen zum Kauf von Waschbecken f\u00fcr Badezimmer. Dieses Gold Waschbecken Gro\u00dfhandel verwendet hochwertige keramische Materialien und Galvanik Oberfl\u00e4che, um sicherzustellen, dass das Waschbecken ist nicht nur wundersch\u00f6n im Aussehen, sondern auch robust und langlebig. Customization Service erm\u00f6glicht es uns, die Gr\u00f6\u00dfe und Form des Waschbeckens anzupassen.<\/p>\n<table style=\"border-collapse: collapse; width: 311.02pt;\" border=\"0\" width=\"311\" cellspacing=\"0\" cellpadding=\"0\">\n<tbody>\n<tr style=\"height: 17.60pt;\">\n<td class=\"et3\" style=\"height: 17.60pt; width: 108.35pt;\" width=\"108\" height=\"17\">Hersteller<\/td>\n<td class=\"et3\" style=\"width: 202.95pt;\" width=\"202\">HanYu<\/td>\n<\/tr>\n<tr style=\"height: 17.60pt;\">\n<td class=\"et3\" style=\"height: 17.60pt;\" height=\"17\">Modell Nr.<\/td>\n<td class=\"et4\">HY-8037GY<\/td>\n<\/tr>\n<tr style=\"height: 36.00pt;\">\n<td class=\"et3\" style=\"height: 36.00pt;\" height=\"36\">Typ<\/td>\n<td class=\"et5\" style=\"width: 202.95pt;\" width=\"202\">Galvanisiertes Becken, Aufsatzbecken<\/td>\n<\/tr>\n<tr style=\"height: 17.60pt;\">\n<td class=\"et3\" style=\"height: 17.60pt;\" height=\"17\">Form<\/td>\n<td class=\"et3\">Runde Form<\/td>\n<\/tr>\n<tr style=\"height: 18.00pt;\">\n<td class=\"et4\" style=\"height: 18.00pt;\" height=\"18\">Farbe<\/td>\n<td class=\"et5\" style=\"width: 202.95pt;\" width=\"202\">Gold<\/td>\n<\/tr>\n<tr style=\"height: 18.00pt;\">\n<td class=\"et3\" style=\"height: 18.00pt;\" height=\"18\">Dimension<\/td>\n<td class=\"et5\" style=\"width: 202.95pt;\" width=\"202\">41*41*15<\/td>\n<\/tr>\n<tr style=\"height: 17.60pt;\">\n<td class=\"et3\" style=\"height: 17.60pt;\" height=\"17\">N.W \/SET<\/td>\n<td class=\"et3\">8KGS\/PCS<\/td>\n<\/tr>\n<tr style=\"height: 17.60pt;\">\n<td class=\"et3\" style=\"height: 17.60pt;\" height=\"17\">MOQ<\/td>\n<td class=\"et3\">20St\u00fcck<\/td>\n<\/tr>\n<tr style=\"height: 17.60pt;\">\n<td class=\"et3\" style=\"height: 17.60pt;\" height=\"17\">Benutzerdefinierte Option<\/td>\n<td class=\"et3\">Farbe\/Muster\/Gr\u00f6\u00dfe\/Logo\/Verpackung<\/td>\n<\/tr>\n<\/tbody>\n<\/table>","protected":false},"featured_media":3911,"comment_status":"closed","ping_status":"closed","template":"","meta":{"_acf_changed":false},"product_brand":[],"product_cat":[53,50],"product_tag":[],"class_list":{"0":"post-3906","1":"product","2":"type-product","3":"status-publish","4":"has-post-thumbnail","6":"product_cat-electroplated-bathroom-sinks","7":"product_cat-wholesale-countertop-sinks","9":"first","10":"instock","11":"shipping-taxable","12":"product-type-simple"},"acf":[],"_links":{"self":[{"href":"https:\/\/www.ceramicbasin.com\/de\/wp-json\/wp\/v2\/product\/3906","targetHints":{"allow":["GET"]}}],"collection":[{"href":"https:\/\/www.ceramicbasin.com\/de\/wp-json\/wp\/v2\/product"}],"about":[{"href":"https:\/\/www.ceramicbasin.com\/de\/wp-json\/wp\/v2\/types\/product"}],"replies":[{"embeddable":true,"href":"https:\/\/www.ceramicbasin.com\/de\/wp-json\/wp\/v2\/comments?post=3906"}],"wp:featuredmedia":[{"embeddable":true,"href":"https:\/\/www.ceramicbasin.com\/de\/wp-json\/wp\/v2\/media\/3911"}],"wp:attachment":[{"href":"https:\/\/www.ceramicbasin.com\/de\/wp-json\/wp\/v2\/media?parent=3906"}],"wp:term":[{"taxonomy":"product_brand","embeddable":true,"href":"https:\/\/www.ceramicbasin.com\/de\/wp-json\/wp\/v2\/product_brand?post=3906"},{"taxonomy":"product_cat","embeddable":true,"href":"https:\/\/www.ceramicbasin.com\/de\/wp-json\/wp\/v2\/product_cat?post=3906"},{"taxonomy":"product_tag","embeddable":true,"href":"https:\/\/www.ceramicbasin.com\/de\/wp-json\/wp\/v2\/product_tag?post=3906"}],"curies":[{"name":"wp","href":"https:\/\/api.w.org\/{rel}","templated":true}]}}