{"id":3913,"date":"2024-07-23T08:37:41","date_gmt":"2024-07-23T08:37:41","guid":{"rendered":"https:\/\/www.ceramicbasin.com\/?post_type=product&#038;p=3913"},"modified":"2024-12-06T09:22:16","modified_gmt":"2024-12-06T09:22:16","slug":"rose-gold-top-counter-basin-wholesale","status":"publish","type":"product","link":"https:\/\/www.ceramicbasin.com\/de\/produkt\/rose-gold-top-counter-basin-wholesale\/","title":{"rendered":"Premium Rose Gold Top Counter Basin Gro\u00dfhandel f\u00fcr Waschraum"},"content":{"rendered":"<div class=\"wp-block-columns is-layout-flex wp-container-core-columns-is-layout-9d6595d7 wp-block-columns-is-layout-flex\">\n<div class=\"wp-block-column is-layout-flow wp-block-column-is-layout-flow\">\n<h2 class=\"wp-block-heading\">Premium Top Counter Becken Gro\u00dfhandel Merkmale:<\/h2>\n\n\n\n<ul class=\"wp-block-list\">\n<li><strong>Exquisites Ros\u00e9gold:<\/strong> Dieses Aufsatzbecken im Gro\u00dfhandel ist in elegantem Ros\u00e9gold gehalten und bringt sanfte und luxuri\u00f6se Sch\u00f6nheit ins Bad und unterstreicht das hochwertige Ambiente des Raumes.<\/li>\n\n\n\n<li><strong>Langlebig: <\/strong>Unsere Gro\u00dfhandelswaschbecken werden aus hochwertiger Keramik und Metallbeschichtung hergestellt, wodurch sichergestellt wird, dass das Becken robust und langlebig ist, eine glatte Oberfl\u00e4che hat, leicht zu reinigen ist und eine lang anhaltende Sch\u00f6nheit aufweist.<\/li>\n\n\n\n<li><strong>Arbeitsplatteninstallation Design:<\/strong> Diese ma\u00dfgefertigten Aufsatzwaschbecken sind so konzipiert, dass sie auf der Arbeitsplatte installiert werden k\u00f6nnen, was Platz spart und den t\u00e4glichen Gebrauch, die Reinigung sowie die Zweckm\u00e4\u00dfigkeit und Sch\u00f6nheit des gesamten Badezimmers erleichtert.<\/li>\n\n\n\n<li><strong>Schnelle Versorgung: <\/strong>Als Hersteller von Waschbecken f\u00fcr Badezimmer verf\u00fcgen wir \u00fcber ein leistungsf\u00e4higes Produktions- und Logistiknetzwerk f\u00fcr Gro\u00dfhandelswaschbecken, das schnell auf Bestellungen reagieren und eine schnelle Produktlieferung f\u00fcr dringende Projektanforderungen gew\u00e4hrleisten kann.<\/li>\n<\/ul>\n<\/div>\n\n\n\n<div class=\"wp-block-column is-layout-flow wp-block-column-is-layout-flow\">\n<figure class=\"wp-block-image size-full\"><img fetchpriority=\"high\" decoding=\"async\" width=\"827\" height=\"1224\" src=\"https:\/\/www.ceramicbasin.com\/wp-content\/uploads\/2024\/07\/premium-rose-gold-top-counter-basin-wholesale-for-washroom-6.webp\" alt=\"Premium-Ros\u00e9gold-Tischbecken-Gro\u00dfhandel-f\u00fcr-Waschraum-6\" class=\"wp-image-3925\" srcset=\"https:\/\/www.ceramicbasin.com\/wp-content\/uploads\/2024\/07\/premium-rose-gold-top-counter-basin-wholesale-for-washroom-6.webp 827w, https:\/\/www.ceramicbasin.com\/wp-content\/uploads\/2024\/07\/premium-rose-gold-top-counter-basin-wholesale-for-washroom-6-203x300.webp 203w, https:\/\/www.ceramicbasin.com\/wp-content\/uploads\/2024\/07\/premium-rose-gold-top-counter-basin-wholesale-for-washroom-6-768x1137.webp 768w, https:\/\/www.ceramicbasin.com\/wp-content\/uploads\/2024\/07\/premium-rose-gold-top-counter-basin-wholesale-for-washroom-6-8x12.webp 8w, https:\/\/www.ceramicbasin.com\/wp-content\/uploads\/2024\/07\/premium-rose-gold-top-counter-basin-wholesale-for-washroom-6-285x422.webp 285w, https:\/\/www.ceramicbasin.com\/wp-content\/uploads\/2024\/07\/premium-rose-gold-top-counter-basin-wholesale-for-washroom-6-446x660.webp 446w, https:\/\/www.ceramicbasin.com\/wp-content\/uploads\/2024\/07\/premium-rose-gold-top-counter-basin-wholesale-for-washroom-6-101x150.webp 101w\" sizes=\"(max-width: 827px) 100vw, 827px\" \/><\/figure>\n<\/div>\n<\/div>","protected":false},"excerpt":{"rendered":"<p>Willkommen im Gro\u00dfhandel Eitelkeit Waschbecken kaufen. Unsere rose gold top counter basin Gro\u00dfhandel ist aus hochwertigen Materialien, die Haltbarkeit und die Art der Installation-Peer-on Arbeitsplatte Methode spart Platz hervorragend zu sichern gemacht. Wir verf\u00fcgen \u00fcber ein effektives Produktions- und Logistiksystem, das in der Lage ist, auf Bestellungen in sehr kurzer Zeit zu reagieren und die rechtzeitige Lieferung der Produkte zu gew\u00e4hrleisten.<\/p>\n<table style=\"border-collapse: collapse; width: 311.02pt;\" border=\"0\" width=\"311\" cellspacing=\"0\" cellpadding=\"0\">\n<tbody>\n<tr style=\"height: 17.60pt;\">\n<td class=\"et3\" style=\"height: 17.60pt; width: 108.35pt;\" width=\"108\" height=\"17\">Hersteller<\/td>\n<td class=\"et3\" style=\"width: 202.95pt;\" width=\"202\">HanYu<\/td>\n<\/tr>\n<tr style=\"height: 17.60pt;\">\n<td class=\"et3\" style=\"height: 17.60pt;\" height=\"17\">Modell Nr.<\/td>\n<td class=\"et4\">HY-8018ARGS<\/td>\n<\/tr>\n<tr style=\"height: 36.00pt;\">\n<td class=\"et3\" style=\"height: 36.00pt;\" height=\"36\">Typ<\/td>\n<td class=\"et5\" style=\"width: 202.95pt;\" width=\"202\">Galvanisiertes Becken, Aufsatzbecken<\/td>\n<\/tr>\n<tr style=\"height: 17.60pt;\">\n<td class=\"et3\" style=\"height: 17.60pt;\" height=\"17\">Form<\/td>\n<td class=\"et3\">Rechteckige Form<\/td>\n<\/tr>\n<tr style=\"height: 18.00pt;\">\n<td class=\"et4\" style=\"height: 18.00pt;\" height=\"18\">Farbe<\/td>\n<td class=\"et5\" style=\"width: 202.95pt;\" width=\"202\">Wei\u00df+ Ros\u00e9gold geb\u00fcrstet<\/td>\n<\/tr>\n<tr style=\"height: 18.00pt;\">\n<td class=\"et3\" style=\"height: 18.00pt;\" height=\"18\">Dimension<\/td>\n<td class=\"et5\" style=\"width: 202.95pt;\" width=\"202\">46*33*14<\/td>\n<\/tr>\n<tr style=\"height: 17.60pt;\">\n<td class=\"et3\" style=\"height: 17.60pt;\" height=\"17\">N.W \/SET<\/td>\n<td class=\"et3\">10KGS\/PCS<\/td>\n<\/tr>\n<tr style=\"height: 17.60pt;\">\n<td class=\"et3\" style=\"height: 17.60pt;\" height=\"17\">MOQ<\/td>\n<td class=\"et3\">20St\u00fcck<\/td>\n<\/tr>\n<tr style=\"height: 17.60pt;\">\n<td class=\"et3\" style=\"height: 17.60pt;\" height=\"17\">Benutzerdefinierte Option<\/td>\n<td class=\"et3\">Farbe\/Muster\/Gr\u00f6\u00dfe\/Logo\/Verpackung<\/td>\n<\/tr>\n<\/tbody>\n<\/table>","protected":false},"featured_media":3924,"comment_status":"closed","ping_status":"closed","template":"","meta":{"_acf_changed":false},"product_brand":[],"product_cat":[53,50],"product_tag":[],"class_list":{"0":"post-3913","1":"product","2":"type-product","3":"status-publish","4":"has-post-thumbnail","6":"product_cat-electroplated-bathroom-sinks","7":"product_cat-wholesale-countertop-sinks","9":"first","10":"instock","11":"shipping-taxable","12":"product-type-simple"},"acf":[],"_links":{"self":[{"href":"https:\/\/www.ceramicbasin.com\/de\/wp-json\/wp\/v2\/product\/3913","targetHints":{"allow":["GET"]}}],"collection":[{"href":"https:\/\/www.ceramicbasin.com\/de\/wp-json\/wp\/v2\/product"}],"about":[{"href":"https:\/\/www.ceramicbasin.com\/de\/wp-json\/wp\/v2\/types\/product"}],"replies":[{"embeddable":true,"href":"https:\/\/www.ceramicbasin.com\/de\/wp-json\/wp\/v2\/comments?post=3913"}],"wp:featuredmedia":[{"embeddable":true,"href":"https:\/\/www.ceramicbasin.com\/de\/wp-json\/wp\/v2\/media\/3924"}],"wp:attachment":[{"href":"https:\/\/www.ceramicbasin.com\/de\/wp-json\/wp\/v2\/media?parent=3913"}],"wp:term":[{"taxonomy":"product_brand","embeddable":true,"href":"https:\/\/www.ceramicbasin.com\/de\/wp-json\/wp\/v2\/product_brand?post=3913"},{"taxonomy":"product_cat","embeddable":true,"href":"https:\/\/www.ceramicbasin.com\/de\/wp-json\/wp\/v2\/product_cat?post=3913"},{"taxonomy":"product_tag","embeddable":true,"href":"https:\/\/www.ceramicbasin.com\/de\/wp-json\/wp\/v2\/product_tag?post=3913"}],"curies":[{"name":"wp","href":"https:\/\/api.w.org\/{rel}","templated":true}]}}