{"id":3935,"date":"2024-07-23T08:55:40","date_gmt":"2024-07-23T08:55:40","guid":{"rendered":"https:\/\/www.ceramicbasin.com\/?post_type=product&#038;p=3935"},"modified":"2024-12-06T09:22:16","modified_gmt":"2024-12-06T09:22:16","slug":"silver-finish-basin-wholesale","status":"publish","type":"product","link":"https:\/\/www.ceramicbasin.com\/de\/produkt\/silver-finish-basin-wholesale\/","title":{"rendered":"Neues Design Silber Finish Waschbecken Gro\u00dfhandel mit schnellen Lieferung"},"content":{"rendered":"<div class=\"wp-block-columns is-layout-flex wp-container-core-columns-is-layout-9d6595d7 wp-block-columns-is-layout-flex\">\n<div class=\"wp-block-column is-layout-flow wp-block-column-is-layout-flow\">\n<h2 class=\"wp-block-heading\">Premium Silber Finish Waschbecken Gro\u00dfhandel Merkmale:<\/h2>\n\n\n\n<ul class=\"wp-block-list\">\n<li><strong>Modedesign:<\/strong> Das Design dieses neuen Waschbecken-Gro\u00dfhandels in silberner Ausf\u00fchrung verleiht dem Waschbecken einen stilvollen, modernen Touch und verbessert den dekorativen Stil Ihres Badezimmers oder Waschbereichs.<\/li>\n\n\n\n<li><strong>Hochwertige Materialien: <\/strong>Diese Silber Gro\u00dfhandel Eitelkeit Waschbecken sind von h\u00f6chster Qualit\u00e4t keramischen Materialien, um sicherzustellen, das Becken ist solide und langlebig, w\u00e4hrend seine \u00e4u\u00dfere Schicht hat eine glatte und leicht zu reinigen Silber galvanisiert Oberfl\u00e4che auf einer t\u00e4glichen Basis.<\/li>\n\n\n\n<li><strong>Schnelle Lieferung:<\/strong> Als Lieferant von Keramikwaschbecken verf\u00fcgen wir \u00fcber eine reaktionsschnelle Lieferkette, die Bestellungen schnell bearbeiten und die rechtzeitige Lieferung von Silberwaschbecken im Gro\u00dfhandel gew\u00e4hrleisten kann.<\/li>\n\n\n\n<li><strong>Kosteng\u00fcnstig: <\/strong>Wir bieten g\u00fcnstigere Preise f\u00fcr Gro\u00dfbestellungen von Waschbecken an, d.h. hohe Qualit\u00e4t, aber dennoch zu einem angemessenen Preis, damit Sie bei gro\u00dfen Projekten Kosten sparen k\u00f6nnen.<\/li>\n<\/ul>\n<\/div>\n\n\n\n<div class=\"wp-block-column is-layout-flow wp-block-column-is-layout-flow\">\n<figure class=\"wp-block-image size-full\"><img fetchpriority=\"high\" decoding=\"async\" width=\"827\" height=\"1224\" src=\"https:\/\/www.ceramicbasin.com\/wp-content\/uploads\/2024\/07\/new-design-silver-finish-basin-wholesale-with-fast-supply-6.jpg\" alt=\"new-design-silber-finish-becken-gro\u00dfhandel-mit-schneller-lieferung-6\" class=\"wp-image-3950\" srcset=\"https:\/\/www.ceramicbasin.com\/wp-content\/uploads\/2024\/07\/new-design-silver-finish-basin-wholesale-with-fast-supply-6.jpg 827w, https:\/\/www.ceramicbasin.com\/wp-content\/uploads\/2024\/07\/new-design-silver-finish-basin-wholesale-with-fast-supply-6-203x300.jpg 203w, https:\/\/www.ceramicbasin.com\/wp-content\/uploads\/2024\/07\/new-design-silver-finish-basin-wholesale-with-fast-supply-6-768x1137.jpg 768w, https:\/\/www.ceramicbasin.com\/wp-content\/uploads\/2024\/07\/new-design-silver-finish-basin-wholesale-with-fast-supply-6-8x12.jpg 8w, https:\/\/www.ceramicbasin.com\/wp-content\/uploads\/2024\/07\/new-design-silver-finish-basin-wholesale-with-fast-supply-6-285x422.jpg 285w, https:\/\/www.ceramicbasin.com\/wp-content\/uploads\/2024\/07\/new-design-silver-finish-basin-wholesale-with-fast-supply-6-446x660.jpg 446w, https:\/\/www.ceramicbasin.com\/wp-content\/uploads\/2024\/07\/new-design-silver-finish-basin-wholesale-with-fast-supply-6-101x150.jpg 101w\" sizes=\"(max-width: 827px) 100vw, 827px\" \/><\/figure>\n<\/div>\n<\/div>","protected":false},"excerpt":{"rendered":"<p>Willkommen im Gro\u00dfhandel Eitelkeit Waschbecken kaufen. Unser neues Design Silber Finish Waschbecken Gro\u00dfhandel perfekt gibt einen gro\u00dfen \u00e4sthetischen Sinn f\u00fcr modernes Design, w\u00e4hrend die Kombination von Praktikabilit\u00e4t als gut. Die Sch\u00f6nheit der silbernen galvanischen Oberfl\u00e4che verleiht dem Raum einen modernen Touch und erm\u00f6glicht eine einfache Reinigung, um seine dauerhafte Sch\u00f6nheit zu erhalten.<\/p>\n<table width=\"311\">\n<tbody>\n<tr>\n<td width=\"108\">Hersteller<\/td>\n<td width=\"202\">HanYu<\/td>\n<\/tr>\n<tr>\n<td>Modell Nr.<\/td>\n<td>HY-8018SS\u00a0<\/td>\n<\/tr>\n<tr>\n<td>Typ<\/td>\n<td width=\"202\">Galvanisiertes Becken, Aufsatzbecken<\/td>\n<\/tr>\n<tr>\n<td>Form<\/td>\n<td>Rechteckige Form<\/td>\n<\/tr>\n<tr>\n<td>Farbe<\/td>\n<td width=\"202\">Wei\u00df + Silber geb\u00fcrstet<\/td>\n<\/tr>\n<tr>\n<td>Dimension<\/td>\n<td width=\"202\">50*40*15<\/td>\n<\/tr>\n<tr>\n<td>N.W \/SET<\/td>\n<td>11KGS\/PCS<\/td>\n<\/tr>\n<tr>\n<td>MOQ<\/td>\n<td>20St\u00fcck<\/td>\n<\/tr>\n<tr>\n<td>Benutzerdefinierte Option<\/td>\n<td>Farbe\/Muster\/Gr\u00f6\u00dfe\/Logo\/Verpackung<\/td>\n<\/tr>\n<\/tbody>\n<\/table>","protected":false},"featured_media":3947,"comment_status":"closed","ping_status":"closed","template":"","meta":{"_acf_changed":false},"product_brand":[],"product_cat":[53,50],"product_tag":[],"class_list":{"0":"post-3935","1":"product","2":"type-product","3":"status-publish","4":"has-post-thumbnail","6":"product_cat-electroplated-bathroom-sinks","7":"product_cat-wholesale-countertop-sinks","9":"first","10":"instock","11":"shipping-taxable","12":"product-type-simple"},"acf":[],"_links":{"self":[{"href":"https:\/\/www.ceramicbasin.com\/de\/wp-json\/wp\/v2\/product\/3935","targetHints":{"allow":["GET"]}}],"collection":[{"href":"https:\/\/www.ceramicbasin.com\/de\/wp-json\/wp\/v2\/product"}],"about":[{"href":"https:\/\/www.ceramicbasin.com\/de\/wp-json\/wp\/v2\/types\/product"}],"replies":[{"embeddable":true,"href":"https:\/\/www.ceramicbasin.com\/de\/wp-json\/wp\/v2\/comments?post=3935"}],"wp:featuredmedia":[{"embeddable":true,"href":"https:\/\/www.ceramicbasin.com\/de\/wp-json\/wp\/v2\/media\/3947"}],"wp:attachment":[{"href":"https:\/\/www.ceramicbasin.com\/de\/wp-json\/wp\/v2\/media?parent=3935"}],"wp:term":[{"taxonomy":"product_brand","embeddable":true,"href":"https:\/\/www.ceramicbasin.com\/de\/wp-json\/wp\/v2\/product_brand?post=3935"},{"taxonomy":"product_cat","embeddable":true,"href":"https:\/\/www.ceramicbasin.com\/de\/wp-json\/wp\/v2\/product_cat?post=3935"},{"taxonomy":"product_tag","embeddable":true,"href":"https:\/\/www.ceramicbasin.com\/de\/wp-json\/wp\/v2\/product_tag?post=3935"}],"curies":[{"name":"wp","href":"https:\/\/api.w.org\/{rel}","templated":true}]}}