{"id":3957,"date":"2024-07-23T09:07:44","date_gmt":"2024-07-23T09:07:44","guid":{"rendered":"https:\/\/www.ceramicbasin.com\/?post_type=product&#038;p=3957"},"modified":"2024-12-06T09:23:55","modified_gmt":"2024-12-06T09:23:55","slug":"wholesale-marble-color-basins","status":"publish","type":"product","link":"https:\/\/www.ceramicbasin.com\/de\/produkt\/wholesale-marble-color-basins\/","title":{"rendered":"Schnelle Lieferung Gro\u00dfhandel Marmor Farbe Basins mit gro\u00dfen Preis"},"content":{"rendered":"<div class=\"wp-block-columns is-layout-flex wp-container-core-columns-is-layout-9d6595d7 wp-block-columns-is-layout-flex\">\n<div class=\"wp-block-column is-layout-flow wp-block-column-is-layout-flow\">\n<h2 class=\"wp-block-heading\">Premium-Gro\u00dfhandel Marmor Farbe Basins Features:<\/h2>\n\n\n\n<ul class=\"wp-block-list\">\n<li><strong>Imitation Marmor Textur: <\/strong>Dieses kundenspezifische Waschbecken nutzt die Wassertransferdrucktechnologie, wobei Farbe und Textur des Marmors nachgeahmt werden, um dem Waschbecken nat\u00fcrliche Sch\u00f6nheit und hochwertige Textur zu verleihen.<\/li>\n\n\n\n<li><strong>Kosteng\u00fcnstig: <\/strong>Gro\u00dfhandel Marmor Farbe Waschbecken sind direkt aus unserer Fabrik, die Beseitigung der Zwischenh\u00e4ndler und sicherzustellen, dass Sie qualitativ hochwertige Waschbecken zu einem sehr wettbewerbsf\u00e4higen Preis.<\/li>\n\n\n\n<li><strong>Flexible Preisgestaltung: <\/strong>Wir bieten ma\u00dfgeschneiderte Dienstleistungen f\u00fcr Waschbecken im Badezimmer an, um qualitativ hochwertige und perfekt funktionale Waschbecken nach Ihren Bed\u00fcrfnissen zu schaffen.<\/li>\n\n\n\n<li><strong>Effizienter Service:<\/strong> HanYu verf\u00fcgt \u00fcber ein ausgereiftes Produktions- und Logistiksystem, das schnell auf den Auftragsbedarf reagieren und eine rechtzeitige Lieferung gew\u00e4hrleisten kann, um den Zeitplan f\u00fcr dringende Projekte einzuhalten.<\/li>\n<\/ul>\n<\/div>\n\n\n\n<div class=\"wp-block-column is-layout-flow wp-block-column-is-layout-flow\">\n<figure class=\"wp-block-image size-full\"><img fetchpriority=\"high\" decoding=\"async\" width=\"980\" height=\"1352\" src=\"https:\/\/www.ceramicbasin.com\/wp-content\/uploads\/2024\/07\/factory-direct-wholesale-marble-color-basins-with-good-price-6.webp\" alt=\"fabrik-direkt-gro\u00dfhandel-marmor-farbbecken-mit-gutem-preis-6\" class=\"wp-image-3970\" srcset=\"https:\/\/www.ceramicbasin.com\/wp-content\/uploads\/2024\/07\/factory-direct-wholesale-marble-color-basins-with-good-price-6.webp 980w, https:\/\/www.ceramicbasin.com\/wp-content\/uploads\/2024\/07\/factory-direct-wholesale-marble-color-basins-with-good-price-6-217x300.webp 217w, https:\/\/www.ceramicbasin.com\/wp-content\/uploads\/2024\/07\/factory-direct-wholesale-marble-color-basins-with-good-price-6-768x1060.webp 768w, https:\/\/www.ceramicbasin.com\/wp-content\/uploads\/2024\/07\/factory-direct-wholesale-marble-color-basins-with-good-price-6-9x12.webp 9w, https:\/\/www.ceramicbasin.com\/wp-content\/uploads\/2024\/07\/factory-direct-wholesale-marble-color-basins-with-good-price-6-285x393.webp 285w, https:\/\/www.ceramicbasin.com\/wp-content\/uploads\/2024\/07\/factory-direct-wholesale-marble-color-basins-with-good-price-6-478x660.webp 478w, https:\/\/www.ceramicbasin.com\/wp-content\/uploads\/2024\/07\/factory-direct-wholesale-marble-color-basins-with-good-price-6-109x150.webp 109w\" sizes=\"(max-width: 980px) 100vw, 980px\" \/><\/figure>\n<\/div>\n<\/div>","protected":false},"excerpt":{"rendered":"<p>Diese Gro\u00dfhandel Marmor Farbe Becken verwenden Wasser-Transfer-Druck-Technologie, die die Textur und Farbe von Naturstein imitiert, das Hinzuf\u00fcgen einer einzigartigen nat\u00fcrlichen Sch\u00f6nheit und luxuri\u00f6se Textur zum Bad Raum. Wir bieten Ihnen hochwertige und preisg\u00fcnstige Gro\u00dfhandel Waschbecken mit Fabrik Direktvertrieb Modus, und schnell liefern, um Ihr Projekt zu erf\u00fcllen braucht.<\/p>\n<table width=\"311\">\n<tbody>\n<tr>\n<td width=\"108\">Hersteller<\/td>\n<td width=\"202\">HanYu<\/td>\n<\/tr>\n<tr>\n<td>Modell Nr.<\/td>\n<td>HY-8018SS\u00a0<\/td>\n<\/tr>\n<tr>\n<td>Typ<\/td>\n<td width=\"202\">Becken in Marmorfarbe, Aufsatzbecken<\/td>\n<\/tr>\n<tr>\n<td>Form<\/td>\n<td>Rechteckige Form<\/td>\n<\/tr>\n<tr>\n<td>Farbe<\/td>\n<td width=\"202\">Schwarz<\/td>\n<\/tr>\n<tr>\n<td>Dimension<\/td>\n<td width=\"202\">50*40*15<\/td>\n<\/tr>\n<tr>\n<td>N.W \/SET<\/td>\n<td>11KGS\/PCS<\/td>\n<\/tr>\n<tr>\n<td>MOQ<\/td>\n<td>20St\u00fcck<\/td>\n<\/tr>\n<tr>\n<td>Benutzerdefinierte Option<\/td>\n<td>Farbe\/Muster\/Gr\u00f6\u00dfe\/Logo\/Verpackung<\/td>\n<\/tr>\n<\/tbody>\n<\/table>","protected":false},"featured_media":3965,"comment_status":"closed","ping_status":"closed","template":"","meta":{"_acf_changed":false},"product_brand":[],"product_cat":[54,50],"product_tag":[],"class_list":{"0":"post-3957","1":"product","2":"type-product","3":"status-publish","4":"has-post-thumbnail","6":"product_cat-wholesale-marble-sinks","7":"product_cat-wholesale-countertop-sinks","9":"first","10":"instock","11":"shipping-taxable","12":"product-type-simple"},"acf":[],"_links":{"self":[{"href":"https:\/\/www.ceramicbasin.com\/de\/wp-json\/wp\/v2\/product\/3957","targetHints":{"allow":["GET"]}}],"collection":[{"href":"https:\/\/www.ceramicbasin.com\/de\/wp-json\/wp\/v2\/product"}],"about":[{"href":"https:\/\/www.ceramicbasin.com\/de\/wp-json\/wp\/v2\/types\/product"}],"replies":[{"embeddable":true,"href":"https:\/\/www.ceramicbasin.com\/de\/wp-json\/wp\/v2\/comments?post=3957"}],"wp:featuredmedia":[{"embeddable":true,"href":"https:\/\/www.ceramicbasin.com\/de\/wp-json\/wp\/v2\/media\/3965"}],"wp:attachment":[{"href":"https:\/\/www.ceramicbasin.com\/de\/wp-json\/wp\/v2\/media?parent=3957"}],"wp:term":[{"taxonomy":"product_brand","embeddable":true,"href":"https:\/\/www.ceramicbasin.com\/de\/wp-json\/wp\/v2\/product_brand?post=3957"},{"taxonomy":"product_cat","embeddable":true,"href":"https:\/\/www.ceramicbasin.com\/de\/wp-json\/wp\/v2\/product_cat?post=3957"},{"taxonomy":"product_tag","embeddable":true,"href":"https:\/\/www.ceramicbasin.com\/de\/wp-json\/wp\/v2\/product_tag?post=3957"}],"curies":[{"name":"wp","href":"https:\/\/api.w.org\/{rel}","templated":true}]}}