{"id":4031,"date":"2024-07-24T01:00:54","date_gmt":"2024-07-24T01:00:54","guid":{"rendered":"https:\/\/www.ceramicbasin.com\/?post_type=product&#038;p=4031"},"modified":"2024-12-06T09:23:54","modified_gmt":"2024-12-06T09:23:54","slug":"artificial-marble-sink-wholesale","status":"publish","type":"product","link":"https:\/\/www.ceramicbasin.com\/de\/produkt\/artificial-marble-sink-wholesale\/","title":{"rendered":"K\u00fcnstlicher Marmor Waschbecken Gro\u00dfhandel Gef\u00e4\u00df Waschbecken f\u00fcr Badezimmer"},"content":{"rendered":"<div class=\"wp-block-columns is-layout-flex wp-container-core-columns-is-layout-9d6595d7 wp-block-columns-is-layout-flex\">\n<div class=\"wp-block-column is-layout-flow wp-block-column-is-layout-flow\">\n<h2 class=\"wp-block-heading\">Premium Marmor Waschbecken Gro\u00dfhandel Eigenschaften:<\/h2>\n\n\n\n<ul class=\"wp-block-list\">\n<li><strong>Imitation Marmor Textur:<\/strong> Dieses Marmorwaschbecken im Gro\u00dfhandel nutzt die Wassertransfertechnologie, um eine realistische Marmorstruktur auf der Oberfl\u00e4che darzustellen und dem Badezimmer ein nat\u00fcrliches Gef\u00fchl von Luxus zu verleihen.<\/li>\n\n\n\n<li><strong>Langlebig und leicht zu pflegen: <\/strong>Unser Kunstmarmor Waschbecken Gro\u00dfhandel hat eine gute Kratz-und Fleckenbest\u00e4ndigkeit, einfache t\u00e4gliche Reinigung, und h\u00e4lt das Becken hell und neu f\u00fcr eine lange Zeit.<\/li>\n\n\n\n<li><strong>Starke Anpassungsf\u00e4higkeit: <\/strong>Unsere Waschbecken f\u00fcr den Gro\u00dfhandel sind in einer Vielzahl von Gr\u00f6\u00dfen, Formen und Farben erh\u00e4ltlich und lassen sich leicht an die verschiedenen Einrichtungsstile im Badezimmer anpassen, egal ob es sich um moderne Schlichtheit oder klassische Eleganz handelt.<\/li>\n\n\n\n<li><strong>Schnelle Produktion und Lieferung: <\/strong>HanYu verf\u00fcgt \u00fcber eine moderne Produktionslinie und ein effizientes Logistiksystem, um sicherzustellen, dass Ihre Bestellung von Waschbecken f\u00fcr Badezimmer schnell reagiert, p\u00fcnktlich geliefert wird und die Wartezeit verk\u00fcrzt wird.<\/li>\n<\/ul>\n<\/div>\n\n\n\n<div class=\"wp-block-column is-layout-flow wp-block-column-is-layout-flow\">\n<figure class=\"wp-block-image size-full\"><img fetchpriority=\"high\" decoding=\"async\" width=\"980\" height=\"1245\" src=\"https:\/\/www.ceramicbasin.com\/wp-content\/uploads\/2024\/07\/artificial-marble-sink-wholesale-vessel-sink-for-bathroom-6.jpg\" alt=\"Kunstmarmorsp\u00fcle-Gro\u00dfhandel-Gef\u00e4\u00dfsp\u00fcle-f\u00fcr-Badezimmer-6\" class=\"wp-image-4036\" srcset=\"https:\/\/www.ceramicbasin.com\/wp-content\/uploads\/2024\/07\/artificial-marble-sink-wholesale-vessel-sink-for-bathroom-6.jpg 980w, https:\/\/www.ceramicbasin.com\/wp-content\/uploads\/2024\/07\/artificial-marble-sink-wholesale-vessel-sink-for-bathroom-6-236x300.jpg 236w, https:\/\/www.ceramicbasin.com\/wp-content\/uploads\/2024\/07\/artificial-marble-sink-wholesale-vessel-sink-for-bathroom-6-768x976.jpg 768w, https:\/\/www.ceramicbasin.com\/wp-content\/uploads\/2024\/07\/artificial-marble-sink-wholesale-vessel-sink-for-bathroom-6-9x12.jpg 9w, https:\/\/www.ceramicbasin.com\/wp-content\/uploads\/2024\/07\/artificial-marble-sink-wholesale-vessel-sink-for-bathroom-6-285x362.jpg 285w, https:\/\/www.ceramicbasin.com\/wp-content\/uploads\/2024\/07\/artificial-marble-sink-wholesale-vessel-sink-for-bathroom-6-520x660.jpg 520w, https:\/\/www.ceramicbasin.com\/wp-content\/uploads\/2024\/07\/artificial-marble-sink-wholesale-vessel-sink-for-bathroom-6-118x150.jpg 118w\" sizes=\"(max-width: 980px) 100vw, 980px\" \/><\/figure>\n<\/div>\n<\/div>","protected":false},"excerpt":{"rendered":"<p>Willkommen im Gro\u00dfhandel Gef\u00e4\u00df Waschbecken kaufen. Unsere Kunstmarmor Waschbecken Gro\u00dfhandel bietet eine dauerhafte und stilvolle L\u00f6sung f\u00fcr Bad Raum. Die Textur der simulierten Marmor verleiht dem Becken eine nat\u00fcrliche Sch\u00f6nheit, w\u00e4hrend seine solide Material gew\u00e4hrleistet die Haltbarkeit des Produkts.<\/p>\n<table style=\"border-collapse: collapse; width: 311.02pt;\" border=\"0\" width=\"311\" cellspacing=\"0\" cellpadding=\"0\">\n<tbody>\n<tr style=\"height: 17.60pt;\">\n<td class=\"et3\" style=\"height: 17.60pt; width: 108.35pt;\" width=\"108\" height=\"17\">Hersteller<\/td>\n<td class=\"et3\" style=\"width: 202.95pt;\" width=\"202\">HanYu<\/td>\n<\/tr>\n<tr style=\"height: 17.60pt;\">\n<td class=\"et3\" style=\"height: 17.60pt;\" height=\"17\">Modell Nr.<\/td>\n<td class=\"et4\">HY-8064-75D83<\/td>\n<\/tr>\n<tr style=\"height: 36.00pt;\">\n<td class=\"et3\" style=\"height: 36.00pt;\" height=\"36\">Typ<\/td>\n<td class=\"et5\" style=\"width: 202.95pt;\" width=\"202\">Becken in Marmorfarbe, Aufsatzbecken<\/td>\n<\/tr>\n<tr style=\"height: 17.60pt;\">\n<td class=\"et3\" style=\"height: 17.60pt;\" height=\"17\">Form<\/td>\n<td class=\"et3\">Rechteckige Form<\/td>\n<\/tr>\n<tr style=\"height: 18.00pt;\">\n<td class=\"et4\" style=\"height: 18.00pt;\" height=\"18\">Farbe<\/td>\n<td class=\"et5\" style=\"width: 202.95pt;\" width=\"202\">Schwarz<\/td>\n<\/tr>\n<tr style=\"height: 18.00pt;\">\n<td class=\"et3\" style=\"height: 18.00pt;\" height=\"18\">Dimension<\/td>\n<td class=\"et5\" style=\"width: 202.95pt;\" width=\"202\">75*38*13<\/td>\n<\/tr>\n<tr style=\"height: 17.60pt;\">\n<td class=\"et3\" style=\"height: 17.60pt;\" height=\"17\">N.W \/SET<\/td>\n<td class=\"et3\">17KGS\/PCS<\/td>\n<\/tr>\n<tr style=\"height: 17.60pt;\">\n<td class=\"et3\" style=\"height: 17.60pt;\" height=\"17\">MOQ<\/td>\n<td class=\"et3\">20St\u00fcck<\/td>\n<\/tr>\n<tr style=\"height: 17.60pt;\">\n<td class=\"et3\" style=\"height: 17.60pt;\" height=\"17\">Benutzerdefinierte Option<\/td>\n<td class=\"et3\">Farbe\/Muster\/Gr\u00f6\u00dfe\/Logo\/Verpackung<\/td>\n<\/tr>\n<\/tbody>\n<\/table>","protected":false},"featured_media":4032,"comment_status":"closed","ping_status":"closed","template":"","meta":{"_acf_changed":false},"product_brand":[],"product_cat":[54,50],"product_tag":[],"class_list":{"0":"post-4031","1":"product","2":"type-product","3":"status-publish","4":"has-post-thumbnail","6":"product_cat-wholesale-marble-sinks","7":"product_cat-wholesale-countertop-sinks","9":"first","10":"instock","11":"shipping-taxable","12":"product-type-simple"},"acf":[],"_links":{"self":[{"href":"https:\/\/www.ceramicbasin.com\/de\/wp-json\/wp\/v2\/product\/4031","targetHints":{"allow":["GET"]}}],"collection":[{"href":"https:\/\/www.ceramicbasin.com\/de\/wp-json\/wp\/v2\/product"}],"about":[{"href":"https:\/\/www.ceramicbasin.com\/de\/wp-json\/wp\/v2\/types\/product"}],"replies":[{"embeddable":true,"href":"https:\/\/www.ceramicbasin.com\/de\/wp-json\/wp\/v2\/comments?post=4031"}],"wp:featuredmedia":[{"embeddable":true,"href":"https:\/\/www.ceramicbasin.com\/de\/wp-json\/wp\/v2\/media\/4032"}],"wp:attachment":[{"href":"https:\/\/www.ceramicbasin.com\/de\/wp-json\/wp\/v2\/media?parent=4031"}],"wp:term":[{"taxonomy":"product_brand","embeddable":true,"href":"https:\/\/www.ceramicbasin.com\/de\/wp-json\/wp\/v2\/product_brand?post=4031"},{"taxonomy":"product_cat","embeddable":true,"href":"https:\/\/www.ceramicbasin.com\/de\/wp-json\/wp\/v2\/product_cat?post=4031"},{"taxonomy":"product_tag","embeddable":true,"href":"https:\/\/www.ceramicbasin.com\/de\/wp-json\/wp\/v2\/product_tag?post=4031"}],"curies":[{"name":"wp","href":"https:\/\/api.w.org\/{rel}","templated":true}]}}