{"id":4038,"date":"2024-07-24T01:24:32","date_gmt":"2024-07-24T01:24:32","guid":{"rendered":"https:\/\/www.ceramicbasin.com\/?post_type=product&#038;p=4038"},"modified":"2024-12-06T09:23:54","modified_gmt":"2024-12-06T09:23:54","slug":"custom-marble-sink-artificial","status":"publish","type":"product","link":"https:\/\/www.ceramicbasin.com\/de\/produkt\/custom-marble-sink-artificial\/","title":{"rendered":"Hochwertige Marmorsp\u00fcle mit k\u00fcnstlicher Textur"},"content":{"rendered":"<div class=\"wp-block-columns is-layout-flex wp-container-core-columns-is-layout-9d6595d7 wp-block-columns-is-layout-flex\">\n<div class=\"wp-block-column is-layout-flow wp-block-column-is-layout-flow\">\n<h2 class=\"wp-block-heading\">Premium Custom Marmorsp\u00fcle Merkmale:<\/h2>\n\n\n\n<ul class=\"wp-block-list\">\n<li><strong>Realistische Textur: <\/strong>Unsere ma\u00dfgefertigten Marmorsp\u00fclbecken verwenden eine fortschrittliche Wassertransfertechnologie, um die nat\u00fcrliche Textur des Marmors genau nachzubilden, so dass die Oberfl\u00e4che des Sp\u00fclbeckens eine zarte und realistische Textur aufweist, genau wie echter Marmor.<\/li>\n\n\n\n<li><strong>Hochwertige Materialien: <\/strong>Diese Kunstmarmorsp\u00fcle im Gro\u00dfhandel verwendet hochleistungsf\u00e4hige keramische Materialien, um sicherzustellen, dass die Sp\u00fcle eine ausgezeichnete Verschlei\u00dffestigkeit, Rissfestigkeit und Korrosionsbest\u00e4ndigkeit aufweist und eine lange Lebensdauer hat.<\/li>\n\n\n\n<li><strong>Kundenspezifisches Design: <\/strong>Wir bieten ma\u00dfgeschneiderte Dienstleistungen f\u00fcr Marmorsp\u00fclen an und k\u00f6nnen Sp\u00fclen in verschiedenen Gr\u00f6\u00dfen, Formen und Stilen nach den speziellen Anforderungen unserer Kunden anfertigen, um Ihre Markenanforderungen zu erf\u00fcllen.<\/li>\n\n\n\n<li><strong>Umweltfreundliche Materialien, sicher und gesund: <\/strong>Unsere Badezimmerwaschbecken f\u00fcr den Gro\u00dfhandel verwenden umweltfreundliche und unbedenkliche Rohstoffe, entsprechen internationalen Sicherheitsstandards und gew\u00e4hrleisten, dass die Nutzer bei langfristigem Gebrauch keine Gesundheitsrisiken eingehen.<\/li>\n<\/ul>\n<\/div>\n\n\n\n<div class=\"wp-block-column is-layout-flow wp-block-column-is-layout-flow\">\n<figure class=\"wp-block-image size-full\"><img fetchpriority=\"high\" decoding=\"async\" width=\"915\" height=\"1214\" src=\"https:\/\/www.ceramicbasin.com\/wp-content\/uploads\/2024\/07\/high-quality-custom-marble-sink-with-artificial-texture-6.webp\" alt=\"Hochwertige-Marmorsp\u00fcle-mit-k\u00fcnstlicher-Textur-6\" class=\"wp-image-4044\" srcset=\"https:\/\/www.ceramicbasin.com\/wp-content\/uploads\/2024\/07\/high-quality-custom-marble-sink-with-artificial-texture-6.webp 915w, https:\/\/www.ceramicbasin.com\/wp-content\/uploads\/2024\/07\/high-quality-custom-marble-sink-with-artificial-texture-6-226x300.webp 226w, https:\/\/www.ceramicbasin.com\/wp-content\/uploads\/2024\/07\/high-quality-custom-marble-sink-with-artificial-texture-6-768x1019.webp 768w, https:\/\/www.ceramicbasin.com\/wp-content\/uploads\/2024\/07\/high-quality-custom-marble-sink-with-artificial-texture-6-9x12.webp 9w, https:\/\/www.ceramicbasin.com\/wp-content\/uploads\/2024\/07\/high-quality-custom-marble-sink-with-artificial-texture-6-285x378.webp 285w, https:\/\/www.ceramicbasin.com\/wp-content\/uploads\/2024\/07\/high-quality-custom-marble-sink-with-artificial-texture-6-497x660.webp 497w, https:\/\/www.ceramicbasin.com\/wp-content\/uploads\/2024\/07\/high-quality-custom-marble-sink-with-artificial-texture-6-113x150.webp 113w\" sizes=\"(max-width: 915px) 100vw, 915px\" \/><\/figure>\n<\/div>\n<\/div>","protected":false},"excerpt":{"rendered":"<p>Unsere ma\u00dfgefertigten Marmorwaschbecken nutzen die Technologie der Wasser\u00fcbertragung, um die nat\u00fcrliche Struktur des Marmors genau nachzubilden, und eignen sich f\u00fcr jede Art von Badezimmerdesign. Die ausgew\u00e4hlten Materialien sind nicht nur robust und langlebig, sondern auch umweltfreundlich und gesund.<\/p>\n<table style=\"border-collapse: collapse; width: 311.02pt;\" border=\"0\" width=\"311\" cellspacing=\"0\" cellpadding=\"0\">\n<tbody>\n<tr style=\"height: 17.60pt;\">\n<td class=\"et3\" style=\"height: 17.60pt; width: 108.35pt;\" width=\"108\" height=\"17\">Hersteller<\/td>\n<td class=\"et3\" style=\"width: 202.95pt;\" width=\"202\">HanYu<\/td>\n<\/tr>\n<tr style=\"height: 17.60pt;\">\n<td class=\"et3\" style=\"height: 17.60pt;\" height=\"17\">Modell Nr.<\/td>\n<td class=\"et4\">HY-8065-55D106<\/td>\n<\/tr>\n<tr style=\"height: 36.00pt;\">\n<td class=\"et3\" style=\"height: 36.00pt;\" height=\"36\">Typ<\/td>\n<td class=\"et5\" style=\"width: 202.95pt;\" width=\"202\">Becken in Marmorfarbe, Aufsatzbecken<\/td>\n<\/tr>\n<tr style=\"height: 17.60pt;\">\n<td class=\"et3\" style=\"height: 17.60pt;\" height=\"17\">Form<\/td>\n<td class=\"et3\">Rechteckige Form<\/td>\n<\/tr>\n<tr style=\"height: 18.00pt;\">\n<td class=\"et4\" style=\"height: 18.00pt;\" height=\"18\">Farbe<\/td>\n<td class=\"et5\" style=\"width: 202.95pt;\" width=\"202\">Blau<\/td>\n<\/tr>\n<tr style=\"height: 18.00pt;\">\n<td class=\"et3\" style=\"height: 18.00pt;\" height=\"18\">Dimension<\/td>\n<td class=\"et5\" style=\"width: 202.95pt;\" width=\"202\">65*45*11<\/td>\n<\/tr>\n<tr style=\"height: 17.60pt;\">\n<td class=\"et3\" style=\"height: 17.60pt;\" height=\"17\">N.W \/SET<\/td>\n<td class=\"et3\">14.5KGS\/PCS<\/td>\n<\/tr>\n<tr style=\"height: 17.60pt;\">\n<td class=\"et3\" style=\"height: 17.60pt;\" height=\"17\">MOQ<\/td>\n<td class=\"et3\">20St\u00fcck<\/td>\n<\/tr>\n<tr style=\"height: 17.60pt;\">\n<td class=\"et3\" style=\"height: 17.60pt;\" height=\"17\">Benutzerdefinierte Option<\/td>\n<td class=\"et3\">Farbe\/Muster\/Gr\u00f6\u00dfe\/Logo\/Verpackung<\/td>\n<\/tr>\n<\/tbody>\n<\/table>","protected":false},"featured_media":4039,"comment_status":"closed","ping_status":"closed","template":"","meta":{"_acf_changed":false},"product_brand":[],"product_cat":[54,50],"product_tag":[],"class_list":{"0":"post-4038","1":"product","2":"type-product","3":"status-publish","4":"has-post-thumbnail","6":"product_cat-wholesale-marble-sinks","7":"product_cat-wholesale-countertop-sinks","9":"first","10":"instock","11":"shipping-taxable","12":"product-type-simple"},"acf":[],"_links":{"self":[{"href":"https:\/\/www.ceramicbasin.com\/de\/wp-json\/wp\/v2\/product\/4038","targetHints":{"allow":["GET"]}}],"collection":[{"href":"https:\/\/www.ceramicbasin.com\/de\/wp-json\/wp\/v2\/product"}],"about":[{"href":"https:\/\/www.ceramicbasin.com\/de\/wp-json\/wp\/v2\/types\/product"}],"replies":[{"embeddable":true,"href":"https:\/\/www.ceramicbasin.com\/de\/wp-json\/wp\/v2\/comments?post=4038"}],"wp:featuredmedia":[{"embeddable":true,"href":"https:\/\/www.ceramicbasin.com\/de\/wp-json\/wp\/v2\/media\/4039"}],"wp:attachment":[{"href":"https:\/\/www.ceramicbasin.com\/de\/wp-json\/wp\/v2\/media?parent=4038"}],"wp:term":[{"taxonomy":"product_brand","embeddable":true,"href":"https:\/\/www.ceramicbasin.com\/de\/wp-json\/wp\/v2\/product_brand?post=4038"},{"taxonomy":"product_cat","embeddable":true,"href":"https:\/\/www.ceramicbasin.com\/de\/wp-json\/wp\/v2\/product_cat?post=4038"},{"taxonomy":"product_tag","embeddable":true,"href":"https:\/\/www.ceramicbasin.com\/de\/wp-json\/wp\/v2\/product_tag?post=4038"}],"curies":[{"name":"wp","href":"https:\/\/api.w.org\/{rel}","templated":true}]}}