{"id":4308,"date":"2024-07-26T02:48:44","date_gmt":"2024-07-26T02:48:44","guid":{"rendered":"https:\/\/www.ceramicbasin.com\/?post_type=product&#038;p=4308"},"modified":"2024-11-04T08:19:58","modified_gmt":"2024-11-04T08:19:58","slug":"wholesale-undermount-basins","status":"publish","type":"product","link":"https:\/\/www.ceramicbasin.com\/de\/produkt\/wholesale-undermount-basins\/","title":{"rendered":"Fabrik Versorgung Gro\u00dfhandel Unterbau Waschbecken f\u00fcr Badezimmer"},"content":{"rendered":"<div class=\"wp-block-columns is-layout-flex wp-container-core-columns-is-layout-9d6595d7 wp-block-columns-is-layout-flex\">\n<div class=\"wp-block-column is-layout-flow wp-block-column-is-layout-flow\">\n<h2 class=\"wp-block-heading\">Premium Gro\u00dfhandel Unterbaubecken Eigenschaften:<\/h2>\n\n\n\n<ul class=\"wp-block-list\">\n<li><strong>Qualit\u00e4t des Materials: <\/strong>Unsere Unterbaubecken im Gro\u00dfhandel bestehen aus hochwertigen Materialien, die sie f\u00fcr den langfristigen Gebrauch haltbar machen.<\/li>\n\n\n\n<li><strong>Klassisches Design: <\/strong>Diese Waschbecken im Gro\u00dfhandel zeichnen sich durch einen modernen und schlichten Designstil aus. Dies passt perfekt zu jedem Badezimmer Dekoration Stil. Seine Betriebsmethode ist eingebettet Installation, so dass das Becken nahtlos an die Arbeitsplatte zu verbinden, wodurch die Sch\u00f6nheit des Ensembles.<\/li>\n\n\n\n<li><strong>Einfach zu installieren und zu warten:<\/strong> Da die genauen Abmessungen voreingestellt sind, ist der Einbau dieser Unterbaubecken aus dem Gro\u00dfhandel ziemlich schnell und einfach. Die Oberfl\u00e4che des Beckens ist glatt zu reinigen, kratzfest, Anti-Flecken, die es erlauben, sch\u00f6n zu bleiben f\u00fcr die kommenden Jahre.<\/li>\n\n\n\n<li><strong>Kosteneffizienz und schnelle Lieferung: <\/strong>Als Hersteller von Waschbecken f\u00fcr Badezimmer k\u00f6nnen wir Waschbecken im Gro\u00dfhandel zu wettbewerbsf\u00e4higen Preisen anbieten und gleichzeitig die Produktqualit\u00e4t gew\u00e4hrleisten. Schnelle Produktion und Logistiksystem garantieren schnelle Lieferung und verk\u00fcrzen Ihren Projektzyklus.<\/li>\n<\/ul>\n<\/div>\n\n\n\n<div class=\"wp-block-column is-layout-flow wp-block-column-is-layout-flow\">\n<figure class=\"wp-block-image size-full\"><img fetchpriority=\"high\" decoding=\"async\" width=\"621\" height=\"828\" src=\"https:\/\/www.ceramicbasin.com\/wp-content\/uploads\/2024\/07\/factory-supply-wholesale-undermount-basins-for-bathroom-1.webp\" alt=\"werk-supply-gro\u00dfhandel-unter-einbau-waschbecken-f\u00fcr-badezimmer-1\" class=\"wp-image-4309\" srcset=\"https:\/\/www.ceramicbasin.com\/wp-content\/uploads\/2024\/07\/factory-supply-wholesale-undermount-basins-for-bathroom-1.webp 621w, https:\/\/www.ceramicbasin.com\/wp-content\/uploads\/2024\/07\/factory-supply-wholesale-undermount-basins-for-bathroom-1-225x300.webp 225w, https:\/\/www.ceramicbasin.com\/wp-content\/uploads\/2024\/07\/factory-supply-wholesale-undermount-basins-for-bathroom-1-9x12.webp 9w, https:\/\/www.ceramicbasin.com\/wp-content\/uploads\/2024\/07\/factory-supply-wholesale-undermount-basins-for-bathroom-1-285x380.webp 285w, https:\/\/www.ceramicbasin.com\/wp-content\/uploads\/2024\/07\/factory-supply-wholesale-undermount-basins-for-bathroom-1-495x660.webp 495w, https:\/\/www.ceramicbasin.com\/wp-content\/uploads\/2024\/07\/factory-supply-wholesale-undermount-basins-for-bathroom-1-113x150.webp 113w\" sizes=\"(max-width: 621px) 100vw, 621px\" \/><\/figure>\n<\/div>\n<\/div>","protected":false},"excerpt":{"rendered":"<p>Willkommen zu kaufen Waschbecken Gro\u00dfhandel. Unsere Gro\u00dfhandel Unterbaubecken ist aus hochwertigem Material, langlebig f\u00fcr lange Zeit verwenden. Modernes einfaches Design Stil passt jedes Bad Dekoration Stil perfekt. Es bietet auch eine Vielzahl von Gr\u00f6\u00dfe und Form Optionen und unterst\u00fctzt die Anpassung Service.<\/p>\n<table style=\"border-collapse: collapse; width: 311.02pt;\" border=\"0\" width=\"311\" cellspacing=\"0\" cellpadding=\"0\">\n<tbody>\n<tr style=\"height: 17.60pt;\">\n<td class=\"et3\" style=\"height: 17.60pt; width: 108.35pt;\" width=\"108\" height=\"17\">Hersteller<\/td>\n<td class=\"et3\" style=\"width: 202.95pt;\" width=\"202\">HanYu<\/td>\n<\/tr>\n<tr style=\"height: 17.60pt;\">\n<td class=\"et3\" style=\"height: 17.60pt;\" height=\"17\">Modell Nr.<\/td>\n<td class=\"et4\">HY-3022<\/td>\n<\/tr>\n<tr style=\"height: 18.00pt;\">\n<td class=\"et3\" style=\"height: 18.00pt;\" height=\"18\">Typ<\/td>\n<td class=\"et5\" style=\"width: 202.95pt;\" width=\"202\">Unterbaubecken<\/td>\n<\/tr>\n<tr style=\"height: 17.60pt;\">\n<td class=\"et3\" style=\"height: 17.60pt;\" height=\"17\">Form<\/td>\n<td class=\"et3\">Runde Form<\/td>\n<\/tr>\n<tr style=\"height: 18.00pt;\">\n<td class=\"et4\" style=\"height: 18.00pt;\" height=\"18\">Farbe<\/td>\n<td class=\"et5\" style=\"width: 202.95pt;\" width=\"202\">Wei\u00df<\/td>\n<\/tr>\n<tr style=\"height: 18.00pt;\">\n<td class=\"et3\" style=\"height: 18.00pt;\" height=\"18\">Dimension<\/td>\n<td class=\"et5\" style=\"width: 202.95pt;\" width=\"202\">56*42.5*19.5<\/td>\n<\/tr>\n<tr style=\"height: 17.60pt;\">\n<td class=\"et3\" style=\"height: 17.60pt;\" height=\"17\">N.W \/SET<\/td>\n<td class=\"et3\">7.5KGS\/PCS<\/td>\n<\/tr>\n<tr style=\"height: 17.60pt;\">\n<td class=\"et3\" style=\"height: 17.60pt;\" height=\"17\">MOQ<\/td>\n<td class=\"et3\">20St\u00fcck<\/td>\n<\/tr>\n<tr style=\"height: 17.60pt;\">\n<td class=\"et3\" style=\"height: 17.60pt;\" height=\"17\">Benutzerdefinierte Option<\/td>\n<td class=\"et3\">Farbe\/Muster\/Gr\u00f6\u00dfe\/Logo\/Verpackung<\/td>\n<\/tr>\n<\/tbody>\n<\/table>","protected":false},"featured_media":4316,"comment_status":"closed","ping_status":"closed","template":"","meta":{"_acf_changed":false},"product_brand":[],"product_cat":[59],"product_tag":[],"class_list":{"0":"post-4308","1":"product","2":"type-product","3":"status-publish","4":"has-post-thumbnail","6":"product_cat-wholesale-undermount-sinks","8":"first","9":"instock","10":"shipping-taxable","11":"product-type-simple"},"acf":[],"_links":{"self":[{"href":"https:\/\/www.ceramicbasin.com\/de\/wp-json\/wp\/v2\/product\/4308","targetHints":{"allow":["GET"]}}],"collection":[{"href":"https:\/\/www.ceramicbasin.com\/de\/wp-json\/wp\/v2\/product"}],"about":[{"href":"https:\/\/www.ceramicbasin.com\/de\/wp-json\/wp\/v2\/types\/product"}],"replies":[{"embeddable":true,"href":"https:\/\/www.ceramicbasin.com\/de\/wp-json\/wp\/v2\/comments?post=4308"}],"wp:featuredmedia":[{"embeddable":true,"href":"https:\/\/www.ceramicbasin.com\/de\/wp-json\/wp\/v2\/media\/4316"}],"wp:attachment":[{"href":"https:\/\/www.ceramicbasin.com\/de\/wp-json\/wp\/v2\/media?parent=4308"}],"wp:term":[{"taxonomy":"product_brand","embeddable":true,"href":"https:\/\/www.ceramicbasin.com\/de\/wp-json\/wp\/v2\/product_brand?post=4308"},{"taxonomy":"product_cat","embeddable":true,"href":"https:\/\/www.ceramicbasin.com\/de\/wp-json\/wp\/v2\/product_cat?post=4308"},{"taxonomy":"product_tag","embeddable":true,"href":"https:\/\/www.ceramicbasin.com\/de\/wp-json\/wp\/v2\/product_tag?post=4308"}],"curies":[{"name":"wp","href":"https:\/\/api.w.org\/{rel}","templated":true}]}}