{"id":4317,"date":"2024-07-26T03:24:27","date_gmt":"2024-07-26T03:24:27","guid":{"rendered":"https:\/\/www.ceramicbasin.com\/?post_type=product&#038;p=4317"},"modified":"2024-07-26T04:10:06","modified_gmt":"2024-07-26T04:10:06","slug":"custom-undermount-sinks-in-bulk","status":"publish","type":"product","link":"https:\/\/www.ceramicbasin.com\/de\/produkt\/custom-undermount-sinks-in-bulk\/","title":{"rendered":"Schnelle Lieferung benutzerdefinierte Unterbau Waschbecken in Bulk f\u00fcr Badezimmer"},"content":{"rendered":"<div class=\"wp-block-columns is-layout-flex wp-container-core-columns-is-layout-9d6595d7 wp-block-columns-is-layout-flex\">\n<div class=\"wp-block-column is-layout-flow wp-block-column-is-layout-flow\">\n<h2 class=\"wp-block-heading\">Premium Custom Unterbaubecken Merkmale:<\/h2>\n\n\n\n<ul class=\"wp-block-list\">\n<li><strong>Langlebig: <\/strong>Unsere ma\u00dfgefertigten Unterbaubecken werden aus hochwertigen keramischen Rohstoffen hergestellt und bei hohen Temperaturen gebrannt, um sicherzustellen, dass die Produkte eine extrem hohe H\u00e4rte und Korrosionsbest\u00e4ndigkeit aufweisen, langlebig und leicht zu reinigen sind.<\/li>\n\n\n\n<li><strong>Schnelle Lieferung:<\/strong> Wir versprechen eine effiziente Logistik und Distribution, um sicherzustellen, dass unsere ma\u00dfgefertigten Unterbausp\u00fclen in gro\u00dfen Mengen schnell geliefert werden, um Ihren Projektfortschritt zu beschleunigen und dringende Bauanforderungen zu erf\u00fcllen.<\/li>\n\n\n\n<li><strong>Anpassungsm\u00f6glichkeiten: <\/strong>Wir bieten ma\u00dfgeschneiderte Dienstleistungen f\u00fcr kundenspezifische Waschbecken in einer Vielzahl von Gr\u00f6\u00dfen, Formen und Farben, um sicherzustellen, dass jedes Unterbaubecken perfekt zu Ihrem Badezimmerdekorationsstil und Ihren pers\u00f6nlichen Bed\u00fcrfnissen passt.<\/li>\n\n\n\n<li><strong>Rabatt bei Gro\u00dfeinkauf: <\/strong>Als professioneller Hersteller bieten wir sehr wettbewerbsf\u00e4hige Preise f\u00fcr Unterbausp\u00fclen im Gro\u00dfhandel und genie\u00dfen weitere Rabatte f\u00fcr Gro\u00dfeink\u00e4ufe, die f\u00fcr gro\u00dfe Projekte wie Hotels, Wohnungen, B\u00fcros usw. geeignet sind.<\/li>\n<\/ul>\n<\/div>\n\n\n\n<div class=\"wp-block-column is-layout-flow wp-block-column-is-layout-flow\">\n<figure class=\"wp-block-image size-full\"><img fetchpriority=\"high\" decoding=\"async\" width=\"604\" height=\"836\" src=\"https:\/\/www.ceramicbasin.com\/wp-content\/uploads\/2024\/07\/fast-delivery-custom-undermount-sinks-in-bulk-for-bathroom-2.webp\" alt=\"schnell-lieferung-individuelle-unterbau-waschbecken-im-beh\u00e4lter-f\u00fcr-badezimmer-2\" class=\"wp-image-4319\" srcset=\"https:\/\/www.ceramicbasin.com\/wp-content\/uploads\/2024\/07\/fast-delivery-custom-undermount-sinks-in-bulk-for-bathroom-2.webp 604w, https:\/\/www.ceramicbasin.com\/wp-content\/uploads\/2024\/07\/fast-delivery-custom-undermount-sinks-in-bulk-for-bathroom-2-217x300.webp 217w, https:\/\/www.ceramicbasin.com\/wp-content\/uploads\/2024\/07\/fast-delivery-custom-undermount-sinks-in-bulk-for-bathroom-2-9x12.webp 9w, https:\/\/www.ceramicbasin.com\/wp-content\/uploads\/2024\/07\/fast-delivery-custom-undermount-sinks-in-bulk-for-bathroom-2-285x394.webp 285w, https:\/\/www.ceramicbasin.com\/wp-content\/uploads\/2024\/07\/fast-delivery-custom-undermount-sinks-in-bulk-for-bathroom-2-477x660.webp 477w, https:\/\/www.ceramicbasin.com\/wp-content\/uploads\/2024\/07\/fast-delivery-custom-undermount-sinks-in-bulk-for-bathroom-2-108x150.webp 108w\" sizes=\"(max-width: 604px) 100vw, 604px\" \/><\/figure>\n<\/div>\n<\/div>","protected":false},"excerpt":{"rendered":"<p>Unsere ma\u00dfgefertigten Unterbaubecken sind aus hochwertigen keramischen Materialien gefertigt, die langlebig und leicht zu reinigen sind. Wir sind in der Lage, schnell zu liefern, um sicherzustellen, dass gro\u00dfe Auftr\u00e4ge schnell auf der Baustelle ankommen k\u00f6nnen.<\/p>\n<table style=\"border-collapse: collapse; width: 311.02pt;\" border=\"0\" width=\"311\" cellspacing=\"0\" cellpadding=\"0\">\n<tbody>\n<tr style=\"height: 17.60pt;\">\n<td class=\"et3\" style=\"height: 17.60pt; width: 108.35pt;\" width=\"108\" height=\"17\">Hersteller<\/td>\n<td class=\"et3\" style=\"width: 202.95pt;\" width=\"202\">HanYu<\/td>\n<\/tr>\n<tr style=\"height: 17.60pt;\">\n<td class=\"et3\" style=\"height: 17.60pt;\" height=\"17\">Modell Nr.<\/td>\n<td class=\"et4\">HY-3026<\/td>\n<\/tr>\n<tr style=\"height: 18.00pt;\">\n<td class=\"et3\" style=\"height: 18.00pt;\" height=\"18\">Typ<\/td>\n<td class=\"et5\" style=\"width: 202.95pt;\" width=\"202\">Unterbaubecken<\/td>\n<\/tr>\n<tr style=\"height: 17.60pt;\">\n<td class=\"et3\" style=\"height: 17.60pt;\" height=\"17\">Form<\/td>\n<td class=\"et3\">Rechteckige Form<\/td>\n<\/tr>\n<tr style=\"height: 18.00pt;\">\n<td class=\"et4\" style=\"height: 18.00pt;\" height=\"18\">Farbe<\/td>\n<td class=\"et5\" style=\"width: 202.95pt;\" width=\"202\">Wei\u00df<\/td>\n<\/tr>\n<tr style=\"height: 18.00pt;\">\n<td class=\"et3\" style=\"height: 18.00pt;\" height=\"18\">Dimension<\/td>\n<td class=\"et5\" style=\"width: 202.95pt;\" width=\"202\">47*35.5*19.5<\/td>\n<\/tr>\n<tr style=\"height: 17.60pt;\">\n<td class=\"et3\" style=\"height: 17.60pt;\" height=\"17\">N.W \/SET<\/td>\n<td class=\"et3\">7.5KGS\/PCS<\/td>\n<\/tr>\n<tr style=\"height: 17.60pt;\">\n<td class=\"et3\" style=\"height: 17.60pt;\" height=\"17\">MOQ<\/td>\n<td class=\"et3\">20St\u00fcck<\/td>\n<\/tr>\n<tr style=\"height: 17.60pt;\">\n<td class=\"et3\" style=\"height: 17.60pt;\" height=\"17\">Benutzerdefinierte Option<\/td>\n<td class=\"et3\">Farbe\/Muster\/Gr\u00f6\u00dfe\/Logo\/Verpackung<\/td>\n<\/tr>\n<\/tbody>\n<\/table>","protected":false},"featured_media":4325,"comment_status":"closed","ping_status":"closed","template":"","meta":{"_acf_changed":false},"product_brand":[],"product_cat":[59],"product_tag":[],"class_list":{"0":"post-4317","1":"product","2":"type-product","3":"status-publish","4":"has-post-thumbnail","6":"product_cat-wholesale-undermount-sinks","8":"first","9":"instock","10":"shipping-taxable","11":"product-type-simple"},"acf":[],"_links":{"self":[{"href":"https:\/\/www.ceramicbasin.com\/de\/wp-json\/wp\/v2\/product\/4317","targetHints":{"allow":["GET"]}}],"collection":[{"href":"https:\/\/www.ceramicbasin.com\/de\/wp-json\/wp\/v2\/product"}],"about":[{"href":"https:\/\/www.ceramicbasin.com\/de\/wp-json\/wp\/v2\/types\/product"}],"replies":[{"embeddable":true,"href":"https:\/\/www.ceramicbasin.com\/de\/wp-json\/wp\/v2\/comments?post=4317"}],"wp:featuredmedia":[{"embeddable":true,"href":"https:\/\/www.ceramicbasin.com\/de\/wp-json\/wp\/v2\/media\/4325"}],"wp:attachment":[{"href":"https:\/\/www.ceramicbasin.com\/de\/wp-json\/wp\/v2\/media?parent=4317"}],"wp:term":[{"taxonomy":"product_brand","embeddable":true,"href":"https:\/\/www.ceramicbasin.com\/de\/wp-json\/wp\/v2\/product_brand?post=4317"},{"taxonomy":"product_cat","embeddable":true,"href":"https:\/\/www.ceramicbasin.com\/de\/wp-json\/wp\/v2\/product_cat?post=4317"},{"taxonomy":"product_tag","embeddable":true,"href":"https:\/\/www.ceramicbasin.com\/de\/wp-json\/wp\/v2\/product_tag?post=4317"}],"curies":[{"name":"wp","href":"https:\/\/api.w.org\/{rel}","templated":true}]}}