{"id":4335,"date":"2024-07-26T06:21:44","date_gmt":"2024-07-26T06:21:44","guid":{"rendered":"https:\/\/www.ceramicbasin.com\/?post_type=product&#038;p=4335"},"modified":"2024-07-26T06:47:32","modified_gmt":"2024-07-26T06:47:32","slug":"wholesale-commercial-drop-in-sinks","status":"publish","type":"product","link":"https:\/\/www.ceramicbasin.com\/de\/produkt\/wholesale-commercial-drop-in-sinks\/","title":{"rendered":"Premium-Gro\u00dfhandel kommerzielle Drop In Waschbecken f\u00fcr B\u00e4der"},"content":{"rendered":"<div class=\"wp-block-columns is-layout-flex wp-container-core-columns-is-layout-9d6595d7 wp-block-columns-is-layout-flex\">\n<div class=\"wp-block-column is-layout-flow wp-block-column-is-layout-flow\">\n<h2 class=\"wp-block-heading\">Premium-Gro\u00dfhandel kommerzielle Drop-in-Sp\u00fclen Merkmale:<\/h2>\n\n\n\n<ul class=\"wp-block-list\">\n<li><strong>Exquisites Design: <\/strong>Unsere Gro\u00dfhandelswaschbecken haben ein elegantes quadratisches Profil mit harten und glatten Linien, die in die Arbeitsplatte des Badezimmers eingebettet sind und dem Raum ein Gef\u00fchl von Einfachheit und Modernit\u00e4t verleihen.<\/li>\n\n\n\n<li><strong>Hochwertige keramische Materialien: <\/strong>Unsere Gro\u00dfhandel Badezimmer Waschbecken sind aus hochwertigen keramischen Materialien, kombiniert mit exquisiten Handwerkskunst, um sicherzustellen, dass das Waschbecken Struktur ist stabil, die Oberfl\u00e4che ist glatt und zart, leicht zu reinigen und zu pflegen, und langlebig.<\/li>\n\n\n\n<li><strong>Preisvorteil im Gro\u00dfhandel: <\/strong>Als Hersteller von Keramikwaschbecken bieten wir sehr wettbewerbsf\u00e4hige Gro\u00dfhandelspreise an, so dass Sie die idealsten Gro\u00dfhandelswaschbecken unter Kostenkontrolle erhalten k\u00f6nnen.<\/li>\n\n\n\n<li><strong>Ma\u00dfgeschneiderter Service: <\/strong>Wir bieten ma\u00dfgeschneiderte Waschbecken f\u00fcr Ihre kommerziellen Projekte an und sorgen daf\u00fcr, dass jedes Produkt genau Ihrem Badezimmerdesign und Ihren Platzanforderungen entspricht und einen einzigartigen Stil schafft.<\/li>\n<\/ul>\n<\/div>\n\n\n\n<div class=\"wp-block-column is-layout-flow wp-block-column-is-layout-flow\">\n<figure class=\"wp-block-image size-full\"><img fetchpriority=\"high\" decoding=\"async\" width=\"725\" height=\"855\" src=\"https:\/\/www.ceramicbasin.com\/wp-content\/uploads\/2024\/07\/premium-wholesale-commercial-drop-in-sinks-for-bathrooms-5.webp\" alt=\"Premium-Gro\u00dfhandel-Gewerbliche-Waschbecken-f\u00fcr-B\u00e4der-5\" class=\"wp-image-4341\" srcset=\"https:\/\/www.ceramicbasin.com\/wp-content\/uploads\/2024\/07\/premium-wholesale-commercial-drop-in-sinks-for-bathrooms-5.webp 725w, https:\/\/www.ceramicbasin.com\/wp-content\/uploads\/2024\/07\/premium-wholesale-commercial-drop-in-sinks-for-bathrooms-5-254x300.webp 254w, https:\/\/www.ceramicbasin.com\/wp-content\/uploads\/2024\/07\/premium-wholesale-commercial-drop-in-sinks-for-bathrooms-5-10x12.webp 10w, https:\/\/www.ceramicbasin.com\/wp-content\/uploads\/2024\/07\/premium-wholesale-commercial-drop-in-sinks-for-bathrooms-5-285x336.webp 285w, https:\/\/www.ceramicbasin.com\/wp-content\/uploads\/2024\/07\/premium-wholesale-commercial-drop-in-sinks-for-bathrooms-5-560x660.webp 560w, https:\/\/www.ceramicbasin.com\/wp-content\/uploads\/2024\/07\/premium-wholesale-commercial-drop-in-sinks-for-bathrooms-5-127x150.webp 127w\" sizes=\"(max-width: 725px) 100vw, 725px\" \/><\/figure>\n<\/div>\n<\/div>\n\n\n\n<p><\/p>","protected":false},"excerpt":{"rendered":"<p>Die hochwertigen keramischen Materialien und die exquisite Handwerkskunst, die in unseren kommerziellen Drop-in-Waschbecken verwendet werden, gew\u00e4hrleisten die Langlebigkeit und Reinigungsfreundlichkeit des Waschbeckens und machen es zu einer idealen Wahl f\u00fcr kommerzielle Badezimmerwaschbecken. Das exquisite rechteckige Design ist nicht nur sch\u00f6n und gro\u00dfz\u00fcgig, sondern auch ein modisches Symbol f\u00fcr moderne B\u00e4der.<\/p>\n<table style=\"border-collapse: collapse; width: 311.02pt;\" border=\"0\" width=\"311\" cellspacing=\"0\" cellpadding=\"0\">\n<tbody>\n<tr style=\"height: 17.60pt;\">\n<td class=\"et3\" style=\"height: 17.60pt; width: 108.35pt;\" width=\"108\" height=\"17\">Hersteller<\/td>\n<td class=\"et3\" style=\"width: 202.95pt;\" width=\"202\">HanYu<\/td>\n<\/tr>\n<tr style=\"height: 17.60pt;\">\n<td class=\"et3\" style=\"height: 17.60pt;\" height=\"17\">Modell Nr.<\/td>\n<td class=\"et4\">HY-8066<\/td>\n<\/tr>\n<tr style=\"height: 18.00pt;\">\n<td class=\"et3\" style=\"height: 18.00pt;\" height=\"18\">Typ<\/td>\n<td class=\"et5\" style=\"width: 202.95pt;\" width=\"202\">Drop-In-Becken<\/td>\n<\/tr>\n<tr style=\"height: 17.60pt;\">\n<td class=\"et3\" style=\"height: 17.60pt;\" height=\"17\">Form<\/td>\n<td class=\"et3\">Rechteckige Form<\/td>\n<\/tr>\n<tr style=\"height: 18.00pt;\">\n<td class=\"et4\" style=\"height: 18.00pt;\" height=\"18\">Farbe<\/td>\n<td class=\"et5\" style=\"width: 202.95pt;\" width=\"202\">Wei\u00df<\/td>\n<\/tr>\n<tr style=\"height: 18.00pt;\">\n<td class=\"et3\" style=\"height: 18.00pt;\" height=\"18\">Dimension<\/td>\n<td class=\"et5\" style=\"width: 202.95pt;\" width=\"202\">48*29.5*12.5<\/td>\n<\/tr>\n<tr style=\"height: 17.60pt;\">\n<td class=\"et3\" style=\"height: 17.60pt;\" height=\"17\">N.W \/SET<\/td>\n<td class=\"et3\">9KGS\/PCS<\/td>\n<\/tr>\n<tr style=\"height: 17.60pt;\">\n<td class=\"et3\" style=\"height: 17.60pt;\" height=\"17\">MOQ<\/td>\n<td class=\"et3\">20St\u00fcck<\/td>\n<\/tr>\n<tr style=\"height: 17.60pt;\">\n<td class=\"et3\" style=\"height: 17.60pt;\" height=\"17\">Benutzerdefinierte Option<\/td>\n<td class=\"et3\">Farbe\/Muster\/Gr\u00f6\u00dfe\/Logo\/Verpackung<\/td>\n<\/tr>\n<\/tbody>\n<\/table>","protected":false},"featured_media":4336,"comment_status":"closed","ping_status":"closed","template":"","meta":{"_acf_changed":false},"product_brand":[],"product_cat":[51],"product_tag":[],"class_list":{"0":"post-4335","1":"product","2":"type-product","3":"status-publish","4":"has-post-thumbnail","6":"product_cat-wholesale-drop-in-sinks","8":"first","9":"instock","10":"shipping-taxable","11":"product-type-simple"},"acf":[],"_links":{"self":[{"href":"https:\/\/www.ceramicbasin.com\/de\/wp-json\/wp\/v2\/product\/4335","targetHints":{"allow":["GET"]}}],"collection":[{"href":"https:\/\/www.ceramicbasin.com\/de\/wp-json\/wp\/v2\/product"}],"about":[{"href":"https:\/\/www.ceramicbasin.com\/de\/wp-json\/wp\/v2\/types\/product"}],"replies":[{"embeddable":true,"href":"https:\/\/www.ceramicbasin.com\/de\/wp-json\/wp\/v2\/comments?post=4335"}],"wp:featuredmedia":[{"embeddable":true,"href":"https:\/\/www.ceramicbasin.com\/de\/wp-json\/wp\/v2\/media\/4336"}],"wp:attachment":[{"href":"https:\/\/www.ceramicbasin.com\/de\/wp-json\/wp\/v2\/media?parent=4335"}],"wp:term":[{"taxonomy":"product_brand","embeddable":true,"href":"https:\/\/www.ceramicbasin.com\/de\/wp-json\/wp\/v2\/product_brand?post=4335"},{"taxonomy":"product_cat","embeddable":true,"href":"https:\/\/www.ceramicbasin.com\/de\/wp-json\/wp\/v2\/product_cat?post=4335"},{"taxonomy":"product_tag","embeddable":true,"href":"https:\/\/www.ceramicbasin.com\/de\/wp-json\/wp\/v2\/product_tag?post=4335"}],"curies":[{"name":"wp","href":"https:\/\/api.w.org\/{rel}","templated":true}]}}