{"id":4346,"date":"2024-07-26T06:48:45","date_gmt":"2024-07-26T06:48:45","guid":{"rendered":"https:\/\/www.ceramicbasin.com\/?post_type=product&#038;p=4346"},"modified":"2024-11-04T08:14:13","modified_gmt":"2024-11-04T08:14:13","slug":"drop-in-sinks-wholesale","status":"publish","type":"product","link":"https:\/\/www.ceramicbasin.com\/de\/produkt\/drop-in-sinks-wholesale\/","title":{"rendered":"Langlebig und Premium Drop In Waschbecken Gro\u00dfhandel f\u00fcr B\u00e4der"},"content":{"rendered":"<div class=\"wp-block-columns is-layout-flex wp-container-core-columns-is-layout-9d6595d7 wp-block-columns-is-layout-flex\">\n<div class=\"wp-block-column is-layout-flow wp-block-column-is-layout-flow\">\n<h2 class=\"wp-block-heading\">Premium Drop In Sp\u00fclen Gro\u00dfhandel Merkmale:<\/h2>\n\n\n\n<ul class=\"wp-block-list\">\n<li><strong>Hochwertiges Porzellan:<\/strong> Die Qualit\u00e4t der Materialien in unserem Drop-in-Sp\u00fclen Gro\u00dfhandel sind von hoher Qualit\u00e4t, robust, langlebig und hervorragend in Anti-Kratz-und Verschlei\u00dffestigkeit. unsere Gro\u00dfhandel Waschbecken k\u00f6nnen langfristige Nutzung ohne Besch\u00e4digung der Optik leicht zu gew\u00e4hrleisten.<\/li>\n\n\n\n<li><strong>Modedesign: <\/strong>Modernes und einfaches Design, mit glatten Linien geeignet f\u00fcr verschiedene Arten von B\u00e4dern. Wenn Sie Ihrem Badezimmer Eleganz und Mode verleihen wollen, dann sind unsere Waschbecken im Gro\u00dfhandel perfekt.<\/li>\n\n\n\n<li><strong>Einfache Installation: <\/strong>Aufgrund dieser eingebetteten Design, Gro\u00dfhandel Drop-in-Sp\u00fclen machen die Installation Prozess viel einfacher und schneller ohne die Notwendigkeit f\u00fcr komplizierte Werkzeuge oder F\u00e4higkeiten, daher spart es die Zeit und Kosten f\u00fcr die Installation.<\/li>\n\n\n\n<li><strong>Leichte Reinigung: <\/strong>Die glatte Oberfl\u00e4che unserer Waschbecken im Gro\u00dfhandel wurde speziell behandelt, um Flecken und Schimmel zu widerstehen. So wird die Bildung von Kalk und Flecken wirksam verhindert, was die Reinigung und Pflege komfortabler und sorgenfreier macht.<\/li>\n<\/ul>\n<\/div>\n\n\n\n<div class=\"wp-block-column is-layout-flow wp-block-column-is-layout-flow\">\n<figure class=\"wp-block-image size-full\"><img fetchpriority=\"high\" decoding=\"async\" width=\"980\" height=\"1351\" src=\"https:\/\/www.ceramicbasin.com\/wp-content\/uploads\/2024\/07\/durable-and-premium-drop-in-sinks-wholesale-for-bathrooms-5.webp\" alt=\"Langlebige-und-Premium-Waschbecken-Gro\u00dfhandel-f\u00fcr-Badezimmer-5\" class=\"wp-image-4351\" srcset=\"https:\/\/www.ceramicbasin.com\/wp-content\/uploads\/2024\/07\/durable-and-premium-drop-in-sinks-wholesale-for-bathrooms-5.webp 980w, https:\/\/www.ceramicbasin.com\/wp-content\/uploads\/2024\/07\/durable-and-premium-drop-in-sinks-wholesale-for-bathrooms-5-218x300.webp 218w, https:\/\/www.ceramicbasin.com\/wp-content\/uploads\/2024\/07\/durable-and-premium-drop-in-sinks-wholesale-for-bathrooms-5-768x1059.webp 768w, https:\/\/www.ceramicbasin.com\/wp-content\/uploads\/2024\/07\/durable-and-premium-drop-in-sinks-wholesale-for-bathrooms-5-9x12.webp 9w, https:\/\/www.ceramicbasin.com\/wp-content\/uploads\/2024\/07\/durable-and-premium-drop-in-sinks-wholesale-for-bathrooms-5-285x393.webp 285w, https:\/\/www.ceramicbasin.com\/wp-content\/uploads\/2024\/07\/durable-and-premium-drop-in-sinks-wholesale-for-bathrooms-5-479x660.webp 479w, https:\/\/www.ceramicbasin.com\/wp-content\/uploads\/2024\/07\/durable-and-premium-drop-in-sinks-wholesale-for-bathrooms-5-109x150.webp 109w\" sizes=\"(max-width: 980px) 100vw, 980px\" \/><\/figure>\n<\/div>\n<\/div>\n\n\n\n<p><\/p>","protected":false},"excerpt":{"rendered":"<p>Willkommen zum Kauf von Waschbecken Gro\u00dfhandel. Das Material der Tropfen in Waschbecken Gro\u00dfhandel ist hochwertige Keramik, fest und langlebig. Au\u00dferdem sind Anti-Kratzer und Verschlei\u00dffestigkeit sehr gut, um zu vermeiden, das Produkt zu besch\u00e4digen, auch wenn es f\u00fcr eine lange Zeit verwendet wurde. Moderne und einfache Design-Stil, glatte Aussehen Linie und geeignet f\u00fcr alle Arten von Bad Dekoration.<\/p>\n<table style=\"border-collapse: collapse; width: 311.02pt;\" border=\"0\" width=\"311\" cellspacing=\"0\" cellpadding=\"0\">\n<tbody>\n<tr style=\"height: 17.60pt;\">\n<td class=\"et3\" style=\"height: 17.60pt; width: 108.35pt;\" width=\"108\" height=\"17\">Hersteller<\/td>\n<td class=\"et3\" style=\"width: 202.95pt;\" width=\"202\">HanYu<\/td>\n<\/tr>\n<tr style=\"height: 17.60pt;\">\n<td class=\"et3\" style=\"height: 17.60pt;\" height=\"17\">Modell Nr.<\/td>\n<td class=\"et4\">HY-5402<\/td>\n<\/tr>\n<tr style=\"height: 18.00pt;\">\n<td class=\"et3\" style=\"height: 18.00pt;\" height=\"18\">Typ<\/td>\n<td class=\"et5\" style=\"width: 202.95pt;\" width=\"202\">Drop-In-Becken<\/td>\n<\/tr>\n<tr style=\"height: 17.60pt;\">\n<td class=\"et3\" style=\"height: 17.60pt;\" height=\"17\">Form<\/td>\n<td class=\"et3\">Rechteckige Form<\/td>\n<\/tr>\n<tr style=\"height: 18.00pt;\">\n<td class=\"et4\" style=\"height: 18.00pt;\" height=\"18\">Farbe<\/td>\n<td class=\"et5\" style=\"width: 202.95pt;\" width=\"202\">Wei\u00df<\/td>\n<\/tr>\n<tr style=\"height: 18.00pt;\">\n<td class=\"et3\" style=\"height: 18.00pt;\" height=\"18\">Dimension<\/td>\n<td class=\"et5\" style=\"width: 202.95pt;\" width=\"202\">46*33*17<\/td>\n<\/tr>\n<tr style=\"height: 17.60pt;\">\n<td class=\"et3\" style=\"height: 17.60pt;\" height=\"17\">N.W \/SET<\/td>\n<td class=\"et3\">10KGS\/PCS<\/td>\n<\/tr>\n<tr style=\"height: 17.60pt;\">\n<td class=\"et3\" style=\"height: 17.60pt;\" height=\"17\">MOQ<\/td>\n<td class=\"et3\">20St\u00fcck<\/td>\n<\/tr>\n<tr style=\"height: 17.60pt;\">\n<td class=\"et3\" style=\"height: 17.60pt;\" height=\"17\">Benutzerdefinierte Option<\/td>\n<td class=\"et3\">Farbe\/Muster\/Gr\u00f6\u00dfe\/Logo\/Verpackung<\/td>\n<\/tr>\n<\/tbody>\n<\/table>","protected":false},"featured_media":4353,"comment_status":"closed","ping_status":"closed","template":"","meta":{"_acf_changed":false},"product_brand":[],"product_cat":[51],"product_tag":[],"class_list":{"0":"post-4346","1":"product","2":"type-product","3":"status-publish","4":"has-post-thumbnail","6":"product_cat-wholesale-drop-in-sinks","8":"first","9":"instock","10":"shipping-taxable","11":"product-type-simple"},"acf":[],"_links":{"self":[{"href":"https:\/\/www.ceramicbasin.com\/de\/wp-json\/wp\/v2\/product\/4346","targetHints":{"allow":["GET"]}}],"collection":[{"href":"https:\/\/www.ceramicbasin.com\/de\/wp-json\/wp\/v2\/product"}],"about":[{"href":"https:\/\/www.ceramicbasin.com\/de\/wp-json\/wp\/v2\/types\/product"}],"replies":[{"embeddable":true,"href":"https:\/\/www.ceramicbasin.com\/de\/wp-json\/wp\/v2\/comments?post=4346"}],"wp:featuredmedia":[{"embeddable":true,"href":"https:\/\/www.ceramicbasin.com\/de\/wp-json\/wp\/v2\/media\/4353"}],"wp:attachment":[{"href":"https:\/\/www.ceramicbasin.com\/de\/wp-json\/wp\/v2\/media?parent=4346"}],"wp:term":[{"taxonomy":"product_brand","embeddable":true,"href":"https:\/\/www.ceramicbasin.com\/de\/wp-json\/wp\/v2\/product_brand?post=4346"},{"taxonomy":"product_cat","embeddable":true,"href":"https:\/\/www.ceramicbasin.com\/de\/wp-json\/wp\/v2\/product_cat?post=4346"},{"taxonomy":"product_tag","embeddable":true,"href":"https:\/\/www.ceramicbasin.com\/de\/wp-json\/wp\/v2\/product_tag?post=4346"}],"curies":[{"name":"wp","href":"https:\/\/api.w.org\/{rel}","templated":true}]}}